{"id":372924,"date":"2023-11-27T00:01:37","date_gmt":"2023-11-26T23:01:37","guid":{"rendered":"https:\/\/irc-consult.at\/?page_id=372924"},"modified":"2023-12-06T08:39:51","modified_gmt":"2023-12-06T07:39:51","slug":"referenzen-2","status":"publish","type":"page","link":"https:\/\/irc-consult.at\/en\/referenzen-2\/","title":{"rendered":"References"},"content":{"rendered":"<p>[et_pb_section fb_built=&#8220;1&#8243; _builder_version=&#8220;4.23&#8243; _module_preset=&#8220;default&#8220; background_enable_mask_style=&#8220;on&#8220; background_mask_style=&#8220;honeycomb&#8220; background_mask_color=&#8220;rgba(244,129,0,0.15)&#8220; background_mask_transform=&#8220;invert&#8220; background_mask_aspect_ratio=&#8220;square&#8220; background_mask_size=&#8220;cover&#8220; custom_padding=&#8220;30px||10px|||&#8220; global_colors_info=&#8220;{}&#8220;][et_pb_row column_structure=&#8220;2_3,1_3&#8243; make_equal=&#8220;on&#8220; _builder_version=&#8220;4.23.1&#8243; _module_preset=&#8220;default&#8220; custom_margin=&#8220;||||false|false&#8220; custom_padding=&#8220;16px||5px|||&#8220; global_colors_info=&#8220;{}&#8220;][et_pb_column type=&#8220;2_3&#8243; module_class=&#8220;vertikal-zentrieren&#8220; _builder_version=&#8220;4.23&#8243; _module_preset=&#8220;default&#8220; global_colors_info=&#8220;{}&#8220;][et_pb_text _builder_version=&#8220;4.23.1&#8243; _module_preset=&#8220;default&#8220; text_font_size=&#8220;15px&#8220; header_2_text_color=&#8220;#F48100&#8243; custom_margin=&#8220;-15px|||||&#8220; custom_padding=&#8220;14px|||||&#8220; animation_style=&#8220;flip&#8220; animation_direction=&#8220;bottom&#8220; hover_enabled=&#8220;0&#8243; text_font_size_tablet=&#8220;15px&#8220; text_font_size_phone=&#8220;16px&#8220; text_font_size_last_edited=&#8220;on|phone&#8220; header_2_font_size_tablet=&#8220;&#8220; header_2_font_size_phone=&#8220;&#8220; header_2_font_size_last_edited=&#8220;on|phone&#8220; global_colors_info=&#8220;{}&#8220; sticky_enabled=&#8220;0&#8243;]<\/p>\n<h2><strong>Referenzen<br \/><\/strong><\/h2>\n<p>BERATERPROFIL<\/p>\n<p><strong>UNIV. LEKTOR Mag. Dr. J\u00d6RG PRIELER<\/strong><br \/>Klinischer- und Gesundheitspsychologe, Sport- und Arbeitspsychologe<br \/>REGISTERED EUROPSY PSYCHOLOGIST, Flugpsychologe<br \/>(geb. 1964 in Eisenstadt)<\/p>\n<p>Psychologische Praxis &amp; Gesch\u00e4ftsf\u00fchrer der Consulting-Firma IR&amp;C, Dr. J\u00f6rg Prieler, Gesellschafter des P&amp;T Verlages<\/p>\n<h2><strong><br \/><\/strong><strong><\/strong><\/h2>\n<p>[\/et_pb_text][\/et_pb_column][et_pb_column type=&#8220;1_3&#8243; _builder_version=&#8220;4.23&#8243; _module_preset=&#8220;default&#8220; global_colors_info=&#8220;{}&#8220;][et_pb_image src=&#8220;https:\/\/irc-consult.at\/wp-content\/uploads\/2023\/11\/team-joerg-prieler-300&#215;360-1.jpg&#8220; title_text=&#8220;Portrait&#8220; align=&#8220;center&#8220; _builder_version=&#8220;4.23.1&#8243; _module_preset=&#8220;default&#8220; animation_style=&#8220;flip&#8220; animation_direction=&#8220;top&#8220; hover_transition_duration=&#8220;350ms&#8220; border_radii=&#8220;on|8px|8px|8px|8px&#8220; border_color_all=&#8220;#F48100&#8243; global_colors_info=&#8220;{}&#8220;][\/et_pb_image][\/et_pb_column][\/et_pb_row][et_pb_row make_equal=&#8220;on&#8220; _builder_version=&#8220;4.23.1&#8243; _module_preset=&#8220;default&#8220; height=&#8220;100%&#8220; custom_margin=&#8220;||||false|false&#8220; custom_padding=&#8220;0px||0px||false|false&#8220; global_colors_info=&#8220;{}&#8220;][et_pb_column type=&#8220;4_4&#8243; module_class=&#8220;vertikal-zentrieren&#8220; _builder_version=&#8220;4.23&#8243; _module_preset=&#8220;default&#8220; global_colors_info=&#8220;{}&#8220;][et_pb_text _builder_version=&#8220;4.23.1&#8243; _module_preset=&#8220;default&#8220; text_font_size=&#8220;15px&#8220; header_2_text_color=&#8220;#F48100&#8243; custom_margin=&#8220;-15px||-16px|||&#8220; custom_padding=&#8220;14px||40px|||&#8220; animation_style=&#8220;flip&#8220; animation_direction=&#8220;bottom&#8220; hover_enabled=&#8220;0&#8243; text_font_size_tablet=&#8220;15px&#8220; text_font_size_phone=&#8220;16px&#8220; text_font_size_last_edited=&#8220;on|phone&#8220; header_2_font_size_tablet=&#8220;&#8220; header_2_font_size_phone=&#8220;&#8220; header_2_font_size_last_edited=&#8220;on|phone&#8220; global_colors_info=&#8220;{}&#8220; sticky_enabled=&#8220;0&#8243;]<\/p>\n<p><strong>Wesentliche Aus- und Weiterbildung<br \/><\/strong>1985: Einj\u00e4hrig Freiwilligen Ausbildung, derzeitiger Dienstgrad: Hauptmann des h\u00f6heren milit\u00e4rfachlichen Dienstes<br \/>1992 Studium der Psychologie mit Schwerpunkt Testkonstruktion &amp; -entwicklung, Universit\u00e4t Wien<br \/>1999 Ausbildung zum Klinischen- und Gesundheitspsychologen, B\u00d6P Wien<br \/>2000 Promotion, neues mathematisches Modell zur Messung von Ver\u00e4nderungen bzw. Trainingseffekten, Wien<br \/>2002 Ausbildung zum Arbeitspsychologen, B\u00d6P Wien<br \/>2003 Ausbildung zum Biofeedbacktherapeuten (Schwerpunkt Stressbew\u00e4ltigungsstrategien und Burnout), Liechtenstein<\/p>\n<p><strong>Berufserfahrung<\/strong><br \/>2020 &#8211; laufend: Kassenpsychologe Land Burgenland\/S\u00fcd<br \/>2019 &#8211; laufend: Personalauswahl Akademiker:innen f\u00fcr das Amt der Burgenl\u00e4ndischen Landesregierung<br \/>2014 &#8211; laufend: F\u00f6rderassessments bei VAMED &amp; KPMG<br \/>2013 &#8211; laufend: Evaluierung psychischer Belastungen am Arbeitsplatz<br \/>2012 &#8211; laufend: Er\u00f6ffnung eines Kompetenzzentrums f\u00fcr Spielsucht \/ Responsible Gaming<br \/>1998 &#8211; laufend: Vertragspsychologe AMS Burgenland, Betreuung von Ratsuchenden, Berufswahldiagnostik<br \/>2008 &#8211; laufend: Univ. Lektor an Alpen-Adria Universit\u00e4t Klagenfurt und Sigmund Freud Universit\u00e4t Wien: Pers\u00f6nlichkeitstheorien, Diagnostik, Testentwicklung und Personalpsychologie<br \/>2002 &#8211; laufend: Selbst\u00e4ndiger Personalberater, Gesch\u00e4ftsf\u00fcrer IR&amp;C: Consulting, Personalberatung, <strong><\/strong><\/p>\n<p><strong>Personalentwicklung, Testentwicklung<\/strong><br \/>2005 &#8211; 2009 Leitung Psychologie Hogrefe Verlag, Testentwicklung, Testberatung (Wien)<br \/>2003 &#8211; 2004 Human Ressource Manager der Firma Hotwell (Erd\u00f6lbranche)<br \/>1995 &#8211; 2002 Leitung Psychologie Schuhfried Verlag, Testentwicklung, Testberatung (M\u00f6dling)<br \/>1992 &#8211; 1995 Psychologe im BBRZ Wien<\/p>\n<p><strong>Kernkompetenzen<br \/><\/strong>\u2022 IRT Modells &amp; Test Construction: development of several new psychological ability tests<br \/>\u2022 Excellent Statistic &amp; Software Knowledge: Statistic Software (SPSS, STATISTIKA, LPCMWIN, BILOG, Winmira, Lisrel), Datamining<br \/>\u2022 Arbeitspsychologische Erhebungen\/Interventionen: Arbeitszufriedenheit, Burn Out, Mobbing, Innovationswiderst\u00e4nde, Corporate Identity, Kommunikation, Stressverhalten\u2026<br \/>\u2022 Stressmanagement: Diagnostik (\u201eTesting under Load\u201c), Biofeedback (HRV Messungen, Stresstest und \u2013therapie, Atemtraining), Entspannungstraining<\/p>\n<p><strong>Auszug: Referenz-Unternehmen aus der Beratung<br \/><\/strong>AMS &#8211; AUVA &#8211; Bayrisches Rotes Kreuz &#8211; BFI &#8211; AUDI &#8211; MEWA &#8211; STANTONCHASE &#8211; HOFMANN Personal &#8211; KRAGES &#8211; \u00f6sterreichisches Bundesheer &#8211; FORD &#8211; Bundespolizei \u00d6sterreich &#8211; Universit\u00e4ten (Wien, Klagenfurt, Lima, Banares) &#8211; CPRD South Africa (HR Mines) &#8211; Saville Consulting UK &#8211; Hogrefe Publishers BRD &#8211; KPMG &#8211; SARL C.R.A.P. (Algerien) &#8211; VAMED<\/p>\n<p><strong>Auszug Vortrags- und Literaturliste:<br \/><\/strong>Rothmeier-Kubinecz, S., Blattner, A., Brandstetter, R., Kremla, A., Prieler, J.A., Weger, G.,, Geresdorfer, S., &amp; Kisyma S., (2018): Eignet sich das T\u00e4tigkeitsbewertungssystem zur Analyse von Arbeitspl\u00e4tzen mit hohem Automatisierungsgrad? Psychometrie der Industrie 4.0. Psychologie des Alltagshandelns, Vol. 11 \/ No. 1<br \/>Prieler, J.A. (2015): Arbeitspsychologische Untersuchungen. Lecture at the \u201eForum Praevention\u201c Congress, Vienna, Austria<br \/>Prieler, J.A. (2012): Der Einfluss von Pers\u00f6nlichkeitsvariablen auf die Dauer von Arbeitslosigkeit. Lecture at DGP Congress, Bielefeld, Germany<br \/>Prieler, J.A. (2012): The Hierarchical Structure of Personality &amp; Performance. Symposium at the ITC Conference, Amsterdam, NL<br \/>Hartmann, P., West, F., Stewart-Ferrer, C. &amp; Prieler, J.A. (2011). The psychometric properties of the Parents&#8216; Preference Test (PPT) revisited. Nordic Psychology, Vol.63(4), 4-17<br \/>Lord, W. &amp; Prieler, J. A. (2011). The ever-changing talent needs of organisations; how best can psychometrics contribute going forwards? Workshop at Annual Conference, Division of Occupational Psychology, Stratford-Upon-Avon, England.<br \/>Lord, W. &amp; Prieler, J. A. (2010). The Utility of Psychometric Testing for predicting bus driver behaviour. In: L. Dorn (Ed): Driver Behaviour and Training, pp 269-274, Ashgate.<br \/>Prieler, J.A. &amp; Raven, J. (2009): The Measurement of Change in Groups and Individuals with Particular Reference to the Value of Change Scores: A New IRT-Based Methodology for the Assessment of Treatment Effects. International Journal of Educational and Psychological Assessment. Vol 3, pp. 38-74<br \/>Prieler, J. A. (2009). Leistungstests bei der Personalauswahl der JetAlliance und bei National Rail. Lecture at the 2nd Hogrefe-Congress about Personaldiagnostik, Frankfurt, Germany.<br \/>Prieler, J. A. (2008). Einsatz neuer Technologien in der psychologischen Diagnostik. Lecture at the Second Austrian Symposium for Military Psychology, Vienna, Austria.<br \/>Prieler, J. A. (2007). So wrong for so long; The importance of changing our approach to the measurement of change. The Psychologist. December 2007, vol. 20, no 12, pp. 730-732<br \/>McKinzey, R.K. , Prieler, J.A. &amp; Raven, J. (2003). Detection of children&#8217;s malingering on Raven&#8217;s Standard Progressive Matrices. British journal of clinical psychology (2003), vol. 42, pp. 95 &#8211; 99<br \/>Schuhfried, G. &amp; Prieler, J. A. (2002). Qualit\u00e4tsmanagementsystem nach EN ISO 9000 und die DIN 33430. In: Hornke L. &amp; Winterfeld, U. (Hrsg.) Eignungsbeurteilungen auf dem Pr\u00fcfstand: DIN 33430 zur Qualit\u00e4tssicherung, 263-273.<br \/>Prieler, J. A. (2002). Practical Issues and Advances in Computer-Aided Assessment: Computer-Aided Testing, new Trends and Developments. Lecture &amp; Chair at the International Conference on Computer-Based Testing and the Internet, Winchester, England<br \/>Prieler, J.A., Langer, C. &amp; Mikas, M. (2001). A modern Aviation Test Battery for the Selection of Pilots and ATC staff. Vortrag im Rahmen des 11th International Symposium on Aviation Psychology, Columbus, Ohio (USA).<br \/>Prieler, J. A., Mikas, M. &amp; Langer, C. (2000). \u2018State of the Art\u2019 of a modern procedure for Psychological Selection. Lecture at the 24th Conference of the European Association for Aviation Psychology (EAAP), Crieff (Scotland).<br \/>Prieler, J. A. (1999). Flugpsychologische Testbatterie \u00d6sterreich. M\u00f6dling: Schuhfried Eigenverlag.<br \/>Prieler, J.A. (1999). Validation of personnel selection of noncommissioned officer in the Austrian Army. Paper presented at the 20th Congress of Applied Psychology, Berlin.<\/p>\n<p>[\/et_pb_text][\/et_pb_column][\/et_pb_row][\/et_pb_section]<\/p>\n","protected":false},"excerpt":{"rendered":"<p>Referenzen BERATERPROFIL UNIV. LEKTOR Mag. Dr. J\u00d6RG PRIELERKlinischer- und Gesundheitspsychologe, Sport- und ArbeitspsychologeREGISTERED EUROPSY PSYCHOLOGIST, Flugpsychologe(geb. 1964 in Eisenstadt) Psychologische Praxis &amp; Gesch\u00e4ftsf\u00fchrer der Consulting-Firma IR&amp;C, Dr. J\u00f6rg Prieler, Gesellschafter des P&amp;T Verlages Wesentliche Aus- und Weiterbildung1985: Einj\u00e4hrig Freiwilligen Ausbildung, derzeitiger Dienstgrad: Hauptmann des h\u00f6heren milit\u00e4rfachlichen Dienstes1992 Studium der Psychologie mit Schwerpunkt Testkonstruktion &amp; -entwicklung, [&hellip;]<\/p>\n","protected":false},"author":1,"featured_media":0,"parent":0,"menu_order":888,"comment_status":"closed","ping_status":"closed","template":"","meta":{"_et_pb_use_builder":"on","_et_pb_old_content":"","_et_gb_content_width":"","footnotes":""},"class_list":["post-372924","page","type-page","status-publish","hentry"],"_links":{"self":[{"href":"https:\/\/irc-consult.at\/en\/wp-json\/wp\/v2\/pages\/372924","targetHints":{"allow":["GET"]}}],"collection":[{"href":"https:\/\/irc-consult.at\/en\/wp-json\/wp\/v2\/pages"}],"about":[{"href":"https:\/\/irc-consult.at\/en\/wp-json\/wp\/v2\/types\/page"}],"author":[{"embeddable":true,"href":"https:\/\/irc-consult.at\/en\/wp-json\/wp\/v2\/users\/1"}],"replies":[{"embeddable":true,"href":"https:\/\/irc-consult.at\/en\/wp-json\/wp\/v2\/comments?post=372924"}],"version-history":[{"count":5,"href":"https:\/\/irc-consult.at\/en\/wp-json\/wp\/v2\/pages\/372924\/revisions"}],"predecessor-version":[{"id":373092,"href":"https:\/\/irc-consult.at\/en\/wp-json\/wp\/v2\/pages\/372924\/revisions\/373092"}],"wp:attachment":[{"href":"https:\/\/irc-consult.at\/en\/wp-json\/wp\/v2\/media?parent=372924"}],"curies":[{"name":"wp","href":"https:\/\/api.w.org\/{rel}","templated":true}]}}