{"id":372224,"date":"2023-11-14T23:31:13","date_gmt":"2023-11-14T22:31:13","guid":{"rendered":"https:\/\/irc-consult.at\/?page_id=372224"},"modified":"2023-11-18T06:41:45","modified_gmt":"2023-11-18T05:41:45","slug":"flow-check-datenschutz","status":"publish","type":"page","link":"https:\/\/irc-consult.at\/en\/flow-check-datenschutz\/","title":{"rendered":"Flow-Check Datenschutz"},"content":{"rendered":"<p>[et_pb_section fb_built=&#8220;1&#8243; _builder_version=&#8220;4.23&#8243; _module_preset=&#8220;default&#8220; background_enable_mask_style=&#8220;on&#8220; background_mask_style=&#8220;honeycomb&#8220; background_mask_color=&#8220;rgba(244,129,0,0.15)&#8220; background_mask_transform=&#8220;invert&#8220; background_mask_aspect_ratio=&#8220;square&#8220; background_mask_size=&#8220;cover&#8220; custom_padding=&#8220;||14px|||&#8220; global_colors_info=&#8220;{}&#8220; theme_builder_area=&#8220;post_content&#8220;][et_pb_row _builder_version=&#8220;4.23&#8243; _module_preset=&#8220;default&#8220; custom_margin=&#8220;-30px|auto|0px|auto|false|false&#8220; custom_padding=&#8220;||3px||false|false&#8220; global_colors_info=&#8220;{}&#8220; theme_builder_area=&#8220;post_content&#8220;][et_pb_column type=&#8220;4_4&#8243; _builder_version=&#8220;4.23&#8243; _module_preset=&#8220;default&#8220; global_colors_info=&#8220;{}&#8220; theme_builder_area=&#8220;post_content&#8220;][et_pb_text _builder_version=&#8220;4.23.1&#8243; _module_preset=&#8220;default&#8220; header_2_font=&#8220;IRC Fonts Regular|||on|||||&#8220; header_2_text_color=&#8220;#F48100&#8243; header_2_font_size=&#8220;25px&#8220; header_2_line_height=&#8220;1.4em&#8220; custom_margin=&#8220;-8px||0px||false|false&#8220; custom_padding=&#8220;||0px||false|false&#8220; animation_style=&#8220;fade&#8220; hover_enabled=&#8220;0&#8243; header_2_font_size_tablet=&#8220;25px&#8220; header_2_font_size_phone=&#8220;15px&#8220; header_2_font_size_last_edited=&#8220;on|phone&#8220; global_colors_info=&#8220;{}&#8220; theme_builder_area=&#8220;post_content&#8220; sticky_enabled=&#8220;0&#8243;]<\/p>\n<h2 itemprop=\"name\">Flow-Check Datenschutz<\/h2>\n<p>[\/et_pb_text][\/et_pb_column][\/et_pb_row][et_pb_row make_equal=&#8220;on&#8220; _builder_version=&#8220;4.23.1&#8243; _module_preset=&#8220;default&#8220; custom_margin=&#8220;-15px|auto||auto|false|false&#8220; custom_padding=&#8220;16px||5px|||&#8220; global_colors_info=&#8220;{}&#8220; theme_builder_area=&#8220;post_content&#8220;][et_pb_column type=&#8220;4_4&#8243; module_class=&#8220;vertikal-zentrieren&#8220; _builder_version=&#8220;4.23.1&#8243; _module_preset=&#8220;default&#8220; global_colors_info=&#8220;{}&#8220; theme_builder_area=&#8220;post_content&#8220;][et_pb_text _builder_version=&#8220;4.23.1&#8243; _module_preset=&#8220;default&#8220; text_font_size=&#8220;15px&#8220; custom_margin=&#8220;-32px||-6px|||&#8220; custom_padding=&#8220;37px||6px|||&#8220; animation_style=&#8220;flip&#8220; animation_direction=&#8220;bottom&#8220; hover_enabled=&#8220;0&#8243; text_font_size_tablet=&#8220;15px&#8220; text_font_size_phone=&#8220;16px&#8220; text_font_size_last_edited=&#8220;on|phone&#8220; global_colors_info=&#8220;{}&#8220; theme_builder_area=&#8220;post_content&#8220; sticky_enabled=&#8220;0&#8243;]<\/p>\n<p><strong>Aufgezeichnete Daten<br \/><\/strong>Die Flow-Check-App zeichnet ausschlie\u00dflich die RR-Intervalle vom Brustgurt sowie Datum und Zeit auf. Daraus werden dann alle weiteren Werte berechnet. Zus\u00e4tzlich kann der\/die BenutzerIn Aktivit\u00e4ten eintragen und den Fragebogen ausf\u00fcllen. Alle diese Daten werden zusammengefasst als Sitzungen gespeichert. Bei Video-Sitzungen wird zus\u00e4tzlich noch von der Kamera und vom Mikrofon aufgezeichnet.<\/p>\n<p><strong>Personalisierung<br \/><\/strong>Optional kann der Benutzer sein\/ihr Alter und Geschlecht angeben. Diese Daten flie\u00dfen ausschlie\u00dflich in die Bewertung der Werte ein.<br \/>Au\u00dferdem werden die vergangenen Bewertungen aufgezeichnet, die dann wieder bei neuen Berechnungen ber\u00fccksichtigt werden. Diese Bewertungs-Historie ist unabh\u00e4ngig von den gespeicherten Sitzungen und kann nicht gel\u00f6scht werden.<\/p>\n<p><strong>Einstellungen<br \/><\/strong>Neben der oben genannten Daten werden noch weitere Einstellungen gespeichert Das sind insbesondere:<\/p>\n<ul>\n<li>Ausgew\u00e4hltes Ger\u00e4t zur Herzfrequenzmessung (Brustgurt)<\/li>\n<li>Zeiten f\u00fcr Erinnerung an Fragebogen<\/li>\n<li>Typ der Fitness-Benachrichtigung (Deaktiviert, Ton, Vibration, Beides)<\/li>\n<li>Gew\u00fcnschte L\u00e4nge von Kurzzeit-Sitzungen<\/li>\n<\/ul>\n<p>Dar\u00fcber hinaus werden noch technische Informationen gespeichert; z.B. ob Dialogfenster bereits angezeigt wurden, die zuletzt ge\u00f6ffnete Seite, etc..<\/p>\n<p><strong>Berechtigungen<br \/><\/strong>Die Flow-Check-App ben\u00f6tigt folgende Datenschutz-relevanten Berechtigungen:<\/p>\n<ul>\n<li>Bluetooth und Bluetooth-Administration: Dient zum Aufbau einer Verbindung mit dem Brustgurt bzw. zur Kopplung mit dem Ger\u00e4t.<\/li>\n<li>Abfrage der ungef\u00e4hren Position: Ist notwendig, damit nach Bluetooth-Ger\u00e4ten in der Umgebung gesucht werden. Diese Berechtigung wird von Android gefordert, da es theoretisch m\u00f6glich w\u00e4re, aus einer Datenbank von bekannten Bluetooth-Ger\u00e4ten eine ungef\u00e4hre Position zu bestimmen. Flow-Check f\u00fchrt jedoch keine Positionsbestimmung durch und prinzipiell kann diese Berechtigung nach Einrichten des Brustgurts wieder entzogen werden (\u00fcber die Systemeinstellungen).<\/li>\n<li>Kamera- und Audio-Aufzeichnung: F\u00fcr die Aufzeichnung von Video-Sitzungen.<\/li>\n<\/ul>\n<p><strong>Speicherung, Verarbeitung und Export<br \/><\/strong>Alle Daten und Einstellungen werden ausschlie\u00dflich lokal, also am Ger\u00e4t, gespeichert und verarbeitet. Flow-Check \u00fcbertr\u00e4gt automatisch bzw. im Hintergrund keine Daten.<br \/>Auf Wunsch des Benutzers\/der Benutzerin k\u00f6nnen IBI-Daten und PDF-Berichte (nur Premium) exportiert werden. Diese Dateien werden am gew\u00fcnschten Speicherort abgelegt und k\u00f6nnen manuell versendet oder anderwertig verwendet werden. Damit befinden sie sich au\u00dferhalb des Einflussbereichs der Flow-Check-App.<\/p>\n<p><strong>Externe Dienste<br \/><\/strong>Sofern das Ger\u00e4t entsprechend konfiguriert ist, k\u00f6nnen alle Daten und Einstellungen gesichert werden. Dies erfolgt automatisch durch einen externen Diensteanbieter, z.B. Google Drive. Damit liegt dies au\u00dferhalb des Einflussbereichs der Flow-Check-App.<br \/>Wenn die App \u00fcber Google Play bezogen wurde, erfasst der Play-Store automatisiert Daten \u00fcber den Benutzer\/die Benutzerin und das verwendete Ger\u00e4t. Au\u00dferdem werden Meldungen \u00fcber Abst\u00fcrze der App automatisch an Google Play \u00fcbertragen. IR&amp;C behandelt alle diese Daten vertraulich, sie werden zur Verbesserung der App genutzt.<\/p>\n<p><strong>Manuelle Meldung von Fehlern<br \/><\/strong>Zus\u00e4tzlich zur automatischen Absturzmeldung k\u00f6nnen aufgetretene Fehler auch manuell gemeldet werden. Dazu sendet der Benutzer\/die Benutzerin mit dem eigenen E-Mail-Programm eine vorausgef\u00fcllte E-Mail an die vorgegebene Adresse (flowcheck@irc-consult.at).<br \/>Zus\u00e4tzlich zur Fehlermeldung werden auch Informationen \u00fcber das verwendete Ger\u00e4t \u00fcbertragen. U.A.: Freier und belegter Speicherplatz, Arbeitsspeicher, Prozessor, Android-Version, Ger\u00e4te-Hersteller\/-Typ\/-Modell, etc..<br \/>IR&amp;C behandelt alle diese Daten vertraulich, sie werden zur Verbesserung der App genutzt.<\/p>\n<p><strong>Links auf externe Anwendungen<br \/><\/strong>Die Flow-Check-App beinhaltet einige Links auf externe Anwendungen, insbesondere: IR&amp;C-Webseite, Online-Hilfe sowie Webseiten und Lizenzinformationen von verwendeten externen Open Source-Komponenten. Alle genannten Anwendungen liegen au\u00dferhalb des Einflussbereichs der Flow-Check-App.<\/p>\n<p><a href=\"https:\/\/irc-consult.at\/datenschutzerklaerung\/\" target=\"_blank\" rel=\"noopener\">Allgemeine IR&amp;C Datenschutzrichtlinien &gt;&gt;<\/a><\/p>\n<p>[\/et_pb_text][\/et_pb_column][\/et_pb_row][et_pb_row column_structure=&#8220;1_4,3_4&#8243; make_equal=&#8220;on&#8220; _builder_version=&#8220;4.23.1&#8243; _module_preset=&#8220;default&#8220; custom_margin=&#8220;||||false|false&#8220; custom_padding=&#8220;16px||5px|||&#8220; global_colors_info=&#8220;{}&#8220; theme_builder_area=&#8220;post_content&#8220;][et_pb_column type=&#8220;1_4&#8243; module_class=&#8220;vertikal-zentrieren&#8220; _builder_version=&#8220;4.23&#8243; _module_preset=&#8220;default&#8220; global_colors_info=&#8220;{}&#8220; theme_builder_area=&#8220;post_content&#8220;][et_pb_menu menu_id=&#8220;25&#8243; module_class=&#8220;pa-vertical-menu&#8220; _builder_version=&#8220;4.23.1&#8243; _module_preset=&#8220;default&#8220; global_colors_info=&#8220;{}&#8220; theme_builder_area=&#8220;post_content&#8220;][\/et_pb_menu][\/et_pb_column][et_pb_column type=&#8220;3_4&#8243; module_class=&#8220;vertikal-zentrieren&#8220; _builder_version=&#8220;4.23&#8243; _module_preset=&#8220;default&#8220; global_colors_info=&#8220;{}&#8220; theme_builder_area=&#8220;post_content&#8220;][et_pb_image src=&#8220;https:\/\/irc-consult.at\/wp-content\/uploads\/2023\/11\/flow-check-app.jpg&#8220; title_text=&#8220;HEALTH CONCEPT: MENTAL HEALTH&#8220; _builder_version=&#8220;4.23.1&#8243; _module_preset=&#8220;default&#8220; border_radii=&#8220;on|10px|10px|10px|10px&#8220; box_shadow_style=&#8220;preset1&#8243; box_shadow_blur=&#8220;5px&#8220; global_colors_info=&#8220;{}&#8220; theme_builder_area=&#8220;post_content&#8220;][\/et_pb_image][\/et_pb_column][\/et_pb_row][\/et_pb_section]<\/p>\n","protected":false},"excerpt":{"rendered":"<p>Flow-Check DatenschutzAufgezeichnete DatenDie Flow-Check-App zeichnet ausschlie\u00dflich die RR-Intervalle vom Brustgurt sowie Datum und Zeit auf. Daraus werden dann alle weiteren Werte berechnet. Zus\u00e4tzlich kann der\/die BenutzerIn Aktivit\u00e4ten eintragen und den Fragebogen ausf\u00fcllen. Alle diese Daten werden zusammengefasst als Sitzungen gespeichert. Bei Video-Sitzungen wird zus\u00e4tzlich noch von der Kamera und vom Mikrofon aufgezeichnet. PersonalisierungOptional kann der [&hellip;]<\/p>\n","protected":false},"author":1,"featured_media":0,"parent":0,"menu_order":638,"comment_status":"closed","ping_status":"closed","template":"","meta":{"_et_pb_use_builder":"on","_et_pb_old_content":"<!-- wp:divi\/placeholder \/-->","_et_gb_content_width":"","footnotes":""},"class_list":["post-372224","page","type-page","status-publish","hentry"],"_links":{"self":[{"href":"https:\/\/irc-consult.at\/en\/wp-json\/wp\/v2\/pages\/372224","targetHints":{"allow":["GET"]}}],"collection":[{"href":"https:\/\/irc-consult.at\/en\/wp-json\/wp\/v2\/pages"}],"about":[{"href":"https:\/\/irc-consult.at\/en\/wp-json\/wp\/v2\/types\/page"}],"author":[{"embeddable":true,"href":"https:\/\/irc-consult.at\/en\/wp-json\/wp\/v2\/users\/1"}],"replies":[{"embeddable":true,"href":"https:\/\/irc-consult.at\/en\/wp-json\/wp\/v2\/comments?post=372224"}],"version-history":[{"count":5,"href":"https:\/\/irc-consult.at\/en\/wp-json\/wp\/v2\/pages\/372224\/revisions"}],"predecessor-version":[{"id":372542,"href":"https:\/\/irc-consult.at\/en\/wp-json\/wp\/v2\/pages\/372224\/revisions\/372542"}],"wp:attachment":[{"href":"https:\/\/irc-consult.at\/en\/wp-json\/wp\/v2\/media?parent=372224"}],"curies":[{"name":"wp","href":"https:\/\/api.w.org\/{rel}","templated":true}]}}