{"id":372220,"date":"2023-11-14T23:27:46","date_gmt":"2023-11-14T22:27:46","guid":{"rendered":"https:\/\/irc-consult.at\/?page_id=372220"},"modified":"2023-11-18T06:14:24","modified_gmt":"2023-11-18T05:14:24","slug":"einstellungen","status":"publish","type":"page","link":"https:\/\/irc-consult.at\/en\/einstellungen\/","title":{"rendered":"Einstellungen"},"content":{"rendered":"<p>[et_pb_section fb_built=&#8220;1&#8243; _builder_version=&#8220;4.23&#8243; _module_preset=&#8220;default&#8220; background_enable_mask_style=&#8220;on&#8220; background_mask_style=&#8220;honeycomb&#8220; background_mask_color=&#8220;rgba(244,129,0,0.15)&#8220; background_mask_transform=&#8220;invert&#8220; background_mask_aspect_ratio=&#8220;square&#8220; background_mask_size=&#8220;cover&#8220; custom_padding=&#8220;||14px|||&#8220; global_colors_info=&#8220;{}&#8220; theme_builder_area=&#8220;post_content&#8220;][et_pb_row _builder_version=&#8220;4.23&#8243; _module_preset=&#8220;default&#8220; custom_margin=&#8220;-30px|auto|0px|auto|false|false&#8220; custom_padding=&#8220;||3px||false|false&#8220; global_colors_info=&#8220;{}&#8220; theme_builder_area=&#8220;post_content&#8220;][et_pb_column type=&#8220;4_4&#8243; _builder_version=&#8220;4.23&#8243; _module_preset=&#8220;default&#8220; global_colors_info=&#8220;{}&#8220; theme_builder_area=&#8220;post_content&#8220;][et_pb_text _builder_version=&#8220;4.23.1&#8243; _module_preset=&#8220;default&#8220; header_2_font=&#8220;IRC Fonts Regular|||on|||||&#8220; header_2_text_color=&#8220;#F48100&#8243; header_2_font_size=&#8220;25px&#8220; header_2_line_height=&#8220;1.4em&#8220; custom_margin=&#8220;-8px||0px||false|false&#8220; custom_padding=&#8220;||0px||false|false&#8220; animation_style=&#8220;fade&#8220; hover_enabled=&#8220;0&#8243; header_2_font_size_tablet=&#8220;25px&#8220; header_2_font_size_phone=&#8220;15px&#8220; header_2_font_size_last_edited=&#8220;on|phone&#8220; global_colors_info=&#8220;{}&#8220; theme_builder_area=&#8220;post_content&#8220; sticky_enabled=&#8220;0&#8243;]<\/p>\n<h2 itemprop=\"name\">Flow-Check Einstellungen<\/h2>\n<p>[\/et_pb_text][\/et_pb_column][\/et_pb_row][et_pb_row column_structure=&#8220;2_3,1_3&#8243; make_equal=&#8220;on&#8220; _builder_version=&#8220;4.23.1&#8243; _module_preset=&#8220;default&#8220; custom_margin=&#8220;||||false|false&#8220; custom_padding=&#8220;16px||5px|||&#8220; global_colors_info=&#8220;{}&#8220; theme_builder_area=&#8220;post_content&#8220;][et_pb_column type=&#8220;2_3&#8243; module_class=&#8220;vertikal-zentrieren&#8220; _builder_version=&#8220;4.23.1&#8243; _module_preset=&#8220;default&#8220; global_colors_info=&#8220;{}&#8220; theme_builder_area=&#8220;post_content&#8220;][et_pb_text _builder_version=&#8220;4.23.1&#8243; _module_preset=&#8220;default&#8220; text_font_size=&#8220;15px&#8220; custom_margin=&#8220;-15px||-6px|||&#8220; custom_padding=&#8220;14px||6px|||&#8220; animation_style=&#8220;flip&#8220; animation_direction=&#8220;bottom&#8220; hover_enabled=&#8220;0&#8243; text_font_size_tablet=&#8220;15px&#8220; text_font_size_phone=&#8220;16px&#8220; text_font_size_last_edited=&#8220;on|phone&#8220; global_colors_info=&#8220;{}&#8220; theme_builder_area=&#8220;post_content&#8220; sticky_enabled=&#8220;0&#8243;]<\/p>\n<p><strong><\/strong>Sie k\u00f6nnen die Einstellungen von Flow-Check jederzeit \u00e4ndern, indem Sie den Eintrag &#8222;Einstellungen&#8220; im Hauptmen\u00fc ausw\u00e4hlen.<\/p>\n<p><strong>Herzfrequenzmessger\u00e4t \u00e4ndern<br \/><\/strong>M\u00f6chten Sie ein anderes Herzfrequenzmessger\u00e4t ausw\u00e4hlen, klicken Sie auf &#8222;Ger\u00e4t f\u00fcr Herzfrequenzmessung&#8220;. Flow-Check wird nun nach verf\u00fcgbaren Bluetooth Smart-Herzfrequenzmessger\u00e4ten suchen.<br \/>Beachten Sie bitte, dass dieser Punkt w\u00e4hrend einer laufenden Aufzeichnung nicht verf\u00fcgbar ist.<br \/>Die automatische Erkennung kann unter Umst\u00e4nden bis zu 30 Sekunden dauern. Sollte der erste Versuch nicht zum Erfolg f\u00fchren oder haben Sie Ihr Herzfrequenzmessger\u00e4t erst jetzt angelegt, k\u00f6nnen Sie auf &#8222;Erneut nach Ger\u00e4ten suchen&#8220; klicken, um die Suche neuzustarten.<br \/>Sobald Ihr gew\u00fcnschtes Ger\u00e4t in der Liste erscheint, k\u00f6nnen Sie dieses durch Klicken auf den entsprechenden Eintrag ausw\u00e4hlen. Nach einem erfolgreichen Verbindungsversuch, schlie\u00dft sich die Ger\u00e4teauswahl und Flow-Check kehrt zur Einstellungsseite zur\u00fcck.<\/p>\n<p>[\/et_pb_text][\/et_pb_column][et_pb_column type=&#8220;1_3&#8243; _builder_version=&#8220;4.23.1&#8243; _module_preset=&#8220;default&#8220; global_colors_info=&#8220;{}&#8220; theme_builder_area=&#8220;post_content&#8220;][et_pb_image src=&#8220;https:\/\/irc-consult.at\/wp-content\/uploads\/2023\/11\/fc2.jpg&#8220; title_text=&#8220;fc2&#8243; _builder_version=&#8220;4.23.1&#8243; _module_preset=&#8220;default&#8220; hover_enabled=&#8220;0&#8243; border_radii=&#8220;on|10px|10px|10px|10px&#8220; box_shadow_style=&#8220;preset1&#8243; box_shadow_blur=&#8220;5px&#8220; global_colors_info=&#8220;{}&#8220; theme_builder_area=&#8220;post_content&#8220; sticky_enabled=&#8220;0&#8243;][\/et_pb_image][\/et_pb_column][\/et_pb_row][et_pb_row make_equal=&#8220;on&#8220; _builder_version=&#8220;4.23.1&#8243; _module_preset=&#8220;default&#8220; custom_margin=&#8220;-15px|auto||auto|false|false&#8220; custom_padding=&#8220;16px||5px|||&#8220; hover_enabled=&#8220;0&#8243; global_colors_info=&#8220;{}&#8220; theme_builder_area=&#8220;post_content&#8220; sticky_enabled=&#8220;0&#8243;][et_pb_column type=&#8220;4_4&#8243; module_class=&#8220;vertikal-zentrieren&#8220; _builder_version=&#8220;4.23.1&#8243; _module_preset=&#8220;default&#8220; global_colors_info=&#8220;{}&#8220; theme_builder_area=&#8220;post_content&#8220;][et_pb_text _builder_version=&#8220;4.23.1&#8243; _module_preset=&#8220;default&#8220; text_font_size=&#8220;15px&#8220; custom_margin=&#8220;-32px||-6px|||&#8220; custom_padding=&#8220;37px||6px|||&#8220; animation_style=&#8220;flip&#8220; animation_direction=&#8220;bottom&#8220; hover_enabled=&#8220;0&#8243; text_font_size_tablet=&#8220;15px&#8220; text_font_size_phone=&#8220;16px&#8220; text_font_size_last_edited=&#8220;on|phone&#8220; global_colors_info=&#8220;{}&#8220; theme_builder_area=&#8220;post_content&#8220; sticky_enabled=&#8220;0&#8243;]<\/p>\n<p><strong>F\u00fcr einige App-Modi stehen Ihnen weitere Einstellungen zur Verf\u00fcgung.<\/strong><\/p>\n<p>[\/et_pb_text][\/et_pb_column][\/et_pb_row][et_pb_row column_structure=&#8220;1_3,1_3,1_3&#8243; make_equal=&#8220;on&#8220; _builder_version=&#8220;4.23.1&#8243; _module_preset=&#8220;default&#8220; custom_margin=&#8220;-15px|auto||auto|false|false&#8220; custom_padding=&#8220;16px||5px|||&#8220; hover_enabled=&#8220;0&#8243; global_colors_info=&#8220;{}&#8220; theme_builder_area=&#8220;post_content&#8220; sticky_enabled=&#8220;0&#8243;][et_pb_column type=&#8220;1_3&#8243; _builder_version=&#8220;4.23.1&#8243; _module_preset=&#8220;default&#8220; hover_enabled=&#8220;0&#8243; global_colors_info=&#8220;{}&#8220; theme_builder_area=&#8220;post_content&#8220; sticky_enabled=&#8220;0&#8243;][et_pb_text _builder_version=&#8220;4.23.1&#8243; _module_preset=&#8220;default&#8220; text_font_size=&#8220;15px&#8220; custom_margin=&#8220;-32px||-6px|||&#8220; custom_padding=&#8220;37px||6px|||&#8220; animation_style=&#8220;flip&#8220; animation_direction=&#8220;bottom&#8220; hover_enabled=&#8220;0&#8243; text_font_size_tablet=&#8220;15px&#8220; text_font_size_phone=&#8220;16px&#8220; text_font_size_last_edited=&#8220;on|phone&#8220; global_colors_info=&#8220;{}&#8220; theme_builder_area=&#8220;post_content&#8220; sticky_enabled=&#8220;0&#8243;]<\/p>\n<p><strong>Langzeit<br \/><\/strong><\/p>\n<ul>\n<li>Erinnerung an den Fragebogen<\/li>\n<li>Atemtraining<\/li>\n<li>Fitness Benachrichtigungen<\/li>\n<\/ul>\n<p>[\/et_pb_text][\/et_pb_column][et_pb_column type=&#8220;1_3&#8243; _builder_version=&#8220;4.23.1&#8243; _module_preset=&#8220;default&#8220; hover_enabled=&#8220;0&#8243; global_colors_info=&#8220;{}&#8220; theme_builder_area=&#8220;post_content&#8220; sticky_enabled=&#8220;0&#8243;][et_pb_text _builder_version=&#8220;4.23.1&#8243; _module_preset=&#8220;default&#8220; text_font_size=&#8220;15px&#8220; custom_margin=&#8220;-32px||-6px|||&#8220; custom_padding=&#8220;37px||6px|||&#8220; animation_style=&#8220;flip&#8220; animation_direction=&#8220;bottom&#8220; hover_enabled=&#8220;0&#8243; text_font_size_tablet=&#8220;15px&#8220; text_font_size_phone=&#8220;16px&#8220; text_font_size_last_edited=&#8220;on|phone&#8220; global_colors_info=&#8220;{}&#8220; theme_builder_area=&#8220;post_content&#8220; sticky_enabled=&#8220;0&#8243;]<\/p>\n<p><strong>Kurzzeit<br \/><\/strong><\/p>\n<ul>\n<li>Gew\u00fcnschte Dauer von Kurzzeitsitzungen<\/li>\n<li>Atemtraining<\/li>\n<li>Fitness Benachrichtigungen<\/li>\n<\/ul>\n<p>[\/et_pb_text][\/et_pb_column][et_pb_column type=&#8220;1_3&#8243; _builder_version=&#8220;4.23.1&#8243; _module_preset=&#8220;default&#8220; hover_enabled=&#8220;0&#8243; global_colors_info=&#8220;{}&#8220; theme_builder_area=&#8220;post_content&#8220; sticky_enabled=&#8220;0&#8243;][et_pb_text _builder_version=&#8220;4.23.1&#8243; _module_preset=&#8220;default&#8220; text_font_size=&#8220;15px&#8220; custom_margin=&#8220;-32px||-6px|||&#8220; custom_padding=&#8220;37px||6px|||&#8220; animation_style=&#8220;flip&#8220; animation_direction=&#8220;bottom&#8220; hover_enabled=&#8220;0&#8243; text_font_size_tablet=&#8220;15px&#8220; text_font_size_phone=&#8220;16px&#8220; text_font_size_last_edited=&#8220;on|phone&#8220; global_colors_info=&#8220;{}&#8220; theme_builder_area=&#8220;post_content&#8220; sticky_enabled=&#8220;0&#8243;]<\/p>\n<p><strong>Video-Analyse<br \/><\/strong><\/p>\n<ul>\n<li><em>Derzeit keine Einstellungen verf\u00fcgbar<\/em><\/li>\n<\/ul>\n<p>[\/et_pb_text][\/et_pb_column][\/et_pb_row][et_pb_row make_equal=&#8220;on&#8220; _builder_version=&#8220;4.23.1&#8243; _module_preset=&#8220;default&#8220; custom_margin=&#8220;-15px|auto||auto|false|false&#8220; custom_padding=&#8220;16px||5px|||&#8220; hover_enabled=&#8220;0&#8243; global_colors_info=&#8220;{}&#8220; theme_builder_area=&#8220;post_content&#8220; sticky_enabled=&#8220;0&#8243;][et_pb_column type=&#8220;4_4&#8243; module_class=&#8220;vertikal-zentrieren&#8220; _builder_version=&#8220;4.23.1&#8243; _module_preset=&#8220;default&#8220; global_colors_info=&#8220;{}&#8220; theme_builder_area=&#8220;post_content&#8220;][et_pb_text _builder_version=&#8220;4.23.1&#8243; _module_preset=&#8220;default&#8220; text_font_size=&#8220;15px&#8220; custom_margin=&#8220;-32px||-6px|||&#8220; custom_padding=&#8220;37px||6px|||&#8220; animation_style=&#8220;flip&#8220; animation_direction=&#8220;bottom&#8220; hover_enabled=&#8220;0&#8243; text_font_size_tablet=&#8220;15px&#8220; text_font_size_phone=&#8220;16px&#8220; text_font_size_last_edited=&#8220;on|phone&#8220; global_colors_info=&#8220;{}&#8220; theme_builder_area=&#8220;post_content&#8220; sticky_enabled=&#8220;0&#8243;]<\/p>\n<p><strong>Erinnerung an den Fragebogen<br \/><\/strong>Sie haben die M\u00f6glichkeit, automatisch an die Teilnahme am Flow-Check-Fragebogen erinnert zu werden. Wenn Sie ausw\u00e4hlen m\u00f6chten, zu welchen Zeiten und an welchen Wochentagen das geschehen soll, klicken Sie in den Einstellungen auf &#8222;Wochenplaner&#8220;.<br \/>Die Spalten stellen die Wochentage, die Zeilen die Uhrzeit dar. Die Spalten\u00fcberschrift des aktuellen Wochentags wird farblich hervorgehoben.<br \/>Um zu einer bestimmten Zeit erinnert zu werden, aktivieren Sie die entsprechende Zelle durch Anklicken. Aktivierte Felder k\u00f6nnen durch einen erneuten Klick wieder ausgeschaltet werden. Wenn Sie an jedem Wochentag zur selben Zeit eine Erinnerung erhalten m\u00f6chten, k\u00f6nnen Sie auf die Zeilenbeschriftung (Uhrzeit) klicken und so alle Zellen einer Zeile gleichzeitig aktivieren (bzw. auch wieder deaktivieren). Scrollen Sie in der Tabelle auf und ab, sodass Sie alle gew\u00fcnschten Zeiten markieren k\u00f6nnen.<br \/>Um zur Einstellungsseite zur\u00fcckzukehren, klicken Sie die Zur\u00fcck-Schaltfl\u00e4che in der Symbolleiste oder die entsprechende Taste an Ihrem Ger\u00e4t (wenn vorhanden).<\/p>\n<p><strong>Atemtraining<br \/><\/strong>Hier k\u00f6nnen Sie den Atemrhythmus konfigurieren, der Ihnen beim Atemtraining durch die angezeigte Grafik vorgegeben wird.<br \/>Klicken Sie auf die entsprechenden Plus-\/Minus-Buttons, um den jeweiligen Wert zu erh\u00f6hen bzw. zu verringern. Das Diagramm zeigt Ihnen den Verlauf der Atmung mit den derzeitigen Einstellungen. Die einzelnen Phasen sind dabei mit den Farben der entsprechenden Texte hervorgehoben. M\u00f6chten Sie die empfohlenen Standardwerte wiederherstellen, nutzen Sie den Button &#8222;Auf Standardwerte zur\u00fccksetzen&#8220; und best\u00e4tigen Sie die Sicherheitsabfrage.<\/p>\n<p><strong>Fitness-Benachrichtigungen<br \/><\/strong>Wenn Sie dar\u00fcber informiert bleiben m\u00f6chten, welche Gesamtfitness (Sonne\/bedeckt\/Wolke) Sie aktuell haben, ohne regelm\u00e4\u00dfig auf das Display Ihres Ger\u00e4ts blicken zu m\u00fcssen, k\u00f6nnen Sie die Fitness-Benachrichtigungen aktivieren. Klicken Sie dazu auf den Einstellungspunkt &#8222;Benachrichtigen, wenn sich die Fitness \u00e4ndert&#8220;. Es \u00f6ffnet sich daraufhin ein Ausw\u00e4hlmen\u00fc mit vier m\u00f6glichen Optionen. Zum Ausw\u00e4hlen klicken Sie auf das gew\u00fcnschte Kontrollfeld.<br \/>Wenn die Benachrichtigung aktiviert ist, wird sobald sich die Gesamtfitness \u00e4ndert, die gew\u00e4hlte Aktion ausgef\u00fchrt. Der abgespielte Ton bzw. das Vibrationsmuster unterscheidet sich nach dem jeweiligen Fitnesswert.<\/p>\n<p><strong>Gesamtfitness\u00a0\u00a0\u00a0\u00a0 Ton\/Vibration<\/strong><br \/>Sonne\u00a0\u00a0\u00a0\u00a0\u00a0\u00a0\u00a0\u00a0\u00a0\u00a0\u00a0\u00a0\u00a0\u00a0\u00a0\u00a0\u00a0\u00a0\u00a0\u00a0\u00a0\u00a0\u00a0\u00a0 1 Mal kurz<br \/>Bedeckt\u00a0\u00a0\u00a0\u00a0\u00a0\u00a0\u00a0\u00a0\u00a0\u00a0\u00a0\u00a0\u00a0\u00a0\u00a0\u00a0\u00a0\u00a0\u00a0\u00a0\u00a0 2 Mal kurz<br \/>Wolke\u00a0\u00a0\u00a0\u00a0\u00a0\u00a0\u00a0\u00a0\u00a0\u00a0\u00a0\u00a0\u00a0\u00a0\u00a0\u00a0\u00a0\u00a0\u00a0\u00a0\u00a0\u00a0\u00a0\u00a0 2 Mal lang<br \/><strong><br \/>Gew\u00fcnschte Dauer von Kurzzeit-Sitzungen<br \/><\/strong>\u00dcber den Punkt &#8222;Gew\u00fcnschte Sitzungsdauer&#8220; k\u00f6nnen Sie die gew\u00fcnschte Dauer von Kurzzeit-Sitzungen zwischen 5 und 20 Minuten konfigurieren. Nach dieser Zeit werden Kurzzeit-Sitzungen automatisch beendet. Mehr dazu finden Sie im Abschnitt zu Aufzeichnungen.<br \/><strong><br \/>Weitere Benachrichtigungseinstellungen<br \/><\/strong>Klicken Sie in den Einstellungen auf &#8222;Weitere Benachrichtigungseinstellungen&#8220;, um die Systemkonfiguration f\u00fcr die Flow-Check-Benachrichtigungen zu \u00f6ffnen.<br \/>Das Aussehen dieser Seite unterscheidet sich je nach der Android-Version und dem Hersteller Ihres Ger\u00e4ts. In den neueren Android-Version k\u00f6nnen Sie hier zum Beispiel den Benachrichtigungston der Fragebogenerinnerung \u00e4ndern.<\/p>\n<p><strong>Assistenten f\u00fcr die Ersteinrichtung erneut starten<br \/><\/strong>M\u00f6chten Sie die Ersteinrichtung erneut durchf\u00fchren, k\u00f6nnen Sie auf &#8222;Assistenten f\u00fcr die Ersteinrichtung erneut starten&#8220; klicken. Bitte beachten Sie, dass dabei alle bisherigen Einstellungen \u00fcberschrieben werden. Best\u00e4tigen Sie die entsprechende Sicherheitsabfrage.<\/p>\n<p><strong>Weitere Informationen<br \/><\/strong>\u00dcber das Men\u00fc der Einstellungsseite k\u00f6nnen Sie Informationen zur App abrufen (Version, Lizenzinformationen, Datenschutzvereinbarung).<\/p>\n<p>[\/et_pb_text][\/et_pb_column][\/et_pb_row][et_pb_row column_structure=&#8220;1_4,3_4&#8243; make_equal=&#8220;on&#8220; _builder_version=&#8220;4.23.1&#8243; _module_preset=&#8220;default&#8220; custom_margin=&#8220;||||false|false&#8220; custom_padding=&#8220;16px||5px|||&#8220; global_colors_info=&#8220;{}&#8220; theme_builder_area=&#8220;post_content&#8220;][et_pb_column type=&#8220;1_4&#8243; module_class=&#8220;vertikal-zentrieren&#8220; _builder_version=&#8220;4.23&#8243; _module_preset=&#8220;default&#8220; global_colors_info=&#8220;{}&#8220; theme_builder_area=&#8220;post_content&#8220;][et_pb_menu menu_id=&#8220;25&#8243; module_class=&#8220;pa-vertical-menu&#8220; _builder_version=&#8220;4.23.1&#8243; _module_preset=&#8220;default&#8220; global_colors_info=&#8220;{}&#8220; theme_builder_area=&#8220;post_content&#8220;][\/et_pb_menu][\/et_pb_column][et_pb_column type=&#8220;3_4&#8243; module_class=&#8220;vertikal-zentrieren&#8220; _builder_version=&#8220;4.23&#8243; _module_preset=&#8220;default&#8220; global_colors_info=&#8220;{}&#8220; theme_builder_area=&#8220;post_content&#8220;][et_pb_image src=&#8220;https:\/\/irc-consult.at\/wp-content\/uploads\/2023\/11\/flow-check-app.jpg&#8220; title_text=&#8220;HEALTH CONCEPT: MENTAL HEALTH&#8220; _builder_version=&#8220;4.23.1&#8243; _module_preset=&#8220;default&#8220; border_radii=&#8220;on|10px|10px|10px|10px&#8220; box_shadow_style=&#8220;preset1&#8243; box_shadow_blur=&#8220;5px&#8220; global_colors_info=&#8220;{}&#8220; theme_builder_area=&#8220;post_content&#8220;][\/et_pb_image][\/et_pb_column][\/et_pb_row][\/et_pb_section]<\/p>\n","protected":false},"excerpt":{"rendered":"<p>Flow-Check EinstellungenSie k\u00f6nnen die Einstellungen von Flow-Check jederzeit \u00e4ndern, indem Sie den Eintrag &#8222;Einstellungen&#8220; im Hauptmen\u00fc ausw\u00e4hlen. Herzfrequenzmessger\u00e4t \u00e4ndernM\u00f6chten Sie ein anderes Herzfrequenzmessger\u00e4t ausw\u00e4hlen, klicken Sie auf &#8222;Ger\u00e4t f\u00fcr Herzfrequenzmessung&#8220;. Flow-Check wird nun nach verf\u00fcgbaren Bluetooth Smart-Herzfrequenzmessger\u00e4ten suchen.Beachten Sie bitte, dass dieser Punkt w\u00e4hrend einer laufenden Aufzeichnung nicht verf\u00fcgbar ist.Die automatische Erkennung kann unter Umst\u00e4nden [&hellip;]<\/p>\n","protected":false},"author":1,"featured_media":0,"parent":0,"menu_order":635,"comment_status":"closed","ping_status":"closed","template":"","meta":{"_et_pb_use_builder":"on","_et_pb_old_content":"<!-- wp:divi\/placeholder \/-->","_et_gb_content_width":"","footnotes":""},"class_list":["post-372220","page","type-page","status-publish","hentry"],"_links":{"self":[{"href":"https:\/\/irc-consult.at\/en\/wp-json\/wp\/v2\/pages\/372220","targetHints":{"allow":["GET"]}}],"collection":[{"href":"https:\/\/irc-consult.at\/en\/wp-json\/wp\/v2\/pages"}],"about":[{"href":"https:\/\/irc-consult.at\/en\/wp-json\/wp\/v2\/types\/page"}],"author":[{"embeddable":true,"href":"https:\/\/irc-consult.at\/en\/wp-json\/wp\/v2\/users\/1"}],"replies":[{"embeddable":true,"href":"https:\/\/irc-consult.at\/en\/wp-json\/wp\/v2\/comments?post=372220"}],"version-history":[{"count":5,"href":"https:\/\/irc-consult.at\/en\/wp-json\/wp\/v2\/pages\/372220\/revisions"}],"predecessor-version":[{"id":372523,"href":"https:\/\/irc-consult.at\/en\/wp-json\/wp\/v2\/pages\/372220\/revisions\/372523"}],"wp:attachment":[{"href":"https:\/\/irc-consult.at\/en\/wp-json\/wp\/v2\/media?parent=372220"}],"curies":[{"name":"wp","href":"https:\/\/api.w.org\/{rel}","templated":true}]}}