{"id":372218,"date":"2023-11-14T23:27:22","date_gmt":"2023-11-14T22:27:22","guid":{"rendered":"https:\/\/irc-consult.at\/?page_id=372218"},"modified":"2023-11-18T05:48:58","modified_gmt":"2023-11-18T04:48:58","slug":"bestenliste","status":"publish","type":"page","link":"https:\/\/irc-consult.at\/en\/bestenliste\/","title":{"rendered":"Bestenliste"},"content":{"rendered":"<p>[et_pb_section fb_built=&#8220;1&#8243; _builder_version=&#8220;4.23&#8243; _module_preset=&#8220;default&#8220; background_enable_mask_style=&#8220;on&#8220; background_mask_style=&#8220;honeycomb&#8220; background_mask_color=&#8220;rgba(244,129,0,0.15)&#8220; background_mask_transform=&#8220;invert&#8220; background_mask_aspect_ratio=&#8220;square&#8220; background_mask_size=&#8220;cover&#8220; custom_padding=&#8220;||14px|||&#8220; global_colors_info=&#8220;{}&#8220; theme_builder_area=&#8220;post_content&#8220;][et_pb_row _builder_version=&#8220;4.23&#8243; _module_preset=&#8220;default&#8220; custom_margin=&#8220;-30px|auto|0px|auto|false|false&#8220; custom_padding=&#8220;||3px||false|false&#8220; global_colors_info=&#8220;{}&#8220; theme_builder_area=&#8220;post_content&#8220;][et_pb_column type=&#8220;4_4&#8243; _builder_version=&#8220;4.23&#8243; _module_preset=&#8220;default&#8220; global_colors_info=&#8220;{}&#8220; theme_builder_area=&#8220;post_content&#8220;][et_pb_text _builder_version=&#8220;4.23.1&#8243; _module_preset=&#8220;default&#8220; header_2_font=&#8220;IRC Fonts Regular|||on|||||&#8220; header_2_text_color=&#8220;#F48100&#8243; header_2_font_size=&#8220;25px&#8220; header_2_line_height=&#8220;1.4em&#8220; custom_margin=&#8220;-8px||0px||false|false&#8220; custom_padding=&#8220;||0px||false|false&#8220; animation_style=&#8220;fade&#8220; hover_enabled=&#8220;0&#8243; header_2_font_size_tablet=&#8220;25px&#8220; header_2_font_size_phone=&#8220;15px&#8220; header_2_font_size_last_edited=&#8220;on|phone&#8220; global_colors_info=&#8220;{}&#8220; theme_builder_area=&#8220;post_content&#8220; sticky_enabled=&#8220;0&#8243;]<\/p>\n<h2 itemprop=\"name\">Flow-Check Bestenliste<\/h2>\n<p>[\/et_pb_text][\/et_pb_column][\/et_pb_row][et_pb_row make_equal=&#8220;on&#8220; _builder_version=&#8220;4.23.1&#8243; _module_preset=&#8220;default&#8220; custom_margin=&#8220;||||false|false&#8220; custom_padding=&#8220;16px||5px|||&#8220; global_colors_info=&#8220;{}&#8220; theme_builder_area=&#8220;post_content&#8220;][et_pb_column type=&#8220;4_4&#8243; module_class=&#8220;vertikal-zentrieren&#8220; _builder_version=&#8220;4.23.1&#8243; _module_preset=&#8220;default&#8220; global_colors_info=&#8220;{}&#8220; theme_builder_area=&#8220;post_content&#8220;][et_pb_text _builder_version=&#8220;4.23.1&#8243; _module_preset=&#8220;default&#8220; text_font_size=&#8220;15px&#8220; custom_margin=&#8220;-15px||-6px|||&#8220; custom_padding=&#8220;14px||6px|||&#8220; animation_style=&#8220;flip&#8220; animation_direction=&#8220;bottom&#8220; hover_enabled=&#8220;0&#8243; text_font_size_tablet=&#8220;15px&#8220; text_font_size_phone=&#8220;16px&#8220; text_font_size_last_edited=&#8220;on|phone&#8220; global_colors_info=&#8220;{}&#8220; theme_builder_area=&#8220;post_content&#8220; sticky_enabled=&#8220;0&#8243;]<\/p>\n<p><strong><\/strong>In der Bestenliste k\u00f6nnen die HRV-Werte verschiedener Aktivit\u00e4ten verglichen werden. Zum \u00d6ffnen dieser Seite klicken Sie im Hauptmen\u00fc auf &#8222;Bestenliste&#8220;. Nicht alle Aufzeichnungsmodi unterst\u00fctzen eine Bestenliste.<\/p>\n<p>[\/et_pb_text][\/et_pb_column][\/et_pb_row][et_pb_row column_structure=&#8220;1_2,1_2&#8243; make_equal=&#8220;on&#8220; _builder_version=&#8220;4.23.1&#8243; _module_preset=&#8220;default&#8220; custom_margin=&#8220;|auto|-13px|auto|false|false&#8220; custom_padding=&#8220;18px||0px|||&#8220; global_colors_info=&#8220;{}&#8220; theme_builder_area=&#8220;post_content&#8220;][et_pb_column type=&#8220;1_2&#8243; module_class=&#8220;vertikal-zentrieren&#8220; _builder_version=&#8220;4.23.1&#8243; _module_preset=&#8220;default&#8220; global_colors_info=&#8220;{}&#8220; theme_builder_area=&#8220;post_content&#8220;][et_pb_text _builder_version=&#8220;4.23.1&#8243; _module_preset=&#8220;default&#8220; text_font=&#8220;|600|||||||&#8220; text_font_size=&#8220;20px&#8220; text_orientation=&#8220;center&#8220; global_colors_info=&#8220;{}&#8220; theme_builder_area=&#8220;post_content&#8220;]<\/p>\n<p>Langzeit<\/p>\n<p>[\/et_pb_text][\/et_pb_column][et_pb_column type=&#8220;1_2&#8243; module_class=&#8220;vertikal-zentrieren&#8220; _builder_version=&#8220;4.23.1&#8243; _module_preset=&#8220;default&#8220; global_colors_info=&#8220;{}&#8220; theme_builder_area=&#8220;post_content&#8220;][et_pb_text _builder_version=&#8220;4.23.1&#8243; _module_preset=&#8220;default&#8220; text_font=&#8220;|600|||||||&#8220; text_font_size=&#8220;20px&#8220; text_orientation=&#8220;center&#8220; global_colors_info=&#8220;{}&#8220; theme_builder_area=&#8220;post_content&#8220;]<\/p>\n<p>Kurzzeit<\/p>\n<p>[\/et_pb_text][\/et_pb_column][\/et_pb_row][et_pb_row column_structure=&#8220;1_2,1_2&#8243; make_equal=&#8220;on&#8220; _builder_version=&#8220;4.23.1&#8243; _module_preset=&#8220;default&#8220; custom_margin=&#8220;||||false|false&#8220; custom_padding=&#8220;18px||5px|||&#8220; global_colors_info=&#8220;{}&#8220; theme_builder_area=&#8220;post_content&#8220;][et_pb_column type=&#8220;1_2&#8243; module_class=&#8220;vertikal-zentrieren&#8220; _builder_version=&#8220;4.23.1&#8243; _module_preset=&#8220;default&#8220; global_colors_info=&#8220;{}&#8220; theme_builder_area=&#8220;post_content&#8220;][et_pb_image src=&#8220;https:\/\/irc-consult.at\/wp-content\/uploads\/2023\/11\/fc13.jpg&#8220; title_text=&#8220;fc13&#8243; align=&#8220;center&#8220; _builder_version=&#8220;4.23.1&#8243; _module_preset=&#8220;default&#8220; custom_margin=&#8220;||34px|||&#8220; border_radii=&#8220;on|10px|10px|10px|10px&#8220; box_shadow_style=&#8220;preset1&#8243; box_shadow_blur=&#8220;5px&#8220; global_colors_info=&#8220;{}&#8220; theme_builder_area=&#8220;post_content&#8220;][\/et_pb_image][\/et_pb_column][et_pb_column type=&#8220;1_2&#8243; module_class=&#8220;vertikal-zentrieren&#8220; _builder_version=&#8220;4.23.1&#8243; _module_preset=&#8220;default&#8220; global_colors_info=&#8220;{}&#8220; theme_builder_area=&#8220;post_content&#8220;][et_pb_image src=&#8220;https:\/\/irc-consult.at\/wp-content\/uploads\/2023\/11\/fc14.jpg&#8220; title_text=&#8220;fc14&#8243; align=&#8220;center&#8220; _builder_version=&#8220;4.23.1&#8243; _module_preset=&#8220;default&#8220; custom_margin=&#8220;-34px|||||&#8220; border_radii=&#8220;on|10px|10px|10px|10px&#8220; box_shadow_style=&#8220;preset1&#8243; box_shadow_blur=&#8220;5px&#8220; global_colors_info=&#8220;{}&#8220; theme_builder_area=&#8220;post_content&#8220;][\/et_pb_image][\/et_pb_column][\/et_pb_row][et_pb_row make_equal=&#8220;on&#8220; _builder_version=&#8220;4.23.1&#8243; _module_preset=&#8220;default&#8220; custom_margin=&#8220;-15px|auto||auto|false|false&#8220; custom_padding=&#8220;16px||5px|||&#8220; global_colors_info=&#8220;{}&#8220; theme_builder_area=&#8220;post_content&#8220;][et_pb_column type=&#8220;4_4&#8243; module_class=&#8220;vertikal-zentrieren&#8220; _builder_version=&#8220;4.23.1&#8243; _module_preset=&#8220;default&#8220; global_colors_info=&#8220;{}&#8220; theme_builder_area=&#8220;post_content&#8220;][et_pb_text _builder_version=&#8220;4.23.1&#8243; _module_preset=&#8220;default&#8220; text_font_size=&#8220;15px&#8220; custom_margin=&#8220;-32px||-6px|||&#8220; custom_padding=&#8220;13px||6px|||&#8220; animation_style=&#8220;flip&#8220; animation_direction=&#8220;bottom&#8220; hover_enabled=&#8220;0&#8243; text_font_size_tablet=&#8220;15px&#8220; text_font_size_phone=&#8220;16px&#8220; text_font_size_last_edited=&#8220;on|phone&#8220; global_colors_info=&#8220;{}&#8220; theme_builder_area=&#8220;post_content&#8220; sticky_enabled=&#8220;0&#8243;]<\/p>\n<p>Grunds\u00e4tzlich werden die besten Eintr\u00e4ge zuerst dargestellt. Bitte beachten Sie, dass die aktuelle Aufzeichnung, die aktuelle Aktivit\u00e4t sowie neue Fragebogenteilnahmen nicht angezeigt werden. Zur psychologischen Bedeutung der dargestellten Werte lesen Sie bitte unsere allgemeinen Erl\u00e4uterungen zur HRV-Analyse.<br \/><strong><br \/>Auswertezeitraum einstellen<br \/><\/strong>Durch Klick auf den Button &#8222;Zeitraum&#8220; \u00f6ffnet sich die Auswahl des gew\u00fcnschten Auswertezeitraums. Best\u00e4tigen Sie Ihre Auswahl mit &#8222;Speichern&#8220;.<\/p>\n<p><strong>Auswertemodus ausw\u00e4hlen<\/strong><br \/>Je nach aktuellem App-Modus k\u00f6nnen Sie mit Hilfe des Buttons &#8222;Auswertemodus&#8220; den gew\u00fcnschten Modus ausw\u00e4hlen. Beachten Sie bitte, dass diese Auswahl nicht bei jedem Aufzeichnungsmodus angezeigt wird.<br \/>Im folgenden werden die verf\u00fcgbaren Modi n\u00e4her erl\u00e4utert.<\/p>\n<p><strong>Langzeit-Modus<\/strong><\/p>\n<ul>\n<li><strong>Sitzungen:<\/strong> Es werden jene Sitzungen angezeigt, bei denen Ihre HRV-Werte am besten waren. Durch einen Klick auf den Pfeil-Button kann die entsprechende Sitzung ge\u00f6ffnet werden (siehe Abschnitt zu gespeicherten Sitzungen).<\/li>\n<li><strong>Aktivit\u00e4ten:<\/strong> Zeigt die Aktivit\u00e4ten mit den besten HRV-Werten.<\/li>\n<li><strong>Aktivit\u00e4ten (gruppiert):<\/strong> Die Anzeige erfolgt analog zum Modus &#8222;Aktivit\u00e4ten&#8220;. Es werden jedoch gleichlautende Aktivit\u00e4ten zusammengefasst und der Durchschnitt der Werte wird berechnet.<\/li>\n<li><strong>Fragebogen:<\/strong> Die Reihung erfolgt auf Basis der Auswertung Ihrer Fragenbogenteilnahmen.<\/li>\n<li><strong>Fragebogen (gruppiert):<\/strong> Die Anzeige erfolgt analog zum Modus &#8222;Fragebogen&#8220;. Es werden jedoch gleichlautende Aktivit\u00e4ten zusammengefasst und der Durchschnitt der Werte wird berechnet.<\/li>\n<\/ul>\n<p><strong>Kurzzeit-Modus<br \/><\/strong>Bei diesem Modus steht keine Auswahl des Auswertemodus zur Verf\u00fcgung.<br \/>Es werden jene Sitzungen angezeigt, bei denen Ihre HRV-Werte am besten waren. Durch einen Klick auf den Pfeil-Button kann die entsprechende Sitzung ge\u00f6ffnet werden (siehe Abschnitt zu gespeicherten Sitzungen).<\/p>\n<p>[\/et_pb_text][\/et_pb_column][\/et_pb_row][et_pb_row column_structure=&#8220;1_4,3_4&#8243; make_equal=&#8220;on&#8220; _builder_version=&#8220;4.23.1&#8243; _module_preset=&#8220;default&#8220; custom_margin=&#8220;||||false|false&#8220; custom_padding=&#8220;16px||5px|||&#8220; global_colors_info=&#8220;{}&#8220; theme_builder_area=&#8220;post_content&#8220;][et_pb_column type=&#8220;1_4&#8243; module_class=&#8220;vertikal-zentrieren&#8220; _builder_version=&#8220;4.23&#8243; _module_preset=&#8220;default&#8220; global_colors_info=&#8220;{}&#8220; theme_builder_area=&#8220;post_content&#8220;][et_pb_menu menu_id=&#8220;25&#8243; module_class=&#8220;pa-vertical-menu&#8220; _builder_version=&#8220;4.23.1&#8243; _module_preset=&#8220;default&#8220; global_colors_info=&#8220;{}&#8220; theme_builder_area=&#8220;post_content&#8220;][\/et_pb_menu][\/et_pb_column][et_pb_column type=&#8220;3_4&#8243; module_class=&#8220;vertikal-zentrieren&#8220; _builder_version=&#8220;4.23&#8243; _module_preset=&#8220;default&#8220; global_colors_info=&#8220;{}&#8220; theme_builder_area=&#8220;post_content&#8220;][et_pb_image src=&#8220;https:\/\/irc-consult.at\/wp-content\/uploads\/2023\/11\/flow-check-app.jpg&#8220; title_text=&#8220;HEALTH CONCEPT: MENTAL HEALTH&#8220; _builder_version=&#8220;4.23.1&#8243; _module_preset=&#8220;default&#8220; border_radii=&#8220;on|10px|10px|10px|10px&#8220; box_shadow_style=&#8220;preset1&#8243; box_shadow_blur=&#8220;5px&#8220; global_colors_info=&#8220;{}&#8220; theme_builder_area=&#8220;post_content&#8220;][\/et_pb_image][\/et_pb_column][\/et_pb_row][\/et_pb_section]<\/p>\n","protected":false},"excerpt":{"rendered":"<p>Flow-Check BestenlisteIn der Bestenliste k\u00f6nnen die HRV-Werte verschiedener Aktivit\u00e4ten verglichen werden. Zum \u00d6ffnen dieser Seite klicken Sie im Hauptmen\u00fc auf &#8222;Bestenliste&#8220;. Nicht alle Aufzeichnungsmodi unterst\u00fctzen eine Bestenliste.LangzeitKurzzeitGrunds\u00e4tzlich werden die besten Eintr\u00e4ge zuerst dargestellt. Bitte beachten Sie, dass die aktuelle Aufzeichnung, die aktuelle Aktivit\u00e4t sowie neue Fragebogenteilnahmen nicht angezeigt werden. Zur psychologischen Bedeutung der dargestellten Werte [&hellip;]<\/p>\n","protected":false},"author":1,"featured_media":0,"parent":0,"menu_order":632,"comment_status":"closed","ping_status":"closed","template":"","meta":{"_et_pb_use_builder":"on","_et_pb_old_content":"<!-- wp:divi\/placeholder \/-->","_et_gb_content_width":"","footnotes":""},"class_list":["post-372218","page","type-page","status-publish","hentry"],"_links":{"self":[{"href":"https:\/\/irc-consult.at\/en\/wp-json\/wp\/v2\/pages\/372218","targetHints":{"allow":["GET"]}}],"collection":[{"href":"https:\/\/irc-consult.at\/en\/wp-json\/wp\/v2\/pages"}],"about":[{"href":"https:\/\/irc-consult.at\/en\/wp-json\/wp\/v2\/types\/page"}],"author":[{"embeddable":true,"href":"https:\/\/irc-consult.at\/en\/wp-json\/wp\/v2\/users\/1"}],"replies":[{"embeddable":true,"href":"https:\/\/irc-consult.at\/en\/wp-json\/wp\/v2\/comments?post=372218"}],"version-history":[{"count":5,"href":"https:\/\/irc-consult.at\/en\/wp-json\/wp\/v2\/pages\/372218\/revisions"}],"predecessor-version":[{"id":372507,"href":"https:\/\/irc-consult.at\/en\/wp-json\/wp\/v2\/pages\/372218\/revisions\/372507"}],"wp:attachment":[{"href":"https:\/\/irc-consult.at\/en\/wp-json\/wp\/v2\/media?parent=372218"}],"curies":[{"name":"wp","href":"https:\/\/api.w.org\/{rel}","templated":true}]}}