{"id":372216,"date":"2023-11-14T23:27:01","date_gmt":"2023-11-14T22:27:01","guid":{"rendered":"https:\/\/irc-consult.at\/?page_id=372216"},"modified":"2023-11-17T10:12:42","modified_gmt":"2023-11-17T09:12:42","slug":"gespeicherte-sitzungen","status":"publish","type":"page","link":"https:\/\/irc-consult.at\/en\/gespeicherte-sitzungen\/","title":{"rendered":"Gespeicherte Sitzungen"},"content":{"rendered":"<p>[et_pb_section fb_built=&#8220;1&#8243; _builder_version=&#8220;4.23&#8243; _module_preset=&#8220;default&#8220; background_enable_mask_style=&#8220;on&#8220; background_mask_style=&#8220;honeycomb&#8220; background_mask_color=&#8220;rgba(244,129,0,0.15)&#8220; background_mask_transform=&#8220;invert&#8220; background_mask_aspect_ratio=&#8220;square&#8220; background_mask_size=&#8220;cover&#8220; custom_padding=&#8220;||14px|||&#8220; global_colors_info=&#8220;{}&#8220; theme_builder_area=&#8220;post_content&#8220;][et_pb_row _builder_version=&#8220;4.23&#8243; _module_preset=&#8220;default&#8220; custom_margin=&#8220;-30px|auto|0px|auto|false|false&#8220; custom_padding=&#8220;||3px||false|false&#8220; global_colors_info=&#8220;{}&#8220; theme_builder_area=&#8220;post_content&#8220;][et_pb_column type=&#8220;4_4&#8243; _builder_version=&#8220;4.23&#8243; _module_preset=&#8220;default&#8220; global_colors_info=&#8220;{}&#8220; theme_builder_area=&#8220;post_content&#8220;][et_pb_text _builder_version=&#8220;4.23.1&#8243; _module_preset=&#8220;default&#8220; header_2_font=&#8220;IRC Fonts Regular|||on|||||&#8220; header_2_text_color=&#8220;#F48100&#8243; header_2_font_size=&#8220;25px&#8220; header_2_line_height=&#8220;1.4em&#8220; custom_margin=&#8220;-8px||0px||false|false&#8220; custom_padding=&#8220;||0px||false|false&#8220; animation_style=&#8220;fade&#8220; hover_enabled=&#8220;0&#8243; header_2_font_size_tablet=&#8220;25px&#8220; header_2_font_size_phone=&#8220;15px&#8220; header_2_font_size_last_edited=&#8220;on|phone&#8220; global_colors_info=&#8220;{}&#8220; theme_builder_area=&#8220;post_content&#8220; sticky_enabled=&#8220;0&#8243;]<\/p>\n<h2 itemprop=\"name\">Flow-Check Gespeicherte Sitzungen<\/h2>\n<p>[\/et_pb_text][\/et_pb_column][\/et_pb_row][et_pb_row make_equal=&#8220;on&#8220; _builder_version=&#8220;4.23.1&#8243; _module_preset=&#8220;default&#8220; custom_margin=&#8220;||||false|false&#8220; custom_padding=&#8220;16px||5px|||&#8220; global_colors_info=&#8220;{}&#8220; theme_builder_area=&#8220;post_content&#8220;][et_pb_column type=&#8220;4_4&#8243; module_class=&#8220;vertikal-zentrieren&#8220; _builder_version=&#8220;4.23.1&#8243; _module_preset=&#8220;default&#8220; global_colors_info=&#8220;{}&#8220; theme_builder_area=&#8220;post_content&#8220;][et_pb_text _builder_version=&#8220;4.23.1&#8243; _module_preset=&#8220;default&#8220; text_font_size=&#8220;15px&#8220; custom_margin=&#8220;-15px||-6px|||&#8220; custom_padding=&#8220;14px||6px|||&#8220; animation_style=&#8220;flip&#8220; animation_direction=&#8220;bottom&#8220; hover_enabled=&#8220;0&#8243; text_font_size_tablet=&#8220;15px&#8220; text_font_size_phone=&#8220;16px&#8220; text_font_size_last_edited=&#8220;on|phone&#8220; global_colors_info=&#8220;{}&#8220; theme_builder_area=&#8220;post_content&#8220; sticky_enabled=&#8220;0&#8243;]<\/p>\n<p><strong><\/strong>Auf dieser Seite k\u00f6nnen die bereits aufgezeichneten Sitzungen betrachtet werden.<\/p>\n<p>[\/et_pb_text][\/et_pb_column][\/et_pb_row][et_pb_row column_structure=&#8220;1_2,1_2&#8243; make_equal=&#8220;on&#8220; _builder_version=&#8220;4.23.1&#8243; _module_preset=&#8220;default&#8220; custom_margin=&#8220;|auto|-13px|auto|false|false&#8220; custom_padding=&#8220;18px||0px|||&#8220; hover_enabled=&#8220;0&#8243; global_colors_info=&#8220;{}&#8220; theme_builder_area=&#8220;post_content&#8220; sticky_enabled=&#8220;0&#8243;][et_pb_column type=&#8220;1_2&#8243; module_class=&#8220;vertikal-zentrieren&#8220; _builder_version=&#8220;4.23.1&#8243; _module_preset=&#8220;default&#8220; global_colors_info=&#8220;{}&#8220; theme_builder_area=&#8220;post_content&#8220;][et_pb_text _builder_version=&#8220;4.23.1&#8243; _module_preset=&#8220;default&#8220; text_font=&#8220;|600|||||||&#8220; text_font_size=&#8220;20px&#8220; text_orientation=&#8220;center&#8220; global_colors_info=&#8220;{}&#8220; theme_builder_area=&#8220;post_content&#8220;]<\/p>\n<p>Langzeit<\/p>\n<p>[\/et_pb_text][\/et_pb_column][et_pb_column type=&#8220;1_2&#8243; module_class=&#8220;vertikal-zentrieren&#8220; _builder_version=&#8220;4.23.1&#8243; _module_preset=&#8220;default&#8220; global_colors_info=&#8220;{}&#8220; theme_builder_area=&#8220;post_content&#8220;][et_pb_text _builder_version=&#8220;4.23.1&#8243; _module_preset=&#8220;default&#8220; text_font=&#8220;|600|||||||&#8220; text_font_size=&#8220;20px&#8220; text_orientation=&#8220;center&#8220; global_colors_info=&#8220;{}&#8220; theme_builder_area=&#8220;post_content&#8220;]<\/p>\n<p>Kurzzeit<\/p>\n<p>[\/et_pb_text][\/et_pb_column][\/et_pb_row][et_pb_row column_structure=&#8220;1_2,1_2&#8243; make_equal=&#8220;on&#8220; _builder_version=&#8220;4.23.1&#8243; _module_preset=&#8220;default&#8220; custom_margin=&#8220;||||false|false&#8220; custom_padding=&#8220;18px||5px|||&#8220; hover_enabled=&#8220;0&#8243; global_colors_info=&#8220;{}&#8220; theme_builder_area=&#8220;post_content&#8220; sticky_enabled=&#8220;0&#8243;][et_pb_column type=&#8220;1_2&#8243; module_class=&#8220;vertikal-zentrieren&#8220; _builder_version=&#8220;4.23.1&#8243; _module_preset=&#8220;default&#8220; global_colors_info=&#8220;{}&#8220; theme_builder_area=&#8220;post_content&#8220;][et_pb_image src=&#8220;https:\/\/irc-consult.at\/wp-content\/uploads\/2023\/11\/fc13.jpg&#8220; title_text=&#8220;fc13&#8243; _builder_version=&#8220;4.23.1&#8243; _module_preset=&#8220;default&#8220; custom_margin=&#8220;||34px|||&#8220; hover_enabled=&#8220;0&#8243; border_radii=&#8220;on|10px|10px|10px|10px&#8220; box_shadow_style=&#8220;preset1&#8243; box_shadow_blur=&#8220;5px&#8220; global_colors_info=&#8220;{}&#8220; theme_builder_area=&#8220;post_content&#8220; align=&#8220;center&#8220; sticky_enabled=&#8220;0&#8243;][\/et_pb_image][\/et_pb_column][et_pb_column type=&#8220;1_2&#8243; module_class=&#8220;vertikal-zentrieren&#8220; _builder_version=&#8220;4.23.1&#8243; _module_preset=&#8220;default&#8220; global_colors_info=&#8220;{}&#8220; theme_builder_area=&#8220;post_content&#8220;][et_pb_image src=&#8220;https:\/\/irc-consult.at\/wp-content\/uploads\/2023\/11\/fc14.jpg&#8220; title_text=&#8220;fc14&#8243; _builder_version=&#8220;4.23.1&#8243; _module_preset=&#8220;default&#8220; custom_margin=&#8220;-34px|||||&#8220; hover_enabled=&#8220;0&#8243; border_radii=&#8220;on|10px|10px|10px|10px&#8220; box_shadow_style=&#8220;preset1&#8243; box_shadow_blur=&#8220;5px&#8220; global_colors_info=&#8220;{}&#8220; theme_builder_area=&#8220;post_content&#8220; align=&#8220;center&#8220; sticky_enabled=&#8220;0&#8243;][\/et_pb_image][\/et_pb_column][\/et_pb_row][et_pb_row make_equal=&#8220;on&#8220; _builder_version=&#8220;4.23.1&#8243; _module_preset=&#8220;default&#8220; custom_margin=&#8220;-15px|auto||auto|false|false&#8220; custom_padding=&#8220;16px||5px|||&#8220; global_colors_info=&#8220;{}&#8220; theme_builder_area=&#8220;post_content&#8220;][et_pb_column type=&#8220;4_4&#8243; module_class=&#8220;vertikal-zentrieren&#8220; _builder_version=&#8220;4.23.1&#8243; _module_preset=&#8220;default&#8220; global_colors_info=&#8220;{}&#8220; theme_builder_area=&#8220;post_content&#8220;][et_pb_text _builder_version=&#8220;4.23.1&#8243; _module_preset=&#8220;default&#8220; text_font_size=&#8220;15px&#8220; custom_margin=&#8220;-32px||-6px|||&#8220; custom_padding=&#8220;13px||6px|||&#8220; animation_style=&#8220;flip&#8220; animation_direction=&#8220;bottom&#8220; hover_enabled=&#8220;0&#8243; text_font_size_tablet=&#8220;15px&#8220; text_font_size_phone=&#8220;16px&#8220; text_font_size_last_edited=&#8220;on|phone&#8220; global_colors_info=&#8220;{}&#8220; theme_builder_area=&#8220;post_content&#8220; sticky_enabled=&#8220;0&#8243;]<\/p>\n<p>\u00d6ffnen Sie diese Seite durch Klicken auf den Eintrag &#8222;Gespeicherte Sitzungen&#8220; im Hauptmen\u00fc.<br \/>Bitte beachten Sie, dass die aktuelle Aufzeichnung erst nach Beendigung derselben angezeigt wird. Zur psychologischen Bedeutung der dargestellten Werte lesen Sie bitte unsere allgemeinen Erl\u00e4uterungen zur HRV-Analyse.<\/p>\n<p><strong>\u00dcbersicht der Sitzungen<br \/><\/strong>Nach dem \u00d6ffnen der Seite erscheint eine \u00dcbersicht \u00fcber die vergangenen Aufzeichnungen. Die Liste beinhaltet Folgenendes:<\/p>\n<ul>\n<li>Symbol der durchschnittlichen Fitness (Sonne, bedeckt, bew\u00f6lkt)<\/li>\n<li>Datum und Zeit der Aufzeichnung<\/li>\n<li>Durchschnitt der HRV-Werte<\/li>\n<\/ul>\n<p>Je nach aktuell gew\u00e4hltem Aufzeichnungsmodus werden Sitzungen anders dargestellt.<\/p>\n<p><strong>Auswahl von Sitzungen<br \/><\/strong>Durch langes Klicken auf eine Sitzung oder mit dem Eintrag &#8222;Auswahlmodus&#8220; im Men\u00fc der \u00dcbersichtsseite wird der Auswahlmodus gestartet. Hier k\u00f6nnen Sie mehrere Sitzungen gleichzeitig zum L\u00f6schen oder Auswerten selektieren.<br \/>Ist mindestens eine Sitzung ausgew\u00e4hlt, erscheinen die Men\u00fcpunkte &#8222;L\u00f6schen&#8220; und &#8222;Detailanalyse&#8220;. Zum L\u00f6schen klicken Sie auf den Eintrag im Men\u00fc und best\u00e4tigen Sie die Sicherheitsabfrage. M\u00f6chten Sie eine erweiterte Auswertung erhalten, w\u00e4hlen Sie &#8222;Detailanalyse&#8220; und fahren Sie dann entsprechend der Erl\u00e4uterungen im Abschnitt Detailanalyse fort. Der Men\u00fcpunkt &#8222;Detailanalyse&#8220; wird nur angezeigt, wenn eine detaillierte Analyse von Sitzungen des gew\u00e4hlten Modus diese unterst\u00fctzen.<br \/>Um den Auswahlmodus zu beenden, klicken Sie die Zur\u00fcck-Schaltfl\u00e4che in der Symbolleiste oder die entsprechende Taste an Ihrem Ger\u00e4t (wenn vorhanden). Sind aktuell Eintr\u00e4ge ausgew\u00e4hlt, wird diese Auswahl zuerst wieder deselektiert. Wenn keine Sitzungen markiert sind bzw. durch einen zweiten Klick auf Zur\u00fcck, werden auch die Kontrollfelder wieder ausgeblendet.<\/p>\n<p><strong>Alle Sitzungen anzeigen<br \/><\/strong>Standartm\u00e4\u00dfig werden nur Sitzungen des aktuell gew\u00e4hlten Aufzeichnungsmodus angezeigt. Durch Aktivieren des Men\u00fcpunkts &#8222;Alle Modi anzeigen&#8220; k\u00f6nnen alle Sitzungen eingeblendet werden.<br \/>Bitte beachten Sie, dass eine detaillierte Analyse nur von Sitzungen eines einzigen Typs m\u00f6glich sind, Sind gleichzeitig Sitzungen mehrerer Modi ausgew\u00e4hlt, wird der entsprechende Men\u00fcpunkt nicht angezeigt.<\/p>\n<p><strong>Sitzungen \u00f6ffnen<br \/><\/strong>Durch Klicken auf eine der Pfeil-Schaltfl\u00e4chen in der Aufzeichnungsliste k\u00f6nnen Sie die entsprechende Sitzung \u00f6ffnen.<br \/>Bei Langzeit- und Kurzzeitsitzungen gelangen Sie so zur Detailansicht. Bei Videositzungen \u00f6ffnet sich die Wiedergabe.<\/p>\n<p><strong>Detailansicht<br \/><\/strong>In der Detailansicht werden Datum und Zeit der Sitzung sowie durchschnittliche HRV-Werte angezeigt.<\/p>\n<p><strong>Diagramm<br \/><\/strong>Sie k\u00f6nnen mithilfe der Buttons &#8222;Diagramm&#8220; in der Men\u00fcleiste die Verlaufsdiagramme der entsprechenden Aufzeichnung anzeigen.<br \/>Auf der Diagramm-Seite kann \u00fcber den Button rechts oben der gew\u00fcnschte Parameter zur Anzeige ausgew\u00e4hlt werden.<\/p>\n<p><strong>Bestenliste anzeigen<br \/><\/strong>Durch Klicken auf &#8222;Bestenliste&#8220; k\u00f6nnen Sie direkt zur Liste der besten Aufzeichnungen wechseln. Dabei wird Ihnen kurzzeitig die Platzierung der gew\u00e4hlten Sitzung angezeigt. Bitte beachten Sie, dass die Bestenliste nicht von allen Aufzeichnungsmodi unterst\u00fctzt wird.<\/p>\n<p><strong>Sitzung l\u00f6schen<br \/><\/strong>Um eine einzelne Sitzung zu l\u00f6schen, klicken Sie auf das Papierkorbsymbol auf der Detailansichtsseite. Best\u00e4tigen Sie anschlie\u00dfend noch die Sicherheitsabfrage.<\/p>\n<p><strong>Sitzung analysieren<br \/><\/strong>Um eine detaillierte Analyse f\u00fcr eine einzelne Sitzung zu erhalten, klicken Sie auf den entsprechenden Men\u00fceintrag auf der Detailansichtsseite. Fahren Sie dann entsprechend der Erl\u00e4uterungen im Abschnitt Detailanalyse fort. Bitte beachten Sie, dass die Detailanalyse nicht von allen Aufzeichnungsmodi unterst\u00fctzt wird.<\/p>\n<p><strong>IBI-Daten exportieren<br \/><\/strong>Mittels des Men\u00fceintrags &#8222;IBI exportieren&#8220; k\u00f6nnen Sie die IBI-Daten der Aufzeichnung exportiert werden.<br \/>W\u00e4hlen Sie dazu den Ort, an dem die Datei gespeichert werden soll. Bei Auswahl des Men\u00fcpunkts &#8222;IBI exportieren und teilen&#8220; k\u00f6nnen Sie die Daten nach der Speicherung mit der gew\u00fcnschten Anwendung (z.B. E-Mail) versenden.<\/p>\n<p><strong>Wiedergabe von Videositzungen<br \/><\/strong>Wenn Sie eine Videositzung \u00f6ffnen, erscheint die Wiedergabe-Seite. Hier k\u00f6nnen Sie aufgezeichnete Videos und HRV-Daten betrachten.<br \/>Nutzen Sie die Wiedergabesteuerung oben, um das Abspielen der Sitzung zu steuern. Am unteren Rand sehen Sie ein Verlaufsdiagramm der HRV-Werte in den folgenden sowie vergangenen 45 Sekunden.<br \/>Mittels des Papierkorbsymbols in der Men\u00fcleiste kann die aktuell angezeigte Sitzung gel\u00f6scht werden. Best\u00e4tigen Sie dazu noch die entsprechende Sicherheitsabfrage.<\/p>\n<p>[\/et_pb_text][\/et_pb_column][\/et_pb_row][et_pb_row column_structure=&#8220;2_3,1_3&#8243; make_equal=&#8220;on&#8220; _builder_version=&#8220;4.23.1&#8243; _module_preset=&#8220;default&#8220; custom_margin=&#8220;-15px|auto||auto|false|false&#8220; custom_padding=&#8220;16px||5px|||&#8220; global_colors_info=&#8220;{}&#8220; theme_builder_area=&#8220;post_content&#8220;][et_pb_column type=&#8220;2_3&#8243; _builder_version=&#8220;4.23.1&#8243; _module_preset=&#8220;default&#8220; global_colors_info=&#8220;{}&#8220; theme_builder_area=&#8220;post_content&#8220;][et_pb_text _builder_version=&#8220;4.23.1&#8243; _module_preset=&#8220;default&#8220; text_font_size=&#8220;15px&#8220; custom_margin=&#8220;-4px||-6px|||&#8220; custom_padding=&#8220;14px||6px|||&#8220; animation_style=&#8220;flip&#8220; animation_direction=&#8220;bottom&#8220; hover_enabled=&#8220;0&#8243; text_font_size_tablet=&#8220;15px&#8220; text_font_size_phone=&#8220;16px&#8220; text_font_size_last_edited=&#8220;on|phone&#8220; global_colors_info=&#8220;{}&#8220; theme_builder_area=&#8220;post_content&#8220; sticky_enabled=&#8220;0&#8243;]<\/p>\n<p><strong>Detailanalyse<br \/><\/strong>Nach dem Starten einer Detailanalyse werden Sie als erstes gefragt, wo Flow-Check den Bericht speichern soll. W\u00e4hlen Sie einen Speicherort und best\u00e4tigen Sie die Abfrage.<br \/>Haben Sie w\u00e4hrend der Aufzeichnung Ihr Aktivit\u00e4tentagebuch gef\u00fcllt oder am Fragebogen teilgenommen, k\u00f6nnen Sie auf der folgenden Seite jene Aktivit\u00e4ten ausw\u00e4hlen, f\u00fcr die Sie eine gesonderte Auswertung erhalten m\u00f6chten. Klicken Sie auf die gew\u00fcnschten Eintr\u00e4ge, um diese auszuw\u00e4hlen.<br \/>Durch Klicken auf &#8222;OK&#8220; best\u00e4tigen Sie Ihre Auswahl. Hinweis: Wenn keine Aktivit\u00e4ten gespeichert sind, wird dieser Schritt automatisch \u00fcbersprungen.<br \/>Beachten Sie bitte, dass dieser Schritt nur bei Langzeitsitzungen angezeigt wird.<br \/>Nun beginnt Flow-Check mit der Erstellung des Berichts. Dieser Vorgang wird im Hintergrund automatisch ausgef\u00fchrt und kann je nach Leistungsf\u00e4higkeit Ihres Ger\u00e4ts einige Minuten in Anspruch nehmen. Mittels Benachrichtigungen werden Sie \u00fcber den Fortschritt der Detailanalyse informiert.<br \/>Sobald die Auswertung abgeschlossen ist, erhalten Sie eine weitere Benachrichtigung. Klicken Sie auf diese, um den erstellten Bericht zu betrachten.<br \/>In der daraufhin erscheinenden Seite k\u00f6nnen Sie entscheiden, ob Sie den Bericht jetzt \u00f6ffnen m\u00f6chten oder ihn versenden m\u00f6chten (z.B. mittels E-Mail). Au\u00dferdem wird der Bericht am zuvor gew\u00e4hlten Speicherort abgelegt.<\/p>\n<p>[\/et_pb_text][\/et_pb_column][et_pb_column type=&#8220;1_3&#8243; module_class=&#8220;vertikal-zentrieren&#8220; _builder_version=&#8220;4.23.1&#8243; _module_preset=&#8220;default&#8220; global_colors_info=&#8220;{}&#8220; theme_builder_area=&#8220;post_content&#8220;][et_pb_image src=&#8220;https:\/\/irc-consult.at\/wp-content\/uploads\/2023\/11\/fc15.jpg&#8220; title_text=&#8220;fc15&#8243; align=&#8220;center&#8220; _builder_version=&#8220;4.23.1&#8243; _module_preset=&#8220;default&#8220; hover_enabled=&#8220;0&#8243; border_radii=&#8220;on|10px|10px|10px|10px&#8220; box_shadow_style=&#8220;preset1&#8243; box_shadow_blur=&#8220;5px&#8220; global_colors_info=&#8220;{}&#8220; theme_builder_area=&#8220;post_content&#8220; sticky_enabled=&#8220;0&#8243;][\/et_pb_image][\/et_pb_column][\/et_pb_row][et_pb_row column_structure=&#8220;1_4,3_4&#8243; make_equal=&#8220;on&#8220; _builder_version=&#8220;4.23.1&#8243; _module_preset=&#8220;default&#8220; custom_margin=&#8220;||||false|false&#8220; custom_padding=&#8220;16px||5px|||&#8220; global_colors_info=&#8220;{}&#8220; theme_builder_area=&#8220;post_content&#8220;][et_pb_column type=&#8220;1_4&#8243; module_class=&#8220;vertikal-zentrieren&#8220; _builder_version=&#8220;4.23&#8243; _module_preset=&#8220;default&#8220; global_colors_info=&#8220;{}&#8220; theme_builder_area=&#8220;post_content&#8220;][et_pb_menu menu_id=&#8220;25&#8243; module_class=&#8220;pa-vertical-menu&#8220; _builder_version=&#8220;4.23.1&#8243; _module_preset=&#8220;default&#8220; global_colors_info=&#8220;{}&#8220; theme_builder_area=&#8220;post_content&#8220;][\/et_pb_menu][\/et_pb_column][et_pb_column type=&#8220;3_4&#8243; module_class=&#8220;vertikal-zentrieren&#8220; _builder_version=&#8220;4.23&#8243; _module_preset=&#8220;default&#8220; global_colors_info=&#8220;{}&#8220; theme_builder_area=&#8220;post_content&#8220;][et_pb_image src=&#8220;https:\/\/irc-consult.at\/wp-content\/uploads\/2023\/11\/flow-check-app.jpg&#8220; title_text=&#8220;HEALTH CONCEPT: MENTAL HEALTH&#8220; _builder_version=&#8220;4.23.1&#8243; _module_preset=&#8220;default&#8220; border_radii=&#8220;on|10px|10px|10px|10px&#8220; box_shadow_style=&#8220;preset1&#8243; box_shadow_blur=&#8220;5px&#8220; global_colors_info=&#8220;{}&#8220; theme_builder_area=&#8220;post_content&#8220;][\/et_pb_image][\/et_pb_column][\/et_pb_row][\/et_pb_section]<\/p>\n","protected":false},"excerpt":{"rendered":"<p>Flow-Check Gespeicherte SitzungenAuf dieser Seite k\u00f6nnen die bereits aufgezeichneten Sitzungen betrachtet werden.LangzeitKurzzeit\u00d6ffnen Sie diese Seite durch Klicken auf den Eintrag &#8222;Gespeicherte Sitzungen&#8220; im Hauptmen\u00fc.Bitte beachten Sie, dass die aktuelle Aufzeichnung erst nach Beendigung derselben angezeigt wird. Zur psychologischen Bedeutung der dargestellten Werte lesen Sie bitte unsere allgemeinen Erl\u00e4uterungen zur HRV-Analyse. \u00dcbersicht der SitzungenNach dem \u00d6ffnen [&hellip;]<\/p>\n","protected":false},"author":1,"featured_media":0,"parent":0,"menu_order":639,"comment_status":"closed","ping_status":"closed","template":"","meta":{"_et_pb_use_builder":"on","_et_pb_old_content":"<!-- wp:divi\/placeholder \/-->","_et_gb_content_width":"","footnotes":""},"class_list":["post-372216","page","type-page","status-publish","hentry"],"_links":{"self":[{"href":"https:\/\/irc-consult.at\/en\/wp-json\/wp\/v2\/pages\/372216","targetHints":{"allow":["GET"]}}],"collection":[{"href":"https:\/\/irc-consult.at\/en\/wp-json\/wp\/v2\/pages"}],"about":[{"href":"https:\/\/irc-consult.at\/en\/wp-json\/wp\/v2\/types\/page"}],"author":[{"embeddable":true,"href":"https:\/\/irc-consult.at\/en\/wp-json\/wp\/v2\/users\/1"}],"replies":[{"embeddable":true,"href":"https:\/\/irc-consult.at\/en\/wp-json\/wp\/v2\/comments?post=372216"}],"version-history":[{"count":5,"href":"https:\/\/irc-consult.at\/en\/wp-json\/wp\/v2\/pages\/372216\/revisions"}],"predecessor-version":[{"id":372499,"href":"https:\/\/irc-consult.at\/en\/wp-json\/wp\/v2\/pages\/372216\/revisions\/372499"}],"wp:attachment":[{"href":"https:\/\/irc-consult.at\/en\/wp-json\/wp\/v2\/media?parent=372216"}],"curies":[{"name":"wp","href":"https:\/\/api.w.org\/{rel}","templated":true}]}}