{"id":372212,"date":"2023-11-14T23:26:18","date_gmt":"2023-11-14T22:26:18","guid":{"rendered":"https:\/\/irc-consult.at\/?page_id=372212"},"modified":"2023-11-17T09:12:12","modified_gmt":"2023-11-17T08:12:12","slug":"aufzeichnungsmodi","status":"publish","type":"page","link":"https:\/\/irc-consult.at\/en\/aufzeichnungsmodi\/","title":{"rendered":"Aufzeichnungsmodi"},"content":{"rendered":"<p>[et_pb_section fb_built=&#8220;1&#8243; _builder_version=&#8220;4.23&#8243; _module_preset=&#8220;default&#8220; background_enable_mask_style=&#8220;on&#8220; background_mask_style=&#8220;honeycomb&#8220; background_mask_color=&#8220;rgba(244,129,0,0.15)&#8220; background_mask_transform=&#8220;invert&#8220; background_mask_aspect_ratio=&#8220;square&#8220; background_mask_size=&#8220;cover&#8220; custom_padding=&#8220;||14px|||&#8220; global_colors_info=&#8220;{}&#8220; theme_builder_area=&#8220;post_content&#8220;][et_pb_row _builder_version=&#8220;4.23&#8243; _module_preset=&#8220;default&#8220; custom_margin=&#8220;-30px|auto|0px|auto|false|false&#8220; custom_padding=&#8220;||3px||false|false&#8220; global_colors_info=&#8220;{}&#8220; theme_builder_area=&#8220;post_content&#8220;][et_pb_column type=&#8220;4_4&#8243; _builder_version=&#8220;4.23&#8243; _module_preset=&#8220;default&#8220; global_colors_info=&#8220;{}&#8220; theme_builder_area=&#8220;post_content&#8220;][et_pb_text _builder_version=&#8220;4.23.1&#8243; _module_preset=&#8220;default&#8220; header_2_font=&#8220;IRC Fonts Regular|||on|||||&#8220; header_2_text_color=&#8220;#F48100&#8243; header_2_font_size=&#8220;25px&#8220; header_2_line_height=&#8220;1.4em&#8220; custom_margin=&#8220;-8px||0px||false|false&#8220; custom_padding=&#8220;||0px||false|false&#8220; animation_style=&#8220;fade&#8220; hover_enabled=&#8220;0&#8243; header_2_font_size_tablet=&#8220;25px&#8220; header_2_font_size_phone=&#8220;15px&#8220; header_2_font_size_last_edited=&#8220;on|phone&#8220; global_colors_info=&#8220;{}&#8220; theme_builder_area=&#8220;post_content&#8220; sticky_enabled=&#8220;0&#8243;]<\/p>\n<h2 itemprop=\"name\">Flow-Check Aufzeichnungsmodi<\/h2>\n<p>[\/et_pb_text][\/et_pb_column][\/et_pb_row][et_pb_row column_structure=&#8220;2_3,1_3&#8243; make_equal=&#8220;on&#8220; _builder_version=&#8220;4.23.1&#8243; _module_preset=&#8220;default&#8220; custom_margin=&#8220;||||false|false&#8220; custom_padding=&#8220;16px||5px|||&#8220; hover_enabled=&#8220;0&#8243; global_colors_info=&#8220;{}&#8220; theme_builder_area=&#8220;post_content&#8220; sticky_enabled=&#8220;0&#8243;][et_pb_column type=&#8220;2_3&#8243; _builder_version=&#8220;4.23.1&#8243; _module_preset=&#8220;default&#8220; hover_enabled=&#8220;0&#8243; global_colors_info=&#8220;{}&#8220; theme_builder_area=&#8220;post_content&#8220; sticky_enabled=&#8220;0&#8243;][et_pb_text _builder_version=&#8220;4.23.1&#8243; _module_preset=&#8220;default&#8220; text_font_size=&#8220;15px&#8220; custom_margin=&#8220;-15px||-6px|||&#8220; custom_padding=&#8220;14px||6px|||&#8220; animation_style=&#8220;flip&#8220; animation_direction=&#8220;bottom&#8220; hover_enabled=&#8220;0&#8243; text_font_size_tablet=&#8220;15px&#8220; text_font_size_phone=&#8220;16px&#8220; text_font_size_last_edited=&#8220;on|phone&#8220; global_colors_info=&#8220;{}&#8220; theme_builder_area=&#8220;post_content&#8220; sticky_enabled=&#8220;0&#8243;]<\/p>\n<p><strong>Aufzeichnungsmodi<br \/><\/strong>Die Flow-Check-App unterst\u00fctzt drei unterschiedliche Aufzeichnungsmodi. Je nach gew\u00e4hltem Modus stehen Ihnen verschiedene M\u00f6glichkeiten f\u00fcr Aufzeichnung und Auswertung zur Verf\u00fcgung.<\/p>\n<p><strong>Auswahl eines Modus<\/strong><br \/>Zum \u00d6ffnen der Modi-Auswahl klicken Sie im Hauptmen\u00fc auf den Eintrag &#8222;App-Modus&#8220;.<br \/>Klicken Sie beim gew\u00fcnschten Modus auf den Button &#8222;OK&#8220;. Nach der Auswahl gelangen So zur Seite &#8222;Aufzeichnung&#8220; des entsprechenden Modus.<br \/>Bitte beachten Sie, dass das Wechseln zwischen Modi w\u00e4hrend einer Sitzung nicht m\u00f6glich ist.<br \/><strong><br \/>Vergleich der Aufzeichnungsmodi<\/strong><br \/>Im Folgenden werden die wesentlichen Unterschiede zwischen den Aufzeichnungsmodi erl\u00e4utert. Weitere Informationen zu den Funktionen erhalten Sie im entsprechenden Abschnitt dieser Hilfe.<\/p>\n<p><strong>Langzeit<br \/><\/strong>Der Langzeit-Modus dient der Aufzeichnung von Sitzungen \u00fcber mehrere Stunden. W\u00e4hrend der Aufzeichnung kann ein Aktivit\u00e4tentagebuch gef\u00fchrt und an einem Fragebogen teilgenommen werden, um eine detailierte Auswertung zu erm\u00f6glichen.<br \/><strong><br \/>Kurzzeit<br \/><\/strong>Im Kurzzeit-Modus k\u00f6nnen Sie einzelne psychologisch relevante Aktivit\u00e4ten aufzeichnen, wie etwa Entspannungs- und Meditations\u00fcbungen. Die Dauer einer Kurzzeitsitzung ist in den Einstellungen konfigurierbar. W\u00e4hrend der Aufzeichnung wird der zeitliche Fortschritt bzw. die verbleibende Zeit angezeigt, nach Ablauf der Zeit wird die Sitzung automatisch beendet.<br \/><strong><br \/>Video-Analyse<br \/><\/strong>Bei Video-Sitzungen wird zus\u00e4tzlich zu den HRV-Werten auch ein Video aufgezeichnet. So k\u00f6nnen Gespr\u00e4chssituationen, wie Meetings oder Pr\u00e4sentationen, trainiert werden.<\/p>\n<p>[\/et_pb_text][\/et_pb_column][et_pb_column type=&#8220;1_3&#8243; _builder_version=&#8220;4.23.1&#8243; _module_preset=&#8220;default&#8220; hover_enabled=&#8220;0&#8243; global_colors_info=&#8220;{}&#8220; theme_builder_area=&#8220;post_content&#8220; module_class=&#8220;vertikal-zentrieren&#8220; sticky_enabled=&#8220;0&#8243;][et_pb_image src=&#8220;https:\/\/irc-consult.at\/wp-content\/uploads\/2023\/11\/fc4.jpg&#8220; title_text=&#8220;fc4&#8243; _builder_version=&#8220;4.23.1&#8243; _module_preset=&#8220;default&#8220; hover_enabled=&#8220;0&#8243; border_radii=&#8220;on|10px|10px|10px|10px&#8220; box_shadow_style=&#8220;preset1&#8243; box_shadow_blur=&#8220;5px&#8220; global_colors_info=&#8220;{}&#8220; theme_builder_area=&#8220;post_content&#8220; sticky_enabled=&#8220;0&#8243;][\/et_pb_image][\/et_pb_column][\/et_pb_row][et_pb_row column_structure=&#8220;1_4,3_4&#8243; make_equal=&#8220;on&#8220; _builder_version=&#8220;4.23.1&#8243; _module_preset=&#8220;default&#8220; custom_margin=&#8220;||||false|false&#8220; custom_padding=&#8220;16px||5px|||&#8220; global_colors_info=&#8220;{}&#8220; theme_builder_area=&#8220;post_content&#8220;][et_pb_column type=&#8220;1_4&#8243; module_class=&#8220;vertikal-zentrieren&#8220; _builder_version=&#8220;4.23&#8243; _module_preset=&#8220;default&#8220; global_colors_info=&#8220;{}&#8220; theme_builder_area=&#8220;post_content&#8220;][et_pb_menu menu_id=&#8220;25&#8243; module_class=&#8220;pa-vertical-menu&#8220; _builder_version=&#8220;4.23.1&#8243; _module_preset=&#8220;default&#8220; global_colors_info=&#8220;{}&#8220; theme_builder_area=&#8220;post_content&#8220;][\/et_pb_menu][\/et_pb_column][et_pb_column type=&#8220;3_4&#8243; module_class=&#8220;vertikal-zentrieren&#8220; _builder_version=&#8220;4.23&#8243; _module_preset=&#8220;default&#8220; global_colors_info=&#8220;{}&#8220; theme_builder_area=&#8220;post_content&#8220;][et_pb_image src=&#8220;https:\/\/irc-consult.at\/wp-content\/uploads\/2023\/11\/flow-check-app.jpg&#8220; title_text=&#8220;HEALTH CONCEPT: MENTAL HEALTH&#8220; _builder_version=&#8220;4.23.1&#8243; _module_preset=&#8220;default&#8220; border_radii=&#8220;on|10px|10px|10px|10px&#8220; box_shadow_style=&#8220;preset1&#8243; box_shadow_blur=&#8220;5px&#8220; global_colors_info=&#8220;{}&#8220; theme_builder_area=&#8220;post_content&#8220;][\/et_pb_image][\/et_pb_column][\/et_pb_row][\/et_pb_section]<\/p>\n","protected":false},"excerpt":{"rendered":"<p>Flow-Check AufzeichnungsmodiAufzeichnungsmodiDie Flow-Check-App unterst\u00fctzt drei unterschiedliche Aufzeichnungsmodi. Je nach gew\u00e4hltem Modus stehen Ihnen verschiedene M\u00f6glichkeiten f\u00fcr Aufzeichnung und Auswertung zur Verf\u00fcgung. Auswahl eines ModusZum \u00d6ffnen der Modi-Auswahl klicken Sie im Hauptmen\u00fc auf den Eintrag &#8222;App-Modus&#8220;.Klicken Sie beim gew\u00fcnschten Modus auf den Button &#8222;OK&#8220;. Nach der Auswahl gelangen So zur Seite &#8222;Aufzeichnung&#8220; des entsprechenden Modus.Bitte beachten [&hellip;]<\/p>\n","protected":false},"author":1,"featured_media":0,"parent":0,"menu_order":631,"comment_status":"closed","ping_status":"closed","template":"","meta":{"_et_pb_use_builder":"on","_et_pb_old_content":"<!-- wp:divi\/placeholder \/-->","_et_gb_content_width":"","footnotes":""},"class_list":["post-372212","page","type-page","status-publish","hentry"],"_links":{"self":[{"href":"https:\/\/irc-consult.at\/en\/wp-json\/wp\/v2\/pages\/372212","targetHints":{"allow":["GET"]}}],"collection":[{"href":"https:\/\/irc-consult.at\/en\/wp-json\/wp\/v2\/pages"}],"about":[{"href":"https:\/\/irc-consult.at\/en\/wp-json\/wp\/v2\/types\/page"}],"author":[{"embeddable":true,"href":"https:\/\/irc-consult.at\/en\/wp-json\/wp\/v2\/users\/1"}],"replies":[{"embeddable":true,"href":"https:\/\/irc-consult.at\/en\/wp-json\/wp\/v2\/comments?post=372212"}],"version-history":[{"count":3,"href":"https:\/\/irc-consult.at\/en\/wp-json\/wp\/v2\/pages\/372212\/revisions"}],"predecessor-version":[{"id":372457,"href":"https:\/\/irc-consult.at\/en\/wp-json\/wp\/v2\/pages\/372212\/revisions\/372457"}],"wp:attachment":[{"href":"https:\/\/irc-consult.at\/en\/wp-json\/wp\/v2\/media?parent=372212"}],"curies":[{"name":"wp","href":"https:\/\/api.w.org\/{rel}","templated":true}]}}