{"id":372210,"date":"2023-11-14T23:25:55","date_gmt":"2023-11-14T22:25:55","guid":{"rendered":"https:\/\/irc-consult.at\/?page_id=372210"},"modified":"2023-11-17T09:04:38","modified_gmt":"2023-11-17T08:04:38","slug":"einrichtung","status":"publish","type":"page","link":"https:\/\/irc-consult.at\/en\/einrichtung\/","title":{"rendered":"Einrichtung"},"content":{"rendered":"<p>[et_pb_section fb_built=&#8220;1&#8243; _builder_version=&#8220;4.23&#8243; _module_preset=&#8220;default&#8220; background_enable_mask_style=&#8220;on&#8220; background_mask_style=&#8220;honeycomb&#8220; background_mask_color=&#8220;rgba(244,129,0,0.15)&#8220; background_mask_transform=&#8220;invert&#8220; background_mask_aspect_ratio=&#8220;square&#8220; background_mask_size=&#8220;cover&#8220; custom_padding=&#8220;||14px|||&#8220; global_colors_info=&#8220;{}&#8220; theme_builder_area=&#8220;post_content&#8220;][et_pb_row _builder_version=&#8220;4.23&#8243; _module_preset=&#8220;default&#8220; custom_margin=&#8220;-30px|auto|0px|auto|false|false&#8220; custom_padding=&#8220;||3px||false|false&#8220; global_colors_info=&#8220;{}&#8220; theme_builder_area=&#8220;post_content&#8220;][et_pb_column type=&#8220;4_4&#8243; _builder_version=&#8220;4.23&#8243; _module_preset=&#8220;default&#8220; global_colors_info=&#8220;{}&#8220; theme_builder_area=&#8220;post_content&#8220;][et_pb_text _builder_version=&#8220;4.23.1&#8243; _module_preset=&#8220;default&#8220; header_2_font=&#8220;IRC Fonts Regular|||on|||||&#8220; header_2_text_color=&#8220;#F48100&#8243; header_2_font_size=&#8220;25px&#8220; header_2_line_height=&#8220;1.4em&#8220; custom_margin=&#8220;-8px||0px||false|false&#8220; custom_padding=&#8220;||0px||false|false&#8220; animation_style=&#8220;fade&#8220; hover_enabled=&#8220;0&#8243; header_2_font_size_tablet=&#8220;25px&#8220; header_2_font_size_phone=&#8220;15px&#8220; header_2_font_size_last_edited=&#8220;on|phone&#8220; global_colors_info=&#8220;{}&#8220; theme_builder_area=&#8220;post_content&#8220; sticky_enabled=&#8220;0&#8243;]<\/p>\n<h2 itemprop=\"name\">Flow-Check Einrichtung<\/h2>\n<p>[\/et_pb_text][\/et_pb_column][\/et_pb_row][et_pb_row column_structure=&#8220;2_3,1_3&#8243; make_equal=&#8220;on&#8220; _builder_version=&#8220;4.23.1&#8243; _module_preset=&#8220;default&#8220; custom_margin=&#8220;||||false|false&#8220; custom_padding=&#8220;16px||5px|||&#8220; hover_enabled=&#8220;0&#8243; global_colors_info=&#8220;{}&#8220; theme_builder_area=&#8220;post_content&#8220; sticky_enabled=&#8220;0&#8243;][et_pb_column type=&#8220;2_3&#8243; module_class=&#8220;vertikal-zentrieren&#8220; _builder_version=&#8220;4.23.1&#8243; _module_preset=&#8220;default&#8220; hover_enabled=&#8220;0&#8243; global_colors_info=&#8220;{}&#8220; theme_builder_area=&#8220;post_content&#8220; sticky_enabled=&#8220;0&#8243;][et_pb_text _builder_version=&#8220;4.23.1&#8243; _module_preset=&#8220;default&#8220; text_font_size=&#8220;15px&#8220; custom_margin=&#8220;-15px||-6px|||&#8220; custom_padding=&#8220;14px||6px|||&#8220; animation_style=&#8220;flip&#8220; animation_direction=&#8220;bottom&#8220; hover_enabled=&#8220;0&#8243; text_font_size_tablet=&#8220;15px&#8220; text_font_size_phone=&#8220;16px&#8220; text_font_size_last_edited=&#8220;on|phone&#8220; global_colors_info=&#8220;{}&#8220; theme_builder_area=&#8220;post_content&#8220; sticky_enabled=&#8220;0&#8243;]<\/p>\n<p><strong>Datenschutzvereinbarung<\/strong><br \/>Vor der erstmaligen Nutzung von Flow-Check m\u00fcssen Sie unserer Datenschutzvereinbarung zustimmen.<br \/><strong><br \/>Der Einrichtungsassistent<\/strong><br \/>Sobald Sie der Datenschutzvereinbarung zugestimmt haben, erscheint die Willkommensseite des Einrichtungsassistenten. Alle Einstellungen die im Assistenten get\u00e4tigt werden, k\u00f6nnen nat\u00fcrlich zu einem sp\u00e4teren Zeitpunkt im Men\u00fcpunkt &#8222;Einstellungen&#8220; wieder ge\u00e4ndert werden.<br \/>Klicken Sie auf &#8222;Weiter&#8220;, um mit der Einrichtung fortzufahren.<\/p>\n<p>[\/et_pb_text][\/et_pb_column][et_pb_column type=&#8220;1_3&#8243; _builder_version=&#8220;4.23.1&#8243; _module_preset=&#8220;default&#8220; hover_enabled=&#8220;0&#8243; global_colors_info=&#8220;{}&#8220; theme_builder_area=&#8220;post_content&#8220; sticky_enabled=&#8220;0&#8243;][et_pb_image src=&#8220;https:\/\/irc-consult.at\/wp-content\/uploads\/2023\/11\/heart-rate-belt.jpg&#8220; title_text=&#8220;watch and chest strap of heart rate monitor&#8220; _builder_version=&#8220;4.23.1&#8243; _module_preset=&#8220;default&#8220; border_radii=&#8220;on|10px|10px|10px|10px&#8220; box_shadow_style=&#8220;preset1&#8243; box_shadow_blur=&#8220;5px&#8220; global_colors_info=&#8220;{}&#8220; theme_builder_area=&#8220;post_content&#8220;][\/et_pb_image][\/et_pb_column][\/et_pb_row][et_pb_row column_structure=&#8220;2_3,1_3&#8243; make_equal=&#8220;on&#8220; _builder_version=&#8220;4.23.1&#8243; _module_preset=&#8220;default&#8220; custom_margin=&#8220;-15px|auto||auto|false|false&#8220; custom_padding=&#8220;16px||5px|||&#8220; hover_enabled=&#8220;0&#8243; global_colors_info=&#8220;{}&#8220; theme_builder_area=&#8220;post_content&#8220; sticky_enabled=&#8220;0&#8243;][et_pb_column type=&#8220;2_3&#8243; module_class=&#8220;vertikal-zentrieren&#8220; _builder_version=&#8220;4.23.1&#8243; _module_preset=&#8220;default&#8220; hover_enabled=&#8220;0&#8243; global_colors_info=&#8220;{}&#8220; theme_builder_area=&#8220;post_content&#8220; sticky_enabled=&#8220;0&#8243;][et_pb_text _builder_version=&#8220;4.23.1&#8243; _module_preset=&#8220;default&#8220; text_font_size=&#8220;15px&#8220; custom_margin=&#8220;-32px||-6px|||&#8220; custom_padding=&#8220;14px||6px|||&#8220; animation_style=&#8220;flip&#8220; animation_direction=&#8220;bottom&#8220; hover_enabled=&#8220;0&#8243; text_font_size_tablet=&#8220;15px&#8220; text_font_size_phone=&#8220;16px&#8220; text_font_size_last_edited=&#8220;on|phone&#8220; global_colors_info=&#8220;{}&#8220; theme_builder_area=&#8220;post_content&#8220; sticky_enabled=&#8220;0&#8243;]<\/p>\n<p><strong>Notwendige Berechtigungen<br \/><\/strong>Android wird Sie fragen, ob Flow-Check auf den Standort Ihres Ger\u00e4ts zugreifen darf. Bitte best\u00e4tigen Sie alle entsprechenden R\u00fcckfragen, da die App ansonsten nicht auf Ihr Herzfrequenzmessger\u00e4t zugreifen kann.<\/p>\n<p>Sie werden vom System deshalb nach der Standort-Berechtigung gefragt, da es theoretisch m\u00f6glich w\u00e4re, auf Basis der Informationen \u00fcber umliegende Bluetooth-Ger\u00e4te und Funknetzwerke eine grobe Positionsbestimmung durchzuf\u00fchren. Wir m\u00f6chten ausdr\u00fccklich darauf hinweisen, dass <strong>Flow-Check keine Positionsbestimmung<\/strong> durchf\u00fchrt und die Auflistung der Bluetooth-Ger\u00e4te nach Auswahl Ihres gew\u00fcnschten Ger\u00e4ts <strong>nicht gespeichert oder anderweitig weiterverarbeitet<\/strong> wird. N\u00e4here Details entnehmen Sie bitte unseren Datenschutzbestimmungen.<\/p>\n<p>[\/et_pb_text][\/et_pb_column][et_pb_column type=&#8220;1_3&#8243; _builder_version=&#8220;4.23.1&#8243; _module_preset=&#8220;default&#8220; hover_enabled=&#8220;0&#8243; global_colors_info=&#8220;{}&#8220; theme_builder_area=&#8220;post_content&#8220; sticky_enabled=&#8220;0&#8243;][et_pb_image src=&#8220;https:\/\/irc-consult.at\/wp-content\/uploads\/2023\/11\/fc1.jpg&#8220; title_text=&#8220;fc1&#8243; _builder_version=&#8220;4.23.1&#8243; _module_preset=&#8220;default&#8220; hover_enabled=&#8220;0&#8243; border_radii=&#8220;on|10px|10px|10px|10px&#8220; box_shadow_style=&#8220;preset1&#8243; box_shadow_blur=&#8220;5px&#8220; global_colors_info=&#8220;{}&#8220; theme_builder_area=&#8220;post_content&#8220; sticky_enabled=&#8220;0&#8243;][\/et_pb_image][\/et_pb_column][\/et_pb_row][et_pb_row column_structure=&#8220;2_3,1_3&#8243; make_equal=&#8220;on&#8220; _builder_version=&#8220;4.23.1&#8243; _module_preset=&#8220;default&#8220; custom_margin=&#8220;-15px|auto||auto|false|false&#8220; custom_padding=&#8220;16px||5px|||&#8220; hover_enabled=&#8220;0&#8243; global_colors_info=&#8220;{}&#8220; theme_builder_area=&#8220;post_content&#8220; sticky_enabled=&#8220;0&#8243;][et_pb_column type=&#8220;2_3&#8243; module_class=&#8220;vertikal-zentrieren&#8220; _builder_version=&#8220;4.23.1&#8243; _module_preset=&#8220;default&#8220; hover_enabled=&#8220;0&#8243; global_colors_info=&#8220;{}&#8220; theme_builder_area=&#8220;post_content&#8220; sticky_enabled=&#8220;0&#8243;][et_pb_text _builder_version=&#8220;4.23.1&#8243; _module_preset=&#8220;default&#8220; text_font_size=&#8220;15px&#8220; custom_margin=&#8220;-32px||-6px|||&#8220; custom_padding=&#8220;39px||6px|||&#8220; animation_style=&#8220;flip&#8220; animation_direction=&#8220;bottom&#8220; hover_enabled=&#8220;0&#8243; text_font_size_tablet=&#8220;15px&#8220; text_font_size_phone=&#8220;16px&#8220; text_font_size_last_edited=&#8220;on|phone&#8220; global_colors_info=&#8220;{}&#8220; theme_builder_area=&#8220;post_content&#8220; sticky_enabled=&#8220;0&#8243;]<\/p>\n<p><strong>Hinweise zum Anlegen des Herzfrequenzmessgurts<\/strong><br \/>Um Ihren Pulsgurt mit Flow-Check zu verbinden, legen Sie diesen bitte an. Achten Sie darauf, dass die Elektroden angefeuchtet sind und sich an der vorgesehenen Position befinden. Koppeln Sie danach &#8211; wenn notwendig &#8211; den Gurt mit Ihrem Android-Ger\u00e4t. Weitere Informationen entnehmen Sie bitte der Bedienungsanleitung Ihres Herzfrequenzmessger\u00e4ts.<br \/>Best\u00e4tigen Sie mit einem Klick auf &#8222;Weiter&#8220;.<\/p>\n<p><strong>Ger\u00e4teauswahl<\/strong><br \/>Im n\u00e4chsten Schritt sucht Flow-Check nach verf\u00fcgbaren Bluetooth Smart-Herzfrequenzmessger\u00e4ten.<br \/>Die automatische Erkennung kann unter Umst\u00e4nden bis zu 30 Sekunden dauern. Sollte der erste Versuch nicht zum Erfolg f\u00fchren oder haben Sie Ihr Herzfrequenzmessger\u00e4t erst jetzt angelegt, k\u00f6nnen Sie auf &#8222;Erneut nach Ger\u00e4ten suchen&#8220; klicken, um die Suche neuzustarten.<br \/>Sobald Ihr gew\u00fcnschtes Ger\u00e4t in der Liste erscheint, k\u00f6nnen Sie dieses durch Klicken auf den entsprechenden Eintrag ausw\u00e4hlen.<\/p>\n<p>[\/et_pb_text][\/et_pb_column][et_pb_column type=&#8220;1_3&#8243; _builder_version=&#8220;4.23.1&#8243; _module_preset=&#8220;default&#8220; hover_enabled=&#8220;0&#8243; global_colors_info=&#8220;{}&#8220; theme_builder_area=&#8220;post_content&#8220; sticky_enabled=&#8220;0&#8243;][et_pb_image src=&#8220;https:\/\/irc-consult.at\/wp-content\/uploads\/2023\/11\/fc2.jpg&#8220; title_text=&#8220;fc2&#8243; _builder_version=&#8220;4.23.1&#8243; _module_preset=&#8220;default&#8220; hover_enabled=&#8220;0&#8243; border_radii=&#8220;on|10px|10px|10px|10px&#8220; box_shadow_style=&#8220;preset1&#8243; box_shadow_blur=&#8220;5px&#8220; global_colors_info=&#8220;{}&#8220; theme_builder_area=&#8220;post_content&#8220; sticky_enabled=&#8220;0&#8243;][\/et_pb_image][\/et_pb_column][\/et_pb_row][et_pb_row column_structure=&#8220;2_3,1_3&#8243; make_equal=&#8220;on&#8220; _builder_version=&#8220;4.23.1&#8243; _module_preset=&#8220;default&#8220; custom_margin=&#8220;-15px|auto||auto|false|false&#8220; custom_padding=&#8220;16px||5px|||&#8220; hover_enabled=&#8220;0&#8243; global_colors_info=&#8220;{}&#8220; theme_builder_area=&#8220;post_content&#8220; sticky_enabled=&#8220;0&#8243;][et_pb_column type=&#8220;2_3&#8243; module_class=&#8220;vertikal-zentrieren&#8220; _builder_version=&#8220;4.23.1&#8243; _module_preset=&#8220;default&#8220; hover_enabled=&#8220;0&#8243; global_colors_info=&#8220;{}&#8220; theme_builder_area=&#8220;post_content&#8220; sticky_enabled=&#8220;0&#8243;][et_pb_text _builder_version=&#8220;4.23.1&#8243; _module_preset=&#8220;default&#8220; text_font_size=&#8220;15px&#8220; custom_margin=&#8220;-32px||-6px|||&#8220; custom_padding=&#8220;39px||6px|||&#8220; animation_style=&#8220;flip&#8220; animation_direction=&#8220;bottom&#8220; hover_enabled=&#8220;0&#8243; text_font_size_tablet=&#8220;15px&#8220; text_font_size_phone=&#8220;16px&#8220; text_font_size_last_edited=&#8220;on|phone&#8220; global_colors_info=&#8220;{}&#8220; theme_builder_area=&#8220;post_content&#8220; sticky_enabled=&#8220;0&#8243;]<\/p>\n<p><strong>Alter und Geschlecht<br \/><\/strong>Um eine besser auf Sie abgestimmte Auswertung zu erhalten, k\u00f6nnen Sie Ihr Geburtsdatum und Geschlecht angeben.<br \/>Die Eingabe des Geburtsdatums erfolgt durch hinauf- bzw. hinunterziehen der Felder f\u00fcr Tag, Monat und Jahr. Ihr Geschlecht k\u00f6nnen Sie ausw\u00e4hlen, indem Sie auf das entsprechende Feld (weiblich\/m\u00e4nnlich) klicken. In beiden F\u00e4llen ist es m\u00f6glich, auf eine Angabe zu verzichten. W\u00e4hlen Sie dazu das entsprechende Feld &#8222;Keine Angabe&#8220;.<br \/>Ihre Angaben werden lokal (auf Ihrem Ger\u00e4t) gespeichert und nur zur Berechnung Ihrer pers\u00f6nlichen Werte herangezogen. N\u00e4here Details entnehmen Sie bitte unseren Datenschutzbestimmungen.<\/p>\n<p><strong>Fertigstellen der Einrichtung<\/strong><br \/>Klicken Sie auf &#8222;Weiter&#8220;, um die Einrichtung der Flow-Check-App abzuschlie\u00dfen. Der Assistent wird daraufhin alle Daten speichern und Sie zur Auswahl des Aufzeichnungsmodus weiterleiten.<br \/>Lesen Sie dazu die Beschreibung &#8222;Aufzeichnungsmodi&#8220;.<\/p>\n<p>[\/et_pb_text][\/et_pb_column][et_pb_column type=&#8220;1_3&#8243; _builder_version=&#8220;4.23.1&#8243; _module_preset=&#8220;default&#8220; hover_enabled=&#8220;0&#8243; global_colors_info=&#8220;{}&#8220; theme_builder_area=&#8220;post_content&#8220; sticky_enabled=&#8220;0&#8243;][et_pb_image src=&#8220;https:\/\/irc-consult.at\/wp-content\/uploads\/2023\/11\/fc3.jpg&#8220; title_text=&#8220;fc3&#8243; _builder_version=&#8220;4.23.1&#8243; _module_preset=&#8220;default&#8220; hover_enabled=&#8220;0&#8243; border_radii=&#8220;on|10px|10px|10px|10px&#8220; box_shadow_style=&#8220;preset1&#8243; box_shadow_blur=&#8220;5px&#8220; global_colors_info=&#8220;{}&#8220; theme_builder_area=&#8220;post_content&#8220; sticky_enabled=&#8220;0&#8243;][\/et_pb_image][\/et_pb_column][\/et_pb_row][et_pb_row make_equal=&#8220;on&#8220; _builder_version=&#8220;4.23.1&#8243; _module_preset=&#8220;default&#8220; custom_margin=&#8220;||||false|false&#8220; custom_padding=&#8220;16px||5px|||&#8220; global_colors_info=&#8220;{}&#8220; theme_builder_area=&#8220;post_content&#8220;][et_pb_column type=&#8220;4_4&#8243; module_class=&#8220;vertikal-zentrieren&#8220; _builder_version=&#8220;4.23&#8243; _module_preset=&#8220;default&#8220; global_colors_info=&#8220;{}&#8220; theme_builder_area=&#8220;post_content&#8220;][\/et_pb_column][\/et_pb_row][et_pb_row column_structure=&#8220;1_4,3_4&#8243; make_equal=&#8220;on&#8220; _builder_version=&#8220;4.23.1&#8243; _module_preset=&#8220;default&#8220; custom_margin=&#8220;||||false|false&#8220; custom_padding=&#8220;16px||5px|||&#8220; global_colors_info=&#8220;{}&#8220; theme_builder_area=&#8220;post_content&#8220;][et_pb_column type=&#8220;1_4&#8243; module_class=&#8220;vertikal-zentrieren&#8220; _builder_version=&#8220;4.23&#8243; _module_preset=&#8220;default&#8220; global_colors_info=&#8220;{}&#8220; theme_builder_area=&#8220;post_content&#8220;][et_pb_menu menu_id=&#8220;25&#8243; module_class=&#8220;pa-vertical-menu&#8220; _builder_version=&#8220;4.23.1&#8243; _module_preset=&#8220;default&#8220; global_colors_info=&#8220;{}&#8220; theme_builder_area=&#8220;post_content&#8220;][\/et_pb_menu][\/et_pb_column][et_pb_column type=&#8220;3_4&#8243; module_class=&#8220;vertikal-zentrieren&#8220; _builder_version=&#8220;4.23&#8243; _module_preset=&#8220;default&#8220; global_colors_info=&#8220;{}&#8220; theme_builder_area=&#8220;post_content&#8220;][et_pb_image src=&#8220;https:\/\/irc-consult.at\/wp-content\/uploads\/2023\/11\/flow-check-app.jpg&#8220; title_text=&#8220;HEALTH CONCEPT: MENTAL HEALTH&#8220; _builder_version=&#8220;4.23.1&#8243; _module_preset=&#8220;default&#8220; border_radii=&#8220;on|10px|10px|10px|10px&#8220; box_shadow_style=&#8220;preset1&#8243; box_shadow_blur=&#8220;5px&#8220; global_colors_info=&#8220;{}&#8220; theme_builder_area=&#8220;post_content&#8220;][\/et_pb_image][\/et_pb_column][\/et_pb_row][\/et_pb_section]<\/p>\n","protected":false},"excerpt":{"rendered":"<p>Flow-Check EinrichtungDatenschutzvereinbarungVor der erstmaligen Nutzung von Flow-Check m\u00fcssen Sie unserer Datenschutzvereinbarung zustimmen.Der EinrichtungsassistentSobald Sie der Datenschutzvereinbarung zugestimmt haben, erscheint die Willkommensseite des Einrichtungsassistenten. Alle Einstellungen die im Assistenten get\u00e4tigt werden, k\u00f6nnen nat\u00fcrlich zu einem sp\u00e4teren Zeitpunkt im Men\u00fcpunkt &#8222;Einstellungen&#8220; wieder ge\u00e4ndert werden.Klicken Sie auf &#8222;Weiter&#8220;, um mit der Einrichtung fortzufahren.Notwendige BerechtigungenAndroid wird Sie fragen, ob [&hellip;]<\/p>\n","protected":false},"author":1,"featured_media":0,"parent":0,"menu_order":634,"comment_status":"closed","ping_status":"closed","template":"","meta":{"_et_pb_use_builder":"on","_et_pb_old_content":"<!-- wp:divi\/placeholder \/-->","_et_gb_content_width":"","footnotes":""},"class_list":["post-372210","page","type-page","status-publish","hentry"],"_links":{"self":[{"href":"https:\/\/irc-consult.at\/en\/wp-json\/wp\/v2\/pages\/372210","targetHints":{"allow":["GET"]}}],"collection":[{"href":"https:\/\/irc-consult.at\/en\/wp-json\/wp\/v2\/pages"}],"about":[{"href":"https:\/\/irc-consult.at\/en\/wp-json\/wp\/v2\/types\/page"}],"author":[{"embeddable":true,"href":"https:\/\/irc-consult.at\/en\/wp-json\/wp\/v2\/users\/1"}],"replies":[{"embeddable":true,"href":"https:\/\/irc-consult.at\/en\/wp-json\/wp\/v2\/comments?post=372210"}],"version-history":[{"count":5,"href":"https:\/\/irc-consult.at\/en\/wp-json\/wp\/v2\/pages\/372210\/revisions"}],"predecessor-version":[{"id":372453,"href":"https:\/\/irc-consult.at\/en\/wp-json\/wp\/v2\/pages\/372210\/revisions\/372453"}],"wp:attachment":[{"href":"https:\/\/irc-consult.at\/en\/wp-json\/wp\/v2\/media?parent=372210"}],"curies":[{"name":"wp","href":"https:\/\/api.w.org\/{rel}","templated":true}]}}