{"id":372208,"date":"2023-11-14T23:25:02","date_gmt":"2023-11-14T22:25:02","guid":{"rendered":"https:\/\/irc-consult.at\/?page_id=372208"},"modified":"2023-11-17T08:44:26","modified_gmt":"2023-11-17T07:44:26","slug":"flow-check-app","status":"publish","type":"page","link":"https:\/\/irc-consult.at\/en\/flow-check-app\/","title":{"rendered":"Flow-Check App"},"content":{"rendered":"<p>[et_pb_section fb_built=&#8220;1&#8243; _builder_version=&#8220;4.23&#8243; _module_preset=&#8220;default&#8220; background_enable_mask_style=&#8220;on&#8220; background_mask_style=&#8220;honeycomb&#8220; background_mask_color=&#8220;rgba(244,129,0,0.15)&#8220; background_mask_transform=&#8220;invert&#8220; background_mask_aspect_ratio=&#8220;square&#8220; background_mask_size=&#8220;cover&#8220; custom_padding=&#8220;||14px|||&#8220; global_colors_info=&#8220;{}&#8220;][et_pb_row _builder_version=&#8220;4.23&#8243; _module_preset=&#8220;default&#8220; custom_margin=&#8220;-30px|auto|0px|auto|false|false&#8220; custom_padding=&#8220;||3px||false|false&#8220; global_colors_info=&#8220;{}&#8220;][et_pb_column type=&#8220;4_4&#8243; _builder_version=&#8220;4.23&#8243; _module_preset=&#8220;default&#8220; global_colors_info=&#8220;{}&#8220;][et_pb_text _builder_version=&#8220;4.23.1&#8243; _module_preset=&#8220;default&#8220; header_2_font=&#8220;IRC Fonts Regular|||on|||||&#8220; header_2_text_color=&#8220;#F48100&#8243; header_2_font_size=&#8220;25px&#8220; header_2_line_height=&#8220;1.4em&#8220; custom_margin=&#8220;-8px||0px||false|false&#8220; custom_padding=&#8220;||0px||false|false&#8220; animation_style=&#8220;fade&#8220; hover_enabled=&#8220;0&#8243; header_2_font_size_tablet=&#8220;25px&#8220; header_2_font_size_phone=&#8220;15px&#8220; header_2_font_size_last_edited=&#8220;on|phone&#8220; global_colors_info=&#8220;{}&#8220; sticky_enabled=&#8220;0&#8243;]<\/p>\n<h2 itemprop=\"name\">Flow-Check<\/h2>\n<p>[\/et_pb_text][\/et_pb_column][\/et_pb_row][et_pb_row make_equal=&#8220;on&#8220; _builder_version=&#8220;4.23.1&#8243; _module_preset=&#8220;default&#8220; custom_margin=&#8220;||||false|false&#8220; custom_padding=&#8220;16px||5px|||&#8220; hover_enabled=&#8220;0&#8243; global_colors_info=&#8220;{}&#8220; column_structure=&#8220;2_3,1_3&#8243; sticky_enabled=&#8220;0&#8243;][et_pb_column type=&#8220;2_3&#8243; module_class=&#8220;vertikal-zentrieren&#8220; _builder_version=&#8220;4.23&#8243; _module_preset=&#8220;default&#8220; global_colors_info=&#8220;{}&#8220;][et_pb_text _builder_version=&#8220;4.23.1&#8243; _module_preset=&#8220;default&#8220; text_font_size=&#8220;15px&#8220; custom_margin=&#8220;-15px||-6px|||&#8220; custom_padding=&#8220;14px||6px|||&#8220; animation_style=&#8220;flip&#8220; animation_direction=&#8220;bottom&#8220; hover_enabled=&#8220;0&#8243; text_font_size_tablet=&#8220;15px&#8220; text_font_size_phone=&#8220;16px&#8220; text_font_size_last_edited=&#8220;on|phone&#8220; global_colors_info=&#8220;{}&#8220; sticky_enabled=&#8220;0&#8243;]<\/p>\n<p>Willkommen bei <strong>Flow-Check, dem mentalen Fitness-Analyzer<\/strong>. Er kann Ihnen einen Einblick in Ihre mentale Fitness geben, indem er die Daten von herk\u00f6mmlichen Herzfrequenzgurten analysiert.<br \/>Diese Daten werden von unserer App aufbereitet und \u00fcbersichtlich dargestellt. Die Flow-Check App ist erstens sehr benutzerfreundlich und zweitens sehr kosteng\u00fcnstig. Sie k\u00f6nnen Sie direkt \u00fcber uns beziehen.<br \/>Kontakt: <a href=\"tel:+436641969863\" target=\"_blank\" rel=\"noopener\">+43 664 196 98 63<\/a> oder <a href=\"mailto:office@irc-consult.at\" target=\"_blank\" rel=\"noopener\" title=\"Flow-Check App\">office@irc-consult.at<\/a>.<\/p>\n<p><strong>Folgende Parameter m\u00fcssen bei der Messung ber\u00fccksichtigt werden:<\/strong><\/p>\n<ul>\n<li>K\u00f6rperlage<\/li>\n<li>Alter<\/li>\n<li>Geschlecht<\/li>\n<li>Belastungen\/Trainingszustand<\/li>\n<li>Tageszeit<\/li>\n<li>Medikamente<\/li>\n<li>Psychische Beeintr\u00e4chtigungen<\/li>\n<\/ul>\n<p>[\/et_pb_text][\/et_pb_column][et_pb_column type=&#8220;1_3&#8243; module_class=&#8220;vertikal-zentrieren&#8220; _builder_version=&#8220;4.23&#8243; _module_preset=&#8220;default&#8220; global_colors_info=&#8220;{}&#8220;][et_pb_image src=&#8220;https:\/\/irc-consult.at\/wp-content\/uploads\/2023\/11\/heart-rate-belt.jpg&#8220; _builder_version=&#8220;4.23.1&#8243; _module_preset=&#8220;default&#8220; title_text=&#8220;watch and chest strap of heart rate monitor&#8220; hover_enabled=&#8220;0&#8243; sticky_enabled=&#8220;0&#8243; border_radii=&#8220;on|10px|10px|10px|10px&#8220; box_shadow_style=&#8220;preset1&#8243; box_shadow_blur=&#8220;5px&#8220;][\/et_pb_image][\/et_pb_column][\/et_pb_row][et_pb_row make_equal=&#8220;on&#8220; _builder_version=&#8220;4.23.1&#8243; _module_preset=&#8220;default&#8220; custom_margin=&#8220;||||false|false&#8220; custom_padding=&#8220;16px||5px|||&#8220; hover_enabled=&#8220;0&#8243; global_colors_info=&#8220;{}&#8220; sticky_enabled=&#8220;0&#8243;][et_pb_column type=&#8220;4_4&#8243; module_class=&#8220;vertikal-zentrieren&#8220; _builder_version=&#8220;4.23&#8243; _module_preset=&#8220;default&#8220; global_colors_info=&#8220;{}&#8220;][et_pb_text _builder_version=&#8220;4.23.1&#8243; _module_preset=&#8220;default&#8220; text_font_size=&#8220;15px&#8220; custom_margin=&#8220;-15px|||||&#8220; custom_padding=&#8220;0px|||||&#8220; animation_style=&#8220;flip&#8220; animation_direction=&#8220;bottom&#8220; hover_enabled=&#8220;0&#8243; text_font_size_tablet=&#8220;15px&#8220; text_font_size_phone=&#8220;16px&#8220; text_font_size_last_edited=&#8220;on|phone&#8220; global_colors_info=&#8220;{}&#8220; sticky_enabled=&#8220;0&#8243;]<\/p>\n<p><strong>Was bekommt man mit der App?<br \/><\/strong>Eine Vielzahl von Analysem\u00f6glichkeiten, aber grunds\u00e4tzlich die Information \u00fcber folgende vier objektive und subjektive Zust\u00e4nde.<br \/><strong>1. Uhrzeit:<\/strong> wann geht es mir unabh\u00e4ngig von T\u00e4tigkeit, Gedanken.,.. am besten?<br \/><strong>2. Was tue ich gerade:<\/strong> man teilt der App mit, was man so tut (Autofahren, telefonieren, Mitarbeitergespr\u00e4ch, Essen, Zeitung lesen\u2026)<br \/><strong>3. Wie geht es dem Nervensystem subjektiv<\/strong>: man kann mehrmals am Tag oder bei jedem T\u00e4tigkeitswechsel einen Kurzfragebogen von Prof. P. Richter (TU Dresden) ausf\u00fcllen. Und dieser unscheinbare Fragebogen mit nur 12 Eigenschaftsabfragen wurde bereits auch im Weltraum verwendet!!! (bei einer Sojus Mission). Und was Astronauten\/Kosmonauten in den Weltraum mitnehmen, ist, um es vorsichtig auszudr\u00fccken, qualitativ h\u00f6chstwertig.<br \/><strong>4. Wie geht es dem Nervensystem objektiv:<\/strong> Dazu wird eben die HRV gemessen und daraus die oben beschriebenen 2 Parameter berechnet, die eben genau dar\u00fcber Auskunft geben, inwieweit der Parasympathikus mit dem Sympathikus aktuell zusammenspielt, welches der beiden Hauptnervensysteme unseres K\u00f6rpers zurzeit \u201edas Sagen\u201c hat.<\/p>\n<p>[\/et_pb_text][\/et_pb_column][\/et_pb_row][et_pb_row make_equal=&#8220;on&#8220; _builder_version=&#8220;4.23.1&#8243; _module_preset=&#8220;default&#8220; custom_margin=&#8220;||||false|false&#8220; custom_padding=&#8220;16px||5px|||&#8220; hover_enabled=&#8220;0&#8243; global_colors_info=&#8220;{}&#8220; column_structure=&#8220;1_4,3_4&#8243; sticky_enabled=&#8220;0&#8243;][et_pb_column type=&#8220;1_4&#8243; module_class=&#8220;vertikal-zentrieren&#8220; _builder_version=&#8220;4.23&#8243; _module_preset=&#8220;default&#8220; global_colors_info=&#8220;{}&#8220;][et_pb_menu _builder_version=&#8220;4.23.1&#8243; _module_preset=&#8220;default&#8220; menu_id=&#8220;25&#8243; module_class=&#8220;pa-vertical-menu&#8220; hover_enabled=&#8220;0&#8243; sticky_enabled=&#8220;0&#8243;][\/et_pb_menu][\/et_pb_column][et_pb_column type=&#8220;3_4&#8243; module_class=&#8220;vertikal-zentrieren&#8220; _builder_version=&#8220;4.23&#8243; _module_preset=&#8220;default&#8220; global_colors_info=&#8220;{}&#8220;][et_pb_image src=&#8220;https:\/\/irc-consult.at\/wp-content\/uploads\/2023\/11\/flow-check-app.jpg&#8220; _builder_version=&#8220;4.23.1&#8243; _module_preset=&#8220;default&#8220; title_text=&#8220;HEALTH CONCEPT: MENTAL HEALTH&#8220; hover_enabled=&#8220;0&#8243; sticky_enabled=&#8220;0&#8243; border_radii=&#8220;on|10px|10px|10px|10px&#8220; box_shadow_style=&#8220;preset1&#8243; box_shadow_blur=&#8220;5px&#8220;][\/et_pb_image][\/et_pb_column][\/et_pb_row][\/et_pb_section]<\/p>\n","protected":false},"excerpt":{"rendered":"<p>Flow-CheckWillkommen bei Flow-Check, dem mentalen Fitness-Analyzer. Er kann Ihnen einen Einblick in Ihre mentale Fitness geben, indem er die Daten von herk\u00f6mmlichen Herzfrequenzgurten analysiert.Diese Daten werden von unserer App aufbereitet und \u00fcbersichtlich dargestellt. Die Flow-Check App ist erstens sehr benutzerfreundlich und zweitens sehr kosteng\u00fcnstig. Sie k\u00f6nnen Sie direkt \u00fcber uns beziehen.Kontakt: +43 664 196 98 [&hellip;]<\/p>\n","protected":false},"author":1,"featured_media":0,"parent":0,"menu_order":637,"comment_status":"closed","ping_status":"closed","template":"","meta":{"_et_pb_use_builder":"on","_et_pb_old_content":"<!-- wp:divi\/placeholder \/-->","_et_gb_content_width":"","footnotes":""},"class_list":["post-372208","page","type-page","status-publish","hentry"],"_links":{"self":[{"href":"https:\/\/irc-consult.at\/en\/wp-json\/wp\/v2\/pages\/372208","targetHints":{"allow":["GET"]}}],"collection":[{"href":"https:\/\/irc-consult.at\/en\/wp-json\/wp\/v2\/pages"}],"about":[{"href":"https:\/\/irc-consult.at\/en\/wp-json\/wp\/v2\/types\/page"}],"author":[{"embeddable":true,"href":"https:\/\/irc-consult.at\/en\/wp-json\/wp\/v2\/users\/1"}],"replies":[{"embeddable":true,"href":"https:\/\/irc-consult.at\/en\/wp-json\/wp\/v2\/comments?post=372208"}],"version-history":[{"count":5,"href":"https:\/\/irc-consult.at\/en\/wp-json\/wp\/v2\/pages\/372208\/revisions"}],"predecessor-version":[{"id":372442,"href":"https:\/\/irc-consult.at\/en\/wp-json\/wp\/v2\/pages\/372208\/revisions\/372442"}],"wp:attachment":[{"href":"https:\/\/irc-consult.at\/en\/wp-json\/wp\/v2\/media?parent=372208"}],"curies":[{"name":"wp","href":"https:\/\/api.w.org\/{rel}","templated":true}]}}