{"id":372036,"date":"2023-11-14T18:44:02","date_gmt":"2023-11-14T17:44:02","guid":{"rendered":"https:\/\/irc-consult.at\/?page_id=372036"},"modified":"2026-04-06T17:40:24","modified_gmt":"2026-04-06T15:40:24","slug":"unser-team","status":"publish","type":"page","link":"https:\/\/irc-consult.at\/en\/unser-team\/","title":{"rendered":"Our Team"},"content":{"rendered":"<p>[et_pb_section fb_built=&#8220;1&#8243; _builder_version=&#8220;4.23&#8243; _module_preset=&#8220;default&#8220; background_enable_mask_style=&#8220;on&#8220; background_mask_style=&#8220;honeycomb&#8220; background_mask_color=&#8220;rgba(244,129,0,0.15)&#8220; background_mask_transform=&#8220;invert&#8220; background_mask_aspect_ratio=&#8220;square&#8220; background_mask_size=&#8220;cover&#8220; custom_padding=&#8220;30px||10px|||&#8220; global_colors_info=&#8220;{}&#8220;][et_pb_row column_structure=&#8220;1_3,2_3&#8243; make_equal=&#8220;on&#8220; _builder_version=&#8220;4.23&#8243; _module_preset=&#8220;default&#8220; custom_margin=&#8220;||||false|false&#8220; custom_padding=&#8220;16px||5px|||&#8220; global_colors_info=&#8220;{}&#8220;][et_pb_column type=&#8220;1_3&#8243; _builder_version=&#8220;4.23&#8243; _module_preset=&#8220;default&#8220; global_colors_info=&#8220;{}&#8220;][et_pb_image src=&#8220;https:\/\/irc-consult.at\/wp-content\/uploads\/2023\/11\/team.jpg&#8220; title_text=&#8220;team&#8220; align=&#8220;center&#8220; _builder_version=&#8220;4.23.1&#8243; _module_preset=&#8220;default&#8220; animation_style=&#8220;flip&#8220; animation_direction=&#8220;top&#8220; hover_transition_duration=&#8220;350ms&#8220; border_radii=&#8220;on|8px|8px|8px|8px&#8220; border_color_all=&#8220;#F48100&#8243; global_colors_info=&#8220;{}&#8220;][\/et_pb_image][\/et_pb_column][et_pb_column type=&#8220;2_3&#8243; module_class=&#8220;vertikal-zentrieren&#8220; _builder_version=&#8220;4.23&#8243; _module_preset=&#8220;default&#8220; global_colors_info=&#8220;{}&#8220;][et_pb_text _builder_version=&#8220;4.23.1&#8243; _module_preset=&#8220;default&#8220; text_font_size=&#8220;15px&#8220; header_2_text_color=&#8220;#F48100&#8243; custom_margin=&#8220;-15px|||||&#8220; custom_padding=&#8220;14px|||||&#8220; animation_style=&#8220;flip&#8220; animation_direction=&#8220;bottom&#8220; text_font_size_tablet=&#8220;15px&#8220; text_font_size_phone=&#8220;16px&#8220; text_font_size_last_edited=&#8220;on|phone&#8220; header_2_font_size_tablet=&#8220;&#8220; header_2_font_size_phone=&#8220;&#8220; header_2_font_size_last_edited=&#8220;on|phone&#8220; global_colors_info=&#8220;{}&#8220;]<\/p>\n<h2><strong>Unser Team<br \/><\/strong><\/h2>\n<p>Unser hochmotiviertes und innovatives Team strebt unentwegt danach, durch pers\u00f6nliche Fortbildungen und das Studium wissenschaftlicher Neuheiten, das ohnehin hohe Niveau unseres Leistungsangebotes noch zu steigern und unser weitgef\u00e4chertes Portfolio immer wieder durch neue Ideen zu erg\u00e4nzen.<strong><\/strong><\/p>\n<p>[\/et_pb_text][\/et_pb_column][\/et_pb_row][et_pb_row column_structure=&#8220;1_4,1_4,1_4,1_4&#8243; use_custom_gutter=&#8220;on&#8220; gutter_width=&#8220;2&#8243; _builder_version=&#8220;4.23.1&#8243; _module_preset=&#8220;default&#8220; custom_margin=&#8220;||||false|false&#8220; custom_padding=&#8220;16px|||||&#8220; global_colors_info=&#8220;{}&#8220;][et_pb_column type=&#8220;1_4&#8243; module_class=&#8220;vertikal-zentrieren&#8220; _builder_version=&#8220;4.23&#8243; _module_preset=&#8220;default&#8220; global_colors_info=&#8220;{}&#8220;][et_pb_blurb title=&#8220;Dr. J\u00f6rg Prieler&#8220; url=&#8220;@ET-DC@eyJkeW5hbWljIjp0cnVlLCJjb250ZW50IjoicG9zdF9saW5rX3VybF9wYWdlIiwic2V0dGluZ3MiOnsicG9zdF9pZCI6IjM3MjkyNCJ9fQ==@&#8220; image=&#8220;https:\/\/irc-consult.at\/wp-content\/uploads\/2023\/11\/team-joerg-prieler-300&#215;360-1.jpg&#8220; image_icon_width=&#8220;250px&#8220; _builder_version=&#8220;4.23.1&#8243; _dynamic_attributes=&#8220;url&#8220; _module_preset=&#8220;default&#8220; header_font=&#8220;|600|||||||&#8220; header_text_align=&#8220;center&#8220; header_text_color=&#8220;#F48100&#8243; body_text_align=&#8220;center&#8220; height=&#8220;565px&#8220; custom_padding=&#8220;|5px|10px|5px|false|false&#8220; border_radii=&#8220;on|10px|10px|10px|10px&#8220; border_radii_image=&#8220;off|||10px|10px&#8220; box_shadow_style=&#8220;preset1&#8243; box_shadow_blur=&#8220;5px&#8220; box_shadow_color_tablet=&#8220;&#8220; box_shadow_color_phone=&#8220;&#8220; box_shadow_color_last_edited=&#8220;on|desktop&#8220; box_shadow_style_image=&#8220;preset1&#8243; box_shadow_blur_image=&#8220;5px&#8220; global_colors_info=&#8220;{}&#8220; box_shadow_blur__hover_enabled=&#8220;on|hover&#8220; box_shadow_color__hover_enabled=&#8220;on|hover&#8220; box_shadow_color__hover=&#8220;#F48100&#8243; box_shadow_blur__hover=&#8220;5px&#8220; transform_styles__hover_enabled=&#8220;on|hover&#8220; transform_scale__hover_enabled=&#8220;on|hover&#8220; transform_translate__hover_enabled=&#8220;on|desktop&#8220; transform_rotate__hover_enabled=&#8220;on|desktop&#8220; transform_skew__hover_enabled=&#8220;on|desktop&#8220; transform_origin__hover_enabled=&#8220;on|desktop&#8220; transform_scale__hover=&#8220;105%|105%&#8220;]<\/p>\n<p><strong>Gesch\u00e4ftsf\u00fchrer<br \/>Kassenpsychologe<br \/>Klinischer- und Gesundheitspsychologe<br \/>Milit\u00e4r-, Test- und Arbeitspsychologe<br \/>Biofeedbacktherapeut<br \/>Unternehmensberater<br \/><a href=\"https:\/\/irc-consult.at\/referenzen-2\/\"><span style=\"color: #ff6600;\">Referenzen &gt;&gt;<\/span><\/a><br \/><\/strong><\/p>\n<p>[\/et_pb_blurb][\/et_pb_column][et_pb_column type=&#8220;1_4&#8243; _builder_version=&#8220;4.23&#8243; _module_preset=&#8220;default&#8220; global_colors_info=&#8220;{}&#8220;][et_pb_blurb title=&#8220;Michaela Brossmann&#8220; image=&#8220;https:\/\/irc-consult.at\/wp-content\/uploads\/2023\/12\/team-michaela-brossmann-33&#215;360-1.jpg&#8220; image_icon_width=&#8220;250px&#8220; _builder_version=&#8220;4.23.1&#8243; _module_preset=&#8220;default&#8220; header_font=&#8220;|600|||||||&#8220; header_text_align=&#8220;center&#8220; header_text_color=&#8220;#F48100&#8243; body_text_align=&#8220;center&#8220; height=&#8220;565px&#8220; custom_padding=&#8220;|5px|10px|5px|false|false&#8220; border_radii=&#8220;on|10px|10px|10px|10px&#8220; border_radii_image=&#8220;off|||10px|10px&#8220; box_shadow_style=&#8220;preset1&#8243; box_shadow_blur=&#8220;5px&#8220; box_shadow_color_tablet=&#8220;&#8220; box_shadow_color_phone=&#8220;&#8220; box_shadow_color_last_edited=&#8220;on|desktop&#8220; box_shadow_style_image=&#8220;preset1&#8243; box_shadow_blur_image=&#8220;5px&#8220; global_colors_info=&#8220;{}&#8220; box_shadow_blur__hover_enabled=&#8220;on|hover&#8220; box_shadow_color__hover_enabled=&#8220;on|hover&#8220; box_shadow_color__hover=&#8220;#F48100&#8243; box_shadow_blur__hover=&#8220;5px&#8220; transform_styles__hover_enabled=&#8220;on|hover&#8220; transform_scale__hover=&#8220;105%|105%&#8220; transform_scale__hover_enabled=&#8220;on|hover&#8220; transform_translate__hover_enabled=&#8220;on|desktop&#8220; transform_rotate__hover_enabled=&#8220;on|desktop&#8220; transform_skew__hover_enabled=&#8220;on|desktop&#8220; transform_origin__hover_enabled=&#8220;on|desktop&#8220;]<\/p>\n<p><strong>Assistenz der Gesch\u00e4ftsf\u00fchrung<br \/>Personal- und Projektmanagement<br \/>Wba Zertifizierte Erwachsenenbildnerin<br \/>Suchtkompetente Jugendcoachin<br \/>Diplomierte Montessori-P\u00e4dagogin<\/strong><\/p>\n<p>[\/et_pb_blurb][\/et_pb_column][et_pb_column type=&#8220;1_4&#8243; _builder_version=&#8220;4.23&#8243; _module_preset=&#8220;default&#8220; global_colors_info=&#8220;{}&#8220;][et_pb_blurb title=&#8220;Mag.\u00aa Alexandra Vago-Wind&#8220; image=&#8220;https:\/\/irc-consult.at\/wp-content\/uploads\/2023\/11\/alexandra-vago-wind-300&#215;360-1.jpg&#8220; image_icon_width=&#8220;250px&#8220; _builder_version=&#8220;4.23.1&#8243; _module_preset=&#8220;default&#8220; header_font=&#8220;|600|||||||&#8220; header_text_align=&#8220;center&#8220; header_text_color=&#8220;#F48100&#8243; body_text_align=&#8220;center&#8220; height=&#8220;565px&#8220; custom_padding=&#8220;|5px|10px|5px|false|false&#8220; border_radii=&#8220;on|10px|10px|10px|10px&#8220; border_radii_image=&#8220;off|||10px|10px&#8220; box_shadow_style=&#8220;preset1&#8243; box_shadow_blur=&#8220;5px&#8220; box_shadow_color_tablet=&#8220;&#8220; box_shadow_color_phone=&#8220;&#8220; box_shadow_color_last_edited=&#8220;on|desktop&#8220; box_shadow_style_image=&#8220;preset1&#8243; box_shadow_blur_image=&#8220;5px&#8220; global_colors_info=&#8220;{}&#8220; box_shadow_blur__hover_enabled=&#8220;on|hover&#8220; box_shadow_color__hover_enabled=&#8220;on|hover&#8220; box_shadow_color__hover=&#8220;#F48100&#8243; box_shadow_blur__hover=&#8220;5px&#8220; transform_styles__hover_enabled=&#8220;on|hover&#8220; transform_scale__hover=&#8220;105%|105%&#8220; transform_scale__hover_enabled=&#8220;on|hover&#8220; transform_translate__hover_enabled=&#8220;on|desktop&#8220; transform_rotate__hover_enabled=&#8220;on|desktop&#8220; transform_skew__hover_enabled=&#8220;on|desktop&#8220; transform_origin__hover_enabled=&#8220;on|desktop&#8220;]<\/p>\n<p><strong>Klinische- und Gesundheitspsychologin<br \/>Sportpsychologin<br \/>Biofeedbacktherapeutin<br \/>KOMPASS-Beraterin<\/strong><\/p>\n<p>[\/et_pb_blurb][\/et_pb_column][et_pb_column type=&#8220;1_4&#8243; _builder_version=&#8220;4.23&#8243; _module_preset=&#8220;default&#8220; global_colors_info=&#8220;{}&#8220;][et_pb_blurb title=&#8220;Wioleta Coner-Zaglitsch, MSc.&#8220; image=&#8220;https:\/\/irc-consult.at\/wp-content\/uploads\/2023\/11\/team-wioleta-coner-zaglitsch-300&#215;360-1.jpg&#8220; image_icon_width=&#8220;250px&#8220; _builder_version=&#8220;4.23.1&#8243; _module_preset=&#8220;default&#8220; header_font=&#8220;|600|||||||&#8220; header_text_align=&#8220;center&#8220; header_text_color=&#8220;#F48100&#8243; body_text_align=&#8220;center&#8220; height=&#8220;565px&#8220; custom_padding=&#8220;|5px|10px|5px|false|false&#8220; border_radii=&#8220;on|10px|10px|10px|10px&#8220; border_radii_image=&#8220;off|||10px|10px&#8220; box_shadow_style=&#8220;preset1&#8243; box_shadow_blur=&#8220;5px&#8220; box_shadow_color_tablet=&#8220;&#8220; box_shadow_color_phone=&#8220;&#8220; box_shadow_color_last_edited=&#8220;on|desktop&#8220; box_shadow_style_image=&#8220;preset1&#8243; box_shadow_blur_image=&#8220;5px&#8220; global_colors_info=&#8220;{}&#8220; box_shadow_blur__hover_enabled=&#8220;on|hover&#8220; box_shadow_color__hover_enabled=&#8220;on|hover&#8220; box_shadow_color__hover=&#8220;#F48100&#8243; box_shadow_blur__hover=&#8220;5px&#8220; transform_styles__hover_enabled=&#8220;on|hover&#8220; transform_scale__hover=&#8220;105%|105%&#8220; transform_scale__hover_enabled=&#8220;on|hover&#8220; transform_translate__hover_enabled=&#8220;on|desktop&#8220; transform_rotate__hover_enabled=&#8220;on|desktop&#8220; transform_skew__hover_enabled=&#8220;on|desktop&#8220; transform_origin__hover_enabled=&#8220;on|desktop&#8220;]<\/p>\n<p><strong>Klinische Psychologin<br \/>Arbeits- und Organisationspsychologin<br \/>KOMPASS-Beraterin<\/strong><\/p>\n<p>[\/et_pb_blurb][\/et_pb_column][\/et_pb_row][et_pb_row column_structure=&#8220;1_4,1_4,1_4,1_4&#8243; use_custom_gutter=&#8220;on&#8220; gutter_width=&#8220;2&#8243; _builder_version=&#8220;4.23.1&#8243; _module_preset=&#8220;default&#8220; custom_margin=&#8220;||||false|false&#8220; custom_padding=&#8220;16px|||||&#8220; global_colors_info=&#8220;{}&#8220;][et_pb_column type=&#8220;1_4&#8243; module_class=&#8220;vertikal-zentrieren&#8220; _builder_version=&#8220;4.23&#8243; _module_preset=&#8220;default&#8220; global_colors_info=&#8220;{}&#8220;][et_pb_blurb title=&#8220;Patricia Geier, MA.&#8220; image=&#8220;https:\/\/irc-consult.at\/wp-content\/uploads\/2023\/11\/team-patricia-geier-300&#215;360-1.jpg&#8220; image_icon_width=&#8220;250px&#8220; _builder_version=&#8220;4.23.2&#8243; _module_preset=&#8220;default&#8220; header_font=&#8220;|600|||||||&#8220; header_text_align=&#8220;center&#8220; header_text_color=&#8220;#F48100&#8243; body_text_align=&#8220;center&#8220; height=&#8220;470px&#8220; custom_padding=&#8220;|5px|10px|5px|false|false&#8220; border_radii=&#8220;on|10px|10px|10px|10px&#8220; border_radii_image=&#8220;off|||10px|10px&#8220; box_shadow_style=&#8220;preset1&#8243; box_shadow_blur=&#8220;5px&#8220; box_shadow_color_tablet=&#8220;&#8220; box_shadow_color_phone=&#8220;&#8220; box_shadow_color_last_edited=&#8220;on|desktop&#8220; box_shadow_style_image=&#8220;preset1&#8243; box_shadow_blur_image=&#8220;5px&#8220; global_colors_info=&#8220;{}&#8220; box_shadow_blur__hover_enabled=&#8220;on|hover&#8220; box_shadow_color__hover_enabled=&#8220;on|hover&#8220; box_shadow_color__hover=&#8220;#F48100&#8243; box_shadow_blur__hover=&#8220;5px&#8220; transform_styles__hover_enabled=&#8220;on|hover&#8220; transform_scale__hover=&#8220;105%|105%&#8220; transform_scale__hover_enabled=&#8220;on|hover&#8220; transform_translate__hover_enabled=&#8220;on|desktop&#8220; transform_rotate__hover_enabled=&#8220;on|desktop&#8220; transform_skew__hover_enabled=&#8220;on|desktop&#8220; transform_origin__hover_enabled=&#8220;on|desktop&#8220;]<\/p>\n<p><strong>Case-Management<br \/>Projektkoordination<br \/>Projektmanagement<br \/>KOMPASS-Beraterin<\/strong><\/p>\n<p>[\/et_pb_blurb][\/et_pb_column][et_pb_column type=&#8220;1_4&#8243; _builder_version=&#8220;4.23&#8243; _module_preset=&#8220;default&#8220; global_colors_info=&#8220;{}&#8220;][et_pb_blurb title=&#8220;Sandra V\u00f6gl, MSc.&#8220; image=&#8220;https:\/\/irc-consult.at\/wp-content\/uploads\/2023\/11\/team-sandra-voegl-300&#215;360-1.jpg&#8220; image_icon_width=&#8220;250px&#8220; _builder_version=&#8220;4.27.4&#8243; _module_preset=&#8220;default&#8220; header_font=&#8220;|600|||||||&#8220; header_text_align=&#8220;center&#8220; header_text_color=&#8220;#F48100&#8243; body_text_align=&#8220;center&#8220; height=&#8220;470px&#8220; custom_padding=&#8220;|5px|10px|5px|false|false&#8220; border_radii=&#8220;on|10px|10px|10px|10px&#8220; border_radii_image=&#8220;off|||10px|10px&#8220; box_shadow_style=&#8220;preset1&#8243; box_shadow_blur=&#8220;5px&#8220; box_shadow_color_tablet=&#8220;&#8220; box_shadow_color_phone=&#8220;&#8220; box_shadow_color_last_edited=&#8220;on|desktop&#8220; box_shadow_style_image=&#8220;preset1&#8243; box_shadow_blur_image=&#8220;5px&#8220; global_colors_info=&#8220;{}&#8220; box_shadow_blur__hover_enabled=&#8220;on|hover&#8220; box_shadow_color__hover_enabled=&#8220;on|hover&#8220; box_shadow_color__hover=&#8220;#F48100&#8243; box_shadow_blur__hover=&#8220;5px&#8220; transform_styles__hover_enabled=&#8220;on|hover&#8220; transform_scale__hover=&#8220;105%|105%&#8220; transform_scale__hover_enabled=&#8220;on|hover&#8220; transform_translate__hover_enabled=&#8220;on|desktop&#8220; transform_rotate__hover_enabled=&#8220;on|desktop&#8220; transform_skew__hover_enabled=&#8220;on|desktop&#8220; transform_origin__hover_enabled=&#8220;on|desktop&#8220;]<\/p>\n<p><strong>Klinische Psychologin<br \/><\/strong><strong>KOMPASS-Beraterin<\/strong><\/p>\n<p>[\/et_pb_blurb][\/et_pb_column][et_pb_column type=&#8220;1_4&#8243; _builder_version=&#8220;4.23&#8243; _module_preset=&#8220;default&#8220; global_colors_info=&#8220;{}&#8220;][et_pb_blurb title=&#8220;Tobias Mihalits, MSc.&#8220; image=&#8220;https:\/\/irc-consult.at\/wp-content\/uploads\/2023\/11\/team-tobias-mihalits-300&#215;360-1.jpg&#8220; image_icon_width=&#8220;250px&#8220; _builder_version=&#8220;4.23.1&#8243; _module_preset=&#8220;default&#8220; header_font=&#8220;|600|||||||&#8220; header_text_align=&#8220;center&#8220; header_text_color=&#8220;#F48100&#8243; body_text_align=&#8220;center&#8220; height=&#8220;470px&#8220; custom_padding=&#8220;|5px|10px|5px|false|false&#8220; border_radii=&#8220;on|10px|10px|10px|10px&#8220; border_radii_image=&#8220;off|||10px|10px&#8220; box_shadow_style=&#8220;preset1&#8243; box_shadow_blur=&#8220;5px&#8220; box_shadow_color_tablet=&#8220;&#8220; box_shadow_color_phone=&#8220;&#8220; box_shadow_color_last_edited=&#8220;on|desktop&#8220; box_shadow_style_image=&#8220;preset1&#8243; box_shadow_blur_image=&#8220;5px&#8220; global_colors_info=&#8220;{}&#8220; box_shadow_blur__hover_enabled=&#8220;on|hover&#8220; box_shadow_color__hover_enabled=&#8220;on|hover&#8220; box_shadow_color__hover=&#8220;#F48100&#8243; box_shadow_blur__hover=&#8220;5px&#8220; transform_styles__hover_enabled=&#8220;on|hover&#8220; transform_scale__hover=&#8220;105%|105%&#8220; transform_scale__hover_enabled=&#8220;on|hover&#8220; transform_translate__hover_enabled=&#8220;on|desktop&#8220; transform_rotate__hover_enabled=&#8220;on|desktop&#8220; transform_skew__hover_enabled=&#8220;on|desktop&#8220; transform_origin__hover_enabled=&#8220;on|desktop&#8220;]<\/p>\n<p><strong>KOMPASS-Berater<br \/>Psychologe<\/strong><\/p>\n<p>[\/et_pb_blurb][\/et_pb_column][et_pb_column type=&#8220;1_4&#8243; _builder_version=&#8220;4.23&#8243; _module_preset=&#8220;default&#8220; global_colors_info=&#8220;{}&#8220;][et_pb_blurb title=&#8220;Philipp Coner-Zaglitsch&#8220; image=&#8220;https:\/\/irc-consult.at\/wp-content\/uploads\/2023\/11\/team-philipp-coner-zaglitsch-300&#215;360-1.jpg&#8220; image_icon_width=&#8220;250px&#8220; _builder_version=&#8220;4.23.1&#8243; _module_preset=&#8220;default&#8220; header_font=&#8220;|600|||||||&#8220; header_text_align=&#8220;center&#8220; header_text_color=&#8220;#F48100&#8243; body_text_align=&#8220;center&#8220; height=&#8220;470px&#8220; custom_padding=&#8220;|5px|10px|5px|false|false&#8220; border_radii=&#8220;on|10px|10px|10px|10px&#8220; border_radii_image=&#8220;off|||10px|10px&#8220; box_shadow_style=&#8220;preset1&#8243; box_shadow_blur=&#8220;5px&#8220; box_shadow_color_tablet=&#8220;&#8220; box_shadow_color_phone=&#8220;&#8220; box_shadow_color_last_edited=&#8220;on|desktop&#8220; box_shadow_style_image=&#8220;preset1&#8243; box_shadow_blur_image=&#8220;5px&#8220; global_colors_info=&#8220;{}&#8220; box_shadow_blur__hover_enabled=&#8220;on|hover&#8220; box_shadow_color__hover_enabled=&#8220;on|hover&#8220; box_shadow_color__hover=&#8220;#F48100&#8243; box_shadow_blur__hover=&#8220;5px&#8220; transform_styles__hover_enabled=&#8220;on|hover&#8220; transform_scale__hover=&#8220;105%|105%&#8220; transform_scale__hover_enabled=&#8220;on|hover&#8220; transform_translate__hover_enabled=&#8220;on|desktop&#8220; transform_rotate__hover_enabled=&#8220;on|desktop&#8220; transform_skew__hover_enabled=&#8220;on|desktop&#8220; transform_origin__hover_enabled=&#8220;on|desktop&#8220;]<\/p>\n<p><strong>Programmierer<br \/>Datenschutzbeauftragter<\/strong><\/p>\n<p>[\/et_pb_blurb][\/et_pb_column][\/et_pb_row][et_pb_row column_structure=&#8220;1_4,1_4,1_4,1_4&#8243; use_custom_gutter=&#8220;on&#8220; gutter_width=&#8220;2&#8243; _builder_version=&#8220;4.27.4&#8243; _module_preset=&#8220;default&#8220; custom_margin=&#8220;||||false|false&#8220; custom_padding=&#8220;16px|||||&#8220; global_colors_info=&#8220;{}&#8220;][et_pb_column type=&#8220;1_4&#8243; module_class=&#8220;vertikal-zentrieren&#8220; _builder_version=&#8220;4.23&#8243; _module_preset=&#8220;default&#8220; global_colors_info=&#8220;{}&#8220;][et_pb_blurb title=&#8220;Michael Schantl&#8220; image=&#8220;https:\/\/irc-consult.at\/wp-content\/uploads\/2023\/11\/team-michael-schantl.jpg&#8220; image_icon_width=&#8220;250px&#8220; _builder_version=&#8220;4.23.1&#8243; _module_preset=&#8220;default&#8220; header_font=&#8220;|600|||||||&#8220; header_text_align=&#8220;center&#8220; header_text_color=&#8220;#F48100&#8243; body_text_align=&#8220;center&#8220; height=&#8220;430px&#8220; custom_padding=&#8220;|5px|10px|5px|false|false&#8220; border_radii=&#8220;on|10px|10px|10px|10px&#8220; border_radii_image=&#8220;off|||10px|10px&#8220; box_shadow_style=&#8220;preset1&#8243; box_shadow_blur=&#8220;5px&#8220; box_shadow_color_tablet=&#8220;&#8220; box_shadow_color_phone=&#8220;&#8220; box_shadow_color_last_edited=&#8220;on|desktop&#8220; box_shadow_style_image=&#8220;preset1&#8243; box_shadow_blur_image=&#8220;5px&#8220; global_colors_info=&#8220;{}&#8220; box_shadow_blur__hover_enabled=&#8220;on|hover&#8220; box_shadow_color__hover_enabled=&#8220;on|hover&#8220; box_shadow_color__hover=&#8220;#F48100&#8243; box_shadow_blur__hover=&#8220;5px&#8220; transform_styles__hover_enabled=&#8220;on|hover&#8220; transform_scale__hover=&#8220;105%|105%&#8220; transform_scale__hover_enabled=&#8220;on|hover&#8220; transform_translate__hover_enabled=&#8220;on|desktop&#8220; transform_rotate__hover_enabled=&#8220;on|desktop&#8220; transform_skew__hover_enabled=&#8220;on|desktop&#8220; transform_origin__hover_enabled=&#8220;on|desktop&#8220;]<\/p>\n<p><strong>Programmierer<br \/>App-Entwickler<br \/><\/strong><\/p>\n<p>[\/et_pb_blurb][\/et_pb_column][et_pb_column type=&#8220;1_4&#8243; _builder_version=&#8220;4.23&#8243; _module_preset=&#8220;default&#8220; global_colors_info=&#8220;{}&#8220;][\/et_pb_column][et_pb_column type=&#8220;1_4&#8243; _builder_version=&#8220;4.23&#8243; _module_preset=&#8220;default&#8220; global_colors_info=&#8220;{}&#8220;][\/et_pb_column][et_pb_column type=&#8220;1_4&#8243; _builder_version=&#8220;4.27.4&#8243; _module_preset=&#8220;default&#8220; global_colors_info=&#8220;{}&#8220;][\/et_pb_column][\/et_pb_row][\/et_pb_section]<\/p>\n","protected":false},"excerpt":{"rendered":"<p>Unser Team Unser hochmotiviertes und innovatives Team strebt unentwegt danach, durch pers\u00f6nliche Fortbildungen und das Studium wissenschaftlicher Neuheiten, das ohnehin hohe Niveau unseres Leistungsangebotes noch zu steigern und unser weitgef\u00e4chertes Portfolio immer wieder durch neue Ideen zu erg\u00e4nzen.Gesch\u00e4ftsf\u00fchrerKassenpsychologeKlinischer- und GesundheitspsychologeMilit\u00e4r-, Test- und ArbeitspsychologeBiofeedbacktherapeutUnternehmensberaterReferenzen &gt;&gt;Assistenz der Gesch\u00e4ftsf\u00fchrungPersonal- und ProjektmanagementWba Zertifizierte ErwachsenenbildnerinSuchtkompetente JugendcoachinDiplomierte Montessori-P\u00e4dagoginKlinische- und GesundheitspsychologinSportpsychologinBiofeedbacktherapeutinKOMPASS-BeraterinKlinische PsychologinArbeits- [&hellip;]<\/p>\n","protected":false},"author":1,"featured_media":0,"parent":0,"menu_order":933,"comment_status":"closed","ping_status":"closed","template":"","meta":{"_et_pb_use_builder":"on","_et_pb_old_content":"","_et_gb_content_width":"","footnotes":""},"class_list":["post-372036","page","type-page","status-publish","hentry"],"_links":{"self":[{"href":"https:\/\/irc-consult.at\/en\/wp-json\/wp\/v2\/pages\/372036","targetHints":{"allow":["GET"]}}],"collection":[{"href":"https:\/\/irc-consult.at\/en\/wp-json\/wp\/v2\/pages"}],"about":[{"href":"https:\/\/irc-consult.at\/en\/wp-json\/wp\/v2\/types\/page"}],"author":[{"embeddable":true,"href":"https:\/\/irc-consult.at\/en\/wp-json\/wp\/v2\/users\/1"}],"replies":[{"embeddable":true,"href":"https:\/\/irc-consult.at\/en\/wp-json\/wp\/v2\/comments?post=372036"}],"version-history":[{"count":7,"href":"https:\/\/irc-consult.at\/en\/wp-json\/wp\/v2\/pages\/372036\/revisions"}],"predecessor-version":[{"id":373746,"href":"https:\/\/irc-consult.at\/en\/wp-json\/wp\/v2\/pages\/372036\/revisions\/373746"}],"wp:attachment":[{"href":"https:\/\/irc-consult.at\/en\/wp-json\/wp\/v2\/media?parent=372036"}],"curies":[{"name":"wp","href":"https:\/\/api.w.org\/{rel}","templated":true}]}}