{"id":371781,"date":"2023-11-13T02:20:07","date_gmt":"2023-11-13T01:20:07","guid":{"rendered":"https:\/\/irc-consult.at\/?page_id=371781"},"modified":"2023-12-14T02:02:16","modified_gmt":"2023-12-14T01:02:16","slug":"evaluierungs-quick-check-eqc","status":"publish","type":"page","link":"https:\/\/irc-consult.at\/en\/evaluierungs-quick-check-eqc\/","title":{"rendered":"Evaluation Quick Check (EQC)"},"content":{"rendered":"<p>[et_pb_section fb_built=&#8220;1&#8243; _builder_version=&#8220;4.23&#8243; _module_preset=&#8220;default&#8220; background_enable_mask_style=&#8220;on&#8220; background_mask_style=&#8220;honeycomb&#8220; background_mask_color=&#8220;rgba(244,129,0,0.15)&#8220; background_mask_transform=&#8220;invert&#8220; background_mask_aspect_ratio=&#8220;square&#8220; background_mask_size=&#8220;cover&#8220; custom_padding=&#8220;||14px|||&#8220; global_colors_info=&#8220;{}&#8220;][et_pb_row _builder_version=&#8220;4.23&#8243; _module_preset=&#8220;default&#8220; custom_margin=&#8220;-30px|auto|0px|auto|false|false&#8220; custom_padding=&#8220;||3px||false|false&#8220; global_colors_info=&#8220;{}&#8220;][et_pb_column type=&#8220;4_4&#8243; _builder_version=&#8220;4.23&#8243; _module_preset=&#8220;default&#8220; global_colors_info=&#8220;{}&#8220;][et_pb_text _builder_version=&#8220;4.23.1&#8243; _module_preset=&#8220;default&#8220; header_2_font=&#8220;IRC Fonts Regular|||on|||||&#8220; header_2_text_color=&#8220;#F48100&#8243; header_2_font_size=&#8220;25px&#8220; header_2_line_height=&#8220;1.4em&#8220; custom_margin=&#8220;-8px||0px||false|false&#8220; custom_padding=&#8220;||0px||false|false&#8220; animation_style=&#8220;fade&#8220; header_2_font_size_tablet=&#8220;25px&#8220; header_2_font_size_phone=&#8220;15px&#8220; header_2_font_size_last_edited=&#8220;on|phone&#8220; global_colors_info=&#8220;{}&#8220;]<\/p>\n<h2 itemprop=\"name\">Evaluierungs-Quick-Check (EQC)<\/h2>\n<p>[\/et_pb_text][\/et_pb_column][\/et_pb_row][et_pb_row column_structure=&#8220;2_3,1_3&#8243; make_equal=&#8220;on&#8220; _builder_version=&#8220;4.23.1&#8243; _module_preset=&#8220;default&#8220; custom_margin=&#8220;||||false|false&#8220; custom_padding=&#8220;16px||5px|||&#8220; hover_enabled=&#8220;0&#8243; global_colors_info=&#8220;{}&#8220; sticky_enabled=&#8220;0&#8243;][et_pb_column type=&#8220;2_3&#8243; _builder_version=&#8220;4.23.1&#8243; _module_preset=&#8220;default&#8220; hover_enabled=&#8220;0&#8243; global_colors_info=&#8220;{}&#8220; sticky_enabled=&#8220;0&#8243;][et_pb_text _builder_version=&#8220;4.23.1&#8243; _module_preset=&#8220;default&#8220; text_font_size=&#8220;15px&#8220; custom_margin=&#8220;-15px|||||&#8220; custom_padding=&#8220;14px|||||&#8220; animation_style=&#8220;flip&#8220; animation_direction=&#8220;bottom&#8220; hover_enabled=&#8220;0&#8243; text_font_size_tablet=&#8220;15px&#8220; text_font_size_phone=&#8220;16px&#8220; text_font_size_last_edited=&#8220;on|phone&#8220; global_colors_info=&#8220;{}&#8220; sticky_enabled=&#8220;0&#8243;]<\/p>\n<p><strong>Messgegenstand \/ Dimensionen<\/strong><br \/>Der Evaluierungs-Quick-Check (EQC) ist ein Verfahren zum Screening von Arbeitsbedingungen. Psychische Belastung ist die Summe aller Einfl\u00fcsse, die von au\u00dfen auf den Menschen zukommen und psychisch auf Ihn einwirken (Belastungs-Beanspruchungs-Konzept, Rohmert, 1984). Der EQC gibt einen plastischen \u00dcberblick \u00fcber diese Einfl\u00fcsse in einem Unternehmen oder einem definierten Arbeitsbereich. Er eignet sich, um in k\u00fcrzester Zeit eine Vollerhebung in diesem Unternehmen \/ Arbeitsbereich durchzuf\u00fchren. Hierbei sollte allen MitarbeiterInnen die M\u00f6glichkeit zur Teilnahme an der Befragung geboten werden und diese Teilnahme freiwillig erfolgen. Der Zeitaufwand betr\u00e4gt f\u00fcr jede\/n Mitarbeiter:in ca. 10 Minuten. Als Erhebungs-Zeitraum werden zwei bis drei Wochen empfohlen.<br \/>Der Fragebogen liefert \u00fcberblicksartige Informationen \u00fcber die Verteilung von psychischen Belastungen und Ressourcen am Arbeitsplatz in den vordefinierten Bereichen:<br \/>\u2022 Arbeitsumgebung<br \/>\u2022 Aufgabenanforderungen und T\u00e4tigkeiten<br \/>\u2022 Organisationsklima<br \/>\u2022 Arbeitsabl\u00e4ufe und Arbeitsorganisation.<\/p>\n<p>[\/et_pb_text][\/et_pb_column][et_pb_column type=&#8220;1_3&#8243; _builder_version=&#8220;4.23.1&#8243; _module_preset=&#8220;default&#8220; hover_enabled=&#8220;0&#8243; global_colors_info=&#8220;{}&#8220; module_class=&#8220;vertikal-zentrieren&#8220; sticky_enabled=&#8220;0&#8243;][et_pb_image src=&#8220;https:\/\/irc-consult.at\/wp-content\/uploads\/2023\/12\/eqc1.png&#8220; title_text=&#8220;eqc1&#8243; align=&#8220;center&#8220; _builder_version=&#8220;4.23.1&#8243; _module_preset=&#8220;default&#8220; animation_style=&#8220;flip&#8220; animation_direction=&#8220;bottom&#8220; hover_transition_duration=&#8220;350ms&#8220; hover_enabled=&#8220;0&#8243; border_radii=&#8220;on|8px|8px|8px|8px&#8220; border_color_all=&#8220;#F48100&#8243; box_shadow_style=&#8220;preset1&#8243; box_shadow_blur=&#8220;5px&#8220; global_colors_info=&#8220;{}&#8220; sticky_enabled=&#8220;0&#8243;][\/et_pb_image][\/et_pb_column][\/et_pb_row][et_pb_row make_equal=&#8220;on&#8220; _builder_version=&#8220;4.23&#8243; _module_preset=&#8220;default&#8220; custom_margin=&#8220;||||false|false&#8220; custom_padding=&#8220;16px|||||&#8220; global_colors_info=&#8220;{}&#8220;][et_pb_column type=&#8220;4_4&#8243; _builder_version=&#8220;4.23&#8243; _module_preset=&#8220;default&#8220; global_colors_info=&#8220;{}&#8220;][et_pb_text _builder_version=&#8220;4.23.1&#8243; _module_preset=&#8220;default&#8220; text_font_size=&#8220;15px&#8220; header_2_text_color=&#8220;#F48100&#8243; background_enable_image=&#8220;off&#8220; custom_margin=&#8220;-4px||8px|||&#8220; custom_padding=&#8220;14px|||||&#8220; animation_style=&#8220;flip&#8220; animation_direction=&#8220;bottom&#8220; text_font_size_tablet=&#8220;15px&#8220; text_font_size_phone=&#8220;16px&#8220; text_font_size_last_edited=&#8220;on|phone&#8220; global_colors_info=&#8220;{}&#8220;]<\/p>\n<h2><strong>Kurzbeschreibung des Verfahrens<br \/><\/strong><\/h2>\n<p><strong>Autoren<\/strong><br \/>Andreas Kremla &amp; Elisabeth Staudinger<\/p>\n<p>[\/et_pb_text][et_pb_text _builder_version=&#8220;4.23.1&#8243; _module_preset=&#8220;default&#8220; text_font_size=&#8220;15px&#8220; header_2_text_color=&#8220;#F48100&#8243; background_enable_image=&#8220;off&#8220; custom_margin=&#8220;-4px||8px|||&#8220; custom_padding=&#8220;5px||||false|false&#8220; animation_style=&#8220;flip&#8220; animation_direction=&#8220;bottom&#8220; text_font_size_tablet=&#8220;15px&#8220; text_font_size_phone=&#8220;16px&#8220; text_font_size_last_edited=&#8220;on|phone&#8220; global_colors_info=&#8220;{}&#8220;]<\/p>\n<p><strong><\/strong><strong>Anwendungsbereich\/e<\/strong><br \/>In \u00d6sterreich ist die Analyse psychischer Belastungen Bestandteil der gesetzlich vorgeschriebenen betrieblichen Arbeitsplatzevaluierung (ASchG \u00a74,5), analog in Deutschland der Gef\u00e4hrdungsbeurteilung (ArbSchG \u00a75ff).<br \/>Die Analyse mit EQC dient zum Aufbau einer soliden Datenbasis f\u00fcr Projekte der Evaluierung psychischer Belastungen (AT) bzw. Gef\u00e4hrdungsbeurteilung psychischer Belastungen (D). Sie legt in zuverl\u00e4ssiger Weise offen, wie psychische Arbeitsfaktoren die Situation der Besch\u00e4ftigten pr\u00e4gen. Auf dieser Basis kann entschieden werden, ob weitere Analysen notwendig sind und Optimierungsbedarf besteht.<br \/>Nach ASchG \u00a74,5 bzw. ArbSchG \u00a75ff sind die festgelegten Ma\u00dfnahmen schlie\u00dflich auf ihre Wirksamkeit zu \u00fcberpr\u00fcfen und erforderlichenfalls anzupassen. Eine Wiederholungsbefragung mittels EQC erlaubt es, eine Evaluation der gesetzten Ma\u00dfnahmen durchzuf\u00fchren.<br \/>Unser Angebot richtet sich sowohl an betriebliche als auch \u00fcberbetriebliche Akteur\/-innen, wie Arbeitspsycholog\/-innen, Arbeitsmediziner\/-innen, Arbeitsingenieure\/-innen.<br \/>EQC ist branchen\u00fcbergreifend und f\u00fcr alle T\u00e4tigkeitsklassen einsetzbar. Pr\u00e4zisionsstufe 2: f\u00fcr \u00dcbersichtszwecke (nach \u00d6NORM\/DIN\/SN EN ISO 10075-3)<\/p>\n<p>[\/et_pb_text][et_pb_text _builder_version=&#8220;4.23.1&#8243; _module_preset=&#8220;default&#8220; text_font_size=&#8220;15px&#8220; header_2_text_color=&#8220;#F48100&#8243; background_enable_image=&#8220;off&#8220; custom_margin=&#8220;-4px||8px|||&#8220; custom_padding=&#8220;5px||||false|false&#8220; animation_style=&#8220;flip&#8220; animation_direction=&#8220;bottom&#8220; text_font_size_tablet=&#8220;15px&#8220; text_font_size_phone=&#8220;16px&#8220; text_font_size_last_edited=&#8220;on|phone&#8220; global_colors_info=&#8220;{}&#8220;]<\/p>\n<p><strong><\/strong><strong>Durchf\u00fchrung<\/strong><br \/>Der EQC umfasst 31 Items mit jeweils 6-stufigem Antwortformat von &#8222;trifft \u00fcberhaupt nicht zu&#8220; bis &#8222;trifft v\u00f6llig zu&#8220;. Durchf\u00fchrung mit Tablet\/iPad und Smartphone\/iPhone m\u00f6glich. Die automatisierte Ergebnisr\u00fcckmeldung liefert Ergebnisgrafiken (PDF), Rohdaten und statistische Kennzahlen (CSV)<\/p>\n<p>[\/et_pb_text][et_pb_text _builder_version=&#8220;4.23.1&#8243; _module_preset=&#8220;default&#8220; text_font_size=&#8220;15px&#8220; header_2_text_color=&#8220;#F48100&#8243; background_enable_image=&#8220;off&#8220; custom_margin=&#8220;-4px||11px|||&#8220; custom_padding=&#8220;5px||||false|false&#8220; animation_style=&#8220;flip&#8220; animation_direction=&#8220;bottom&#8220; text_font_size_tablet=&#8220;15px&#8220; text_font_size_phone=&#8220;16px&#8220; text_font_size_last_edited=&#8220;on|phone&#8220; global_colors_info=&#8220;{}&#8220;]<\/p>\n<p><strong><\/strong><strong><\/strong><strong>Durchf\u00fchrungsdauer<\/strong><br \/>Ca. 10 Minuten<\/p>\n<p>[\/et_pb_text][et_pb_text _builder_version=&#8220;4.23.1&#8243; _module_preset=&#8220;default&#8220; text_font_size=&#8220;15px&#8220; header_2_text_color=&#8220;#F48100&#8243; background_enable_image=&#8220;off&#8220; custom_margin=&#8220;-4px||8px|||&#8220; custom_padding=&#8220;5px||||false|false&#8220; animation_style=&#8220;flip&#8220; animation_direction=&#8220;bottom&#8220; text_font_size_tablet=&#8220;15px&#8220; text_font_size_phone=&#8220;16px&#8220; text_font_size_last_edited=&#8220;on|phone&#8220; global_colors_info=&#8220;{}&#8220;]<\/p>\n<p><strong><\/strong><strong><\/strong><strong><\/strong><strong>Reliabilit\u00e4t<\/strong><br \/>Beide Reliabilit\u00e4tsberechnungen gen\u00fcgen den Anforderungen eines guten Fragebogens (Lienert &amp; Raatz, 1995):<br \/>Cronbach Alpha (N=895)<br \/>\u2022 Arbeitsumgebung: .75<br \/>\u2022 Arbeitsanforderungen \/ Arbeitsaufgaben: .83<br \/>\u2022 Arbeitsorganisation: .80<br \/>\u2022 Sozial- und Organisationsklima: .85<\/p>\n<p>[\/et_pb_text][et_pb_text _builder_version=&#8220;4.23.1&#8243; _module_preset=&#8220;default&#8220; text_font_size=&#8220;15px&#8220; header_2_text_color=&#8220;#F48100&#8243; background_enable_image=&#8220;off&#8220; custom_margin=&#8220;-4px||8px|||&#8220; custom_padding=&#8220;5px||||false|false&#8220; animation_style=&#8220;flip&#8220; animation_direction=&#8220;bottom&#8220; text_font_size_tablet=&#8220;15px&#8220; text_font_size_phone=&#8220;16px&#8220; text_font_size_last_edited=&#8220;on|phone&#8220; global_colors_info=&#8220;{}&#8220;]<\/p>\n<p><strong><\/strong><strong><\/strong><strong>Re-Test Reliabilit\u00e4ten (nach 3 Monaten, N=97):<\/strong><br \/>\u2022 Arbeitsumgebung: .50<br \/>\u2022 Arbeitsanforderungen \/ Arbeitsaufgaben: .58<br \/>\u2022 Arbeitsorganisation: .59<br \/>\u2022 Sozial- und Organisationsklima: .61<\/p>\n<p>[\/et_pb_text][et_pb_text _builder_version=&#8220;4.23.1&#8243; _module_preset=&#8220;default&#8220; text_font_size=&#8220;15px&#8220; header_2_text_color=&#8220;#F48100&#8243; background_enable_image=&#8220;off&#8220; custom_margin=&#8220;-4px||10px|||&#8220; custom_padding=&#8220;5px||||false|false&#8220; animation_style=&#8220;flip&#8220; animation_direction=&#8220;bottom&#8220; text_font_size_tablet=&#8220;15px&#8220; text_font_size_phone=&#8220;16px&#8220; text_font_size_last_edited=&#8220;on|phone&#8220; global_colors_info=&#8220;{}&#8220;]<\/p>\n<p><strong><\/strong><strong><\/strong><strong><\/strong><strong><\/strong><strong>Validit\u00e4t<br \/><\/strong>Die Faktorenanalyse best\u00e4tigt ebenfalls eindrucksvoll die Faktorenstruktur des EQC. Die 4 Faktoren erkl\u00e4ren \u00fcber 70% der Gesamtvarianz (N=887), was ein sehr gutes Ergebnis darstellt (Lienert &amp; Raatz, 1995). Die Konstruktvalidit\u00e4t ist demnach gegeben.<br \/>Die erkl\u00e4rte Gesamtvarianz zwischen EQC-Resultaten und mit im Interview\/Workshop diagnostizierten Arbeitsgruppen (Abteilungen, Unternehmensstandorte, Projektgruppen), die unter psychischer Belastung am Arbeitsplatz leiden, betr\u00e4gt 73%, nach Kreuzvalidierung 72% (Diskriminanzanalyse, N=144). Das bedeutet, dass ca. \u00be von Personen aufgrund der vier EQC-Skalen korrekt klassifiziert werden k\u00f6nnen (kriterienorientierte Validit\u00e4t).<\/p>\n<p>[\/et_pb_text][et_pb_text _builder_version=&#8220;4.23.1&#8243; _module_preset=&#8220;default&#8220; text_font_size=&#8220;15px&#8220; header_2_text_color=&#8220;#F48100&#8243; background_enable_image=&#8220;off&#8220; custom_margin=&#8220;-4px|||||&#8220; custom_padding=&#8220;5px||||false|false&#8220; animation_style=&#8220;flip&#8220; animation_direction=&#8220;bottom&#8220; text_font_size_tablet=&#8220;15px&#8220; text_font_size_phone=&#8220;16px&#8220; text_font_size_last_edited=&#8220;on|phone&#8220; global_colors_info=&#8220;{}&#8220;]<\/p>\n<p><strong><\/strong><strong>Vorgabeart<\/strong><br \/>Auf PCs\/Laptop\/Touchpads ohne Einschr\u00e4nkung m\u00f6glich. Auf Mobilphones nur bedingt, da vor allem Eingabe mit Finger etwas m\u00fchsam ist (prinzipiell aber m\u00f6glich). <\/p>\n<p>[\/et_pb_text][et_pb_text _builder_version=&#8220;4.23&#8243; _module_preset=&#8220;default&#8220; text_font_size=&#8220;15px&#8220; header_2_text_color=&#8220;#F48100&#8243; background_enable_image=&#8220;off&#8220; custom_margin=&#8220;-28px||8px|||&#8220; custom_padding=&#8220;5px||||false|false&#8220; animation_style=&#8220;flip&#8220; animation_direction=&#8220;bottom&#8220; text_font_size_tablet=&#8220;15px&#8220; text_font_size_phone=&#8220;16px&#8220; text_font_size_last_edited=&#8220;on|phone&#8220; global_colors_info=&#8220;{}&#8220;]<\/p>\n<p><strong><\/strong><strong><\/strong><strong>Sprachen<\/strong><br \/>Deutsch, Englisch<\/p>\n<p>[\/et_pb_text][et_pb_text _builder_version=&#8220;4.23&#8243; _module_preset=&#8220;default&#8220; text_font_size=&#8220;15px&#8220; header_2_text_color=&#8220;#F48100&#8243; background_enable_image=&#8220;off&#8220; custom_margin=&#8220;-4px|||||&#8220; custom_padding=&#8220;5px||||false|false&#8220; animation_style=&#8220;flip&#8220; animation_direction=&#8220;bottom&#8220; text_font_size_tablet=&#8220;15px&#8220; text_font_size_phone=&#8220;16px&#8220; text_font_size_last_edited=&#8220;on|phone&#8220; global_colors_info=&#8220;{}&#8220;]<\/p>\n<p><strong><\/strong><strong><\/strong><strong><\/strong><strong>Sicherheit und Datenschutz<br \/><\/strong>Das System der Firma IR&amp;C entspricht den modernsten IT-Anforderungen (\u201eBanken- Standard\u201c). Als zus\u00e4tzliche Sicherheitsma\u00dfnahme k\u00f6nnen anstatt der konkreten Namen der getesteten Personen auch Personencodes vergeben werden. Von den Kund*innen m\u00fcssen lediglich gen\u00fcgend PCs\/ Laptops\/Touchpads mit oder ohne Internetverbindung (On\/Off-Line f\u00e4hig, auch Intranet tauglich) zur Verf\u00fcgung gestellt werden.<\/p>\n<p>[\/et_pb_text][\/et_pb_column][\/et_pb_row][\/et_pb_section]<\/p>\n","protected":false},"excerpt":{"rendered":"<p>Evaluierungs-Quick-Check (EQC)Messgegenstand \/ DimensionenDer Evaluierungs-Quick-Check (EQC) ist ein Verfahren zum Screening von Arbeitsbedingungen. Psychische Belastung ist die Summe aller Einfl\u00fcsse, die von au\u00dfen auf den Menschen zukommen und psychisch auf Ihn einwirken (Belastungs-Beanspruchungs-Konzept, Rohmert, 1984). Der EQC gibt einen plastischen \u00dcberblick \u00fcber diese Einfl\u00fcsse in einem Unternehmen oder einem definierten Arbeitsbereich. Er eignet sich, um [&hellip;]<\/p>\n","protected":false},"author":1,"featured_media":0,"parent":0,"menu_order":885,"comment_status":"closed","ping_status":"closed","template":"","meta":{"_et_pb_use_builder":"on","_et_pb_old_content":"","_et_gb_content_width":"","footnotes":""},"class_list":["post-371781","page","type-page","status-publish","hentry"],"_links":{"self":[{"href":"https:\/\/irc-consult.at\/en\/wp-json\/wp\/v2\/pages\/371781","targetHints":{"allow":["GET"]}}],"collection":[{"href":"https:\/\/irc-consult.at\/en\/wp-json\/wp\/v2\/pages"}],"about":[{"href":"https:\/\/irc-consult.at\/en\/wp-json\/wp\/v2\/types\/page"}],"author":[{"embeddable":true,"href":"https:\/\/irc-consult.at\/en\/wp-json\/wp\/v2\/users\/1"}],"replies":[{"embeddable":true,"href":"https:\/\/irc-consult.at\/en\/wp-json\/wp\/v2\/comments?post=371781"}],"version-history":[{"count":5,"href":"https:\/\/irc-consult.at\/en\/wp-json\/wp\/v2\/pages\/371781\/revisions"}],"predecessor-version":[{"id":373476,"href":"https:\/\/irc-consult.at\/en\/wp-json\/wp\/v2\/pages\/371781\/revisions\/373476"}],"wp:attachment":[{"href":"https:\/\/irc-consult.at\/en\/wp-json\/wp\/v2\/media?parent=371781"}],"curies":[{"name":"wp","href":"https:\/\/api.w.org\/{rel}","templated":true}]}}