{"id":371588,"date":"2023-11-03T01:55:54","date_gmt":"2023-11-03T00:55:54","guid":{"rendered":"https:\/\/irc-consult.at\/?page_id=371588"},"modified":"2023-12-04T18:22:15","modified_gmt":"2023-12-04T17:22:15","slug":"ams-massnahme-kompass","status":"publish","type":"page","link":"https:\/\/irc-consult.at\/en\/ams-massnahme-kompass\/","title":{"rendered":"AMS Measure Compass"},"content":{"rendered":"<p>[et_pb_section fb_built=&#8220;1&#8243; _builder_version=&#8220;4.23&#8243; _module_preset=&#8220;default&#8220; background_enable_mask_style=&#8220;on&#8220; background_mask_style=&#8220;honeycomb&#8220; background_mask_color=&#8220;rgba(244,129,0,0.15)&#8220; background_mask_transform=&#8220;invert&#8220; background_mask_aspect_ratio=&#8220;square&#8220; background_mask_size=&#8220;cover&#8220; custom_padding=&#8220;||14px|||&#8220; global_colors_info=&#8220;{}&#8220;][et_pb_row _builder_version=&#8220;4.23&#8243; _module_preset=&#8220;default&#8220; custom_margin=&#8220;-30px|auto|0px|auto|false|false&#8220; custom_padding=&#8220;||3px||false|false&#8220; global_colors_info=&#8220;{}&#8220;][et_pb_column type=&#8220;4_4&#8243; _builder_version=&#8220;4.23&#8243; _module_preset=&#8220;default&#8220; global_colors_info=&#8220;{}&#8220;][et_pb_text _builder_version=&#8220;4.23.1&#8243; _module_preset=&#8220;default&#8220; header_2_font=&#8220;IRC Fonts Regular|||on|||||&#8220; header_2_text_color=&#8220;#F48100&#8243; header_2_font_size=&#8220;25px&#8220; header_2_line_height=&#8220;1.4em&#8220; custom_margin=&#8220;-8px||0px||false|false&#8220; custom_padding=&#8220;||0px||false|false&#8220; animation_style=&#8220;fade&#8220; header_2_font_size_tablet=&#8220;25px&#8220; header_2_font_size_phone=&#8220;15px&#8220; header_2_font_size_last_edited=&#8220;on|phone&#8220; global_colors_info=&#8220;{}&#8220;]<\/p>\n<h2 itemprop=\"name\">KOMPASS &#8211; Psychologische Online Beratung<\/h2>\n<p>[\/et_pb_text][\/et_pb_column][\/et_pb_row][et_pb_row column_structure=&#8220;2_3,1_3&#8243; make_equal=&#8220;on&#8220; _builder_version=&#8220;4.23.1&#8243; _module_preset=&#8220;default&#8220; custom_margin=&#8220;||||false|false&#8220; custom_padding=&#8220;16px||5px|||&#8220; global_colors_info=&#8220;{}&#8220;][et_pb_column type=&#8220;2_3&#8243; _builder_version=&#8220;4.23.1&#8243; _module_preset=&#8220;default&#8220; global_colors_info=&#8220;{}&#8220;][et_pb_text _builder_version=&#8220;4.23.1&#8243; _module_preset=&#8220;default&#8220; text_font_size=&#8220;15px&#8220; custom_margin=&#8220;-15px||-4px|||&#8220; custom_padding=&#8220;14px|||||&#8220; animation_style=&#8220;flip&#8220; animation_direction=&#8220;bottom&#8220; text_font_size_tablet=&#8220;15px&#8220; text_font_size_phone=&#8220;16px&#8220; text_font_size_last_edited=&#8220;on|phone&#8220; global_colors_info=&#8220;{}&#8220;]<\/p>\n<p><strong>Was ist KOMPASS?<\/strong><\/p>\n<p><strong>Individuelle Betreuung<\/strong> und <strong>Beratung von Jugendlichen bzw. Erwachsenen im Einzelsetting<\/strong> und somit Eingehen auf individuelle Problemlagen jedes\/r Einzelnen.<\/p>\n<p>Ziel der vom <strong>AMS finanzierten Ma\u00dfnahme<\/strong> ist die Erh\u00f6hung der Chancen auf einen Wiedereinstieg bzw. Qualifizierung auf dem Arbeitsmarkt. Im Rahmen der Ma\u00dfnahme werden arbeitslose Personen in Burgenland bei diversen Schwierigkeiten von uns unterst\u00fctzt. Wir sind da, um private, arbeitsbezogene, zwischenmenschliche oder alle weiteren Probleme zu besprechen und Impulse zur L\u00f6sungsfindung bereitzustellen.<\/p>\n<p>[\/et_pb_text][\/et_pb_column][et_pb_column type=&#8220;1_3&#8243; module_class=&#8220;vertikal-zentrieren&#8220; _builder_version=&#8220;4.23.1&#8243; _module_preset=&#8220;default&#8220; global_colors_info=&#8220;{}&#8220;][et_pb_image src=&#8220;https:\/\/irc-consult.at\/wp-content\/uploads\/2023\/12\/ams-logo-trans.png&#8220; title_text=&#8220;ams-logo-trans&#8220; align=&#8220;center&#8220; _builder_version=&#8220;4.23.1&#8243; _module_preset=&#8220;default&#8220; animation_style=&#8220;flip&#8220; animation_direction=&#8220;bottom&#8220; hover_transition_duration=&#8220;350ms&#8220; border_radii=&#8220;on|8px|8px|8px|8px&#8220; border_color_all=&#8220;#F48100&#8243; box_shadow_style=&#8220;preset1&#8243; box_shadow_blur=&#8220;5px&#8220; global_colors_info=&#8220;{}&#8220;][\/et_pb_image][\/et_pb_column][\/et_pb_row][et_pb_row make_equal=&#8220;on&#8220; _builder_version=&#8220;4.23&#8243; _module_preset=&#8220;default&#8220; custom_margin=&#8220;|auto|-6px|auto|false|false&#8220; custom_padding=&#8220;1px||25px|||&#8220; global_colors_info=&#8220;{}&#8220;][et_pb_column type=&#8220;4_4&#8243; _builder_version=&#8220;4.23&#8243; _module_preset=&#8220;default&#8220; global_colors_info=&#8220;{}&#8220;][et_pb_text _builder_version=&#8220;4.23.1&#8243; _module_preset=&#8220;default&#8220; text_font_size=&#8220;15px&#8220; header_2_text_color=&#8220;#F48100&#8243; background_enable_image=&#8220;off&#8220; custom_margin=&#8220;-4px||8px|||&#8220; custom_padding=&#8220;5px||||false|false&#8220; animation_style=&#8220;flip&#8220; animation_direction=&#8220;bottom&#8220; text_font_size_tablet=&#8220;15px&#8220; text_font_size_phone=&#8220;16px&#8220; text_font_size_last_edited=&#8220;on|phone&#8220; global_colors_info=&#8220;{}&#8220;]<\/p>\n<p>Wir <strong>h\u00f6ren wertungsfrei zu, beraten, begleiten und bieten diverse Methoden an<\/strong>, die vor allem die folgenden Themenbereiche betreffen: <strong>Arbeitssuche, Ressourcen, Finanzenmanagement, Entspannung, Stressverarbeitung, Angstbew\u00e4ltigung, Selbstwertsteigerung, uvm.<\/strong><\/p>\n<p>Die Ma\u00dfnahme startet mit einem pers\u00f6nlichen Kennenlerngespr\u00e4ch (Orte: in den jeweiligen regionalen AMS-Gesch\u00e4ftsstellen, Vamos in Oberpullendorf, IR&amp;C B\u00fcro in Pinkafeld, IR&amp;C B\u00fcro in Gro\u00dfh\u00f6flein) sowie einer anschlie\u00dfenden Testung. Vorgegeben k\u00f6nnen bei der Testung unter anderem Leistungstests (Logisches Denken, Merkf\u00e4higkeit, Konzentration,&#8230;), Pers\u00f6nlichkeitstests sowie Interessenstests werden. Anschlie\u00dfend werden 10 Beratungseinheiten geplant, diese finden nach Vereinbarung statt und k\u00f6nnen online, telefonisch oder pers\u00f6nlich abgehalten werden.<\/p>\n<p><strong>Es handelt sich dabei um eine freiwillige und f\u00fcr beim AMS gemeldete Personen kostenlose Ma\u00dfnahme.<\/strong><\/p>\n<p>[\/et_pb_text][\/et_pb_column][\/et_pb_row][\/et_pb_section]<\/p>\n","protected":false},"excerpt":{"rendered":"<p>KOMPASS &#8211; Psychologische Online BeratungWas ist KOMPASS? Individuelle Betreuung und Beratung von Jugendlichen bzw. Erwachsenen im Einzelsetting und somit Eingehen auf individuelle Problemlagen jedes\/r Einzelnen. Ziel der vom AMS finanzierten Ma\u00dfnahme ist die Erh\u00f6hung der Chancen auf einen Wiedereinstieg bzw. Qualifizierung auf dem Arbeitsmarkt. Im Rahmen der Ma\u00dfnahme werden arbeitslose Personen in Burgenland bei diversen [&hellip;]<\/p>\n","protected":false},"author":1,"featured_media":0,"parent":0,"menu_order":769,"comment_status":"closed","ping_status":"closed","template":"","meta":{"_et_pb_use_builder":"on","_et_pb_old_content":"<!-- wp:divi\/placeholder \/-->","_et_gb_content_width":"","footnotes":""},"class_list":["post-371588","page","type-page","status-publish","hentry"],"_links":{"self":[{"href":"https:\/\/irc-consult.at\/en\/wp-json\/wp\/v2\/pages\/371588","targetHints":{"allow":["GET"]}}],"collection":[{"href":"https:\/\/irc-consult.at\/en\/wp-json\/wp\/v2\/pages"}],"about":[{"href":"https:\/\/irc-consult.at\/en\/wp-json\/wp\/v2\/types\/page"}],"author":[{"embeddable":true,"href":"https:\/\/irc-consult.at\/en\/wp-json\/wp\/v2\/users\/1"}],"replies":[{"embeddable":true,"href":"https:\/\/irc-consult.at\/en\/wp-json\/wp\/v2\/comments?post=371588"}],"version-history":[{"count":5,"href":"https:\/\/irc-consult.at\/en\/wp-json\/wp\/v2\/pages\/371588\/revisions"}],"predecessor-version":[{"id":373073,"href":"https:\/\/irc-consult.at\/en\/wp-json\/wp\/v2\/pages\/371588\/revisions\/373073"}],"wp:attachment":[{"href":"https:\/\/irc-consult.at\/en\/wp-json\/wp\/v2\/media?parent=371588"}],"curies":[{"name":"wp","href":"https:\/\/api.w.org\/{rel}","templated":true}]}}