{"id":371468,"date":"2023-11-02T23:42:53","date_gmt":"2023-11-02T22:42:53","guid":{"rendered":"https:\/\/irc-consult.at\/?page_id=371468"},"modified":"2023-11-13T09:54:04","modified_gmt":"2023-11-13T08:54:04","slug":"sales-profiler-sp","status":"publish","type":"page","link":"https:\/\/irc-consult.at\/en\/sales-profiler-sp\/","title":{"rendered":"Sales Profiler (SP)"},"content":{"rendered":"<p>[et_pb_section fb_built=&#8220;1&#8243; _builder_version=&#8220;4.23&#8243; _module_preset=&#8220;default&#8220; background_enable_mask_style=&#8220;on&#8220; background_mask_style=&#8220;honeycomb&#8220; background_mask_color=&#8220;rgba(244,129,0,0.15)&#8220; background_mask_transform=&#8220;invert&#8220; background_mask_aspect_ratio=&#8220;square&#8220; background_mask_size=&#8220;cover&#8220; custom_padding=&#8220;||14px|||&#8220; global_colors_info=&#8220;{}&#8220; theme_builder_area=&#8220;post_content&#8220;][et_pb_row _builder_version=&#8220;4.23&#8243; _module_preset=&#8220;default&#8220; custom_margin=&#8220;-30px|auto|0px|auto|false|false&#8220; custom_padding=&#8220;||3px||false|false&#8220; global_colors_info=&#8220;{}&#8220; theme_builder_area=&#8220;post_content&#8220;][et_pb_column type=&#8220;4_4&#8243; _builder_version=&#8220;4.23&#8243; _module_preset=&#8220;default&#8220; global_colors_info=&#8220;{}&#8220; theme_builder_area=&#8220;post_content&#8220;][et_pb_text _builder_version=&#8220;4.23.1&#8243; _module_preset=&#8220;default&#8220; header_2_font=&#8220;IRC Fonts Regular|||on|||||&#8220; header_2_text_color=&#8220;#F48100&#8243; header_2_font_size=&#8220;25px&#8220; header_2_line_height=&#8220;1.4em&#8220; custom_margin=&#8220;-8px||0px||false|false&#8220; custom_padding=&#8220;||0px||false|false&#8220; animation_style=&#8220;fade&#8220; hover_enabled=&#8220;0&#8243; header_2_font_size_tablet=&#8220;25px&#8220; header_2_font_size_phone=&#8220;15px&#8220; header_2_font_size_last_edited=&#8220;on|phone&#8220; global_colors_info=&#8220;{}&#8220; theme_builder_area=&#8220;post_content&#8220; sticky_enabled=&#8220;0&#8243;]<\/p>\n<h2 itemprop=\"name\">Sales Profiler (SP)<\/h2>\n<p>[\/et_pb_text][\/et_pb_column][\/et_pb_row][et_pb_row column_structure=&#8220;2_3,1_3&#8243; make_equal=&#8220;on&#8220; _builder_version=&#8220;4.23.1&#8243; _module_preset=&#8220;default&#8220; custom_margin=&#8220;||||false|false&#8220; custom_padding=&#8220;16px||5px|||&#8220; hover_enabled=&#8220;0&#8243; global_colors_info=&#8220;{}&#8220; theme_builder_area=&#8220;post_content&#8220; sticky_enabled=&#8220;0&#8243;][et_pb_column type=&#8220;2_3&#8243; _builder_version=&#8220;4.23.1&#8243; _module_preset=&#8220;default&#8220; hover_enabled=&#8220;0&#8243; global_colors_info=&#8220;{}&#8220; theme_builder_area=&#8220;post_content&#8220; sticky_enabled=&#8220;0&#8243;][et_pb_text _builder_version=&#8220;4.23.1&#8243; _module_preset=&#8220;default&#8220; text_font_size=&#8220;15px&#8220; custom_margin=&#8220;-15px|||||&#8220; custom_padding=&#8220;14px|||||&#8220; animation_style=&#8220;flip&#8220; animation_direction=&#8220;bottom&#8220; hover_enabled=&#8220;0&#8243; text_font_size_tablet=&#8220;15px&#8220; text_font_size_phone=&#8220;16px&#8220; text_font_size_last_edited=&#8220;on|phone&#8220; global_colors_info=&#8220;{}&#8220; theme_builder_area=&#8220;post_content&#8220; sticky_enabled=&#8220;0&#8243;]<\/p>\n<p><strong>Messgegenstand \/ Dimensionen<\/strong><br \/>Dieses Testverfahren misst als eines der wenigen Verfahren im Personalauswahlprozess sowohl Intelligenz als auch Pers\u00f6nlichkeit und erstellt eine Auswertung, die konkrete Hinweise auf eine vorhandene F\u00e4higkeit als \u201eVerk\u00e4ufer*in\u201c gibt. Der Test kann auch zur Unterst\u00fctzung in der Diagnostik bei Vertriebs- bzw. Au\u00dfendienstmitarbeitern angewendet werden, da insbesondere der Vertrieb ein umfassendes Anforderungsprofil mit vielen Kompetenzen nach sich zieht.<br \/>Erfasst werden, unter anderem, folgende Kompetenzen:<br \/>\u2022 ganzheitliches logisches Denken<br \/>\u2022 Handlungskompetenzen wie F\u00fchrungsmotivation, Flexibilit\u00e4t, Selbstst\u00e4ndigkeit, Durchsetzungsst\u00e4rke \u2026.<br \/>\u2022 Psychische Konstitution: emotionale Stabilit\u00e4t, Belastbarkeit, Selbstbewusstsein, \u2026<br \/>\u2022 Soziale Kompetenzen: Kundenorientiertheit, Beratungsf\u00e4higkeit, Gewissenhaftigkeit, Kontaktf\u00e4higkeit, Akquisitionsst\u00e4rke, Einf\u00fchlungsverm\u00f6gen, Konfliktl\u00f6sef\u00e4higkeit \u2026.<br \/>\u2022 Personale Kompetenz: Leistungsmotivation, Loyalit\u00e4t, Disziplin, Zuverl\u00e4ssigkeit, Verstellungstendenz (Offenheit) und Risikobereitschaft des Probanden\u2026<\/p>\n<p>[\/et_pb_text][\/et_pb_column][et_pb_column type=&#8220;1_3&#8243; _builder_version=&#8220;4.23.1&#8243; _module_preset=&#8220;default&#8220; hover_enabled=&#8220;0&#8243; global_colors_info=&#8220;{}&#8220; theme_builder_area=&#8220;post_content&#8220; module_class=&#8220;vertikal-zentrieren&#8220; sticky_enabled=&#8220;0&#8243;][et_pb_image src=&#8220;https:\/\/irc-consult.at\/wp-content\/uploads\/2023\/11\/sales-profiler1.jpg&#8220; title_text=&#8220;Spacious automobile showroom with bunch of cars and sales representatives.&#8220; align=&#8220;center&#8220; _builder_version=&#8220;4.23.1&#8243; _module_preset=&#8220;default&#8220; animation_style=&#8220;flip&#8220; animation_direction=&#8220;bottom&#8220; hover_transition_duration=&#8220;350ms&#8220; hover_enabled=&#8220;0&#8243; border_radii=&#8220;on|8px|8px|8px|8px&#8220; border_color_all=&#8220;#F48100&#8243; box_shadow_style=&#8220;preset1&#8243; box_shadow_blur=&#8220;5px&#8220; global_colors_info=&#8220;{}&#8220; theme_builder_area=&#8220;post_content&#8220; sticky_enabled=&#8220;0&#8243;][\/et_pb_image][\/et_pb_column][\/et_pb_row][et_pb_row make_equal=&#8220;on&#8220; _builder_version=&#8220;4.23&#8243; _module_preset=&#8220;default&#8220; custom_margin=&#8220;||||false|false&#8220; custom_padding=&#8220;16px|||||&#8220; global_colors_info=&#8220;{}&#8220; theme_builder_area=&#8220;post_content&#8220;][et_pb_column type=&#8220;4_4&#8243; _builder_version=&#8220;4.23&#8243; _module_preset=&#8220;default&#8220; global_colors_info=&#8220;{}&#8220; theme_builder_area=&#8220;post_content&#8220;][et_pb_text _builder_version=&#8220;4.23.1&#8243; _module_preset=&#8220;default&#8220; text_font_size=&#8220;15px&#8220; header_2_text_color=&#8220;#F48100&#8243; background_enable_image=&#8220;off&#8220; custom_margin=&#8220;-4px||8px|||&#8220; custom_padding=&#8220;14px|||||&#8220; animation_style=&#8220;flip&#8220; animation_direction=&#8220;bottom&#8220; hover_enabled=&#8220;0&#8243; text_font_size_tablet=&#8220;15px&#8220; text_font_size_phone=&#8220;16px&#8220; text_font_size_last_edited=&#8220;on|phone&#8220; global_colors_info=&#8220;{}&#8220; theme_builder_area=&#8220;post_content&#8220; sticky_enabled=&#8220;0&#8243;]<\/p>\n<h2><strong>Kurzbeschreibung des Verfahrens<br \/><\/strong><\/h2>\n<p><strong>Autoren<\/strong><br \/>J\u00f6rg A. Prieler &amp; Jasmin Pfeifenberger<\/p>\n<p>[\/et_pb_text][et_pb_text _builder_version=&#8220;4.23.1&#8243; _module_preset=&#8220;default&#8220; text_font_size=&#8220;15px&#8220; header_2_text_color=&#8220;#F48100&#8243; background_enable_image=&#8220;off&#8220; custom_margin=&#8220;-4px||8px|||&#8220; custom_padding=&#8220;5px||||false|false&#8220; animation_style=&#8220;flip&#8220; animation_direction=&#8220;bottom&#8220; hover_enabled=&#8220;0&#8243; text_font_size_tablet=&#8220;15px&#8220; text_font_size_phone=&#8220;16px&#8220; text_font_size_last_edited=&#8220;on|phone&#8220; global_colors_info=&#8220;{}&#8220; theme_builder_area=&#8220;post_content&#8220; sticky_enabled=&#8220;0&#8243;]<\/p>\n<p><strong><\/strong><strong>Anwendungsbereich\/e<\/strong><br \/>Wirtschaftspsychologie, Verkaufspsychologie<\/p>\n<p>[\/et_pb_text][et_pb_text _builder_version=&#8220;4.23.1&#8243; _module_preset=&#8220;default&#8220; text_font_size=&#8220;15px&#8220; header_2_text_color=&#8220;#F48100&#8243; background_enable_image=&#8220;off&#8220; custom_margin=&#8220;-4px||8px|||&#8220; custom_padding=&#8220;5px||||false|false&#8220; animation_style=&#8220;flip&#8220; animation_direction=&#8220;bottom&#8220; hover_enabled=&#8220;0&#8243; text_font_size_tablet=&#8220;15px&#8220; text_font_size_phone=&#8220;16px&#8220; text_font_size_last_edited=&#8220;on|phone&#8220; global_colors_info=&#8220;{}&#8220; theme_builder_area=&#8220;post_content&#8220; sticky_enabled=&#8220;0&#8243;]<\/p>\n<p><strong><\/strong><strong>Durchf\u00fchrung<\/strong><br \/>Der Sales Profiler verbindet Intelligenz (22 Items) und Pers\u00f6nlichkeit (167 Items) und bietet ein umfassendes Profil des Probanden mit 27 Pers\u00f6nlichkeitsmerkmalen, die auf subjektiver Selbsteinsch\u00e4tzung der Probanden beruhen.<\/p>\n<p>[\/et_pb_text][et_pb_text _builder_version=&#8220;4.23&#8243; _module_preset=&#8220;default&#8220; text_font_size=&#8220;15px&#8220; header_2_text_color=&#8220;#F48100&#8243; background_enable_image=&#8220;off&#8220; custom_margin=&#8220;-4px||11px|||&#8220; custom_padding=&#8220;5px||||false|false&#8220; animation_style=&#8220;flip&#8220; animation_direction=&#8220;bottom&#8220; text_font_size_tablet=&#8220;15px&#8220; text_font_size_phone=&#8220;16px&#8220; text_font_size_last_edited=&#8220;on|phone&#8220; global_colors_info=&#8220;{}&#8220; theme_builder_area=&#8220;post_content&#8220;]<\/p>\n<p><strong><\/strong><strong><\/strong><strong>Durchf\u00fchrungsdauer<\/strong><br \/>Ca. 30 Minuten<\/p>\n<p>[\/et_pb_text][et_pb_text _builder_version=&#8220;4.23.1&#8243; _module_preset=&#8220;default&#8220; text_font_size=&#8220;15px&#8220; header_2_text_color=&#8220;#F48100&#8243; background_enable_image=&#8220;off&#8220; custom_margin=&#8220;-4px||8px|||&#8220; custom_padding=&#8220;5px||||false|false&#8220; animation_style=&#8220;flip&#8220; animation_direction=&#8220;bottom&#8220; hover_enabled=&#8220;0&#8243; text_font_size_tablet=&#8220;15px&#8220; text_font_size_phone=&#8220;16px&#8220; text_font_size_last_edited=&#8220;on|phone&#8220; global_colors_info=&#8220;{}&#8220; theme_builder_area=&#8220;post_content&#8220; sticky_enabled=&#8220;0&#8243;]<\/p>\n<p><strong><\/strong><strong><\/strong><strong><\/strong><strong>Reliabilit\u00e4t<\/strong><br \/>Die Reliabilit\u00e4t im Sinn einer inneren Konsistenz ist aufgrund der Geltung des Rating Scale-Modells gegeben. Dennoch wurden Cronbach\u2019s Alpha und Retest-Reliabilit\u00e4ten gerechnet:<br \/>In einer Untersuchung an 448 Personen wurden Reliabilit\u00e4tskoeffizienten f\u00fcr die einzelnen Skalen ermittelt, die im Bereich von 0,75 bis 0,92 liegen (Cronbach\u00b4s Alpha).<br \/>Zur Bestimmung der Stabilit\u00e4t wurden 177 Personen im Sechsmonatsintervall ein zweites Mal getestet. Die Retest-Reliabilit\u00e4ten liegen zwischen 0.74 und 0.85.<\/p>\n<p>[\/et_pb_text][et_pb_text _builder_version=&#8220;4.23.1&#8243; _module_preset=&#8220;default&#8220; text_font_size=&#8220;15px&#8220; header_2_text_color=&#8220;#F48100&#8243; background_enable_image=&#8220;off&#8220; custom_margin=&#8220;-4px||10px|||&#8220; custom_padding=&#8220;5px||||false|false&#8220; animation_style=&#8220;flip&#8220; animation_direction=&#8220;bottom&#8220; hover_enabled=&#8220;0&#8243; text_font_size_tablet=&#8220;15px&#8220; text_font_size_phone=&#8220;16px&#8220; text_font_size_last_edited=&#8220;on|phone&#8220; global_colors_info=&#8220;{}&#8220; theme_builder_area=&#8220;post_content&#8220; sticky_enabled=&#8220;0&#8243;]<\/p>\n<p><strong><\/strong><strong><\/strong><strong><\/strong><strong><\/strong><strong>Validit\u00e4t<br \/><\/strong>Die Validit\u00e4t des IA ist gegeben, weil eine hohe \u00dcbereinstimmung mit anderen Testverfahren (WAVE, Professional Styles, Saville Consulting) gegeben ist, welche teilweise \u00e4hnliche Dimensionen erfassen, und weil wenig bis keine \u00dcbereinstimmung mit Testverfahren besteht, die etwas Anderes erfassen (konvergente und diskriminante Validit\u00e4t).<br \/>In einer zweiten Validierungsstudie (Personen im Verkauf\/Au\u00dfendienst und Normalpersonen, N=171) mit nachfolgender Kreuzvalidierung (Personen im Verkauf\/Au\u00dfendienst und Normalpersonen, N=142 wurden die Skalenunterschiede dieser beiden Gruppen inferenzstatistisch untersucht (Varianz- und Diskriminanzanalyse).<br \/>In einer dritten Validierungsstudie (Verkauf\/Au\u00dfendienst Profis, die von Betrieben als exzellent beschrieben wurden, N=47) wurde der SP vorgegeben und mit den Skalenauspr\u00e4gungen der Normstichprobe verglichen. Mit diesen Daten konnte auch das Idealprofil optimiert werden.<\/p>\n<p>[\/et_pb_text][et_pb_text _builder_version=&#8220;4.23.1&#8243; _module_preset=&#8220;default&#8220; text_font_size=&#8220;15px&#8220; header_2_text_color=&#8220;#F48100&#8243; background_enable_image=&#8220;off&#8220; custom_margin=&#8220;-4px||10px|||&#8220; custom_padding=&#8220;5px||||false|false&#8220; animation_style=&#8220;flip&#8220; animation_direction=&#8220;bottom&#8220; hover_enabled=&#8220;0&#8243; text_font_size_tablet=&#8220;15px&#8220; text_font_size_phone=&#8220;16px&#8220; text_font_size_last_edited=&#8220;on|phone&#8220; global_colors_info=&#8220;{}&#8220; theme_builder_area=&#8220;post_content&#8220; sticky_enabled=&#8220;0&#8243;]<\/p>\n<p><strong><\/strong><strong>Auswertung \/ Normen<\/strong><br \/>Es werden f\u00fcr die einzelnen Skalen Normwerte (Stanine-Skala) ausgegeben, an deren Erweiterung kontinuierlich gearbeitet wird. Derzeit liegen Normen von Normalpersonen (N=470), Personen im Verkauf (N=203) und Personen im Au\u00dfendienst (188) vor; Aufteilung nach Geschlecht, Alter und Bildungsgrad vorhanden. Auf die Darstellung von Normtabellen wird, wie international bei vielen Testverlagen heute \u00fcblich, aus Copyright Gr\u00fcnden verzichtet; die Normen sind Bestandteil der Auswertungssoftware und werden nicht ver\u00f6ffentlicht.<\/p>\n<p>[\/et_pb_text][et_pb_text _builder_version=&#8220;4.23.1&#8243; _module_preset=&#8220;default&#8220; text_font_size=&#8220;15px&#8220; header_2_text_color=&#8220;#F48100&#8243; background_enable_image=&#8220;off&#8220; custom_margin=&#8220;-4px|||||&#8220; custom_padding=&#8220;5px||||false|false&#8220; animation_style=&#8220;flip&#8220; animation_direction=&#8220;bottom&#8220; hover_enabled=&#8220;0&#8243; text_font_size_tablet=&#8220;15px&#8220; text_font_size_phone=&#8220;16px&#8220; text_font_size_last_edited=&#8220;on|phone&#8220; global_colors_info=&#8220;{}&#8220; theme_builder_area=&#8220;post_content&#8220; sticky_enabled=&#8220;0&#8243;]<\/p>\n<p><strong><\/strong><strong>Vorgabeart<\/strong><br \/>Auf PCs\/Laptop\/Touchpads ohne Einschr\u00e4nkung m\u00f6glich. Auf Mobilphones nur bedingt, da vor allem Eingabe mit Finger etwas m\u00fchsam ist (prinzipiell aber m\u00f6glich).<\/p>\n<p>[\/et_pb_text][et_pb_text _builder_version=&#8220;4.23&#8243; _module_preset=&#8220;default&#8220; text_font_size=&#8220;15px&#8220; header_2_text_color=&#8220;#F48100&#8243; background_enable_image=&#8220;off&#8220; custom_margin=&#8220;-28px||8px|||&#8220; custom_padding=&#8220;5px||||false|false&#8220; animation_style=&#8220;flip&#8220; animation_direction=&#8220;bottom&#8220; text_font_size_tablet=&#8220;15px&#8220; text_font_size_phone=&#8220;16px&#8220; text_font_size_last_edited=&#8220;on|phone&#8220; global_colors_info=&#8220;{}&#8220; theme_builder_area=&#8220;post_content&#8220;]<\/p>\n<p><strong><\/strong><strong><\/strong><strong>Sprachen<\/strong><br \/>Deutsch, Englisch<\/p>\n<p>[\/et_pb_text][et_pb_text _builder_version=&#8220;4.23&#8243; _module_preset=&#8220;default&#8220; text_font_size=&#8220;15px&#8220; header_2_text_color=&#8220;#F48100&#8243; background_enable_image=&#8220;off&#8220; custom_margin=&#8220;-4px|||||&#8220; custom_padding=&#8220;5px||||false|false&#8220; animation_style=&#8220;flip&#8220; animation_direction=&#8220;bottom&#8220; text_font_size_tablet=&#8220;15px&#8220; text_font_size_phone=&#8220;16px&#8220; text_font_size_last_edited=&#8220;on|phone&#8220; global_colors_info=&#8220;{}&#8220; theme_builder_area=&#8220;post_content&#8220;]<\/p>\n<p><strong><\/strong><strong><\/strong><strong><\/strong><strong>Sicherheit und Datenschutz<br \/><\/strong>Das System der Firma IR&amp;C entspricht den modernsten IT-Anforderungen (\u201eBanken- Standard\u201c). Als zus\u00e4tzliche Sicherheitsma\u00dfnahme k\u00f6nnen anstatt der konkreten Namen der getesteten Personen auch Personencodes vergeben werden. Von den Kund*innen m\u00fcssen lediglich gen\u00fcgend PCs\/ Laptops\/Touchpads mit oder ohne Internetverbindung (On\/Off-Line f\u00e4hig, auch Intranet tauglich) zur Verf\u00fcgung gestellt werden.<\/p>\n<p>[\/et_pb_text][\/et_pb_column][\/et_pb_row][\/et_pb_section]<\/p>\n","protected":false},"excerpt":{"rendered":"<p>Sales Profiler (SP)Messgegenstand \/ DimensionenDieses Testverfahren misst als eines der wenigen Verfahren im Personalauswahlprozess sowohl Intelligenz als auch Pers\u00f6nlichkeit und erstellt eine Auswertung, die konkrete Hinweise auf eine vorhandene F\u00e4higkeit als \u201eVerk\u00e4ufer*in\u201c gibt. Der Test kann auch zur Unterst\u00fctzung in der Diagnostik bei Vertriebs- bzw. Au\u00dfendienstmitarbeitern angewendet werden, da insbesondere der Vertrieb ein umfassendes Anforderungsprofil [&hellip;]<\/p>\n","protected":false},"author":1,"featured_media":0,"parent":0,"menu_order":713,"comment_status":"closed","ping_status":"closed","template":"","meta":{"_et_pb_use_builder":"on","_et_pb_old_content":"<!-- wp:divi\/placeholder \/-->","_et_gb_content_width":"","footnotes":""},"class_list":["post-371468","page","type-page","status-publish","hentry"],"_links":{"self":[{"href":"https:\/\/irc-consult.at\/en\/wp-json\/wp\/v2\/pages\/371468","targetHints":{"allow":["GET"]}}],"collection":[{"href":"https:\/\/irc-consult.at\/en\/wp-json\/wp\/v2\/pages"}],"about":[{"href":"https:\/\/irc-consult.at\/en\/wp-json\/wp\/v2\/types\/page"}],"author":[{"embeddable":true,"href":"https:\/\/irc-consult.at\/en\/wp-json\/wp\/v2\/users\/1"}],"replies":[{"embeddable":true,"href":"https:\/\/irc-consult.at\/en\/wp-json\/wp\/v2\/comments?post=371468"}],"version-history":[{"count":5,"href":"https:\/\/irc-consult.at\/en\/wp-json\/wp\/v2\/pages\/371468\/revisions"}],"predecessor-version":[{"id":371846,"href":"https:\/\/irc-consult.at\/en\/wp-json\/wp\/v2\/pages\/371468\/revisions\/371846"}],"wp:attachment":[{"href":"https:\/\/irc-consult.at\/en\/wp-json\/wp\/v2\/media?parent=371468"}],"curies":[{"name":"wp","href":"https:\/\/api.w.org\/{rel}","templated":true}]}}