{"id":371461,"date":"2023-11-02T23:39:50","date_gmt":"2023-11-02T22:39:50","guid":{"rendered":"https:\/\/irc-consult.at\/?page_id=371461"},"modified":"2023-11-21T00:37:46","modified_gmt":"2023-11-20T23:37:46","slug":"rechts-links-orientierung","status":"publish","type":"page","link":"https:\/\/irc-consult.at\/en\/rechts-links-orientierung\/","title":{"rendered":"Right-left orientation (RLO)"},"content":{"rendered":"<p>[et_pb_section fb_built=&#8220;1&#8243; _builder_version=&#8220;4.23&#8243; _module_preset=&#8220;default&#8220; background_enable_mask_style=&#8220;on&#8220; background_mask_style=&#8220;honeycomb&#8220; background_mask_color=&#8220;rgba(244,129,0,0.15)&#8220; background_mask_transform=&#8220;invert&#8220; background_mask_aspect_ratio=&#8220;square&#8220; background_mask_size=&#8220;cover&#8220; custom_padding=&#8220;||14px|||&#8220; global_colors_info=&#8220;{}&#8220;][et_pb_row _builder_version=&#8220;4.23&#8243; _module_preset=&#8220;default&#8220; custom_margin=&#8220;-30px|auto|0px|auto|false|false&#8220; custom_padding=&#8220;||3px||false|false&#8220; global_colors_info=&#8220;{}&#8220;][et_pb_column type=&#8220;4_4&#8243; _builder_version=&#8220;4.23&#8243; _module_preset=&#8220;default&#8220; global_colors_info=&#8220;{}&#8220;][et_pb_text _builder_version=&#8220;4.23.1&#8243; _module_preset=&#8220;default&#8220; header_2_font=&#8220;IRC Fonts Regular|||on|||||&#8220; header_2_text_color=&#8220;#F48100&#8243; header_2_font_size=&#8220;25px&#8220; header_2_line_height=&#8220;1.4em&#8220; custom_margin=&#8220;-8px||0px||false|false&#8220; custom_padding=&#8220;||0px||false|false&#8220; animation_style=&#8220;fade&#8220; hover_enabled=&#8220;0&#8243; header_2_font_size_tablet=&#8220;25px&#8220; header_2_font_size_phone=&#8220;15px&#8220; header_2_font_size_last_edited=&#8220;on|phone&#8220; global_colors_info=&#8220;{}&#8220; sticky_enabled=&#8220;0&#8243;]<\/p>\n<h2 itemprop=\"name\">Rechts-Links-Orientierung (RLO)<\/h2>\n<p>[\/et_pb_text][\/et_pb_column][\/et_pb_row][et_pb_row column_structure=&#8220;2_3,1_3&#8243; make_equal=&#8220;on&#8220; _builder_version=&#8220;4.23.1&#8243; _module_preset=&#8220;default&#8220; custom_margin=&#8220;||||false|false&#8220; custom_padding=&#8220;16px||5px|||&#8220; global_colors_info=&#8220;{}&#8220;][et_pb_column type=&#8220;2_3&#8243; _builder_version=&#8220;4.23.1&#8243; _module_preset=&#8220;default&#8220; global_colors_info=&#8220;{}&#8220;][et_pb_text _builder_version=&#8220;4.23.1&#8243; _module_preset=&#8220;default&#8220; text_font_size=&#8220;15px&#8220; custom_margin=&#8220;-15px|||||&#8220; custom_padding=&#8220;14px|||||&#8220; animation_style=&#8220;flip&#8220; animation_direction=&#8220;bottom&#8220; text_font_size_tablet=&#8220;15px&#8220; text_font_size_phone=&#8220;16px&#8220; text_font_size_last_edited=&#8220;on|phone&#8220; global_colors_info=&#8220;{}&#8220;]<\/p>\n<p><strong>Messgegenstand \/ Dimensionen<\/strong><br \/>Eine Rechts-Links-Schw\u00e4che, oder auch Links-Rechts-Schw\u00e4che, ist sehr weit verbreitet. Einen speziellen Fachbegriff gibt es f\u00fcr diese \u201eKrankheit\u201c nicht. Die Betroffenen haben vor allem Schwierigkeiten damit, in die Richtung zu zeigen, die angegeben wird. So f\u00e4llt es ihnen au\u00dferdem schwer, Wegbeschreibungen oder den Anweisungen des Fahrlehrers zu folgen. Die Orientierungsst\u00f6rung tritt besonders stark in hektischen Situationen und unter Stress auf. Tats\u00e4chlich wurden auf diese Weise schon falsche Gliedma\u00dfen amputiert.<br \/>Den Ursprung der Rechts-Links-Schw\u00e4che sehen viele Forscher in der menschlichen Evolutionsgeschichte. Mithilfe eines inneren Kompasses konnten sich die Steinzeitmenschen sehr zuverl\u00e4ssig orientieren. Durch die Einf\u00fchrung der Begriffe links und rechts r\u00fcckten die Himmelsrichtungen hingegen in den Hintergrund. Die seitliche Orientierung ist allerdings sehr ungenau und von unserem derzeitigen Standpunkt abh\u00e4ngig. Da dies unseren Urinstinkten widerspricht, kommt es bei vielen Menschen zu entsprechenden Problemen.<br \/>Aktuelle Ergebnisse von Studien zeigen, dass die r\u00e4umliche Orientierung langsamer und \u00fcber einen l\u00e4ngeren Zeitraum w\u00e4chst als andere r\u00e4umliche F\u00e4higkeiten (Wilhelm &amp; Maresch, 2017). Das bedeutet, dass die F\u00e4higkeit zur r\u00e4umlichen Orientierung mit etwa 14 Jahren zu deutlich weniger als 80% entwickelt ist und sich diese F\u00e4higkeit erst bis zum Alter von etwa 25 Jahren zu etwa 80%-90% entwickelt hat (Wilhelm, 2017).<br \/>Beruhigend ist, dass mangelnde Intelligenz sicher nicht der Grund f\u00fcr eine Rechts-Links-Schw\u00e4che ist. Vielmehr liegt der Grund in falschem oder fehlendem Training, denn \u201erechts\u201c und \u201elinks\u201c sind eben keine angeborenen Orientierungsmerkmale.<\/p>\n<ul>\n<li>20 bis 30 Prozent der Menschen haben Probleme mit \u201erechts\u201c und \u201elinks\u201c.<\/li>\n<li>Viele Naturv\u00f6lker kennen diese Zuweisung nicht, sie orientieren sich haupts\u00e4chlich an den Himmelsrichtungen.<\/li>\n<li>Auch bei kleinen Kindern in Industriel\u00e4ndern ist das so angelegt \u2013 bis sie auf \u201erechts\u201c und \u201elinks\u201c gedrillt werden.<\/li>\n<\/ul>\n<p>Es werden 2 Variablen erhoben: <br \/>1. egozentrische Strategie (k\u00f6rperbezogen, das ist die \u201erichtige\u201c Rechts-Links-Orientierungsf\u00e4higkeit) und <br \/>2. allozentrische Strategie (auf Himmelsrichtung bezogen; verwenden manche Naturv\u00f6lker und Kleinkinder; verlieren leicht Orientierung in St\u00e4dten\/ Geb\u00e4uden, auch wenn Sie schon \u00f6fters dort waren, k\u00f6nnen z.B. Anweisungen eines Beifahrers wie \u201elinks abbiegen\u201c gar nicht oder nur stark verlangsamt folgen; warten auf h\u00e4ndisches \u201eRichtungsanzeigen\u201c)<\/p>\n<p>[\/et_pb_text][\/et_pb_column][et_pb_column type=&#8220;1_3&#8243; module_class=&#8220;vertikal-zentrieren&#8220; _builder_version=&#8220;4.23.1&#8243; _module_preset=&#8220;default&#8220; global_colors_info=&#8220;{}&#8220;][et_pb_image src=&#8220;https:\/\/irc-consult.at\/wp-content\/uploads\/2023\/11\/rlo3.png&#8220; title_text=&#8220;rlo3&#8243; align=&#8220;center&#8220; _builder_version=&#8220;4.23.1&#8243; _module_preset=&#8220;default&#8220; animation_style=&#8220;flip&#8220; animation_direction=&#8220;bottom&#8220; hover_transition_duration=&#8220;350ms&#8220; border_radii=&#8220;on|8px|8px|8px|8px&#8220; border_color_all=&#8220;#F48100&#8243; box_shadow_style=&#8220;preset1&#8243; box_shadow_blur=&#8220;5px&#8220; global_colors_info=&#8220;{}&#8220;][\/et_pb_image][\/et_pb_column][\/et_pb_row][et_pb_row make_equal=&#8220;on&#8220; _builder_version=&#8220;4.23&#8243; _module_preset=&#8220;default&#8220; custom_margin=&#8220;||||false|false&#8220; custom_padding=&#8220;16px|||||&#8220; global_colors_info=&#8220;{}&#8220;][et_pb_column type=&#8220;4_4&#8243; _builder_version=&#8220;4.23&#8243; _module_preset=&#8220;default&#8220; global_colors_info=&#8220;{}&#8220;][et_pb_text _builder_version=&#8220;4.23&#8243; _module_preset=&#8220;default&#8220; text_font_size=&#8220;15px&#8220; header_2_text_color=&#8220;#F48100&#8243; background_enable_image=&#8220;off&#8220; custom_margin=&#8220;-4px||8px|||&#8220; custom_padding=&#8220;14px|||||&#8220; animation_style=&#8220;flip&#8220; animation_direction=&#8220;bottom&#8220; text_font_size_tablet=&#8220;15px&#8220; text_font_size_phone=&#8220;16px&#8220; text_font_size_last_edited=&#8220;on|phone&#8220; global_colors_info=&#8220;{}&#8220;]<\/p>\n<h2><strong>Kurzbeschreibung des Verfahrens<br \/><\/strong><\/h2>\n<p><strong>Autor<\/strong><br \/>J\u00f6rg A. Prieler<\/p>\n<p>[\/et_pb_text][et_pb_text _builder_version=&#8220;4.23.1&#8243; _module_preset=&#8220;default&#8220; text_font_size=&#8220;15px&#8220; header_2_text_color=&#8220;#F48100&#8243; background_enable_image=&#8220;off&#8220; custom_margin=&#8220;-4px||8px|||&#8220; custom_padding=&#8220;5px||||false|false&#8220; animation_style=&#8220;flip&#8220; animation_direction=&#8220;bottom&#8220; hover_enabled=&#8220;0&#8243; text_font_size_tablet=&#8220;15px&#8220; text_font_size_phone=&#8220;16px&#8220; text_font_size_last_edited=&#8220;on|phone&#8220; global_colors_info=&#8220;{}&#8220; sticky_enabled=&#8220;0&#8243;]<\/p>\n<p><strong><\/strong><strong>Anwendungsbereich\/e<\/strong><br \/>Verkehrspsychologie; Personalauswahl bzw. Recruiting vor allem bei Medizinischem Personal, Blaulichtorganisationen, Armee, Flugsicherung, Steuerungsaufgaben \u2026; Klinische Psychologie<\/p>\n<p>[\/et_pb_text][et_pb_text _builder_version=&#8220;4.23.1&#8243; _module_preset=&#8220;default&#8220; text_font_size=&#8220;15px&#8220; header_2_text_color=&#8220;#F48100&#8243; background_enable_image=&#8220;off&#8220; custom_margin=&#8220;-4px||8px|||&#8220; custom_padding=&#8220;5px||||false|false&#8220; animation_style=&#8220;flip&#8220; animation_direction=&#8220;bottom&#8220; hover_enabled=&#8220;0&#8243; text_font_size_tablet=&#8220;15px&#8220; text_font_size_phone=&#8220;16px&#8220; text_font_size_last_edited=&#8220;on|phone&#8220; global_colors_info=&#8220;{}&#8220; sticky_enabled=&#8220;0&#8243;]<\/p>\n<p><strong><\/strong><strong>Durchf\u00fchrung<\/strong><br \/>Die RLO gibt es als Screening Form (12 Items) und als Standardform (40 Items).<\/p>\n<p>[\/et_pb_text][et_pb_text _builder_version=&#8220;4.23.1&#8243; _module_preset=&#8220;default&#8220; text_font_size=&#8220;15px&#8220; header_2_text_color=&#8220;#F48100&#8243; background_enable_image=&#8220;off&#8220; custom_margin=&#8220;-4px||11px|||&#8220; custom_padding=&#8220;5px||||false|false&#8220; animation_style=&#8220;flip&#8220; animation_direction=&#8220;bottom&#8220; hover_enabled=&#8220;0&#8243; text_font_size_tablet=&#8220;15px&#8220; text_font_size_phone=&#8220;16px&#8220; text_font_size_last_edited=&#8220;on|phone&#8220; global_colors_info=&#8220;{}&#8220; sticky_enabled=&#8220;0&#8243;]<\/p>\n<p><strong><\/strong><strong><\/strong><strong>Durchf\u00fchrungsdauer<\/strong><br \/>Pro Item hat man bei beiden Version 30 Sekunden Zeit zum \u00dcberlegen, dann folgt das n\u00e4chste Item. Screening Form (12 Items): 6 Minuten; Standardform (40 Items): 20 Minuten<\/p>\n<p>[\/et_pb_text][et_pb_text _builder_version=&#8220;4.23.1&#8243; _module_preset=&#8220;default&#8220; text_font_size=&#8220;15px&#8220; header_2_text_color=&#8220;#F48100&#8243; background_enable_image=&#8220;off&#8220; custom_margin=&#8220;-4px||8px|||&#8220; custom_padding=&#8220;5px||||false|false&#8220; animation_style=&#8220;flip&#8220; animation_direction=&#8220;bottom&#8220; hover_enabled=&#8220;0&#8243; text_font_size_tablet=&#8220;15px&#8220; text_font_size_phone=&#8220;16px&#8220; text_font_size_last_edited=&#8220;on|phone&#8220; global_colors_info=&#8220;{}&#8220; sticky_enabled=&#8220;0&#8243;]<\/p>\n<p><strong><\/strong><strong><\/strong><strong><\/strong><strong>Reliabilit\u00e4t<\/strong><br \/>Die Reliabilit\u00e4t im Sinn einer inneren Konsistenz ist aufgrund der Geltung des Rasch-Modells gegeben. Dennoch wurden Cronbach\u2019s Alpha und Retest-Reliabilit\u00e4ten gerechnet:<br \/>In einer Untersuchung an 213 Personen wurden Reliabilit\u00e4tskoeffizienten von 0,85 (Screening) und 0,96 (Standardform) ermittelt (Cronbach\u00b4s Alpha).<br \/>Zur Bestimmung der Stabilit\u00e4t wurden 104 Personen im Sechsmonatsintervall ein zweites Mal getestet. Die Retest-Reliabilit\u00e4ten liegen bei 0.70 (Screening) und 0.76 (Standardform).<\/p>\n<p>[\/et_pb_text][et_pb_text _builder_version=&#8220;4.23.1&#8243; _module_preset=&#8220;default&#8220; text_font_size=&#8220;15px&#8220; header_2_text_color=&#8220;#F48100&#8243; background_enable_image=&#8220;off&#8220; custom_margin=&#8220;-4px||10px|||&#8220; custom_padding=&#8220;5px||||false|false&#8220; animation_style=&#8220;flip&#8220; animation_direction=&#8220;bottom&#8220; hover_enabled=&#8220;0&#8243; text_font_size_tablet=&#8220;15px&#8220; text_font_size_phone=&#8220;16px&#8220; text_font_size_last_edited=&#8220;on|phone&#8220; global_colors_info=&#8220;{}&#8220; sticky_enabled=&#8220;0&#8243;]<\/p>\n<p><strong><\/strong><strong><\/strong><strong><\/strong><strong><\/strong><strong>Validit\u00e4t<br \/><\/strong>Die Validit\u00e4t der RLO ist gegeben, weil eine hohe \u00dcbereinstimmung mit anderen Testverfahren: Rechts-Links Test bei Air Traffic Controller (Eurocontrol), 3-dimensionaler W\u00fcrfeltest (3DW, Gittler), Figurenzusammensetzen (IST2000R, Amthauer) gegeben ist, welche \u00e4hnliche Dimensionen erfassen, und weil wenig bis keine \u00dcbereinstimmung mit Testverfahren besteht, die etwas Anderes erfassen: Standard Progressive Matrices (SPM, Raven) und d2 Aufmerksamkeitstest (Brickenkamp). Es gibt wenig bis gar keinen Zusammenhang mit allgemeiner Intelligenz und Konzentration, wie das auch in zahlreichen Studien postuliert wurde (konvergente und diskriminante Validit\u00e4t).<br \/>In einer zweiten Validierungsstudie (Air Traffic Controller mit mind. 10 Jahre Erfahrung, N=59) mit nachfolgender Kreuzvalidierung (Normalpersonen, N=63) wurden die Skalenunterschiede dieser beiden Gruppen inferenzstatistisch untersucht (Varianz- und Diskriminanzanalyse).<br \/>In einer dritten Validierungsstudie (Spezialeinheiten, N=33) wurde die RLO im Zuge des Aufnahmeverfahrens vorgegeben und mit dem Erfolg nach einem 3-monatigen Waffen- und Gefechts-Drill (Einsch\u00e4tzung auf Schulnotenskala durch Kommandanten) korreliert.<br \/>Auswertung \/ Normen <br \/>Es werden f\u00fcr die beiden Versionen Normwerte (Stanine-Skala) ausgegeben, an deren Erweiterung kontinuierlich gearbeitet wird. Derzeit liegen Normen von Normalpersonen (N=218), Air Traffic Controller (N=111) und Spezialeinheiten (N=54) vor; Aufteilung nach Geschlecht, Alter und Bildungsgrad vorhanden. Auf die Darstellung von Normtabellen wird, wie international bei vielen Testverlagen heute \u00fcblich, aus Copyright Gr\u00fcnden verzichtet; die Normen sind Bestandteil der Auswertungssoftware und werden nicht ver\u00f6ffentlicht. <\/p>\n<p>[\/et_pb_text][et_pb_text _builder_version=&#8220;4.23.1&#8243; _module_preset=&#8220;default&#8220; text_font_size=&#8220;15px&#8220; header_2_text_color=&#8220;#F48100&#8243; background_enable_image=&#8220;off&#8220; custom_margin=&#8220;-4px||10px|||&#8220; custom_padding=&#8220;5px||||false|false&#8220; animation_style=&#8220;flip&#8220; animation_direction=&#8220;bottom&#8220; hover_enabled=&#8220;0&#8243; text_font_size_tablet=&#8220;15px&#8220; text_font_size_phone=&#8220;16px&#8220; text_font_size_last_edited=&#8220;on|phone&#8220; global_colors_info=&#8220;{}&#8220; sticky_enabled=&#8220;0&#8243;]<\/p>\n<p><strong><\/strong><strong>Auswertung \/ Normen<\/strong><br \/>Es werden f\u00fcr die beiden Versionen Normwerte (Stanine-Skala) ausgegeben, an deren Erweiterung kontinuierlich gearbeitet wird. Derzeit liegen Normen von Normalpersonen (N=218), Air Traffic Controller (N=111) und Spezialeinheiten (N=54) vor; Aufteilung nach Geschlecht, Alter und Bildungsgrad vorhanden. Auf die Darstellung von Normtabellen wird, wie international bei vielen Testverlagen heute \u00fcblich, aus Copyright Gr\u00fcnden verzichtet; die Normen sind Bestandteil der Auswertungssoftware und werden nicht ver\u00f6ffentlicht. <\/p>\n<p>[\/et_pb_text][et_pb_text _builder_version=&#8220;4.23.1&#8243; _module_preset=&#8220;default&#8220; text_font_size=&#8220;15px&#8220; header_2_text_color=&#8220;#F48100&#8243; background_enable_image=&#8220;off&#8220; custom_margin=&#8220;-4px|||||&#8220; custom_padding=&#8220;5px||||false|false&#8220; animation_style=&#8220;flip&#8220; animation_direction=&#8220;bottom&#8220; hover_enabled=&#8220;0&#8243; text_font_size_tablet=&#8220;15px&#8220; text_font_size_phone=&#8220;16px&#8220; text_font_size_last_edited=&#8220;on|phone&#8220; global_colors_info=&#8220;{}&#8220; sticky_enabled=&#8220;0&#8243;]<\/p>\n<p><strong><\/strong><strong>Vorgabeart<\/strong><br \/>Auf PCs\/Laptop\/Touchpads ohne Einschr\u00e4nkung m\u00f6glich. Auf Mobilphones nur bedingt, da vor allem Eingabe mit Finger etwas m\u00fchsam ist (prinzipiell aber m\u00f6glich). <\/p>\n<p>[\/et_pb_text][et_pb_text _builder_version=&#8220;4.23&#8243; _module_preset=&#8220;default&#8220; text_font_size=&#8220;15px&#8220; header_2_text_color=&#8220;#F48100&#8243; background_enable_image=&#8220;off&#8220; custom_margin=&#8220;-28px||8px|||&#8220; custom_padding=&#8220;5px||||false|false&#8220; animation_style=&#8220;flip&#8220; animation_direction=&#8220;bottom&#8220; text_font_size_tablet=&#8220;15px&#8220; text_font_size_phone=&#8220;16px&#8220; text_font_size_last_edited=&#8220;on|phone&#8220; global_colors_info=&#8220;{}&#8220;]<\/p>\n<p><strong><\/strong><strong><\/strong><strong>Sprachen<\/strong><br \/>Deutsch, Englisch<\/p>\n<p>[\/et_pb_text][et_pb_text _builder_version=&#8220;4.23&#8243; _module_preset=&#8220;default&#8220; text_font_size=&#8220;15px&#8220; header_2_text_color=&#8220;#F48100&#8243; background_enable_image=&#8220;off&#8220; custom_margin=&#8220;-4px|||||&#8220; custom_padding=&#8220;5px||||false|false&#8220; animation_style=&#8220;flip&#8220; animation_direction=&#8220;bottom&#8220; text_font_size_tablet=&#8220;15px&#8220; text_font_size_phone=&#8220;16px&#8220; text_font_size_last_edited=&#8220;on|phone&#8220; global_colors_info=&#8220;{}&#8220;]<\/p>\n<p><strong><\/strong><strong><\/strong><strong><\/strong><strong>Sicherheit und Datenschutz<br \/><\/strong>Das System der Firma IR&amp;C entspricht den modernsten IT-Anforderungen (\u201eBanken- Standard\u201c). Als zus\u00e4tzliche Sicherheitsma\u00dfnahme k\u00f6nnen anstatt der konkreten Namen der getesteten Personen auch Personencodes vergeben werden. Von den Kund*innen m\u00fcssen lediglich gen\u00fcgend PCs\/ Laptops\/Touchpads mit oder ohne Internetverbindung (On\/Off-Line f\u00e4hig, auch Intranet tauglich) zur Verf\u00fcgung gestellt werden.<\/p>\n<p>[\/et_pb_text][\/et_pb_column][\/et_pb_row][\/et_pb_section]<\/p>\n","protected":false},"excerpt":{"rendered":"<p>Rechts-Links-Orientierung (RLO)Messgegenstand \/ DimensionenEine Rechts-Links-Schw\u00e4che, oder auch Links-Rechts-Schw\u00e4che, ist sehr weit verbreitet. Einen speziellen Fachbegriff gibt es f\u00fcr diese \u201eKrankheit\u201c nicht. Die Betroffenen haben vor allem Schwierigkeiten damit, in die Richtung zu zeigen, die angegeben wird. So f\u00e4llt es ihnen au\u00dferdem schwer, Wegbeschreibungen oder den Anweisungen des Fahrlehrers zu folgen. Die Orientierungsst\u00f6rung tritt besonders stark [&hellip;]<\/p>\n","protected":false},"author":1,"featured_media":0,"parent":0,"menu_order":710,"comment_status":"closed","ping_status":"closed","template":"","meta":{"_et_pb_use_builder":"on","_et_pb_old_content":"<!-- wp:divi\/placeholder \/-->","_et_gb_content_width":"","footnotes":""},"class_list":["post-371461","page","type-page","status-publish","hentry"],"_links":{"self":[{"href":"https:\/\/irc-consult.at\/en\/wp-json\/wp\/v2\/pages\/371461","targetHints":{"allow":["GET"]}}],"collection":[{"href":"https:\/\/irc-consult.at\/en\/wp-json\/wp\/v2\/pages"}],"about":[{"href":"https:\/\/irc-consult.at\/en\/wp-json\/wp\/v2\/types\/page"}],"author":[{"embeddable":true,"href":"https:\/\/irc-consult.at\/en\/wp-json\/wp\/v2\/users\/1"}],"replies":[{"embeddable":true,"href":"https:\/\/irc-consult.at\/en\/wp-json\/wp\/v2\/comments?post=371461"}],"version-history":[{"count":5,"href":"https:\/\/irc-consult.at\/en\/wp-json\/wp\/v2\/pages\/371461\/revisions"}],"predecessor-version":[{"id":372804,"href":"https:\/\/irc-consult.at\/en\/wp-json\/wp\/v2\/pages\/371461\/revisions\/372804"}],"wp:attachment":[{"href":"https:\/\/irc-consult.at\/en\/wp-json\/wp\/v2\/media?parent=371461"}],"curies":[{"name":"wp","href":"https:\/\/api.w.org\/{rel}","templated":true}]}}