{"id":371455,"date":"2023-11-02T23:37:47","date_gmt":"2023-11-02T22:37:47","guid":{"rendered":"https:\/\/irc-consult.at\/?page_id=371455"},"modified":"2023-12-10T22:48:58","modified_gmt":"2023-12-10T21:48:58","slug":"emotionals-fitness-barometer-ef","status":"publish","type":"page","link":"https:\/\/irc-consult.at\/en\/emotionals-fitness-barometer-ef\/","title":{"rendered":"Emotional fitness barometer (EF)"},"content":{"rendered":"<p>[et_pb_section fb_built=&#8220;1&#8243; _builder_version=&#8220;4.23&#8243; _module_preset=&#8220;default&#8220; background_enable_mask_style=&#8220;on&#8220; background_mask_style=&#8220;honeycomb&#8220; background_mask_color=&#8220;rgba(244,129,0,0.15)&#8220; background_mask_transform=&#8220;invert&#8220; background_mask_aspect_ratio=&#8220;square&#8220; background_mask_size=&#8220;cover&#8220; custom_padding=&#8220;||14px|||&#8220; global_colors_info=&#8220;{}&#8220;][et_pb_row _builder_version=&#8220;4.23&#8243; _module_preset=&#8220;default&#8220; custom_margin=&#8220;-30px|auto|0px|auto|false|false&#8220; custom_padding=&#8220;||3px||false|false&#8220; global_colors_info=&#8220;{}&#8220;][et_pb_column type=&#8220;4_4&#8243; _builder_version=&#8220;4.23&#8243; _module_preset=&#8220;default&#8220; global_colors_info=&#8220;{}&#8220;][et_pb_text _builder_version=&#8220;4.23.1&#8243; _module_preset=&#8220;default&#8220; header_2_font=&#8220;IRC Fonts Regular|||on|||||&#8220; header_2_text_color=&#8220;#F48100&#8243; header_2_font_size=&#8220;25px&#8220; header_2_line_height=&#8220;1.4em&#8220; custom_margin=&#8220;-8px||0px||false|false&#8220; custom_padding=&#8220;||0px||false|false&#8220; animation_style=&#8220;fade&#8220; header_2_font_size_tablet=&#8220;25px&#8220; header_2_font_size_phone=&#8220;15px&#8220; header_2_font_size_last_edited=&#8220;on|phone&#8220; global_colors_info=&#8220;{}&#8220;]<\/p>\n<h2 itemprop=\"name\">Kurz-Checkliste Emotionales Fitness Barometer (EF-BARO)<\/h2>\n<p>[\/et_pb_text][\/et_pb_column][\/et_pb_row][et_pb_row column_structure=&#8220;2_3,1_3&#8243; make_equal=&#8220;on&#8220; _builder_version=&#8220;4.23&#8243; _module_preset=&#8220;default&#8220; custom_margin=&#8220;||||false|false&#8220; custom_padding=&#8220;16px||5px|||&#8220; global_colors_info=&#8220;{}&#8220;][et_pb_column type=&#8220;2_3&#8243; module_class=&#8220;vertikal-zentrieren&#8220; _builder_version=&#8220;4.23&#8243; _module_preset=&#8220;default&#8220; global_colors_info=&#8220;{}&#8220;][et_pb_text _builder_version=&#8220;4.23.1&#8243; _module_preset=&#8220;default&#8220; text_font_size=&#8220;15px&#8220; custom_margin=&#8220;-15px|||||&#8220; custom_padding=&#8220;14px|||||&#8220; animation_style=&#8220;flip&#8220; animation_direction=&#8220;bottom&#8220; text_font_size_tablet=&#8220;15px&#8220; text_font_size_phone=&#8220;16px&#8220; text_font_size_last_edited=&#8220;on|phone&#8220; global_colors_info=&#8220;{}&#8220;]<\/p>\n<p><strong>Messgegenstand \/ Dimensionen<\/strong><br \/>Das EF-BARO ist eine Kurzcheckliste, das darauf abzielt, rasch einen \u00dcberblick \u00fcber die emotionale Fitness zu gewinnen. K\u00f6rperliche Fitness besitzt in unserer Gesellschaft einen hohen Stellenwert und wird von den meisten Menschen angestrebt. In den letzten Jahrzehnten setzte in den Industriestaaten ein wahrer Fitnessboom ein. Um den wachsenden beruflichen und privaten Anforderungen unserer schnelllebigen Zeit gerecht werden zu k\u00f6nnen und dabei ein zufriedenes und ausgeglichenes Leben f\u00fchren zu k\u00f6nnen, bedarf es einer nicht geringeren emotionalen Fitness. Ansonsten kann chronischer Stress zu gesundheitlichen Problemen wie Schlafst\u00f6rungen, Kopfschmerzen, Burnout und Depressionen f\u00fchren. Mit Hilfe des EF-BARO k\u00f6nnen sie ihre emotionale Fitness bestimmen um ernsthaften gesundheitlichen Problemen vorzubeugen.<\/p>\n<p>[\/et_pb_text][\/et_pb_column][et_pb_column type=&#8220;1_3&#8243; _builder_version=&#8220;4.23&#8243; _module_preset=&#8220;default&#8220; global_colors_info=&#8220;{}&#8220;][et_pb_image src=&#8220;https:\/\/irc-consult.at\/wp-content\/uploads\/2023\/12\/ef-baro1.png&#8220; title_text=&#8220;ef-baro1&#8243; align=&#8220;center&#8220; _builder_version=&#8220;4.23.1&#8243; _module_preset=&#8220;default&#8220; animation_style=&#8220;flip&#8220; animation_direction=&#8220;bottom&#8220; hover_transition_duration=&#8220;350ms&#8220; hover_enabled=&#8220;0&#8243; border_radii=&#8220;on|8px|8px|8px|8px&#8220; border_color_all=&#8220;#F48100&#8243; box_shadow_style=&#8220;preset1&#8243; box_shadow_blur=&#8220;5px&#8220; global_colors_info=&#8220;{}&#8220; sticky_enabled=&#8220;0&#8243;][\/et_pb_image][\/et_pb_column][\/et_pb_row][et_pb_row make_equal=&#8220;on&#8220; _builder_version=&#8220;4.23&#8243; _module_preset=&#8220;default&#8220; custom_margin=&#8220;||||false|false&#8220; custom_padding=&#8220;16px|||||&#8220; global_colors_info=&#8220;{}&#8220;][et_pb_column type=&#8220;4_4&#8243; _builder_version=&#8220;4.23&#8243; _module_preset=&#8220;default&#8220; global_colors_info=&#8220;{}&#8220;][et_pb_text _builder_version=&#8220;4.23.1&#8243; _module_preset=&#8220;default&#8220; text_font_size=&#8220;15px&#8220; header_2_text_color=&#8220;#F48100&#8243; background_enable_image=&#8220;off&#8220; custom_margin=&#8220;-4px||8px|||&#8220; custom_padding=&#8220;14px|||||&#8220; animation_style=&#8220;flip&#8220; animation_direction=&#8220;bottom&#8220; text_font_size_tablet=&#8220;15px&#8220; text_font_size_phone=&#8220;16px&#8220; text_font_size_last_edited=&#8220;on|phone&#8220; global_colors_info=&#8220;{}&#8220;]<\/p>\n<h2><strong>Kurzbeschreibung des Verfahrens<br \/><\/strong><\/h2>\n<p><strong>Autor<\/strong><br \/>Peter Hoffmann<\/p>\n<p>[\/et_pb_text][et_pb_text _builder_version=&#8220;4.23.1&#8243; _module_preset=&#8220;default&#8220; text_font_size=&#8220;15px&#8220; header_2_text_color=&#8220;#F48100&#8243; background_enable_image=&#8220;off&#8220; custom_margin=&#8220;-4px||8px|||&#8220; custom_padding=&#8220;5px||||false|false&#8220; animation_style=&#8220;flip&#8220; animation_direction=&#8220;bottom&#8220; text_font_size_tablet=&#8220;15px&#8220; text_font_size_phone=&#8220;16px&#8220; text_font_size_last_edited=&#8220;on|phone&#8220; global_colors_info=&#8220;{}&#8220;]<\/p>\n<p><strong><\/strong><strong>Anwendungsbereich\/e<\/strong><br \/><span style=\"text-decoration: underline;\">Burnout<\/span><br \/>Der New Yorker Psychotherapeut Herbert Freudenberger f\u00fchrte in den 1970er Jahren den Begriff \u201eBurnout\u201c in der wissenschaftlichen Literatur ein. Er beschrieb damit den Zustand des \u201eAusgebrannt Seins\u201c bei Besch\u00e4ftigten in sozialen Berufen, die sich in ihrer Arbeit \u00fcberengagiert hatten. Entsprechend von heute g\u00e4ngigen Konzepten wird Burnout als dauerhafter, negativer, arbeitsbezogener Seelenzustand von Menschen aller Berufsgruppen sowie als Risikozustand f\u00fcr die Entwicklung ernsthafter Folgeerkrankungen wie etwa Depressionen, Schlafst\u00f6rungen, oder chronischer Schmerzerkrankungen verstanden. Die mehr als 160 Einzelsymptome die bisher mit Burnout in Zusammenhang gebracht wurden k\u00f6nnen nach dem Konzept der Soziologin Christina Maslach 3 Hauptdimensionen zugeordnet werden: 1.) Emotionale Ersch\u00f6pfung, 2.) Depersonalisation und 3.) Verringerte Arbeitsleistung.<br \/><span style=\"text-decoration: underline;\">Depression<\/span><br \/>Depressionen geh\u00f6ren zu den h\u00e4ufigsten Volkserkrankungen, welche bei den Betroffenen zu hohem Leidensdruck und f\u00fcr die Gesellschaft zu hohen Kosten f\u00fchrt. Dabei spielen Krankenst\u00e4nde und Fr\u00fchpensionierung eine gr\u00f6\u00dfere Rolle als Behandlungskosten. Im Sinne eines bio-psycho-sozialen Krankheitsmodells kann festgehalten werden, dass Depressionen in der Regel durch ein Zusammenspiel von genetischen, k\u00f6rperlichen und psychosozialen Faktoren (wie zum Beispiel dauerhafter Arbeitsstress) ausgel\u00f6st und aufrechterhalten werden. Nahezu jeder f\u00fcnfte Mensch erkrankt mindestens einmal in seinem Leben an einer depressiven Episode. Bei Frauen werden Depressionen h\u00e4ufiger diagnostiziert, wobei bei M\u00e4nnern eine h\u00f6here Dunkelziffer vorliegen d\u00fcrfte. Die 3 Hauptsymptome sowie die Beschwerdedauer werden durch die Checkliste erhoben.<br \/><span style=\"text-decoration: underline;\">Schlafst\u00f6rungen<\/span><br \/>Etwa jeder vierte Mensch in den westlichen Industriestaaten leidet unter mehr oder weniger ausgepr\u00e4gten Schlafst\u00f6rungen, bei jedem zweiten davon besteht eine behandlungsbed\u00fcrftige Erkrankung. Eine ausreichende Schlafqualit\u00e4t erm\u00f6glicht uns auch in stressreichen Zeiten psychische und k\u00f6rperliche Regeneration. Die Folge von anhaltenden Schlafst\u00f6rungen sind deutliche Einschr\u00e4nkungen der Lebensqualit\u00e4t und der beruflichen Leistungsf\u00e4higkeit. Schlafst\u00f6rungen k\u00f6nnen eine Vielzahl von Ursachen haben und treten geh\u00e4uft bei chronischem Stress, Burnout und Depressionen auf. 80-90% der Menschen, die an einer depressiven Episode erkrankt sind, leiden unter erhebliche Ein- und Durchschlafst\u00f6rungen. Umgekehrt haben Menschen mit anhaltenden Schlafst\u00f6rungen (zum Beispiel bei chronischem Stress) ein 2-5fach h\u00f6heres Risiko, an einer depressiven Episode zu erkranken.<br \/><span style=\"text-decoration: underline;\">Kopfschmerzen<\/span><br \/>Kopfschmerzen z\u00e4hlen zu den h\u00e4ufigsten gesundheitlichen Beeintr\u00e4chtigungen: Etwa vier Prozent der deutschen Bev\u00f6lkerung leiden darunter t\u00e4glich und ca. 70 Prozent leiden unter anfallsweisen oder chronischen Kopfschmerzen. Dabei stellen Spannungskopfschmerz und Migr\u00e4ne die h\u00e4ufigsten der \u00fcber 250 Kopfschmerzarten dar. Spannungskopfschmerz tritt bei der Mehrheit aller Menschen auf, von der Migr\u00e4ne sind etwa 8,5 Prozent der M\u00e4nner und 15 Prozent der Frauen betroffen. Es bestehen ausgepr\u00e4gte, beidseitige Wechselwirkungen zwischen psychischen und psychosozialen Faktoren wie Stress, Burnout und Depression einerseits und Kopfschmerzen andererseits. Beispielweise erh\u00f6hen sowohl die Depression als auch die Migr\u00e4ne das Risiko f\u00fcr das Auftreten der jeweils anderen Erkrankung deutlich.<\/p>\n<p>[\/et_pb_text][et_pb_text _builder_version=&#8220;4.23.1&#8243; _module_preset=&#8220;default&#8220; text_font_size=&#8220;15px&#8220; header_2_text_color=&#8220;#F48100&#8243; background_enable_image=&#8220;off&#8220; custom_margin=&#8220;-4px||8px|||&#8220; custom_padding=&#8220;5px||||false|false&#8220; animation_style=&#8220;flip&#8220; animation_direction=&#8220;bottom&#8220; text_font_size_tablet=&#8220;15px&#8220; text_font_size_phone=&#8220;16px&#8220; text_font_size_last_edited=&#8220;on|phone&#8220; global_colors_info=&#8220;{}&#8220;]<\/p>\n<p><strong><\/strong><strong>Durchf\u00fchrung<\/strong><br \/>Das Verfahren besteht aus 9-11 Items und kann online oder in Papier-Bleistift-Form durchgef\u00fchrt werden..<\/p>\n<p>[\/et_pb_text][et_pb_text _builder_version=&#8220;4.23.1&#8243; _module_preset=&#8220;default&#8220; text_font_size=&#8220;15px&#8220; header_2_text_color=&#8220;#F48100&#8243; background_enable_image=&#8220;off&#8220; custom_margin=&#8220;-4px||11px|||&#8220; custom_padding=&#8220;5px||||false|false&#8220; animation_style=&#8220;flip&#8220; animation_direction=&#8220;bottom&#8220; text_font_size_tablet=&#8220;15px&#8220; text_font_size_phone=&#8220;16px&#8220; text_font_size_last_edited=&#8220;on|phone&#8220; global_colors_info=&#8220;{}&#8220;]<\/p>\n<p><strong><\/strong><strong><\/strong><strong>Durchf\u00fchrungsdauer<\/strong><br \/>Ca. 4 Minuten<\/p>\n<\/p>\n<p>[\/et_pb_text][et_pb_text _builder_version=&#8220;4.23&#8243; _module_preset=&#8220;default&#8220; text_font_size=&#8220;15px&#8220; header_2_text_color=&#8220;#F48100&#8243; background_enable_image=&#8220;off&#8220; custom_margin=&#8220;-28px||7px|||&#8220; custom_padding=&#8220;5px||||false|false&#8220; animation_style=&#8220;flip&#8220; animation_direction=&#8220;bottom&#8220; text_font_size_tablet=&#8220;15px&#8220; text_font_size_phone=&#8220;16px&#8220; text_font_size_last_edited=&#8220;on|phone&#8220; global_colors_info=&#8220;{}&#8220;]<\/p>\n<p><strong><\/strong><strong><\/strong><strong>Sprachen<\/strong><br \/>Deutsch, Englisch<\/p>\n<p>[\/et_pb_text][et_pb_text _builder_version=&#8220;4.23&#8243; _module_preset=&#8220;default&#8220; text_font_size=&#8220;15px&#8220; header_2_text_color=&#8220;#F48100&#8243; background_enable_image=&#8220;off&#8220; custom_margin=&#8220;-4px|||||&#8220; custom_padding=&#8220;5px||||false|false&#8220; animation_style=&#8220;flip&#8220; animation_direction=&#8220;bottom&#8220; text_font_size_tablet=&#8220;15px&#8220; text_font_size_phone=&#8220;16px&#8220; text_font_size_last_edited=&#8220;on|phone&#8220; global_colors_info=&#8220;{}&#8220;]<\/p>\n<p><strong><\/strong><strong><\/strong><strong><\/strong><strong>Sicherheit und Datenschutz<br \/><\/strong>Das System der Firma IR&amp;C entspricht den modernsten IT-Anforderungen (\u201eBanken- Standard\u201c). Als zus\u00e4tzliche Sicherheitsma\u00dfnahme k\u00f6nnen anstatt der konkreten Namen der getesteten Personen auch Personencodes vergeben werden. Von den Kund*innen m\u00fcssen lediglich gen\u00fcgend PCs\/ Laptops\/Touchpads mit oder ohne Internetverbindung (On\/Off-Line f\u00e4hig, auch Intranet tauglich) zur Verf\u00fcgung gestellt werden.<\/p>\n<p>[\/et_pb_text][\/et_pb_column][\/et_pb_row][\/et_pb_section]<\/p>\n","protected":false},"excerpt":{"rendered":"<p>Kurz-Checkliste Emotionales Fitness Barometer (EF-BARO)Messgegenstand \/ DimensionenDas EF-BARO ist eine Kurzcheckliste, das darauf abzielt, rasch einen \u00dcberblick \u00fcber die emotionale Fitness zu gewinnen. K\u00f6rperliche Fitness besitzt in unserer Gesellschaft einen hohen Stellenwert und wird von den meisten Menschen angestrebt. In den letzten Jahrzehnten setzte in den Industriestaaten ein wahrer Fitnessboom ein. Um den wachsenden beruflichen [&hellip;]<\/p>\n","protected":false},"author":1,"featured_media":0,"parent":0,"menu_order":706,"comment_status":"closed","ping_status":"closed","template":"","meta":{"_et_pb_use_builder":"on","_et_pb_old_content":"<!-- wp:divi\/placeholder \/-->","_et_gb_content_width":"","footnotes":""},"class_list":["post-371455","page","type-page","status-publish","hentry"],"_links":{"self":[{"href":"https:\/\/irc-consult.at\/en\/wp-json\/wp\/v2\/pages\/371455","targetHints":{"allow":["GET"]}}],"collection":[{"href":"https:\/\/irc-consult.at\/en\/wp-json\/wp\/v2\/pages"}],"about":[{"href":"https:\/\/irc-consult.at\/en\/wp-json\/wp\/v2\/types\/page"}],"author":[{"embeddable":true,"href":"https:\/\/irc-consult.at\/en\/wp-json\/wp\/v2\/users\/1"}],"replies":[{"embeddable":true,"href":"https:\/\/irc-consult.at\/en\/wp-json\/wp\/v2\/comments?post=371455"}],"version-history":[{"count":5,"href":"https:\/\/irc-consult.at\/en\/wp-json\/wp\/v2\/pages\/371455\/revisions"}],"predecessor-version":[{"id":373443,"href":"https:\/\/irc-consult.at\/en\/wp-json\/wp\/v2\/pages\/371455\/revisions\/373443"}],"wp:attachment":[{"href":"https:\/\/irc-consult.at\/en\/wp-json\/wp\/v2\/media?parent=371455"}],"curies":[{"name":"wp","href":"https:\/\/api.w.org\/{rel}","templated":true}]}}