{"id":371446,"date":"2023-11-02T23:32:43","date_gmt":"2023-11-02T22:32:43","guid":{"rendered":"https:\/\/irc-consult.at\/?page_id=371446"},"modified":"2023-12-13T09:32:24","modified_gmt":"2023-12-13T08:32:24","slug":"burn-out-bodi","status":"publish","type":"page","link":"https:\/\/irc-consult.at\/en\/burn-out-bodi\/","title":{"rendered":"Burn-Out (BODI)"},"content":{"rendered":"<p>[et_pb_section fb_built=&#8220;1&#8243; _builder_version=&#8220;4.23&#8243; _module_preset=&#8220;default&#8220; background_enable_mask_style=&#8220;on&#8220; background_mask_style=&#8220;honeycomb&#8220; background_mask_color=&#8220;rgba(244,129,0,0.15)&#8220; background_mask_transform=&#8220;invert&#8220; background_mask_aspect_ratio=&#8220;square&#8220; background_mask_size=&#8220;cover&#8220; custom_padding=&#8220;||14px|||&#8220; global_colors_info=&#8220;{}&#8220;][et_pb_row _builder_version=&#8220;4.23&#8243; _module_preset=&#8220;default&#8220; custom_margin=&#8220;-30px|auto|0px|auto|false|false&#8220; custom_padding=&#8220;||3px||false|false&#8220; global_colors_info=&#8220;{}&#8220;][et_pb_column type=&#8220;4_4&#8243; _builder_version=&#8220;4.23&#8243; _module_preset=&#8220;default&#8220; global_colors_info=&#8220;{}&#8220;][et_pb_text _builder_version=&#8220;4.23.1&#8243; _module_preset=&#8220;default&#8220; header_2_font=&#8220;IRC Fonts Regular|||on|||||&#8220; header_2_text_color=&#8220;#F48100&#8243; header_2_font_size=&#8220;25px&#8220; header_2_line_height=&#8220;1.4em&#8220; custom_margin=&#8220;-8px||0px||false|false&#8220; custom_padding=&#8220;||0px||false|false&#8220; animation_style=&#8220;fade&#8220; hover_enabled=&#8220;0&#8243; header_2_font_size_tablet=&#8220;25px&#8220; header_2_font_size_phone=&#8220;15px&#8220; header_2_font_size_last_edited=&#8220;on|phone&#8220; global_colors_info=&#8220;{}&#8220; sticky_enabled=&#8220;0&#8243;]<\/p>\n<h2 itemprop=\"name\">Burnout Dimensionen-Inventar (BODI)<\/h2>\n<p>[\/et_pb_text][\/et_pb_column][\/et_pb_row][et_pb_row column_structure=&#8220;2_3,1_3&#8243; make_equal=&#8220;on&#8220; _builder_version=&#8220;4.23.1&#8243; _module_preset=&#8220;default&#8220; custom_margin=&#8220;||||false|false&#8220; custom_padding=&#8220;16px||5px|||&#8220; hover_enabled=&#8220;0&#8243; global_colors_info=&#8220;{}&#8220; sticky_enabled=&#8220;0&#8243;][et_pb_column type=&#8220;2_3&#8243; _builder_version=&#8220;4.23.1&#8243; _module_preset=&#8220;default&#8220; hover_enabled=&#8220;0&#8243; global_colors_info=&#8220;{}&#8220; module_class=&#8220;vertikal-zentrieren&#8220; sticky_enabled=&#8220;0&#8243;][et_pb_text _builder_version=&#8220;4.23.1&#8243; _module_preset=&#8220;default&#8220; text_font_size=&#8220;15px&#8220; custom_margin=&#8220;-15px|||||&#8220; custom_padding=&#8220;14px|||||&#8220; animation_style=&#8220;flip&#8220; animation_direction=&#8220;bottom&#8220; hover_enabled=&#8220;0&#8243; text_font_size_tablet=&#8220;15px&#8220; text_font_size_phone=&#8220;16px&#8220; text_font_size_last_edited=&#8220;on|phone&#8220; global_colors_info=&#8220;{}&#8220; sticky_enabled=&#8220;0&#8243;]<\/p>\n<p><strong>Messgegenstand \/ Dimensionen<br \/><\/strong>Der BODI ist ein mehrdimensionaler Screeninginstrument zur Erfassung des Schwergrades des Burnout-Syndroms mit direkten Implikationen f\u00fcr Pr\u00e4vention, Therapie und Behandlung.<strong><br \/><\/strong><\/p>\n<p>[\/et_pb_text][\/et_pb_column][et_pb_column type=&#8220;1_3&#8243; _builder_version=&#8220;4.23.1&#8243; _module_preset=&#8220;default&#8220; hover_enabled=&#8220;0&#8243; global_colors_info=&#8220;{}&#8220; sticky_enabled=&#8220;0&#8243;][et_pb_image src=&#8220;https:\/\/irc-consult.at\/wp-content\/uploads\/2023\/12\/burnout.jpg&#8220; title_text=&#8220;work life concept&#8220; align=&#8220;center&#8220; _builder_version=&#8220;4.23.1&#8243; _module_preset=&#8220;default&#8220; animation_style=&#8220;flip&#8220; animation_direction=&#8220;bottom&#8220; hover_transition_duration=&#8220;350ms&#8220; hover_enabled=&#8220;0&#8243; border_radii=&#8220;on|8px|8px|8px|8px&#8220; border_color_all=&#8220;#F48100&#8243; box_shadow_style=&#8220;preset1&#8243; box_shadow_blur=&#8220;5px&#8220; global_colors_info=&#8220;{}&#8220; sticky_enabled=&#8220;0&#8243;][\/et_pb_image][\/et_pb_column][\/et_pb_row][et_pb_row make_equal=&#8220;on&#8220; _builder_version=&#8220;4.23&#8243; _module_preset=&#8220;default&#8220; custom_margin=&#8220;||||false|false&#8220; custom_padding=&#8220;16px|||||&#8220; global_colors_info=&#8220;{}&#8220;][et_pb_column type=&#8220;4_4&#8243; _builder_version=&#8220;4.23&#8243; _module_preset=&#8220;default&#8220; global_colors_info=&#8220;{}&#8220;][et_pb_text _builder_version=&#8220;4.23.1&#8243; _module_preset=&#8220;default&#8220; text_font_size=&#8220;15px&#8220; header_2_text_color=&#8220;#F48100&#8243; background_enable_image=&#8220;off&#8220; custom_margin=&#8220;-4px||8px|||&#8220; custom_padding=&#8220;14px|||||&#8220; animation_style=&#8220;flip&#8220; animation_direction=&#8220;bottom&#8220; hover_enabled=&#8220;0&#8243; text_font_size_tablet=&#8220;15px&#8220; text_font_size_phone=&#8220;16px&#8220; text_font_size_last_edited=&#8220;on|phone&#8220; global_colors_info=&#8220;{}&#8220; sticky_enabled=&#8220;0&#8243;]<\/p>\n<h2><strong>Kurzbeschreibung des Verfahrens<br \/><\/strong><\/h2>\n<p><strong>Autoren<\/strong><br \/>O. Scheibenbogen, M. Musalek, M. Kuderer, U. Andorfer<\/p>\n<p>[\/et_pb_text][et_pb_text _builder_version=&#8220;4.23.1&#8243; _module_preset=&#8220;default&#8220; text_font_size=&#8220;15px&#8220; header_2_text_color=&#8220;#F48100&#8243; background_enable_image=&#8220;off&#8220; custom_margin=&#8220;-4px||8px|||&#8220; custom_padding=&#8220;5px||||false|false&#8220; animation_style=&#8220;flip&#8220; animation_direction=&#8220;bottom&#8220; hover_enabled=&#8220;0&#8243; text_font_size_tablet=&#8220;15px&#8220; text_font_size_phone=&#8220;16px&#8220; text_font_size_last_edited=&#8220;on|phone&#8220; global_colors_info=&#8220;{}&#8220; sticky_enabled=&#8220;0&#8243;]<\/p>\n<p><strong><\/strong><strong>Theoretischer Hintergrund<br \/><\/strong>Zurzeit existiert kein einheitliches valides und international akzeptiertes Konzept vom Burnout. Die zumeist verwendeten Messinstrumente sind von zweifelhafter Konstruktvalidit\u00e4t, differierender externer Validit\u00e4t und mangelhafter Reliabilit\u00e4t. Auch die Normierungen sind f\u00fcr die Erhebung von Pr\u00e4valenzzahlen in der Gesamtbev\u00f6lkerung kaum geeignet. Die Erhebung der Schweregrad des Burnouts ist jedoch von zentraler Bedeutung, da dieser die nachfolgenden Interventionen pr\u00e4ventiver und therapeutisch-rehabilitativer Natur bestimmt.<strong><br \/><\/strong><\/p>\n<p>[\/et_pb_text][et_pb_text _builder_version=&#8220;4.23.1&#8243; _module_preset=&#8220;default&#8220; text_font_size=&#8220;15px&#8220; header_2_text_color=&#8220;#F48100&#8243; background_enable_image=&#8220;off&#8220; custom_margin=&#8220;-4px||-8px|||&#8220; custom_padding=&#8220;5px||0px||false|false&#8220; animation_style=&#8220;flip&#8220; animation_direction=&#8220;bottom&#8220; hover_enabled=&#8220;0&#8243; text_font_size_tablet=&#8220;15px&#8220; text_font_size_phone=&#8220;16px&#8220; text_font_size_last_edited=&#8220;on|phone&#8220; global_colors_info=&#8220;{}&#8220; sticky_enabled=&#8220;0&#8243;]<\/p>\n<p><strong><\/strong><strong>Durchf\u00fchrung<br \/><\/strong>Nach einer allgemeinen Instruktion sowie einem soziodemografischen Teil mit Schwerpunkt Arbeitsleben werden die dichotomen Testitems zur Selbstbeurteilung pr\u00e4sentiert. Inkludiert sind ferner drei Visuell-Analog-Skalen (VAS) zur Erfassung des subjektiven Beschwerdeerlebens auf den Dimensionen Beruf. Familie und Pers\u00f6nlichkeit. Es ist sowohl Einzel- als auch Gruppenvorgabe m\u00f6glich.<strong><\/p>\n<p><\/strong><\/p>\n<p>[\/et_pb_text][et_pb_text _builder_version=&#8220;4.23.1&#8243; _module_preset=&#8220;default&#8220; text_font_size=&#8220;15px&#8220; header_2_text_color=&#8220;#F48100&#8243; background_enable_image=&#8220;off&#8220; custom_margin=&#8220;-4px||11px|||&#8220; custom_padding=&#8220;5px||||false|false&#8220; animation_style=&#8220;flip&#8220; animation_direction=&#8220;bottom&#8220; hover_enabled=&#8220;0&#8243; text_font_size_tablet=&#8220;15px&#8220; text_font_size_phone=&#8220;16px&#8220; text_font_size_last_edited=&#8220;on|phone&#8220; global_colors_info=&#8220;{}&#8220; sticky_enabled=&#8220;0&#8243;]<\/p>\n<p><strong><\/strong><strong><\/strong><strong>Durchf\u00fchrungsdauer<br \/><\/strong>etwa 10-15 min.<strong><br \/><\/strong><\/p>\n<p>[\/et_pb_text][et_pb_text _builder_version=&#8220;4.23.1&#8243; _module_preset=&#8220;default&#8220; text_font_size=&#8220;15px&#8220; header_2_text_color=&#8220;#F48100&#8243; background_enable_image=&#8220;off&#8220; custom_margin=&#8220;-4px||8px|||&#8220; custom_padding=&#8220;5px||||false|false&#8220; animation_style=&#8220;flip&#8220; animation_direction=&#8220;bottom&#8220; hover_enabled=&#8220;0&#8243; text_font_size_tablet=&#8220;15px&#8220; text_font_size_phone=&#8220;16px&#8220; text_font_size_last_edited=&#8220;on|phone&#8220; global_colors_info=&#8220;{}&#8220; sticky_enabled=&#8220;0&#8243;]<\/p>\n<p><strong><\/strong><strong><\/strong><strong><\/strong><strong>Reliabilit\u00e4t<br \/><\/strong>Die Reliabilit\u00e4t im Sinn einer inneren Konsistenz ist aufgrund der Geltung des Rasch- Modells gegeben. Das Cronbach Alpha f\u00fcr die 4 Skalen liegt zwischen 0,75 und 0,94.<strong><br \/><\/strong><\/p>\n<p>[\/et_pb_text][et_pb_text _builder_version=&#8220;4.23.1&#8243; _module_preset=&#8220;default&#8220; text_font_size=&#8220;15px&#8220; header_2_text_color=&#8220;#F48100&#8243; background_enable_image=&#8220;off&#8220; custom_margin=&#8220;-4px||10px|||&#8220; custom_padding=&#8220;5px||||false|false&#8220; animation_style=&#8220;flip&#8220; animation_direction=&#8220;bottom&#8220; hover_enabled=&#8220;0&#8243; text_font_size_tablet=&#8220;15px&#8220; text_font_size_phone=&#8220;16px&#8220; text_font_size_last_edited=&#8220;on|phone&#8220; global_colors_info=&#8220;{}&#8220; sticky_enabled=&#8220;0&#8243;]<\/p>\n<p><strong><\/strong><strong><\/strong><strong><\/strong><strong><\/strong><strong>Validit\u00e4t<br \/><\/strong>Die Validit\u00e4t des BODI ist aufgrund der hohen \u00dcbereinstimmung mit anderen Testverfahren gegeben, die dieselben Merkmale\/Dimensionen erfassen. Weiters liegt inhaltliche G\u00fcltigkeit vor, weil der Test theoriegeleiteten Vorstellungen entspricht. Die multiple Korrelation mit den komplement\u00e4ren MBI Skalen betr\u00e4gt.76. Die Konstruktvalidit\u00e4t ist demnach gegeben.<br \/>Die diskriminante Validit\u00e4t mit diagnostizierten Burnoutf\u00e4llen betr\u00e4gt 73%, nach Kreuzvalidierung 72%. Das bedeutet, dass ca. \u00be von Personen aufgrund der vier BODI Skalen korrekt klassifiziert werden k\u00f6nnen (liegt Burnout vor oder nicht).<strong><br \/><\/strong><\/p>\n<p>[\/et_pb_text][et_pb_text _builder_version=&#8220;4.23.1&#8243; _module_preset=&#8220;default&#8220; text_font_size=&#8220;15px&#8220; header_2_text_color=&#8220;#F48100&#8243; background_enable_image=&#8220;off&#8220; custom_margin=&#8220;-4px||10px|||&#8220; custom_padding=&#8220;5px||||false|false&#8220; animation_style=&#8220;flip&#8220; animation_direction=&#8220;bottom&#8220; hover_enabled=&#8220;0&#8243; text_font_size_tablet=&#8220;15px&#8220; text_font_size_phone=&#8220;16px&#8220; text_font_size_last_edited=&#8220;on|phone&#8220; global_colors_info=&#8220;{}&#8220; sticky_enabled=&#8220;0&#8243;]<\/p>\n<p><strong><\/strong><strong>Auswertung \/ Normen<br \/><\/strong>Es werden die dichotomen Items jeweils zu vier Skalen aufsummiert.<strong><br \/><\/strong><\/p>\n<p>[\/et_pb_text][et_pb_text _builder_version=&#8220;4.23.1&#8243; _module_preset=&#8220;default&#8220; text_font_size=&#8220;15px&#8220; header_2_text_color=&#8220;#F48100&#8243; background_enable_image=&#8220;off&#8220; custom_margin=&#8220;-4px|||||&#8220; custom_padding=&#8220;5px||||false|false&#8220; animation_style=&#8220;flip&#8220; animation_direction=&#8220;bottom&#8220; hover_enabled=&#8220;0&#8243; text_font_size_tablet=&#8220;15px&#8220; text_font_size_phone=&#8220;16px&#8220; text_font_size_last_edited=&#8220;on|phone&#8220; global_colors_info=&#8220;{}&#8220; sticky_enabled=&#8220;0&#8243;]<\/p>\n<p><strong><\/strong><strong>Vorgabeart<br \/><\/strong>Auf PCs\/Laptop\/Touchpads ohne Einschr\u00e4nkung m\u00f6glich. Auf Mobilphones nur bedingt, da vor allem Eingabe mit Finger etwas m\u00fchsam ist (prinzipiell aber m\u00f6glich). Es gibt eine Online &amp; Offline (Dongle gesch\u00fctzt) und P&amp;B Variante (manuelle Dateneingabe notwendig).<strong><br \/><\/strong><\/p>\n<p>[\/et_pb_text][et_pb_text _builder_version=&#8220;4.23.1&#8243; _module_preset=&#8220;default&#8220; text_font_size=&#8220;15px&#8220; header_2_text_color=&#8220;#F48100&#8243; background_enable_image=&#8220;off&#8220; custom_margin=&#8220;-28px||8px|||&#8220; custom_padding=&#8220;5px||||false|false&#8220; animation_style=&#8220;flip&#8220; animation_direction=&#8220;bottom&#8220; hover_enabled=&#8220;0&#8243; text_font_size_tablet=&#8220;15px&#8220; text_font_size_phone=&#8220;16px&#8220; text_font_size_last_edited=&#8220;on|phone&#8220; global_colors_info=&#8220;{}&#8220; sticky_enabled=&#8220;0&#8243;]<\/p>\n<p><strong><\/strong><strong><\/strong><strong>Sprachen<br \/><\/strong>Deutsch, Englisch<strong><br \/><\/strong><\/p>\n<p>[\/et_pb_text][et_pb_text _builder_version=&#8220;4.23&#8243; _module_preset=&#8220;default&#8220; text_font_size=&#8220;15px&#8220; header_2_text_color=&#8220;#F48100&#8243; background_enable_image=&#8220;off&#8220; custom_margin=&#8220;-4px|||||&#8220; custom_padding=&#8220;5px||||false|false&#8220; animation_style=&#8220;flip&#8220; animation_direction=&#8220;bottom&#8220; text_font_size_tablet=&#8220;15px&#8220; text_font_size_phone=&#8220;16px&#8220; text_font_size_last_edited=&#8220;on|phone&#8220; global_colors_info=&#8220;{}&#8220;]<\/p>\n<p><strong><\/strong><strong><\/strong><strong><\/strong><strong>Sicherheit und Datenschutz<br \/><\/strong>Das System der Firma IR&amp;C entspricht den modernsten IT-Anforderungen (\u201eBanken- Standard\u201c). Als zus\u00e4tzliche Sicherheitsma\u00dfnahme k\u00f6nnen anstatt der konkreten Namen der getesteten Personen auch Personencodes vergeben werden. Von den Kund*innen m\u00fcssen lediglich gen\u00fcgend PCs\/ Laptops\/Touchpads mit oder ohne Internetverbindung (On\/Off-Line f\u00e4hig, auch Intranet tauglich) zur Verf\u00fcgung gestellt werden.<\/p>\n<p>[\/et_pb_text][\/et_pb_column][\/et_pb_row][\/et_pb_section]<\/p>\n","protected":false},"excerpt":{"rendered":"<p>Burnout Dimensionen-Inventar (BODI)Messgegenstand \/ DimensionenDer BODI ist ein mehrdimensionaler Screeninginstrument zur Erfassung des Schwergrades des Burnout-Syndroms mit direkten Implikationen f\u00fcr Pr\u00e4vention, Therapie und Behandlung.Kurzbeschreibung des Verfahrens AutorenO. Scheibenbogen, M. Musalek, M. Kuderer, U. AndorferTheoretischer HintergrundZurzeit existiert kein einheitliches valides und international akzeptiertes Konzept vom Burnout. Die zumeist verwendeten Messinstrumente sind von zweifelhafter Konstruktvalidit\u00e4t, differierender externer [&hellip;]<\/p>\n","protected":false},"author":1,"featured_media":0,"parent":0,"menu_order":702,"comment_status":"closed","ping_status":"closed","template":"","meta":{"_et_pb_use_builder":"on","_et_pb_old_content":"<!-- wp:divi\/placeholder \/-->","_et_gb_content_width":"","footnotes":""},"class_list":["post-371446","page","type-page","status-publish","hentry"],"_links":{"self":[{"href":"https:\/\/irc-consult.at\/en\/wp-json\/wp\/v2\/pages\/371446","targetHints":{"allow":["GET"]}}],"collection":[{"href":"https:\/\/irc-consult.at\/en\/wp-json\/wp\/v2\/pages"}],"about":[{"href":"https:\/\/irc-consult.at\/en\/wp-json\/wp\/v2\/types\/page"}],"author":[{"embeddable":true,"href":"https:\/\/irc-consult.at\/en\/wp-json\/wp\/v2\/users\/1"}],"replies":[{"embeddable":true,"href":"https:\/\/irc-consult.at\/en\/wp-json\/wp\/v2\/comments?post=371446"}],"version-history":[{"count":5,"href":"https:\/\/irc-consult.at\/en\/wp-json\/wp\/v2\/pages\/371446\/revisions"}],"predecessor-version":[{"id":373472,"href":"https:\/\/irc-consult.at\/en\/wp-json\/wp\/v2\/pages\/371446\/revisions\/373472"}],"wp:attachment":[{"href":"https:\/\/irc-consult.at\/en\/wp-json\/wp\/v2\/media?parent=371446"}],"curies":[{"name":"wp","href":"https:\/\/api.w.org\/{rel}","templated":true}]}}