{"id":370380,"date":"2023-09-26T08:11:13","date_gmt":"2023-09-26T06:11:13","guid":{"rendered":"https:\/\/irc-consult.at\/?page_id=370380"},"modified":"2023-12-04T01:41:56","modified_gmt":"2023-12-04T00:41:56","slug":"waffenrechtliche-verlaesslichkeitspruefung","status":"publish","type":"page","link":"https:\/\/irc-consult.at\/en\/waffenrechtliche-verlaesslichkeitspruefung\/","title":{"rendered":"Weapons law reliability check"},"content":{"rendered":"<p>[et_pb_section fb_built=&#8220;1&#8243; _builder_version=&#8220;4.23&#8243; _module_preset=&#8220;default&#8220; background_enable_mask_style=&#8220;on&#8220; background_mask_style=&#8220;honeycomb&#8220; background_mask_color=&#8220;rgba(244,129,0,0.15)&#8220; background_mask_transform=&#8220;invert&#8220; background_mask_aspect_ratio=&#8220;square&#8220; background_mask_size=&#8220;cover&#8220; custom_padding=&#8220;||14px|||&#8220; global_colors_info=&#8220;{}&#8220;][et_pb_row _builder_version=&#8220;4.23&#8243; _module_preset=&#8220;default&#8220; custom_margin=&#8220;-30px|auto|0px|auto|false|false&#8220; custom_padding=&#8220;||3px||false|false&#8220; global_colors_info=&#8220;{}&#8220;][et_pb_column type=&#8220;4_4&#8243; _builder_version=&#8220;4.23&#8243; _module_preset=&#8220;default&#8220; global_colors_info=&#8220;{}&#8220;][et_pb_text _builder_version=&#8220;4.23.1&#8243; _module_preset=&#8220;2e28453c-3514-44ce-8723-94be722a7d49&#8243; header_2_text_color=&#8220;#F48100&#8243; custom_margin=&#8220;-15px|||||&#8220; custom_padding=&#8220;14px|||||&#8220; animation_style=&#8220;flip&#8220; header_2_font_size_last_edited=&#8220;on|phone&#8220; global_colors_info=&#8220;{}&#8220; text_font_size=&#8220;15px&#8220; text_font_size_tablet=&#8220;15px&#8220; text_font_size_phone=&#8220;16px&#8220; text_font_size_last_edited=&#8220;on|phone&#8220; animation_direction=&#8220;bottom&#8220;]<\/p>\n<h2 itemprop=\"name\">Waffenrechtliche Verl\u00e4sslichkeitspr\u00fcfung<\/h2>\n<p>[\/et_pb_text][\/et_pb_column][\/et_pb_row][et_pb_row column_structure=&#8220;1_3,2_3&#8243; make_equal=&#8220;on&#8220; _builder_version=&#8220;4.23&#8243; _module_preset=&#8220;default&#8220; custom_margin=&#8220;||||false|false&#8220; custom_padding=&#8220;16px||5px|||&#8220; global_colors_info=&#8220;{}&#8220;][et_pb_column type=&#8220;1_3&#8243; module_class=&#8220;vertikal-zentrieren&#8220; _builder_version=&#8220;4.23&#8243; _module_preset=&#8220;default&#8220; global_colors_info=&#8220;{}&#8220;][et_pb_image src=&#8220;https:\/\/irc-consult.at\/wp-content\/uploads\/2023\/10\/Waffenbesitzkarte1.png&#8220; title_text=&#8220;Waffenbesitzkarte1&#8243; align=&#8220;center&#8220; _builder_version=&#8220;4.23&#8243; _module_preset=&#8220;default&#8220; animation_style=&#8220;flip&#8220; animation_direction=&#8220;bottom&#8220; hover_transition_duration=&#8220;350ms&#8220; border_radii=&#8220;on|8px|8px|8px|8px&#8220; border_color_all=&#8220;#F48100&#8243; box_shadow_style=&#8220;preset1&#8243; box_shadow_blur=&#8220;5px&#8220; global_colors_info=&#8220;{}&#8220;][\/et_pb_image][\/et_pb_column][et_pb_column type=&#8220;2_3&#8243; _builder_version=&#8220;4.23&#8243; _module_preset=&#8220;default&#8220; global_colors_info=&#8220;{}&#8220;][et_pb_text _builder_version=&#8220;4.23&#8243; _module_preset=&#8220;default&#8220; text_font_size=&#8220;15px&#8220; custom_margin=&#8220;-15px|||||&#8220; custom_padding=&#8220;14px|||||&#8220; animation_style=&#8220;flip&#8220; animation_direction=&#8220;bottom&#8220; text_font_size_tablet=&#8220;15px&#8220; text_font_size_phone=&#8220;16px&#8220; text_font_size_last_edited=&#8220;on|phone&#8220; global_colors_info=&#8220;{}&#8220;]<\/p>\n<p>Waffenrechtliche Verl\u00e4sslichkeitspr\u00fcfung in entspannter, anonymer Atmosph\u00e4re.<br \/><strong>Sie m\u00fcssen diese Verl\u00e4sslichkeitspr\u00fcfung der Beh\u00f6rde vorweisen, sobald sie einen Waffenf\u00fchrerschein bzw. Waffenpass beantragen.<\/strong><\/p>\n<p>In folgenden F\u00e4llen ist dies unverzichtbar:<\/p>\n<ul>\n<li>Security Mitarbeiter, die eine Waffe f\u00fchren<\/li>\n<li>Sportsch\u00fctzen<\/li>\n<li>Erbschaft von Waffen<\/li>\n<li>Ein nachweisbares, erh\u00f6htes Sicherheitsbed\u00fcrfnis besteht<\/li>\n<li>Andere Gr\u00fcnde&#8230;<\/li>\n<\/ul>\n<p>Bitte vereinbaren Sie telefonisch Ihren Wunschtermin unter +43 2682\/72906 oder +43 664\/1969863 oder unter office@irc-consult.at .<\/p>\n<p>[\/et_pb_text][\/et_pb_column][\/et_pb_row][et_pb_row column_structure=&#8220;2_3,1_3&#8243; make_equal=&#8220;on&#8220; _builder_version=&#8220;4.23&#8243; _module_preset=&#8220;default&#8220; custom_margin=&#8220;||||false|false&#8220; custom_padding=&#8220;16px||8px|||&#8220; global_colors_info=&#8220;{}&#8220;][et_pb_column type=&#8220;2_3&#8243; _builder_version=&#8220;4.23&#8243; _module_preset=&#8220;default&#8220; global_colors_info=&#8220;{}&#8220;][et_pb_text _builder_version=&#8220;4.23&#8243; _module_preset=&#8220;default&#8220; text_font_size=&#8220;15px&#8220; custom_margin=&#8220;-15px|||||&#8220; custom_padding=&#8220;14px|||||&#8220; animation_style=&#8220;flip&#8220; animation_direction=&#8220;bottom&#8220; text_font_size_tablet=&#8220;15px&#8220; text_font_size_phone=&#8220;16px&#8220; text_font_size_last_edited=&#8220;on|phone&#8220; global_colors_info=&#8220;{}&#8220;]<\/p>\n<p>Seit 1.7.1997 gilt die Durchf\u00fchrungsverordnung zum Waffengesetz.<br \/>Waffenbesitzkartenbewerber (die zum Erwerb und Besitz einer Waffe bef\u00e4higt) oder Waffenpassbewerber (der zum Erwerb, Besitz und F\u00fchren einer Waffe bef\u00e4higt) ben\u00f6tigen ein psychologisches Gutachten, das aufgrund der \u201eWaffenrechtlichen Verl\u00e4sslichkeitspr\u00fcfung\u201c erstellt wird.<\/p>\n<p><strong>Preise:<\/strong><br \/>Der gesetzlich festgelegte Preis f\u00fcr eine Waffenbesitzkarte oder einen Waffenpass betr\u00e4gt netto \u20ac 236,00 (brutto \u20ac 283.-).<br \/>Der Preis f\u00fcr eine weiterf\u00fchrende Untersuchung bei Zweifeln am Erstuntersuchungs\u00adergebnis betr\u00e4gt netto \u20ac 231,00 (brutto \u20ac 268.-).<br \/>Der Preis f\u00fcr eine waffenrechtliche Untersuchung nach einer beh\u00f6rdlich festgestellten Auff\u00e4lligkeit betr\u00e4gt netto \u20ac 437,00 (brutto \u20ac 524-).<\/p>\n<p><strong>Bezahlung: vor Ort, vor Pr\u00fcfungsbeginn.<\/strong><\/p>\n<p><strong>Privatsph\u00e4re und Datenschutz:<\/strong><br \/>H\u00f6chste Verschwiegenheit ist sichergestellt. Alle Angaben und Ergebnisse werden vertraulich und diskret behandelt. Nur Sie als Antragsteller haben das Recht auf Einsicht in Ihre Daten und Testergebnisse. Einzige Ausnahme: Bei beh\u00f6rdlichen Zuweisungen muss auch die Beh\u00f6rde mittels Gutachten informiert werden.<\/p>\n<p>[\/et_pb_text][\/et_pb_column][et_pb_column type=&#8220;1_3&#8243; module_class=&#8220;vertikal-zentrieren&#8220; _builder_version=&#8220;4.23&#8243; _module_preset=&#8220;default&#8220; global_colors_info=&#8220;{}&#8220;][et_pb_image src=&#8220;https:\/\/irc-consult.at\/wp-content\/uploads\/2023\/10\/waffenrechtliche-verlaesslichkeitspruefung2.png&#8220; title_text=&#8220;waffenrechtliche-verlaesslichkeitspruefung2&#8243; align=&#8220;center&#8220; _builder_version=&#8220;4.23&#8243; _module_preset=&#8220;default&#8220; animation_style=&#8220;flip&#8220; animation_direction=&#8220;bottom&#8220; hover_transition_duration=&#8220;350ms&#8220; global_colors_info=&#8220;{}&#8220;][\/et_pb_image][et_pb_text _builder_version=&#8220;4.23&#8243; _module_preset=&#8220;default&#8220; text_font_size=&#8220;15px&#8220; header_2_text_color=&#8220;#F48100&#8243; text_orientation=&#8220;center&#8220; custom_margin=&#8220;-15px|||||&#8220; custom_padding=&#8220;14px|||||&#8220; animation_style=&#8220;flip&#8220; animation_direction=&#8220;bottom&#8220; text_font_size_tablet=&#8220;15px&#8220; text_font_size_phone=&#8220;16px&#8220; text_font_size_last_edited=&#8220;on|phone&#8220; header_2_font_size_tablet=&#8220;&#8220; header_2_font_size_phone=&#8220;&#8220; header_2_font_size_last_edited=&#8220;on|phone&#8220; global_colors_info=&#8220;{}&#8220;]<\/p>\n<h2><strong>Standort<\/strong><\/h2>\n<p><strong><\/strong><\/p>\n<p><strong>Dr. J\u00f6rg Prieler<br \/>Steinweg 5<br \/>7051 Gro\u00dfh\u00f6flein<br \/><\/strong><\/p>\n<p>[\/et_pb_text][\/et_pb_column][\/et_pb_row][et_pb_row column_structure=&#8220;2_3,1_3&#8243; make_equal=&#8220;on&#8220; _builder_version=&#8220;4.23&#8243; _module_preset=&#8220;default&#8220; custom_margin=&#8220;||||false|false&#8220; custom_padding=&#8220;16px|||||&#8220; global_colors_info=&#8220;{}&#8220;][et_pb_column type=&#8220;2_3&#8243; _builder_version=&#8220;4.23&#8243; _module_preset=&#8220;default&#8220; global_colors_info=&#8220;{}&#8220;][et_pb_text _builder_version=&#8220;4.23&#8243; _module_preset=&#8220;default&#8220; text_font_size=&#8220;15px&#8220; custom_margin=&#8220;-15px|||||&#8220; custom_padding=&#8220;14px|||||&#8220; animation_style=&#8220;flip&#8220; animation_direction=&#8220;bottom&#8220; text_font_size_tablet=&#8220;15px&#8220; text_font_size_phone=&#8220;16px&#8220; text_font_size_last_edited=&#8220;on|phone&#8220; global_colors_info=&#8220;{}&#8220;]<\/p>\n<p><strong>Ablauf:<\/strong><br \/>Die gesamte Testung dauert ungef\u00e4hr zwei Stunden. Eine Vorbereitung ist nicht notwendig.<\/p>\n<p><strong>Es erfolgt eine zweiphasige Verl\u00e4sslichkeitspr\u00fcfung:<\/strong><\/p>\n<p>Beantwortung eines Fragebogens, zum Aufschluss \u00fcber wichtige Daten aus Ihrem Lebenslauf.<br \/>Zwei Frageb\u00f6gen, die f\u00fcr den Umgang mit Waffen wichtige Einstellungen und Pers\u00f6nlichkeitsmerkmale erfassen, (z.B. emotionale Stabilit\u00e4t, soziale Anpassungsf\u00e4higkeit, Selbstkontrolle, Verl\u00e4sslichkeit, Aggressionsneigung, Risikobereitschaft\u2026.)<\/p>\n<p>Anschlie\u00dfend erfolgt ein pers\u00f6nliches Gespr\u00e4ch, indem Sie Ihre Gr\u00fcnde f\u00fcr den Erwerb einer Schusswaffe darlegen und Ihren Lebenslauf beschreiben. Kurz nach dem Test erhalten Sie Ihr Gutachten zugesandt.<\/p>\n<p>Bei Zweifel hinsichtlich einer positiven Beurteilung w\u00e4hrend der Testung, k\u00f6nnen Sie zwischen einer weiterf\u00fchrenden Begutachtung oder Abbruch der Untersuchung w\u00e4hlen.<\/p>\n<p>Bei Fortsetzung bearbeiten Sie weitere Frageb\u00f6gen und haben Gelegenheit, in einem ausf\u00fchrlichen Gespr\u00e4ch mit mir genau auf jene Punkte einzugehen, die am Bestehen der Testung zweifeln lie\u00dfen.<\/p>\n<p><strong>Wichtige Hinweise:<\/strong><\/p>\n<ul>\n<li>Konsumieren Sie keinen Alkohol am Vorabend<\/li>\n<li>Seien Sie ausgeschlafen und ausgeruht<\/li>\n<li>Keine Beruhigungsmittel oder \u00e4hnliches, die Ihre k\u00f6rperliche Verfassung beeintr\u00e4chtigen.<\/li>\n<li>Nehmen Sie nur Medikamente, wenn diese st\u00e4ndig \u00e4rztlich verordnet sind (z.B. Blutdruckmittel).<\/li>\n<\/ul>\n<p><strong>Mitzubringen sind: Lichtbildausweis, bei Brillentr\u00e4gern auch unbedingt Ihre Brille mitnehmen.<\/strong> Bei kurzfristiger Verhinderung bitten wir um Benachrichtigung und Fixierung eines neuen Termins!<\/p>\n<p>[\/et_pb_text][\/et_pb_column][et_pb_column type=&#8220;1_3&#8243; module_class=&#8220;vertikal-zentrieren&#8220; _builder_version=&#8220;4.23&#8243; _module_preset=&#8220;default&#8220; global_colors_info=&#8220;{}&#8220;][et_pb_image src=&#8220;https:\/\/irc-consult.at\/wp-content\/uploads\/2023\/10\/waffenrechtliche-verlaesslichkeitspruefung4.png&#8220; title_text=&#8220;waffenrechtliche-verlaesslichkeitspruefung4&#8243; align=&#8220;center&#8220; _builder_version=&#8220;4.23&#8243; _module_preset=&#8220;default&#8220; animation_style=&#8220;flip&#8220; animation_direction=&#8220;bottom&#8220; hover_transition_duration=&#8220;350ms&#8220; global_colors_info=&#8220;{}&#8220;][\/et_pb_image][et_pb_text _builder_version=&#8220;4.23&#8243; _module_preset=&#8220;default&#8220; text_font_size=&#8220;15px&#8220; header_2_text_color=&#8220;#F48100&#8243; text_orientation=&#8220;center&#8220; custom_margin=&#8220;-15px|||||&#8220; custom_padding=&#8220;14px|||||&#8220; animation_style=&#8220;flip&#8220; animation_direction=&#8220;bottom&#8220; text_font_size_tablet=&#8220;15px&#8220; text_font_size_phone=&#8220;16px&#8220; text_font_size_last_edited=&#8220;on|phone&#8220; header_2_font_size_tablet=&#8220;&#8220; header_2_font_size_phone=&#8220;&#8220; header_2_font_size_last_edited=&#8220;on|phone&#8220; global_colors_info=&#8220;{}&#8220;]<\/p>\n<h2><strong>Terminvereinbarung<\/strong><\/h2>\n<p><strong><\/strong><\/p>\n<p><strong>+43 677 615 10 895<br \/>+43 650 314 34 04<br \/>info@irc-consult.at<\/strong><\/p>\n<p>[\/et_pb_text][\/et_pb_column][\/et_pb_row][\/et_pb_section]<\/p>\n","protected":false},"excerpt":{"rendered":"<p>Waffenrechtliche Verl\u00e4sslichkeitspr\u00fcfungWaffenrechtliche Verl\u00e4sslichkeitspr\u00fcfung in entspannter, anonymer Atmosph\u00e4re.Sie m\u00fcssen diese Verl\u00e4sslichkeitspr\u00fcfung der Beh\u00f6rde vorweisen, sobald sie einen Waffenf\u00fchrerschein bzw. Waffenpass beantragen. In folgenden F\u00e4llen ist dies unverzichtbar: Security Mitarbeiter, die eine Waffe f\u00fchren Sportsch\u00fctzen Erbschaft von Waffen Ein nachweisbares, erh\u00f6htes Sicherheitsbed\u00fcrfnis besteht Andere Gr\u00fcnde&#8230; Bitte vereinbaren Sie telefonisch Ihren Wunschtermin unter +43 2682\/72906 oder +43 664\/1969863 [&hellip;]<\/p>\n","protected":false},"author":1,"featured_media":0,"parent":0,"menu_order":82,"comment_status":"closed","ping_status":"closed","template":"","meta":{"_et_pb_use_builder":"on","_et_pb_old_content":"<!-- wp:divi\/placeholder \/-->","_et_gb_content_width":"","footnotes":""},"class_list":["post-370380","page","type-page","status-publish","hentry"],"_links":{"self":[{"href":"https:\/\/irc-consult.at\/en\/wp-json\/wp\/v2\/pages\/370380","targetHints":{"allow":["GET"]}}],"collection":[{"href":"https:\/\/irc-consult.at\/en\/wp-json\/wp\/v2\/pages"}],"about":[{"href":"https:\/\/irc-consult.at\/en\/wp-json\/wp\/v2\/types\/page"}],"author":[{"embeddable":true,"href":"https:\/\/irc-consult.at\/en\/wp-json\/wp\/v2\/users\/1"}],"replies":[{"embeddable":true,"href":"https:\/\/irc-consult.at\/en\/wp-json\/wp\/v2\/comments?post=370380"}],"version-history":[{"count":5,"href":"https:\/\/irc-consult.at\/en\/wp-json\/wp\/v2\/pages\/370380\/revisions"}],"predecessor-version":[{"id":373010,"href":"https:\/\/irc-consult.at\/en\/wp-json\/wp\/v2\/pages\/370380\/revisions\/373010"}],"wp:attachment":[{"href":"https:\/\/irc-consult.at\/en\/wp-json\/wp\/v2\/media?parent=370380"}],"curies":[{"name":"wp","href":"https:\/\/api.w.org\/{rel}","templated":true}]}}