{"id":370378,"date":"2023-09-26T08:08:20","date_gmt":"2023-09-26T06:08:20","guid":{"rendered":"https:\/\/irc-consult.at\/?page_id=370378"},"modified":"2023-11-19T00:44:44","modified_gmt":"2023-11-18T23:44:44","slug":"psychologische-online-beratung","status":"publish","type":"page","link":"https:\/\/irc-consult.at\/en\/psychologische-online-beratung\/","title":{"rendered":"Psychological online counseling"},"content":{"rendered":"<p>[et_pb_section fb_built=&#8220;1&#8243; _builder_version=&#8220;4.23&#8243; _module_preset=&#8220;default&#8220; background_enable_mask_style=&#8220;on&#8220; background_mask_style=&#8220;honeycomb&#8220; background_mask_color=&#8220;rgba(244,129,0,0.15)&#8220; background_mask_transform=&#8220;invert&#8220; background_mask_aspect_ratio=&#8220;square&#8220; background_mask_size=&#8220;cover&#8220; custom_padding=&#8220;30px||10px|||&#8220; global_colors_info=&#8220;{}&#8220;][et_pb_row column_structure=&#8220;1_2,1_2&#8243; make_equal=&#8220;on&#8220; _builder_version=&#8220;4.23.1&#8243; _module_preset=&#8220;default&#8220; custom_margin=&#8220;||||false|false&#8220; custom_padding=&#8220;16px||5px|||&#8220; global_colors_info=&#8220;{}&#8220;][et_pb_column type=&#8220;1_2&#8243; _builder_version=&#8220;4.23&#8243; _module_preset=&#8220;default&#8220; global_colors_info=&#8220;{}&#8220;][et_pb_text _builder_version=&#8220;4.23.1&#8243; _module_preset=&#8220;default&#8220; text_font_size=&#8220;15px&#8220; header_2_text_color=&#8220;#F48100&#8243; custom_margin=&#8220;-15px|||||&#8220; custom_padding=&#8220;14px|||||&#8220; animation_style=&#8220;flip&#8220; animation_direction=&#8220;bottom&#8220; text_font_size_tablet=&#8220;15px&#8220; text_font_size_phone=&#8220;16px&#8220; text_font_size_last_edited=&#8220;on|phone&#8220; header_2_font_size_tablet=&#8220;&#8220; header_2_font_size_phone=&#8220;&#8220; header_2_font_size_last_edited=&#8220;on|phone&#8220; global_colors_info=&#8220;{}&#8220;]<\/p>\n<h2><strong>Psychologische Online-Beratung<br \/><\/strong><\/h2>\n<p><strong>Vorteile der Online-Beratung:<br \/><\/strong><br \/><span style=\"color: #f48100;\"><strong>\u2713 ortsunabh\u00e4ngig<\/strong><\/span><br \/>Sie k\u00f6nnen mich von jedem Ort aus, an dem Sie Zugang zum Internet haben, kontaktieren.<br \/>Dies ist f\u00fcr Sie besonders interessant, wenn<br \/><strong><span style=\"color: #f48100;\">\u03a8<\/span><\/strong> Sie beruflich oder privat viel unterwegs sind.<br \/><strong><span style=\"color: #f48100;\">\u03a8<\/span><\/strong> Sie einer Aufsichtspflicht nachkommen m\u00fcssen.<br \/><strong><span style=\"color: #f48100;\">\u03a8<\/span><\/strong> der Weg zu meiner Praxis f\u00fcr Sie zu weit ist.<\/p>\n<p>[\/et_pb_text][\/et_pb_column][et_pb_column type=&#8220;1_2&#8243; module_class=&#8220;vertikal-zentrieren&#8220; _builder_version=&#8220;4.23&#8243; _module_preset=&#8220;default&#8220; global_colors_info=&#8220;{}&#8220;][et_pb_text _builder_version=&#8220;4.23.1&#8243; _module_preset=&#8220;default&#8220; text_font_size=&#8220;15px&#8220; header_2_text_color=&#8220;#F48100&#8243; custom_margin=&#8220;-15px|||||&#8220; custom_padding=&#8220;14px|||||&#8220; animation_style=&#8220;flip&#8220; animation_direction=&#8220;bottom&#8220; text_font_size_tablet=&#8220;15px&#8220; text_font_size_phone=&#8220;16px&#8220; text_font_size_last_edited=&#8220;on|phone&#8220; header_2_font_size_tablet=&#8220;&#8220; header_2_font_size_phone=&#8220;&#8220; header_2_font_size_last_edited=&#8220;on|phone&#8220; global_colors_info=&#8220;{}&#8220;]<\/p>\n<p><span style=\"color: #f48100;\"><strong>\u2713 zeitflexibel<\/strong><\/span><br \/>Termine sind auch au\u00dferhalb der \u00fcblichen B\u00fcrozeiten und am Wochenende m\u00f6glich.<\/p>\n<p><span style=\"color: #f48100;\"><strong>\u2713 unkompliziert<\/strong><\/span><br \/>Die Terminvereinbarung erfolgt unproblematisch \u00fcber E-Mail oder per Telefon.<br \/>E-Mail: <a href=\"mailto:info@irc-consult.at\" target=\"_blank\" rel=\"noopener\" title=\"Psychologische Online-Beratung\">info@irc-consult.at<\/a> | Tel.: <a href=\"tel:+436641969863\" target=\"_blank\" rel=\"noopener\">+43 (0)664 196 98 63<\/a><\/p>\n<p>[\/et_pb_text][\/et_pb_column][\/et_pb_row][et_pb_row column_structure=&#8220;1_4,3_4&#8243; make_equal=&#8220;on&#8220; _builder_version=&#8220;4.23.1&#8243; _module_preset=&#8220;default&#8220; custom_margin=&#8220;||||false|false&#8220; custom_padding=&#8220;16px|||||&#8220; global_colors_info=&#8220;{}&#8220;][et_pb_column type=&#8220;1_4&#8243; module_class=&#8220;vertikal-zentrieren&#8220; _builder_version=&#8220;4.23.1&#8243; _module_preset=&#8220;default&#8220; global_colors_info=&#8220;{}&#8220;][et_pb_image src=&#8220;https:\/\/irc-consult.at\/wp-content\/uploads\/2023\/11\/guetesiegel_boep_online-beratung.png&#8220; title_text=&#8220;guetesiegel_boep_online-beratung&#8220; _builder_version=&#8220;4.23.1&#8243; _module_preset=&#8220;default&#8220; global_colors_info=&#8220;{}&#8220;][\/et_pb_image][\/et_pb_column][et_pb_column type=&#8220;3_4&#8243; _builder_version=&#8220;4.23.1&#8243; _module_preset=&#8220;default&#8220; global_colors_info=&#8220;{}&#8220;][et_pb_image src=&#8220;https:\/\/irc-consult.at\/wp-content\/uploads\/2023\/11\/psychologische-online-beratung-irc.jpg&#8220; title_text=&#8220;psychologische-online-beratung-irc&#8220; _builder_version=&#8220;4.23.1&#8243; _module_preset=&#8220;default&#8220; border_radii=&#8220;on|10px|10px|10px|10px&#8220; box_shadow_style=&#8220;preset1&#8243; box_shadow_blur=&#8220;5px&#8220; global_colors_info=&#8220;{}&#8220;][\/et_pb_image][\/et_pb_column][\/et_pb_row][\/et_pb_section]<\/p>\n","protected":false},"excerpt":{"rendered":"<p>Psychologische Online-Beratung Vorteile der Online-Beratung:\u2713 ortsunabh\u00e4ngigSie k\u00f6nnen mich von jedem Ort aus, an dem Sie Zugang zum Internet haben, kontaktieren.Dies ist f\u00fcr Sie besonders interessant, wenn\u03a8 Sie beruflich oder privat viel unterwegs sind.\u03a8 Sie einer Aufsichtspflicht nachkommen m\u00fcssen.\u03a8 der Weg zu meiner Praxis f\u00fcr Sie zu weit ist.\u2713 zeitflexibelTermine sind auch au\u00dferhalb der \u00fcblichen B\u00fcrozeiten [&hellip;]<\/p>\n","protected":false},"author":1,"featured_media":0,"parent":0,"menu_order":59,"comment_status":"closed","ping_status":"closed","template":"","meta":{"_et_pb_use_builder":"on","_et_pb_old_content":"<!-- wp:divi\/placeholder \/-->","_et_gb_content_width":"","footnotes":""},"class_list":["post-370378","page","type-page","status-publish","hentry"],"_links":{"self":[{"href":"https:\/\/irc-consult.at\/en\/wp-json\/wp\/v2\/pages\/370378","targetHints":{"allow":["GET"]}}],"collection":[{"href":"https:\/\/irc-consult.at\/en\/wp-json\/wp\/v2\/pages"}],"about":[{"href":"https:\/\/irc-consult.at\/en\/wp-json\/wp\/v2\/types\/page"}],"author":[{"embeddable":true,"href":"https:\/\/irc-consult.at\/en\/wp-json\/wp\/v2\/users\/1"}],"replies":[{"embeddable":true,"href":"https:\/\/irc-consult.at\/en\/wp-json\/wp\/v2\/comments?post=370378"}],"version-history":[{"count":5,"href":"https:\/\/irc-consult.at\/en\/wp-json\/wp\/v2\/pages\/370378\/revisions"}],"predecessor-version":[{"id":372750,"href":"https:\/\/irc-consult.at\/en\/wp-json\/wp\/v2\/pages\/370378\/revisions\/372750"}],"wp:attachment":[{"href":"https:\/\/irc-consult.at\/en\/wp-json\/wp\/v2\/media?parent=370378"}],"curies":[{"name":"wp","href":"https:\/\/api.w.org\/{rel}","templated":true}]}}