{"id":370368,"date":"2023-09-22T08:40:19","date_gmt":"2023-09-22T06:40:19","guid":{"rendered":"https:\/\/irc-consult.at\/?page_id=370368"},"modified":"2023-12-09T10:23:24","modified_gmt":"2023-12-09T09:23:24","slug":"kassenpsychologie","status":"publish","type":"page","link":"https:\/\/irc-consult.at\/en\/kassenpsychologie\/","title":{"rendered":"Health insurance psychology"},"content":{"rendered":"<p>[et_pb_section fb_built=&#8220;1&#8243; _builder_version=&#8220;4.23&#8243; _module_preset=&#8220;default&#8220; background_enable_mask_style=&#8220;on&#8220; background_mask_style=&#8220;honeycomb&#8220; background_mask_color=&#8220;rgba(244,129,0,0.15)&#8220; background_mask_transform=&#8220;invert&#8220; background_mask_aspect_ratio=&#8220;square&#8220; background_mask_size=&#8220;cover&#8220; custom_padding=&#8220;30px||10px|||&#8220; global_colors_info=&#8220;{}&#8220;][et_pb_row column_structure=&#8220;2_3,1_3&#8243; make_equal=&#8220;on&#8220; _builder_version=&#8220;4.23&#8243; _module_preset=&#8220;default&#8220; custom_margin=&#8220;||||false|false&#8220; custom_padding=&#8220;16px||5px|||&#8220; global_colors_info=&#8220;{}&#8220;][et_pb_column type=&#8220;2_3&#8243; module_class=&#8220;vertikal-zentrieren&#8220; _builder_version=&#8220;4.23&#8243; _module_preset=&#8220;default&#8220; global_colors_info=&#8220;{}&#8220;][et_pb_text _builder_version=&#8220;4.23.1&#8243; _module_preset=&#8220;2e28453c-3514-44ce-8723-94be722a7d49&#8243; text_font_size=&#8220;15px&#8220; header_2_text_color=&#8220;#F48100&#8243; custom_margin=&#8220;-15px|||||&#8220; custom_padding=&#8220;14px|||||&#8220; animation_style=&#8220;flip&#8220; animation_direction=&#8220;bottom&#8220; text_font_size_tablet=&#8220;15px&#8220; text_font_size_phone=&#8220;16px&#8220; text_font_size_last_edited=&#8220;on|phone&#8220; header_2_font_size_tablet=&#8220;&#8220; header_2_font_size_phone=&#8220;&#8220; header_2_font_size_last_edited=&#8220;on|phone&#8220; global_colors_info=&#8220;{}&#8220;]<\/p>\n<h2><strong>Kassenpsychologie<\/strong><\/h2>\n<p><strong><\/strong><\/p>\n<p><strong>Was ist psychologische Diagnostik?<\/strong><\/p>\n<p>Eine psychologische Diagnostik hat das Ziel, Ursachen f\u00fcr Beschwerden im seelischen Bereich abzukl\u00e4ren. Eine Diagnose f\u00fchrt oftmals zur Erleichterung, verbunden mit der Erkenntnis nicht alleine mit den Beschwerden zu sein und erm\u00f6glicht Empfehlungen f\u00fcr weitere Behandlungen durch PsychologInnen, Fach\u00e4rztInnen und PsychotherapeutInnen.<\/p>\n<p>Weiteres bietet psychologische Diagnostik die M\u00f6glichkeit, eigene St\u00e4rken und Schw\u00e4chen im Leistungs-, Intelligenz- und Pers\u00f6nlichkeitsbereich zu erheben um diese als Entscheidungshilfe z.B. bei der Berufswahl zu nutzen. Ich biete sowohl Diagnostik f\u00fcr Kinder\/Jugendliche an, als auch Diagnostik f\u00fcr Erwachsene.<\/p>\n<p>Eine psychologische Diagnostik auf Krankenschein ist dann m\u00f6glich, wenn Sie eine \u00dcberweisung von einem\/einer<\/p>\n<p>\u2022 Fach\u00e4rzt*in<br \/>\u2022 Praktische \u00c4rzt*in<br \/>\u2022 Psychotherapeut*in<\/p>\n<p>zum Diagnostiktermin mitbringen.<\/p>\n<p>Auf dem \u00dcberweisungsschein muss eine Verdachtsdiagnose lt. ICD-10 aufscheinen.<br \/>Ausgenommen von einer Krankendiagnostik sind Fragestellungen, wo keine krankheitswertige Diagnose vermutet wird. Erg\u00e4nzend k\u00f6nnen bereits vorhandene Befunde hilfreich sein. Bitte nehmen Sie zum Diagnostiktermin Ihre E-Card und bei Bedarf Ihre Brille mit!<\/p>\n<p>[\/et_pb_text][\/et_pb_column][et_pb_column type=&#8220;1_3&#8243; _builder_version=&#8220;4.23&#8243; _module_preset=&#8220;default&#8220; global_colors_info=&#8220;{}&#8220;][et_pb_image src=&#8220;https:\/\/irc-consult.at\/wp-content\/uploads\/2023\/11\/schlagwoerter7.png&#8220; title_text=&#8220;schlagwoerter7&#8243; align=&#8220;center&#8220; _builder_version=&#8220;4.23&#8243; _module_preset=&#8220;default&#8220; animation_style=&#8220;flip&#8220; animation_direction=&#8220;top&#8220; hover_transition_duration=&#8220;350ms&#8220; border_radii=&#8220;on|8px|8px|8px|8px&#8220; border_color_all=&#8220;#F48100&#8243; global_colors_info=&#8220;{}&#8220;][\/et_pb_image][\/et_pb_column][\/et_pb_row][et_pb_row column_structure=&#8220;1_3,1_3,1_3&#8243; _builder_version=&#8220;4.23&#8243; _module_preset=&#8220;default&#8220; global_colors_info=&#8220;{}&#8220;][et_pb_column type=&#8220;1_3&#8243; _builder_version=&#8220;4.23&#8243; _module_preset=&#8220;default&#8220; global_colors_info=&#8220;{}&#8220;][et_pb_text _builder_version=&#8220;4.23&#8243; _module_preset=&#8220;default&#8220; text_font_size=&#8220;15px&#8220; header_2_text_color=&#8220;#F48100&#8243; text_orientation=&#8220;center&#8220; custom_margin=&#8220;-15px|||||&#8220; custom_padding=&#8220;14px|||||&#8220; animation_style=&#8220;flip&#8220; animation_direction=&#8220;bottom&#8220; text_font_size_tablet=&#8220;15px&#8220; text_font_size_phone=&#8220;16px&#8220; text_font_size_last_edited=&#8220;on|phone&#8220; header_2_font_size_tablet=&#8220;&#8220; header_2_font_size_phone=&#8220;&#8220; header_2_font_size_last_edited=&#8220;on|phone&#8220; global_colors_info=&#8220;{}&#8220;]<\/p>\n<h2><strong>Standort<\/strong><\/h2>\n<p><strong><\/strong><\/p>\n<p><strong>GHZ Vital Pinkafeld<br \/>Turbagasse 13<br \/>7423 Pinkafeld<\/strong><\/p>\n<p>[\/et_pb_text][\/et_pb_column][et_pb_column type=&#8220;1_3&#8243; _builder_version=&#8220;4.23&#8243; _module_preset=&#8220;default&#8220; global_colors_info=&#8220;{}&#8220;][et_pb_text _builder_version=&#8220;4.23&#8243; _module_preset=&#8220;default&#8220; text_font_size=&#8220;15px&#8220; header_2_text_color=&#8220;#F48100&#8243; text_orientation=&#8220;center&#8220; custom_margin=&#8220;-15px|||||&#8220; custom_padding=&#8220;14px|||||&#8220; animation_style=&#8220;flip&#8220; animation_direction=&#8220;bottom&#8220; text_font_size_tablet=&#8220;15px&#8220; text_font_size_phone=&#8220;16px&#8220; text_font_size_last_edited=&#8220;on|phone&#8220; header_2_font_size_tablet=&#8220;&#8220; header_2_font_size_phone=&#8220;&#8220; header_2_font_size_last_edited=&#8220;on|phone&#8220; global_colors_info=&#8220;{}&#8220;]<\/p>\n<h2><strong>Terminvereinbarung<\/strong><\/h2>\n<p><strong><\/strong><\/p>\n<p><strong>+43 677 615 10 895<br \/>+43 650 314 34 04<br \/>info@irc-consult.at<\/strong><\/p>\n<p>[\/et_pb_text][\/et_pb_column][et_pb_column type=&#8220;1_3&#8243; _builder_version=&#8220;4.23&#8243; _module_preset=&#8220;default&#8220; global_colors_info=&#8220;{}&#8220;][et_pb_text _builder_version=&#8220;4.23.1&#8243; _module_preset=&#8220;default&#8220; text_font_size=&#8220;15px&#8220; header_2_text_color=&#8220;#F48100&#8243; text_orientation=&#8220;center&#8220; custom_margin=&#8220;-15px|||||&#8220; custom_padding=&#8220;14px|||||&#8220; animation_style=&#8220;flip&#8220; animation_direction=&#8220;bottom&#8220; hover_enabled=&#8220;0&#8243; text_font_size_tablet=&#8220;15px&#8220; text_font_size_phone=&#8220;16px&#8220; text_font_size_last_edited=&#8220;on|phone&#8220; header_2_font_size_tablet=&#8220;&#8220; header_2_font_size_phone=&#8220;&#8220; header_2_font_size_last_edited=&#8220;on|phone&#8220; global_colors_info=&#8220;{}&#8220; sticky_enabled=&#8220;0&#8243;]<\/p>\n<h2><strong>Ordinationszeiten<\/strong><\/h2>\n<p><strong><\/strong><\/p>\n<p><strong>Montag u. Dienstag: 8-18 Uhr<br \/>Freitag: 8 &#8211; 15 Uhr<br \/>*****<br \/><\/strong><\/p>\n<p>[\/et_pb_text][\/et_pb_column][\/et_pb_row][\/et_pb_section]<\/p>\n","protected":false},"excerpt":{"rendered":"<p>Kassenpsychologie Was ist psychologische Diagnostik? Eine psychologische Diagnostik hat das Ziel, Ursachen f\u00fcr Beschwerden im seelischen Bereich abzukl\u00e4ren. Eine Diagnose f\u00fchrt oftmals zur Erleichterung, verbunden mit der Erkenntnis nicht alleine mit den Beschwerden zu sein und erm\u00f6glicht Empfehlungen f\u00fcr weitere Behandlungen durch PsychologInnen, Fach\u00e4rztInnen und PsychotherapeutInnen. Weiteres bietet psychologische Diagnostik die M\u00f6glichkeit, eigene St\u00e4rken und [&hellip;]<\/p>\n","protected":false},"author":1,"featured_media":0,"parent":0,"menu_order":81,"comment_status":"closed","ping_status":"closed","template":"","meta":{"_et_pb_use_builder":"on","_et_pb_old_content":"<!-- wp:divi\/placeholder \/-->","_et_gb_content_width":"","footnotes":""},"class_list":["post-370368","page","type-page","status-publish","hentry"],"_links":{"self":[{"href":"https:\/\/irc-consult.at\/en\/wp-json\/wp\/v2\/pages\/370368","targetHints":{"allow":["GET"]}}],"collection":[{"href":"https:\/\/irc-consult.at\/en\/wp-json\/wp\/v2\/pages"}],"about":[{"href":"https:\/\/irc-consult.at\/en\/wp-json\/wp\/v2\/types\/page"}],"author":[{"embeddable":true,"href":"https:\/\/irc-consult.at\/en\/wp-json\/wp\/v2\/users\/1"}],"replies":[{"embeddable":true,"href":"https:\/\/irc-consult.at\/en\/wp-json\/wp\/v2\/comments?post=370368"}],"version-history":[{"count":4,"href":"https:\/\/irc-consult.at\/en\/wp-json\/wp\/v2\/pages\/370368\/revisions"}],"predecessor-version":[{"id":373390,"href":"https:\/\/irc-consult.at\/en\/wp-json\/wp\/v2\/pages\/370368\/revisions\/373390"}],"wp:attachment":[{"href":"https:\/\/irc-consult.at\/en\/wp-json\/wp\/v2\/media?parent=370368"}],"curies":[{"name":"wp","href":"https:\/\/api.w.org\/{rel}","templated":true}]}}