{"id":370312,"date":"2023-09-21T10:15:39","date_gmt":"2023-09-21T08:15:39","guid":{"rendered":"https:\/\/irc-consult.at\/?page_id=370312"},"modified":"2023-12-03T09:05:55","modified_gmt":"2023-12-03T08:05:55","slug":"videoanalysen","status":"publish","type":"page","link":"https:\/\/irc-consult.at\/en\/videoanalysen\/","title":{"rendered":"Video analyses"},"content":{"rendered":"<p>[et_pb_section fb_built=&#8220;1&#8243; _builder_version=&#8220;4.23&#8243; _module_preset=&#8220;default&#8220; background_enable_mask_style=&#8220;on&#8220; background_mask_style=&#8220;honeycomb&#8220; background_mask_color=&#8220;rgba(244,129,0,0.15)&#8220; background_mask_transform=&#8220;invert&#8220; background_mask_aspect_ratio=&#8220;square&#8220; background_mask_size=&#8220;cover&#8220; custom_padding=&#8220;||14px|||&#8220; global_colors_info=&#8220;{}&#8220; theme_builder_area=&#8220;post_content&#8220;][et_pb_row _builder_version=&#8220;4.23&#8243; _module_preset=&#8220;default&#8220; custom_margin=&#8220;-30px|auto|0px|auto|false|false&#8220; custom_padding=&#8220;||3px||false|false&#8220; global_colors_info=&#8220;{}&#8220; theme_builder_area=&#8220;post_content&#8220;][et_pb_column type=&#8220;4_4&#8243; _builder_version=&#8220;4.23&#8243; _module_preset=&#8220;default&#8220; global_colors_info=&#8220;{}&#8220; theme_builder_area=&#8220;post_content&#8220;][et_pb_text _builder_version=&#8220;4.23.1&#8243; _module_preset=&#8220;default&#8220; header_2_font=&#8220;IRC Fonts Regular|||on|||||&#8220; header_2_text_color=&#8220;#F48100&#8243; header_2_font_size=&#8220;25px&#8220; header_2_line_height=&#8220;1.4em&#8220; custom_margin=&#8220;-8px||0px||false|false&#8220; custom_padding=&#8220;||0px||false|false&#8220; animation_style=&#8220;fade&#8220; hover_enabled=&#8220;0&#8243; header_2_font_size_tablet=&#8220;25px&#8220; header_2_font_size_phone=&#8220;15px&#8220; header_2_font_size_last_edited=&#8220;on|phone&#8220; global_colors_info=&#8220;{}&#8220; theme_builder_area=&#8220;post_content&#8220; sticky_enabled=&#8220;0&#8243;]<\/p>\n<h2 itemprop=\"name\">Rhetoriktraining mit psycho-physiologischen Verfahren und Videoanalysen<\/h2>\n<p>[\/et_pb_text][\/et_pb_column][\/et_pb_row][et_pb_row column_structure=&#8220;2_3,1_3&#8243; make_equal=&#8220;on&#8220; _builder_version=&#8220;4.23.1&#8243; _module_preset=&#8220;default&#8220; custom_margin=&#8220;||||false|false&#8220; custom_padding=&#8220;16px||5px|||&#8220; hover_enabled=&#8220;0&#8243; global_colors_info=&#8220;{}&#8220; theme_builder_area=&#8220;post_content&#8220; sticky_enabled=&#8220;0&#8243;][et_pb_column type=&#8220;2_3&#8243; _builder_version=&#8220;4.23.1&#8243; _module_preset=&#8220;default&#8220; hover_enabled=&#8220;0&#8243; global_colors_info=&#8220;{}&#8220; theme_builder_area=&#8220;post_content&#8220; module_class=&#8220;vertikal-zentrieren&#8220; sticky_enabled=&#8220;0&#8243;][et_pb_text _builder_version=&#8220;4.23.1&#8243; _module_preset=&#8220;default&#8220; text_font_size=&#8220;15px&#8220; custom_margin=&#8220;-15px|||||&#8220; custom_padding=&#8220;14px|||||&#8220; animation_style=&#8220;flip&#8220; animation_direction=&#8220;bottom&#8220; hover_enabled=&#8220;0&#8243; text_font_size_tablet=&#8220;15px&#8220; text_font_size_phone=&#8220;16px&#8220; text_font_size_last_edited=&#8220;on|phone&#8220; global_colors_info=&#8220;{}&#8220; theme_builder_area=&#8220;post_content&#8220; sticky_enabled=&#8220;0&#8243;]<\/p>\n<p><strong>Beitrag folgt&#8230;<\/strong><\/p>\n<p>[\/et_pb_text][\/et_pb_column][et_pb_column type=&#8220;1_3&#8243; _builder_version=&#8220;4.23.1&#8243; _module_preset=&#8220;default&#8220; hover_enabled=&#8220;0&#8243; global_colors_info=&#8220;{}&#8220; theme_builder_area=&#8220;post_content&#8220; sticky_enabled=&#8220;0&#8243;][et_pb_image src=&#8220;https:\/\/irc-consult.at\/wp-content\/uploads\/2023\/11\/ich-analyse.jpg&#8220; title_text=&#8220;Masked woman expressing different emotions&#8220; align=&#8220;center&#8220; _builder_version=&#8220;4.23.1&#8243; _module_preset=&#8220;default&#8220; animation_style=&#8220;flip&#8220; animation_direction=&#8220;bottom&#8220; hover_transition_duration=&#8220;350ms&#8220; border_radii=&#8220;on|8px|8px|8px|8px&#8220; border_color_all=&#8220;#F48100&#8243; box_shadow_style=&#8220;preset1&#8243; box_shadow_blur=&#8220;5px&#8220; global_colors_info=&#8220;{}&#8220; theme_builder_area=&#8220;post_content&#8220;][\/et_pb_image][\/et_pb_column][\/et_pb_row][et_pb_row make_equal=&#8220;on&#8220; _builder_version=&#8220;4.23&#8243; _module_preset=&#8220;default&#8220; custom_margin=&#8220;||||false|false&#8220; custom_padding=&#8220;16px|||||&#8220; global_colors_info=&#8220;{}&#8220; theme_builder_area=&#8220;post_content&#8220;][et_pb_column type=&#8220;4_4&#8243; _builder_version=&#8220;4.23&#8243; _module_preset=&#8220;default&#8220; global_colors_info=&#8220;{}&#8220; theme_builder_area=&#8220;post_content&#8220;][et_pb_text _builder_version=&#8220;4.23&#8243; _module_preset=&#8220;default&#8220; text_font_size=&#8220;15px&#8220; header_2_text_color=&#8220;#F48100&#8243; background_enable_image=&#8220;off&#8220; custom_margin=&#8220;-4px|||||&#8220; custom_padding=&#8220;5px||||false|false&#8220; animation_style=&#8220;flip&#8220; animation_direction=&#8220;bottom&#8220; text_font_size_tablet=&#8220;15px&#8220; text_font_size_phone=&#8220;16px&#8220; text_font_size_last_edited=&#8220;on|phone&#8220; global_colors_info=&#8220;{}&#8220; theme_builder_area=&#8220;post_content&#8220;]<\/p>\n<p><strong><\/strong><strong><\/strong><strong><\/strong><strong>Sicherheit und Datenschutz<br \/><\/strong>Das System der Firma IR&amp;C entspricht den modernsten IT-Anforderungen (\u201eBanken- Standard\u201c). Als zus\u00e4tzliche Sicherheitsma\u00dfnahme k\u00f6nnen anstatt der konkreten Namen der getesteten Personen auch Personencodes vergeben werden. Von den Kund*innen m\u00fcssen lediglich gen\u00fcgend PCs\/ Laptops\/Touchpads mit oder ohne Internetverbindung (On\/Off-Line f\u00e4hig, auch Intranet tauglich) zur Verf\u00fcgung gestellt werden.<\/p>\n<p>[\/et_pb_text][\/et_pb_column][\/et_pb_row][\/et_pb_section]<\/p>\n","protected":false},"excerpt":{"rendered":"<p>Rhetoriktraining mit psycho-physiologischen Verfahren und VideoanalysenBeitrag folgt&#8230;Sicherheit und DatenschutzDas System der Firma IR&amp;C entspricht den modernsten IT-Anforderungen (\u201eBanken- Standard\u201c). Als zus\u00e4tzliche Sicherheitsma\u00dfnahme k\u00f6nnen anstatt der konkreten Namen der getesteten Personen auch Personencodes vergeben werden. Von den Kund*innen m\u00fcssen lediglich gen\u00fcgend PCs\/ Laptops\/Touchpads mit oder ohne Internetverbindung (On\/Off-Line f\u00e4hig, auch Intranet tauglich) zur Verf\u00fcgung gestellt werden.<\/p>","protected":false},"author":1,"featured_media":0,"parent":0,"menu_order":183,"comment_status":"closed","ping_status":"closed","template":"","meta":{"_et_pb_use_builder":"on","_et_pb_old_content":"<!-- wp:divi\/placeholder \/-->","_et_gb_content_width":"","footnotes":""},"class_list":["post-370312","page","type-page","status-publish","hentry"],"_links":{"self":[{"href":"https:\/\/irc-consult.at\/en\/wp-json\/wp\/v2\/pages\/370312","targetHints":{"allow":["GET"]}}],"collection":[{"href":"https:\/\/irc-consult.at\/en\/wp-json\/wp\/v2\/pages"}],"about":[{"href":"https:\/\/irc-consult.at\/en\/wp-json\/wp\/v2\/types\/page"}],"author":[{"embeddable":true,"href":"https:\/\/irc-consult.at\/en\/wp-json\/wp\/v2\/users\/1"}],"replies":[{"embeddable":true,"href":"https:\/\/irc-consult.at\/en\/wp-json\/wp\/v2\/comments?post=370312"}],"version-history":[{"count":4,"href":"https:\/\/irc-consult.at\/en\/wp-json\/wp\/v2\/pages\/370312\/revisions"}],"predecessor-version":[{"id":373000,"href":"https:\/\/irc-consult.at\/en\/wp-json\/wp\/v2\/pages\/370312\/revisions\/373000"}],"wp:attachment":[{"href":"https:\/\/irc-consult.at\/en\/wp-json\/wp\/v2\/media?parent=370312"}],"curies":[{"name":"wp","href":"https:\/\/api.w.org\/{rel}","templated":true}]}}