{"id":370291,"date":"2023-09-21T10:04:36","date_gmt":"2023-09-21T08:04:36","guid":{"rendered":"https:\/\/irc-consult.at\/?page_id=370291"},"modified":"2023-11-14T21:58:34","modified_gmt":"2023-11-14T20:58:34","slug":"bio-neurofeedback-therapie","status":"publish","type":"page","link":"https:\/\/irc-consult.at\/en\/bio-neurofeedback-therapie\/","title":{"rendered":"Bio\/neurofeedback therapy"},"content":{"rendered":"<p>[et_pb_section fb_built=&#8220;1&#8243; _builder_version=&#8220;4.23&#8243; _module_preset=&#8220;default&#8220; background_enable_mask_style=&#8220;on&#8220; background_mask_style=&#8220;honeycomb&#8220; background_mask_color=&#8220;rgba(244,129,0,0.15)&#8220; background_mask_transform=&#8220;invert&#8220; background_mask_aspect_ratio=&#8220;square&#8220; background_mask_size=&#8220;cover&#8220; custom_padding=&#8220;||14px|||&#8220; global_colors_info=&#8220;{}&#8220; theme_builder_area=&#8220;post_content&#8220;][et_pb_row _builder_version=&#8220;4.23&#8243; _module_preset=&#8220;default&#8220; custom_margin=&#8220;-30px|auto|0px|auto|false|false&#8220; custom_padding=&#8220;||3px||false|false&#8220; global_colors_info=&#8220;{}&#8220; theme_builder_area=&#8220;post_content&#8220;][et_pb_column type=&#8220;4_4&#8243; _builder_version=&#8220;4.23&#8243; _module_preset=&#8220;default&#8220; global_colors_info=&#8220;{}&#8220; theme_builder_area=&#8220;post_content&#8220;][et_pb_text _builder_version=&#8220;4.23.1&#8243; _module_preset=&#8220;default&#8220; header_2_font=&#8220;IRC Fonts Regular|||on|||||&#8220; header_2_text_color=&#8220;#F48100&#8243; header_2_font_size=&#8220;25px&#8220; header_2_line_height=&#8220;1.4em&#8220; custom_margin=&#8220;-8px||0px||false|false&#8220; custom_padding=&#8220;||0px||false|false&#8220; animation_style=&#8220;fade&#8220; hover_enabled=&#8220;0&#8243; header_2_font_size_tablet=&#8220;25px&#8220; header_2_font_size_phone=&#8220;15px&#8220; header_2_font_size_last_edited=&#8220;on|phone&#8220; global_colors_info=&#8220;{}&#8220; theme_builder_area=&#8220;post_content&#8220; sticky_enabled=&#8220;0&#8243;]<\/p>\n<h2 itemprop=\"name\">Bio-\/Neurofeedback-Therapie<\/h2>\n<p>[\/et_pb_text][\/et_pb_column][\/et_pb_row][et_pb_row column_structure=&#8220;2_3,1_3&#8243; make_equal=&#8220;on&#8220; _builder_version=&#8220;4.23.1&#8243; _module_preset=&#8220;default&#8220; custom_margin=&#8220;||||false|false&#8220; custom_padding=&#8220;16px||5px|||&#8220; hover_enabled=&#8220;0&#8243; global_colors_info=&#8220;{}&#8220; theme_builder_area=&#8220;post_content&#8220; sticky_enabled=&#8220;0&#8243;][et_pb_column type=&#8220;2_3&#8243; _builder_version=&#8220;4.23.1&#8243; _module_preset=&#8220;default&#8220; hover_enabled=&#8220;0&#8243; global_colors_info=&#8220;{}&#8220; theme_builder_area=&#8220;post_content&#8220; sticky_enabled=&#8220;0&#8243;][et_pb_text _builder_version=&#8220;4.23.1&#8243; _module_preset=&#8220;default&#8220; text_font_size=&#8220;15px&#8220; custom_margin=&#8220;-15px||-4px|||&#8220; custom_padding=&#8220;14px|||||&#8220; animation_style=&#8220;flip&#8220; animation_direction=&#8220;bottom&#8220; hover_enabled=&#8220;0&#8243; text_font_size_tablet=&#8220;15px&#8220; text_font_size_phone=&#8220;16px&#8220; text_font_size_last_edited=&#8220;on|phone&#8220; global_colors_info=&#8220;{}&#8220; theme_builder_area=&#8220;post_content&#8220; sticky_enabled=&#8220;0&#8243;]<\/p>\n<p><strong><\/strong>Mit dem Begriff <strong>Biofeedback<\/strong> (altgr. \u03b2\u03af\u03bf\u03c2 bios \u201eLeben\u201c und engl. feedback \u201eR\u00fcckmeldung\u201c) wird eine Methode bezeichnet, bei der Ver\u00e4nderungen von Zustandsgr\u00f6\u00dfen biologischer Vorg\u00e4nge, die der unmittelbaren Sinneswahrnehmung nicht zug\u00e4nglich sind, mit technischen (oft elektronischen) Hilfsmitteln beobachtbar, d. h. dem eigenen Bewusstsein zug\u00e4nglich gemacht werden. Biofeedback weist eine inhaltliche N\u00e4he zu verhaltenstherapeutischen und lerntheoretischen Ans\u00e4tzen auf. Die Einsatzm\u00f6glichkeiten der Behandlungstechnik sind vielf\u00e4ltig. \u00dcber kurative Ans\u00e4tze hinaus findet Biofeedback auch Anwendung im Bereich des peak-performance-trainings und des Coachings. Es wird h\u00e4ufig zur Entspannung, aber auch zur Rehabilitation (zum Beispiel von erlahmten Muskeln) eingesetzt. Biofeedback hat nichts mit Bioresonanztherapie zu tun.<\/p>\n<p>[\/et_pb_text][\/et_pb_column][et_pb_column type=&#8220;1_3&#8243; module_class=&#8220;vertikal-zentrieren&#8220; _builder_version=&#8220;4.23.1&#8243; _module_preset=&#8220;default&#8220; hover_enabled=&#8220;0&#8243; global_colors_info=&#8220;{}&#8220; theme_builder_area=&#8220;post_content&#8220; sticky_enabled=&#8220;0&#8243;][et_pb_image src=&#8220;https:\/\/irc-consult.at\/wp-content\/uploads\/2023\/11\/biofeedback1.jpg&#8220; title_text=&#8220;Business Quality Customer Survey Feedback&#8220; align=&#8220;center&#8220; _builder_version=&#8220;4.23.1&#8243; _module_preset=&#8220;default&#8220; animation_style=&#8220;flip&#8220; animation_direction=&#8220;bottom&#8220; hover_transition_duration=&#8220;350ms&#8220; hover_enabled=&#8220;0&#8243; border_radii=&#8220;on|8px|8px|8px|8px&#8220; border_color_all=&#8220;#F48100&#8243; box_shadow_style=&#8220;preset1&#8243; box_shadow_blur=&#8220;5px&#8220; global_colors_info=&#8220;{}&#8220; theme_builder_area=&#8220;post_content&#8220; sticky_enabled=&#8220;0&#8243;][\/et_pb_image][\/et_pb_column][\/et_pb_row][et_pb_row make_equal=&#8220;on&#8220; _builder_version=&#8220;4.23&#8243; _module_preset=&#8220;default&#8220; custom_margin=&#8220;|auto|-6px|auto|false|false&#8220; custom_padding=&#8220;1px||0px|||&#8220; global_colors_info=&#8220;{}&#8220; theme_builder_area=&#8220;post_content&#8220;][et_pb_column type=&#8220;4_4&#8243; _builder_version=&#8220;4.23&#8243; _module_preset=&#8220;default&#8220; global_colors_info=&#8220;{}&#8220; theme_builder_area=&#8220;post_content&#8220;][et_pb_text _builder_version=&#8220;4.23.1&#8243; _module_preset=&#8220;default&#8220; text_font_size=&#8220;15px&#8220; header_2_text_color=&#8220;#F48100&#8243; background_enable_image=&#8220;off&#8220; custom_margin=&#8220;-4px||8px|||&#8220; custom_padding=&#8220;5px||||false|false&#8220; animation_style=&#8220;flip&#8220; animation_direction=&#8220;bottom&#8220; hover_enabled=&#8220;0&#8243; text_font_size_tablet=&#8220;15px&#8220; text_font_size_phone=&#8220;16px&#8220; text_font_size_last_edited=&#8220;on|phone&#8220; global_colors_info=&#8220;{}&#8220; theme_builder_area=&#8220;post_content&#8220; sticky_enabled=&#8220;0&#8243;]<\/p>\n<p><strong>Theorie<br \/><\/strong>K\u00f6rpereigene innerliche Regulationsvorg\u00e4nge sind dem Bewusstsein h\u00e4ufig nicht direkt zug\u00e4nglich, so dass bei Imbalancen auch nicht bewusst auf den Regelkreis eingewirkt werden kann. Biofeedback dient dazu, mittels physiologischer Messungen eine K\u00f6rperfunktion (wie zum Beispiel Puls, Hautleitwert oder Hirnstr\u00f6me) dem Bewusstsein zug\u00e4nglich zu machen. Dies geschieht im Allgemeinen durch T\u00f6ne (Lautst\u00e4rke, Tonh\u00f6he oder Klangfarbe) oder Visualisierungen (z. B. Zeiger oder Balkengraphiken). Der Patient versucht durch diese R\u00fcckkopplung eine Verbesserung der Regulation durch operante Kontrolle zu erzielen.<\/p>\n<p><strong>Signalquellen<br \/><\/strong>F\u00fcr die bewusst wahrnehmbare Darstellung kommt eine Reihe von biologischen Istwerten in Frage. Diese werden nichtinvasiv gemessen, in einem Analog-Digital-Wandler konvertiert, gemittelt und verst\u00e4rkt und schlie\u00dflich graphisch oder akustisch aufbereitet. Im Einzelnen k\u00f6nnen erfasst werden:<\/p>\n<ul>\n<li>Atemmuster (Atemfrequenz, Atemamplitude)<\/li>\n<li>Blutdruck<\/li>\n<li>Puls (Frequenz, Amplitude und Variabilit\u00e4t)<\/li>\n<li>Sauerstoffgehalt des Blutes<\/li>\n<li>Hauttemperatur<\/li>\n<li>Hautwiderstand<\/li>\n<li>Muskelpotentiale (mit Hilfe der Elektromyografie)<\/li>\n<li>Gehirnstr\u00f6me<\/li>\n<\/ul>\n<p>Die technischen Ausf\u00fchrungen reichen von tragbaren kleinen Ger\u00e4ten, die h\u00e4ufig nur einen Parameter erfassen und r\u00fcckmelden, \u00fcber Vaginal- und Rektalelektroden bis hin zu Mehrkanalger\u00e4ten, die mehrere Signale gleichzeitig hochfrequent aufzeichnen. Teilweise erfolgt die \u00dcbertragung kabellos mittels Bluetooth-Technik, so dass der Proband\/Patient sich w\u00e4hrend der Therapie ungehindert bewegen kann.<br \/>F\u00fcr viele der Anwendungen gilt, dass nicht unbedingt ein offensichtlicher Zusammenhang zwischen dem \u201eOrgan\u201c der Erkrankung und dem f\u00fcr die Therapie gew\u00e4hlten Messwert bestehen muss; so wird etwa f\u00fcr das Biofeedback bei Depressionen h\u00e4ufig die Herzratenvariabilit\u00e4t als Istwert genutzt.<\/p>\n<p>[\/et_pb_text][\/et_pb_column][\/et_pb_row][et_pb_row column_structure=&#8220;2_3,1_3&#8243; make_equal=&#8220;on&#8220; _builder_version=&#8220;4.23.1&#8243; _module_preset=&#8220;default&#8220; custom_margin=&#8220;||||false|false&#8220; custom_padding=&#8220;16px||5px|||&#8220; hover_enabled=&#8220;0&#8243; global_colors_info=&#8220;{}&#8220; theme_builder_area=&#8220;post_content&#8220; sticky_enabled=&#8220;0&#8243;][et_pb_column type=&#8220;2_3&#8243; _builder_version=&#8220;4.23.1&#8243; _module_preset=&#8220;default&#8220; hover_enabled=&#8220;0&#8243; global_colors_info=&#8220;{}&#8220; theme_builder_area=&#8220;post_content&#8220; sticky_enabled=&#8220;0&#8243;][et_pb_text _builder_version=&#8220;4.23.1&#8243; _module_preset=&#8220;default&#8220; text_font_size=&#8220;15px&#8220; custom_margin=&#8220;-2px|||||&#8220; custom_padding=&#8220;14px|||||&#8220; animation_style=&#8220;flip&#8220; animation_direction=&#8220;bottom&#8220; hover_enabled=&#8220;0&#8243; text_font_size_tablet=&#8220;15px&#8220; text_font_size_phone=&#8220;16px&#8220; text_font_size_last_edited=&#8220;on|phone&#8220; global_colors_info=&#8220;{}&#8220; theme_builder_area=&#8220;post_content&#8220; sticky_enabled=&#8220;0&#8243;]<\/p>\n<p><strong>Praxis<\/strong><br \/>Eine m\u00f6gliche Umsetzung in der Praxis sieht folgenderma\u00dfen aus: Der Proband sitzt vor einem Computerbildschirm. An seinem Finger ist eine Messsonde angebracht, die den Hautleitwert und damit indirekt den Grad der Anspannung des autonomen Nervensystems misst. Dieser Messwert wird auf dem Monitor angezeigt, so dass der Proband eine R\u00fcckmeldung \u00fcber seine aktuell ablaufenden physiologischen Regelmechanismen erh\u00e4lt. Gleichzeitig kann die Atemkurve oder der Grad der Muskelanspannung an Stirn und Nacken erfasst werden. Zus\u00e4tzlich besteht die M\u00f6glichkeit, ein Pulsamplituden-Messger\u00e4t an der Schl\u00e4fenarterie (A. temporalis) anzubringen (wichtig bei der Behandlung von Migr\u00e4nepatienten). Auf dem Bildschirm werden die erhobenen Werte als Kurvendiagramm oder anders graphisch aufbereitet gezeigt. So werden psychophysiologische Zusammenh\u00e4nge verdeutlicht. Beispielsweise kann verfolgt werden, welche Auswirkungen Erinnerungen an sch\u00f6ne oder schwierige Situationen auf Atmung, Hautleitwert und Herz-Kreislauf-System haben. Das beobachtbare Reaktionsmuster ist individuell verschieden. Die R\u00fcckmeldung f\u00fchrt dazu, dass der\/die Behandelte sich selbst besser kennenlernt und Entspanntheit von Angespanntheit unterscheiden lernt. Oft genug zeigen die Messwerte, dass Muskeln angespannt sind, der Atem flach geht, die Handfl\u00e4chen schwitzen oder das Herz schnell schl\u00e4gt, obwohl das dem\/der Betroffenen nicht bewusst wird. Biofeedback dient einer Bewusstseinssch\u00e4rfung f\u00fcr eigene innere Zust\u00e4nde. Man spricht von einer Erh\u00f6hung der Interozeptionsf\u00e4higkeit. In einem zweiten Schritt dienen \u00dcbungen dazu, die Parameter in Richtung auf ein Therapieziel zu ver\u00e4ndern, z. B. den Hautleitwert zu senken, die Muskelanspannung zu drosseln, das Atemmuster gleichm\u00e4\u00dfig und ruhig werden zu lassen. Der Weg zur Erreichung des Ziels ist dabei nicht vorgegeben. Biofeedback kann mit Entspannungsverfahren wie dem autogenen Training, Yoga, achtsamkeitsbasierten Methoden oder progressiver Muskelentspannung problemlos kombiniert werden. Die sofortige R\u00fcckmeldung \u00fcber den Erfolg der eingesetzten Technik erh\u00f6ht die Motivation, einmal Begonnenes fortzuf\u00fchren und zu perfektionieren. Letztlich geht es darum, die Einflussnahme auf das vegetative Nervensystem auch ohne Hilfsger\u00e4t zuverl\u00e4ssig im Alltag anzuwenden, um schwierige Situationen besser zu meistern, ohne Beschwerden zu entwickeln.<\/p>\n<p>[\/et_pb_text][\/et_pb_column][et_pb_column type=&#8220;1_3&#8243; module_class=&#8220;vertikal-zentrieren&#8220; _builder_version=&#8220;4.23.1&#8243; _module_preset=&#8220;default&#8220; hover_enabled=&#8220;0&#8243; global_colors_info=&#8220;{}&#8220; theme_builder_area=&#8220;post_content&#8220; sticky_enabled=&#8220;0&#8243;][et_pb_image src=&#8220;https:\/\/irc-consult.at\/wp-content\/uploads\/2023\/11\/biofeedback.jpg&#8220; title_text=&#8220;Customer satisfaction rating with smiley 3D rendering&#8220; align=&#8220;center&#8220; _builder_version=&#8220;4.23.1&#8243; _module_preset=&#8220;default&#8220; animation_style=&#8220;flip&#8220; animation_direction=&#8220;bottom&#8220; hover_transition_duration=&#8220;350ms&#8220; hover_enabled=&#8220;0&#8243; border_radii=&#8220;on|8px|8px|8px|8px&#8220; border_color_all=&#8220;#F48100&#8243; box_shadow_style=&#8220;preset1&#8243; box_shadow_blur=&#8220;5px&#8220; global_colors_info=&#8220;{}&#8220; theme_builder_area=&#8220;post_content&#8220; sticky_enabled=&#8220;0&#8243;][\/et_pb_image][\/et_pb_column][\/et_pb_row][et_pb_row make_equal=&#8220;on&#8220; _builder_version=&#8220;4.23&#8243; _module_preset=&#8220;default&#8220; custom_margin=&#8220;|auto|-6px|auto|false|false&#8220; custom_padding=&#8220;1px||0px|||&#8220; global_colors_info=&#8220;{}&#8220; theme_builder_area=&#8220;post_content&#8220;][et_pb_column type=&#8220;4_4&#8243; _builder_version=&#8220;4.23&#8243; _module_preset=&#8220;default&#8220; global_colors_info=&#8220;{}&#8220; theme_builder_area=&#8220;post_content&#8220;][et_pb_text _builder_version=&#8220;4.23.1&#8243; _module_preset=&#8220;default&#8220; text_font_size=&#8220;15px&#8220; header_2_text_color=&#8220;#F48100&#8243; background_enable_image=&#8220;off&#8220; custom_margin=&#8220;-4px||25px|||&#8220; custom_padding=&#8220;17px||||false|false&#8220; animation_style=&#8220;flip&#8220; animation_direction=&#8220;bottom&#8220; hover_enabled=&#8220;0&#8243; text_font_size_tablet=&#8220;15px&#8220; text_font_size_phone=&#8220;16px&#8220; text_font_size_last_edited=&#8220;on|phone&#8220; global_colors_info=&#8220;{}&#8220; theme_builder_area=&#8220;post_content&#8220; sticky_enabled=&#8220;0&#8243;]<\/p>\n<p><strong>Einsatzbereiche<br \/><\/strong>Entsprechend der F\u00fclle der ableitbaren Parameter sind die klinischen und praktischen Anwendungsm\u00f6glichkeiten vielf\u00e4ltig. Sie umfassen<\/p>\n<ul>\n<li>Schmerzsyndrome (Migr\u00e4ne und Spannungskopfschmerz; chronischer R\u00fcckenschmerz)<\/li>\n<li>Herz-Kreislauf-Erkrankungen wie hohen Blutdruck (erg\u00e4nzend zu medikament\u00f6ser Therapie), Raynaud-Syndrom<\/li>\n<li>Angst- und Panikst\u00f6rungen, Depressionen, funktionelle St\u00f6rungen, psychosomatische Beschwerden<\/li>\n<li>Harn- und Stuhl-Inkontinenz<\/li>\n<li>ADHS, Epilepsie<\/li>\n<li>Vaginismus<\/li>\n<li>Tinnitus<\/li>\n<li>neuromuskul\u00e4re Rehabilitation<\/li>\n<li>Stressmanagement, Peak-Performance-Training<\/li>\n<\/ul>\n<p><strong>Als Gr\u00fcnde f\u00fcr Patienten zur Wahl von Biofeedback-Behandlungen gelten:<\/strong><\/p>\n<ul>\n<li>Die Methode ist nicht-invasiv.<\/li>\n<li>Sie kann die Notwendigkeit des Einsatzes von Arzneimitteln vermindern oder v\u00f6llig ausschalten.<\/li>\n<li>Sie kann eine Behandlungsalternative f\u00fcr jene Patienten sein, bei denen Arzneimittel kontraindiziert sind.<\/li>\n<li>Sie kann eine M\u00f6glichkeit in solchen F\u00e4llen sein, in denen Arzneimittel keine gute Wirkung zeigten.<\/li>\n<li>Sie kann eine Alternative zu Arzneimitteln in bestimmten Konditionen w\u00e4hrend der Schwangerschaft sein.<\/li>\n<\/ul>\n<p>Die Methode ist nebenwirkungsfrei und auch f\u00fcr Kinder ab ca. 6 Jahren sowie Erwachsene mit Behinderungen prinzipiell geeignet. F\u00fcr viele der genannten Indikationsbereiche sind stichhaltige Wirksamkeitsnachweise in Form von kontrollierten Studien erbracht und in Metaanalysen mittlere bis gro\u00dfe Effektst\u00e4rken gezeigt worden.Trotzdem werden die Kosten f\u00fcr Biofeedback derzeit nur in Einzelf\u00e4llen von der gesetzlichen Krankenkasse \u00fcbernommen.<\/p>\n<p>[\/et_pb_text][\/et_pb_column][\/et_pb_row][\/et_pb_section]<\/p>\n","protected":false},"excerpt":{"rendered":"<p>Bio-\/Neurofeedback-TherapieMit dem Begriff Biofeedback (altgr. \u03b2\u03af\u03bf\u03c2 bios \u201eLeben\u201c und engl. feedback \u201eR\u00fcckmeldung\u201c) wird eine Methode bezeichnet, bei der Ver\u00e4nderungen von Zustandsgr\u00f6\u00dfen biologischer Vorg\u00e4nge, die der unmittelbaren Sinneswahrnehmung nicht zug\u00e4nglich sind, mit technischen (oft elektronischen) Hilfsmitteln beobachtbar, d. h. dem eigenen Bewusstsein zug\u00e4nglich gemacht werden. Biofeedback weist eine inhaltliche N\u00e4he zu verhaltenstherapeutischen und lerntheoretischen Ans\u00e4tzen auf. [&hellip;]<\/p>\n","protected":false},"author":1,"featured_media":0,"parent":0,"menu_order":180,"comment_status":"closed","ping_status":"closed","template":"","meta":{"_et_pb_use_builder":"on","_et_pb_old_content":"<!-- wp:divi\/placeholder \/-->","_et_gb_content_width":"","footnotes":""},"class_list":["post-370291","page","type-page","status-publish","hentry"],"_links":{"self":[{"href":"https:\/\/irc-consult.at\/en\/wp-json\/wp\/v2\/pages\/370291","targetHints":{"allow":["GET"]}}],"collection":[{"href":"https:\/\/irc-consult.at\/en\/wp-json\/wp\/v2\/pages"}],"about":[{"href":"https:\/\/irc-consult.at\/en\/wp-json\/wp\/v2\/types\/page"}],"author":[{"embeddable":true,"href":"https:\/\/irc-consult.at\/en\/wp-json\/wp\/v2\/users\/1"}],"replies":[{"embeddable":true,"href":"https:\/\/irc-consult.at\/en\/wp-json\/wp\/v2\/comments?post=370291"}],"version-history":[{"count":5,"href":"https:\/\/irc-consult.at\/en\/wp-json\/wp\/v2\/pages\/370291\/revisions"}],"predecessor-version":[{"id":372139,"href":"https:\/\/irc-consult.at\/en\/wp-json\/wp\/v2\/pages\/370291\/revisions\/372139"}],"wp:attachment":[{"href":"https:\/\/irc-consult.at\/en\/wp-json\/wp\/v2\/media?parent=370291"}],"curies":[{"name":"wp","href":"https:\/\/api.w.org\/{rel}","templated":true}]}}