{"id":370285,"date":"2023-09-21T10:02:58","date_gmt":"2023-09-21T08:02:58","guid":{"rendered":"https:\/\/irc-consult.at\/?page_id=370285"},"modified":"2023-12-28T17:32:12","modified_gmt":"2023-12-28T16:32:12","slug":"notfallpsychologie","status":"publish","type":"page","link":"https:\/\/irc-consult.at\/en\/notfallpsychologie\/","title":{"rendered":"Emergency Psychology"},"content":{"rendered":"<p>[et_pb_section fb_built=&#8220;1&#8243; _builder_version=&#8220;4.23&#8243; _module_preset=&#8220;default&#8220; background_enable_mask_style=&#8220;on&#8220; background_mask_style=&#8220;honeycomb&#8220; background_mask_color=&#8220;rgba(244,129,0,0.15)&#8220; background_mask_transform=&#8220;invert&#8220; background_mask_aspect_ratio=&#8220;square&#8220; background_mask_size=&#8220;cover&#8220; custom_padding=&#8220;||0px|||&#8220; global_colors_info=&#8220;{}&#8220;][et_pb_row _builder_version=&#8220;4.23&#8243; _module_preset=&#8220;default&#8220; custom_margin=&#8220;-30px|auto|0px|auto|false|false&#8220; custom_padding=&#8220;||3px||false|false&#8220; global_colors_info=&#8220;{}&#8220;][et_pb_column type=&#8220;4_4&#8243; _builder_version=&#8220;4.23&#8243; _module_preset=&#8220;default&#8220; global_colors_info=&#8220;{}&#8220;][et_pb_text _builder_version=&#8220;4.23.1&#8243; _module_preset=&#8220;default&#8220; header_2_font=&#8220;IRC Fonts Regular|||on|||||&#8220; header_2_text_color=&#8220;#F48100&#8243; header_2_font_size=&#8220;25px&#8220; header_2_line_height=&#8220;1.4em&#8220; custom_margin=&#8220;-8px||0px||false|false&#8220; custom_padding=&#8220;||0px||false|false&#8220; animation_style=&#8220;fade&#8220; header_2_font_size_tablet=&#8220;25px&#8220; header_2_font_size_phone=&#8220;15px&#8220; header_2_font_size_last_edited=&#8220;on|phone&#8220; global_colors_info=&#8220;{}&#8220;]<\/p>\n<h2 itemprop=\"name\">Notfallpsychologie<\/h2>\n<p>[\/et_pb_text][\/et_pb_column][\/et_pb_row][et_pb_row column_structure=&#8220;1_3,2_3&#8243; make_equal=&#8220;on&#8220; _builder_version=&#8220;4.23&#8243; _module_preset=&#8220;default&#8220; custom_margin=&#8220;||||false|false&#8220; custom_padding=&#8220;16px||5px|||&#8220; global_colors_info=&#8220;{}&#8220;][et_pb_column type=&#8220;1_3&#8243; module_class=&#8220;vertikal-zentrieren&#8220; _builder_version=&#8220;4.23&#8243; _module_preset=&#8220;default&#8220; global_colors_info=&#8220;{}&#8220;][et_pb_image src=&#8220;https:\/\/irc-consult.at\/wp-content\/uploads\/2023\/11\/notfallpsychologie3.jpg&#8220; title_text=&#8220;notfallpsychologie3&#8243; align=&#8220;center&#8220; _builder_version=&#8220;4.23.1&#8243; _module_preset=&#8220;default&#8220; animation_style=&#8220;fade&#8220; animation_direction=&#8220;top&#8220; hover_transition_duration=&#8220;350ms&#8220; border_radii=&#8220;on|8px|8px|8px|8px&#8220; border_color_all=&#8220;#F48100&#8243; box_shadow_style=&#8220;preset1&#8243; box_shadow_blur=&#8220;5px&#8220; global_colors_info=&#8220;{}&#8220;][\/et_pb_image][\/et_pb_column][et_pb_column type=&#8220;2_3&#8243; _builder_version=&#8220;4.23&#8243; _module_preset=&#8220;default&#8220; global_colors_info=&#8220;{}&#8220;][et_pb_text _builder_version=&#8220;4.23.1&#8243; _module_preset=&#8220;default&#8220; text_font_size=&#8220;15px&#8220; custom_margin=&#8220;-15px|||||&#8220; custom_padding=&#8220;14px|||||&#8220; animation_style=&#8220;flip&#8220; animation_direction=&#8220;bottom&#8220; text_font_size_tablet=&#8220;15px&#8220; text_font_size_phone=&#8220;16px&#8220; text_font_size_last_edited=&#8220;on|phone&#8220; global_colors_info=&#8220;{}&#8220;]<\/p>\n<p><strong>Was ist Notfallpsychologie?<\/strong><br \/>Notfallpsychologie befasst sich mit der psychologischen Betreuung von Menschen w\u00e4hrend und nach Extremereignissen. Es werden fr\u00fchzeitg nach dem belastenden Ereignis Unterst\u00fctzungsma\u00dfnahmen gesetzt, um den Leidensdruck zu verringern. Nach einem &#8222;Notfall&#8220; reagieren Personen sehr unterschiedlich. Dabei handelt es sich in jedem Fall um normale Reaktionen aufgrund abnormaler Ereignisse.<\/p>\n<p><strong>Einsatzgebiete der Notfallpsychologie<\/strong><\/p>\n<ul>\n<li>Gro\u00dfschadensereignisse (Naturkatastrophen, Busunf\u00e4lle, Flugzeugabst\u00fcrze)<\/li>\n<li>Unf\u00e4lle<\/li>\n<li>Beobachten und Erleben von schrecklichen Ereignissen (z.B. Autounf\u00e4lle, Vergewaltigung)<\/li>\n<li>Gewalterfahrungen<\/li>\n<li>Geiselnahme<\/li>\n<li>Tod einer nahestehenden Person<\/li>\n<li>todbringende Krankheit<\/li>\n<\/ul>\n<p>[\/et_pb_text][\/et_pb_column][\/et_pb_row][et_pb_row make_equal=&#8220;on&#8220; _builder_version=&#8220;4.23.1&#8243; _module_preset=&#8220;default&#8220; custom_margin=&#8220;||||false|false&#8220; custom_padding=&#8220;16px||5px|||&#8220; global_colors_info=&#8220;{}&#8220;][et_pb_column type=&#8220;4_4&#8243; _builder_version=&#8220;4.23&#8243; _module_preset=&#8220;default&#8220; global_colors_info=&#8220;{}&#8220;][et_pb_text _builder_version=&#8220;4.23.2&#8243; _module_preset=&#8220;default&#8220; text_font_size=&#8220;15px&#8220; custom_margin=&#8220;-15px|||||&#8220; custom_padding=&#8220;14px|||||&#8220; animation_style=&#8220;flip&#8220; animation_direction=&#8220;bottom&#8220; hover_enabled=&#8220;0&#8243; text_font_size_tablet=&#8220;15px&#8220; text_font_size_phone=&#8220;16px&#8220; text_font_size_last_edited=&#8220;on|phone&#8220; global_colors_info=&#8220;{}&#8220; sticky_enabled=&#8220;0&#8243;]<\/p>\n<p><strong>M\u00f6gliche Reaktionen auf Extrembelastungen<\/strong><\/p>\n<ul>\n<li><strong>K\u00f6rperliche Anzeichen<\/strong><br \/>Zittern, Schlafst\u00f6rungen, Bluthochdruck, starkes Herzklopfen, Kopfschmerzen, trockener Mund<\/li>\n<li><strong>Gedankliche Ebene<\/strong><br \/>Ged\u00e4chtnisbeeintr\u00e4chtigungen, Verwirrtheit, Benommenheit, gedankliche Verlangsamung, Erinnerungsl\u00fccken, sich aufdr\u00e4ngende Gedanken<\/li>\n<li><strong>Gef\u00fchlsebene<\/strong><br \/>Angst, \u00c4rger, Verzweiflung, Niedergeschlagenheit, Gleichg\u00fcltigkeit, Schmerz, Schuldgef\u00fchle, Abstumpfung<\/li>\n<li><strong>Verhalten<\/strong><br \/>Sozialer R\u00fcckzug, Weinen, Schreien, Teilnahmslosigkeit, Fehlhandlungen mit eventueller Selbstgef\u00e4hrdung, Selbstmordabsichten<\/li>\n<\/ul>\n<p>Diese Reaktionen k\u00f6nnen nach einem au\u00dferordentlich belastenden Ereignis auftreten, m\u00fcssen aber nicht jeden betreffen und auch nicht bei jedem gleich stark ausgepr\u00e4gt sein.<\/p>\n<p>[\/et_pb_text][\/et_pb_column][\/et_pb_row][et_pb_row column_structure=&#8220;1_2,1_2&#8243; make_equal=&#8220;on&#8220; _builder_version=&#8220;4.23.1&#8243; _module_preset=&#8220;default&#8220; custom_margin=&#8220;|auto|24px|auto|false|false&#8220; custom_padding=&#8220;16px||8px|||&#8220; global_colors_info=&#8220;{}&#8220;][et_pb_column type=&#8220;1_2&#8243; _builder_version=&#8220;4.23.1&#8243; _module_preset=&#8220;default&#8220; global_colors_info=&#8220;{}&#8220;][et_pb_text _builder_version=&#8220;4.23.1&#8243; _module_preset=&#8220;default&#8220; text_font_size=&#8220;15px&#8220; custom_margin=&#8220;-15px|||||&#8220; custom_padding=&#8220;14px||1px|||&#8220; animation_style=&#8220;flip&#8220; animation_direction=&#8220;bottom&#8220; text_font_size_tablet=&#8220;15px&#8220; text_font_size_phone=&#8220;16px&#8220; text_font_size_last_edited=&#8220;on|phone&#8220; global_colors_info=&#8220;{}&#8220;]<\/p>\n<p><strong>Die Notfallpsychologie hilft bei&#8230;<\/strong><\/p>\n<ul>\n<li>der Bew\u00e4ltigung der psychischen Belastung<\/li>\n<li>der schnellstm\u00f6glichen Wiederherstellung der Handlungsf\u00e4higkeit<\/li>\n<li>der Vorbeugung psychischer Sp\u00e4tfolgen<\/li>\n<\/ul>\n<p><strong>Die Notfallpsychologie empfiehlt<\/strong><\/p>\n<ul>\n<li>Versuchen Sie zur Normalit\u00e4t zur\u00fcckzufinden (bisheriger normaler Tagesablauf)!<\/li>\n<li>G\u00f6nnen Sie sich Erholungsphasen!<\/li>\n<li>Setzen Sie sich mit dem Gedanken an das belastende Erlebnis auseinander!<\/li>\n<li>Suchen Sie das Gepr\u00e4ch mit anderen!<\/li>\n<li>Gestalten Sie Ihre Freizeit aktiv (k\u00f6rperliche Aktivit\u00e4ten)!<\/li>\n<li>Tun Sie das, was Sie auch vor dem Ereignis gerne getan haben!<\/li>\n<li>Achten Sie auf die eigenen Bed\u00fcrfnisse und nehmen Sie sich Zeit daf\u00fcr!<\/li>\n<li>Essen Sie regelm\u00e4\u00dfig!<\/li>\n<li>Z\u00f6gern Sie nicht, bei Bedarf auch weitere Hilfe in Anspruch zu nehmen!<\/li>\n<\/ul>\n<p>[\/et_pb_text][\/et_pb_column][et_pb_column type=&#8220;1_2&#8243; module_class=&#8220;vertikal-zentrieren&#8220; _builder_version=&#8220;4.23.1&#8243; _module_preset=&#8220;default&#8220; global_colors_info=&#8220;{}&#8220;][et_pb_image src=&#8220;https:\/\/irc-consult.at\/wp-content\/uploads\/2023\/11\/notfallpsychologie2.jpg&#8220; title_text=&#8220;notfallpsychologie2&#8243; _builder_version=&#8220;4.23.1&#8243; _module_preset=&#8220;default&#8220; border_radii=&#8220;on|10px|10px|10px|10px&#8220; box_shadow_style=&#8220;preset1&#8243; box_shadow_blur=&#8220;5px&#8220; global_colors_info=&#8220;{}&#8220;][\/et_pb_image][\/et_pb_column][\/et_pb_row][\/et_pb_section]<\/p>\n","protected":false},"excerpt":{"rendered":"<p>NotfallpsychologieWas ist Notfallpsychologie?Notfallpsychologie befasst sich mit der psychologischen Betreuung von Menschen w\u00e4hrend und nach Extremereignissen. Es werden fr\u00fchzeitg nach dem belastenden Ereignis Unterst\u00fctzungsma\u00dfnahmen gesetzt, um den Leidensdruck zu verringern. Nach einem &#8222;Notfall&#8220; reagieren Personen sehr unterschiedlich. Dabei handelt es sich in jedem Fall um normale Reaktionen aufgrund abnormaler Ereignisse. Einsatzgebiete der Notfallpsychologie Gro\u00dfschadensereignisse (Naturkatastrophen, Busunf\u00e4lle, [&hellip;]<\/p>\n","protected":false},"author":1,"featured_media":0,"parent":0,"menu_order":150,"comment_status":"closed","ping_status":"closed","template":"","meta":{"_et_pb_use_builder":"on","_et_pb_old_content":"<!-- wp:divi\/placeholder \/-->","_et_gb_content_width":"","footnotes":""},"class_list":["post-370285","page","type-page","status-publish","hentry"],"_links":{"self":[{"href":"https:\/\/irc-consult.at\/en\/wp-json\/wp\/v2\/pages\/370285","targetHints":{"allow":["GET"]}}],"collection":[{"href":"https:\/\/irc-consult.at\/en\/wp-json\/wp\/v2\/pages"}],"about":[{"href":"https:\/\/irc-consult.at\/en\/wp-json\/wp\/v2\/types\/page"}],"author":[{"embeddable":true,"href":"https:\/\/irc-consult.at\/en\/wp-json\/wp\/v2\/users\/1"}],"replies":[{"embeddable":true,"href":"https:\/\/irc-consult.at\/en\/wp-json\/wp\/v2\/comments?post=370285"}],"version-history":[{"count":5,"href":"https:\/\/irc-consult.at\/en\/wp-json\/wp\/v2\/pages\/370285\/revisions"}],"predecessor-version":[{"id":373668,"href":"https:\/\/irc-consult.at\/en\/wp-json\/wp\/v2\/pages\/370285\/revisions\/373668"}],"wp:attachment":[{"href":"https:\/\/irc-consult.at\/en\/wp-json\/wp\/v2\/media?parent=370285"}],"curies":[{"name":"wp","href":"https:\/\/api.w.org\/{rel}","templated":true}]}}