{"id":370283,"date":"2023-09-21T10:02:34","date_gmt":"2023-09-21T08:02:34","guid":{"rendered":"https:\/\/irc-consult.at\/?page_id=370283"},"modified":"2023-11-19T00:21:26","modified_gmt":"2023-11-18T23:21:26","slug":"essstoerungen","status":"publish","type":"page","link":"https:\/\/irc-consult.at\/en\/essstoerungen\/","title":{"rendered":"Eating disorders"},"content":{"rendered":"<p>[et_pb_section fb_built=&#8220;1&#8243; _builder_version=&#8220;4.23&#8243; _module_preset=&#8220;default&#8220; background_enable_mask_style=&#8220;on&#8220; background_mask_style=&#8220;honeycomb&#8220; background_mask_color=&#8220;rgba(244,129,0,0.15)&#8220; background_mask_transform=&#8220;invert&#8220; background_mask_aspect_ratio=&#8220;square&#8220; background_mask_size=&#8220;cover&#8220; custom_padding=&#8220;||0px|||&#8220; global_colors_info=&#8220;{}&#8220; theme_builder_area=&#8220;post_content&#8220;][et_pb_row _builder_version=&#8220;4.23&#8243; _module_preset=&#8220;default&#8220; custom_margin=&#8220;-30px|auto|0px|auto|false|false&#8220; custom_padding=&#8220;||3px||false|false&#8220; global_colors_info=&#8220;{}&#8220; theme_builder_area=&#8220;post_content&#8220;][et_pb_column type=&#8220;4_4&#8243; _builder_version=&#8220;4.23&#8243; _module_preset=&#8220;default&#8220; global_colors_info=&#8220;{}&#8220; theme_builder_area=&#8220;post_content&#8220;][et_pb_text _builder_version=&#8220;4.23.1&#8243; _module_preset=&#8220;default&#8220; header_2_font=&#8220;IRC Fonts Regular|||on|||||&#8220; header_2_text_color=&#8220;#F48100&#8243; header_2_font_size=&#8220;25px&#8220; header_2_line_height=&#8220;1.4em&#8220; custom_margin=&#8220;-8px||0px||false|false&#8220; custom_padding=&#8220;||0px||false|false&#8220; animation_style=&#8220;fade&#8220; hover_enabled=&#8220;0&#8243; header_2_font_size_tablet=&#8220;25px&#8220; header_2_font_size_phone=&#8220;15px&#8220; header_2_font_size_last_edited=&#8220;on|phone&#8220; global_colors_info=&#8220;{}&#8220; theme_builder_area=&#8220;post_content&#8220; sticky_enabled=&#8220;0&#8243;]<\/p>\n<h2 itemprop=\"name\">Essst\u00f6rungen<\/h2>\n<p>[\/et_pb_text][\/et_pb_column][\/et_pb_row][et_pb_row column_structure=&#8220;1_3,2_3&#8243; make_equal=&#8220;on&#8220; _builder_version=&#8220;4.23&#8243; _module_preset=&#8220;default&#8220; custom_margin=&#8220;||||false|false&#8220; custom_padding=&#8220;16px||5px|||&#8220; global_colors_info=&#8220;{}&#8220; theme_builder_area=&#8220;post_content&#8220;][et_pb_column type=&#8220;1_3&#8243; module_class=&#8220;vertikal-zentrieren&#8220; _builder_version=&#8220;4.23&#8243; _module_preset=&#8220;default&#8220; global_colors_info=&#8220;{}&#8220; theme_builder_area=&#8220;post_content&#8220;][et_pb_image src=&#8220;https:\/\/irc-consult.at\/wp-content\/uploads\/2023\/11\/eating-disorder2.jpg&#8220; title_text=&#8220;eating-disorder2&#8243; align=&#8220;center&#8220; _builder_version=&#8220;4.23.1&#8243; _module_preset=&#8220;default&#8220; animation_style=&#8220;fade&#8220; animation_direction=&#8220;top&#8220; hover_transition_duration=&#8220;350ms&#8220; hover_enabled=&#8220;0&#8243; border_radii=&#8220;on|8px|8px|8px|8px&#8220; border_color_all=&#8220;#F48100&#8243; box_shadow_style=&#8220;preset1&#8243; box_shadow_blur=&#8220;5px&#8220; global_colors_info=&#8220;{}&#8220; theme_builder_area=&#8220;post_content&#8220; sticky_enabled=&#8220;0&#8243;][\/et_pb_image][\/et_pb_column][et_pb_column type=&#8220;2_3&#8243; _builder_version=&#8220;4.23&#8243; _module_preset=&#8220;default&#8220; global_colors_info=&#8220;{}&#8220; theme_builder_area=&#8220;post_content&#8220;][et_pb_text _builder_version=&#8220;4.23.1&#8243; _module_preset=&#8220;default&#8220; text_font_size=&#8220;15px&#8220; custom_margin=&#8220;-15px|||||&#8220; custom_padding=&#8220;14px|||||&#8220; animation_style=&#8220;flip&#8220; animation_direction=&#8220;bottom&#8220; hover_enabled=&#8220;0&#8243; text_font_size_tablet=&#8220;15px&#8220; text_font_size_phone=&#8220;16px&#8220; text_font_size_last_edited=&#8220;on|phone&#8220; global_colors_info=&#8220;{}&#8220; theme_builder_area=&#8220;post_content&#8220; sticky_enabled=&#8220;0&#8243;]<\/p>\n<p><strong>Was ist eine Essst\u00f6rung?<\/strong><br \/>Eine Essst\u00f6rung ist eine schwere psychische Erkrankung, die ernst genommen werden muss und deren Bew\u00e4ltigung in der Regel nicht ohne fachliche Hilfe gelingt.<br \/>Es werden folgende Formen unterschieden:<\/p>\n<ul>\n<li>Magersucht (Anorexia nervosa)<\/li>\n<li>Ess-Brech-Sucht (Bulimie)<\/li>\n<li>Esssucht (Adipositas, Binge Eating)<\/li>\n<\/ul>\n<p><strong>Wer ist betroffen?<\/strong><br \/>Sch\u00e4tzungen zufolge sind rund 200.000 \u00d6sterreicherInnen zumindest einmal in ihrem Leben mit einer Essst\u00f6rung konfrontiert.<br \/>Meist leiden Frauen und M\u00e4dchen an Magersucht, Bulimie und Esssucht und an deren schwerwiegenden Folgen.<br \/>Auch junge M\u00e4nner sind immer h\u00e4ufiger davon betroffen.<\/p>\n<p>[\/et_pb_text][\/et_pb_column][\/et_pb_row][et_pb_row make_equal=&#8220;on&#8220; _builder_version=&#8220;4.23.1&#8243; _module_preset=&#8220;default&#8220; custom_margin=&#8220;||||false|false&#8220; custom_padding=&#8220;16px||5px|||&#8220; hover_enabled=&#8220;0&#8243; global_colors_info=&#8220;{}&#8220; theme_builder_area=&#8220;post_content&#8220; sticky_enabled=&#8220;0&#8243;][et_pb_column type=&#8220;4_4&#8243; _builder_version=&#8220;4.23&#8243; _module_preset=&#8220;default&#8220; global_colors_info=&#8220;{}&#8220; theme_builder_area=&#8220;post_content&#8220;][et_pb_text _builder_version=&#8220;4.23.1&#8243; _module_preset=&#8220;default&#8220; text_font_size=&#8220;15px&#8220; custom_margin=&#8220;-15px|||||&#8220; custom_padding=&#8220;14px|||||&#8220; animation_style=&#8220;flip&#8220; animation_direction=&#8220;bottom&#8220; hover_enabled=&#8220;0&#8243; text_font_size_tablet=&#8220;15px&#8220; text_font_size_phone=&#8220;16px&#8220; text_font_size_last_edited=&#8220;on|phone&#8220; global_colors_info=&#8220;{}&#8220; theme_builder_area=&#8220;post_content&#8220; sticky_enabled=&#8220;0&#8243;]<\/p>\n<p><strong>Warnsignale<\/strong><\/p>\n<ul>\n<li>intensive Besch\u00e4ftigung mit Gewichtsreduktion und Di\u00e4ten<\/li>\n<li>ein bestimmtes Essverhalten und die intensive Besch\u00e4ftigung mit dem Essen k\u00f6nnen nicht willentlich beeinflusst werden<\/li>\n<li>starke Empfindlichkeit, wenn das eigene Aussehen, der eigene K\u00f6rper Aufmerksamkeit durch andere bekommt<\/li>\n<li>Vermeidung gemeinsamer Mahlzeit aus Scham- oder Schuldgef\u00fchlen<\/li>\n<li>R\u00fcckzug, Vermeidung sozialer Kontakte<\/li>\n<li>starke Niedergeschlagenheit, depressive Symptome<\/li>\n<\/ul>\n<p>[\/et_pb_text][\/et_pb_column][\/et_pb_row][et_pb_row column_structure=&#8220;1_2,1_2&#8243; make_equal=&#8220;on&#8220; _builder_version=&#8220;4.23.1&#8243; _module_preset=&#8220;default&#8220; custom_margin=&#8220;||||false|false&#8220; custom_padding=&#8220;16px||8px|||&#8220; hover_enabled=&#8220;0&#8243; global_colors_info=&#8220;{}&#8220; theme_builder_area=&#8220;post_content&#8220; sticky_enabled=&#8220;0&#8243;][et_pb_column type=&#8220;1_2&#8243; _builder_version=&#8220;4.23.1&#8243; _module_preset=&#8220;default&#8220; hover_enabled=&#8220;0&#8243; global_colors_info=&#8220;{}&#8220; theme_builder_area=&#8220;post_content&#8220; sticky_enabled=&#8220;0&#8243;][et_pb_text _builder_version=&#8220;4.23.1&#8243; _module_preset=&#8220;default&#8220; text_font_size=&#8220;15px&#8220; custom_margin=&#8220;-15px|||||&#8220; custom_padding=&#8220;14px|||||&#8220; animation_style=&#8220;flip&#8220; animation_direction=&#8220;bottom&#8220; hover_enabled=&#8220;0&#8243; text_font_size_tablet=&#8220;15px&#8220; text_font_size_phone=&#8220;16px&#8220; text_font_size_last_edited=&#8220;on|phone&#8220; global_colors_info=&#8220;{}&#8220; theme_builder_area=&#8220;post_content&#8220; sticky_enabled=&#8220;0&#8243;]<\/p>\n<p><strong>Magersucht (Anorexia nervosa)<\/strong><br \/><strong>Merkmale<\/strong><\/p>\n<ul>\n<li>selbst herbeigef\u00fchrte, starke Gewichtsabnahme, deren gesundheitssch\u00e4dliche Folgen ignoriert werden<\/li>\n<li>verzerrte Wahrnehmung des eigenen K\u00f6rpers (trotz Untergewicht werden der eigene K\u00f6rper oder einzelne K\u00f6rperteile als zu dick empfunden)<\/li>\n<li>strenge Kontrolle des K\u00f6rpergewichts<\/li>\n<li>&#8222;dick-machende&#8220; Speisen werden vermieden<\/li>\n<li>Angst, dick zu werden<\/li>\n<li>exzessives Sportbetreiben mit dem alleinigen Zweck der Gewichtsabnahme<\/li>\n<li>bei Frauen: Ausbleiben der Regelblutung<\/li>\n<li>in oder vor der Pubert\u00e4t: Verz\u00f6gerung der k\u00f6rperlichen Entwicklung<\/li>\n<\/ul>\n<p><strong>Folgesch\u00e4den<\/strong><\/p>\n<ul>\n<li>M\u00fcdigkeit, Nervosit\u00e4t, Konzentrationsst\u00f6rungen, Schlafst\u00f6rungen<\/li>\n<li>Absinken von Puls, Blutdruck und K\u00f6rpertemperatur<\/li>\n<li>br\u00fcchige Haare, Zahnsch\u00e4den<\/li>\n<li>Stimmungsschwankungen, Ver\u00e4nderung der Pers\u00f6nlichkeit<\/li>\n<li>in schweren F\u00e4llen kann Magersucht sogar zum Tod f\u00fchren<\/li>\n<\/ul>\n<p>[\/et_pb_text][\/et_pb_column][et_pb_column type=&#8220;1_2&#8243; _builder_version=&#8220;4.23.1&#8243; _module_preset=&#8220;default&#8220; hover_enabled=&#8220;0&#8243; global_colors_info=&#8220;{}&#8220; theme_builder_area=&#8220;post_content&#8220; module_class=&#8220;vertikal-zentrieren&#8220; sticky_enabled=&#8220;0&#8243;][et_pb_text _builder_version=&#8220;4.23.1&#8243; _module_preset=&#8220;default&#8220; text_font_size=&#8220;15px&#8220; custom_margin=&#8220;-15px|||||&#8220; custom_padding=&#8220;14px|||||&#8220; animation_style=&#8220;flip&#8220; animation_direction=&#8220;bottom&#8220; hover_enabled=&#8220;0&#8243; text_font_size_tablet=&#8220;15px&#8220; text_font_size_phone=&#8220;16px&#8220; text_font_size_last_edited=&#8220;on|phone&#8220; global_colors_info=&#8220;{}&#8220; theme_builder_area=&#8220;post_content&#8220; sticky_enabled=&#8220;0&#8243;]<\/p>\n<p><strong>Ess-Brech-Sucht (Bulimie)<\/strong><br \/><strong>Merkmale<\/strong><\/p>\n<ul>\n<li>h\u00e4ufige unkontrollierbare Essanf\u00e4lle<\/li>\n<li>Ma\u00dfnahmen zur Vermeidung einer Gewichtszunahme, wie willentliches Erbrechen oder Hungern, Einnahme von Abf\u00fchrmitteln<\/li>\n<li>krankhafte Angst, dick zu werden<\/li>\n<li>Gedanken kreisen um die Themen Essen, Gewicht und Figur<\/li>\n<li>Symptome werden meist erfolgreich versteckt<\/li>\n<li>Betroffene sind oft nach aussen hin selbstbewusste, beliebte Menschen, Frauen und M\u00e4nner, die sich innerlich verzweifelt und leer f\u00fchlen<\/li>\n<\/ul>\n<p><strong>Folgesch\u00e4den<\/strong><\/p>\n<ul>\n<li>geschwollene Speicheldr\u00fcsen (&#8222;Hamsterb\u00e4ckchen&#8220;), Zahnschmelzsch\u00e4den, Herzrhythmusst\u00f6rungen<\/li>\n<li>sozialer R\u00fcckzug, Depressionen, Selbstabwertung<\/li>\n<\/ul>\n<p>[\/et_pb_text][\/et_pb_column][\/et_pb_row][et_pb_row column_structure=&#8220;1_2,1_2&#8243; make_equal=&#8220;on&#8220; _builder_version=&#8220;4.23.1&#8243; _module_preset=&#8220;default&#8220; custom_margin=&#8220;||20px||false|false&#8220; custom_padding=&#8220;16px||8px|||&#8220; global_colors_info=&#8220;{}&#8220; theme_builder_area=&#8220;post_content&#8220;][et_pb_column type=&#8220;1_2&#8243; module_class=&#8220;vertikal-zentrieren&#8220; _builder_version=&#8220;4.23.1&#8243; _module_preset=&#8220;default&#8220; global_colors_info=&#8220;{}&#8220; theme_builder_area=&#8220;post_content&#8220;][et_pb_text _builder_version=&#8220;4.23.1&#8243; _module_preset=&#8220;default&#8220; text_font_size=&#8220;15px&#8220; custom_margin=&#8220;-15px|||||&#8220; custom_padding=&#8220;14px||1px|||&#8220; animation_style=&#8220;flip&#8220; animation_direction=&#8220;bottom&#8220; hover_enabled=&#8220;0&#8243; text_font_size_tablet=&#8220;15px&#8220; text_font_size_phone=&#8220;16px&#8220; text_font_size_last_edited=&#8220;on|phone&#8220; global_colors_info=&#8220;{}&#8220; theme_builder_area=&#8220;post_content&#8220; sticky_enabled=&#8220;0&#8243;]<\/p>\n<p><strong>Esssucht (Adipositas, Binge Eating)<\/strong><br \/>Adipositas (Fettsucht) ist eine Erkrankung, die durch ein stark erh\u00f6htes K\u00f6rpergewicht gekennzeichnet ist. Die Notwendigkeit einer Behandlung ergibt sich aufgrund der k\u00f6rperlichen und psychischen Folgeerscheinungen.<br \/><strong>Binge Eating-Merkmale<\/strong><\/p>\n<ul>\n<li>extremes \u00dcbergewicht oder st\u00e4ndig starke Gewichtsschwankungen<\/li>\n<li>h\u00e4ufige unkontrollierbare Essanf\u00e4lle ohne vorhergehendes Hungergef\u00fchl<\/li>\n<li>durch Essanf\u00e4lle soll ein &#8222;emotionales Loch&#8220; gestopft werden<\/li>\n<li>nach dem Essanfall: Ekelgef\u00fchle und unangenehmes V\u00f6llegef\u00fchl, jedoch keine Ma\u00dfnahmen zur Handlungsumkehr wie Erbrechen oder Abf\u00fchrmittel-Einnahme<\/li>\n<\/ul>\n<p><strong>Folgesch\u00e4den<\/strong><\/p>\n<ul>\n<li>\u00dcberlastung des Herzens (bis hin zum Herzinfarkt), des Kreislaufs und des Skeletts, Lebersch\u00e4den, Diabetes, Gelenksleiden, Schlaganfall<\/li>\n<li>sozialer R\u00fcckzug, Depressionen, Selbstabwertung<\/li>\n<\/ul>\n<p>[\/et_pb_text][\/et_pb_column][et_pb_column type=&#8220;1_2&#8243; _builder_version=&#8220;4.23.1&#8243; _module_preset=&#8220;default&#8220; global_colors_info=&#8220;{}&#8220; theme_builder_area=&#8220;post_content&#8220;][et_pb_image src=&#8220;https:\/\/irc-consult.at\/wp-content\/uploads\/2023\/11\/eating-disorder1.jpg&#8220; _builder_version=&#8220;4.23.1&#8243; _module_preset=&#8220;default&#8220; theme_builder_area=&#8220;post_content&#8220; title_text=&#8220;Centimeter tape above the bowl&#8220; hover_enabled=&#8220;0&#8243; sticky_enabled=&#8220;0&#8243; border_radii=&#8220;on|10px|10px|10px|10px&#8220; box_shadow_style=&#8220;preset1&#8243; box_shadow_blur=&#8220;5px&#8220;][\/et_pb_image][\/et_pb_column][\/et_pb_row][et_pb_row make_equal=&#8220;on&#8220; _builder_version=&#8220;4.23.1&#8243; _module_preset=&#8220;default&#8220; custom_margin=&#8220;||20px||false|false&#8220; custom_padding=&#8220;16px||5px|||&#8220; hover_enabled=&#8220;0&#8243; global_colors_info=&#8220;{}&#8220; theme_builder_area=&#8220;post_content&#8220; sticky_enabled=&#8220;0&#8243;][et_pb_column type=&#8220;4_4&#8243; _builder_version=&#8220;4.23&#8243; _module_preset=&#8220;default&#8220; global_colors_info=&#8220;{}&#8220; theme_builder_area=&#8220;post_content&#8220;][et_pb_text _builder_version=&#8220;4.23.1&#8243; _module_preset=&#8220;default&#8220; text_font_size=&#8220;15px&#8220; custom_margin=&#8220;-15px|||||&#8220; custom_padding=&#8220;14px|||||&#8220; animation_style=&#8220;flip&#8220; animation_direction=&#8220;bottom&#8220; hover_enabled=&#8220;0&#8243; text_font_size_tablet=&#8220;15px&#8220; text_font_size_phone=&#8220;16px&#8220; text_font_size_last_edited=&#8220;on|phone&#8220; global_colors_info=&#8220;{}&#8220; theme_builder_area=&#8220;post_content&#8220; sticky_enabled=&#8220;0&#8243;]<\/p>\n<p><strong>Behandlung von Essst\u00f6rungen<\/strong><br \/>Die Ursachen f\u00fcr die Entwicklung einer Essst\u00f6rung sind vielf\u00e4ltig. Psychische, biologische, psychosoziale und soziokulturelle Faktoren k\u00f6nnen dabei eine Rolle spielen. Daher ist ein ganzheitliches und individuelles Behandlungsprogramm unumg\u00e4nglich.<br \/><strong>Ziele der Behandlung:<\/strong><\/p>\n<ul>\n<li>Auseinandersetzung mit dem Essverhalten<\/li>\n<li>Entwicklung von Eigenverantwortung<\/li>\n<li>Steigerung des Selbstwertgef\u00fchls<\/li>\n<li>Verstehen von Zusammenh\u00e4ngen<\/li>\n<li>Entwicklung eines positiven und realistischen K\u00f6rpergef\u00fchls<\/li>\n<li>Bew\u00e4ltigung von Krisen<\/li>\n<li>Erlernen von M\u00f6glichkeiten zur Stressverarbeitung<\/li>\n<li>Entwicklung von Handlungsalternativen<\/li>\n<\/ul>\n<p><strong>Tipps f\u00fcr Angeh\u00f6rige<\/strong><br \/>Essst\u00f6rungen sind kein Ern\u00e4hrungsproblem, sondern eine seelische Krankheit. Es hat daher keinen Sinn, an die Betroffenen zu appellieren, sich wieder &#8222;zusammenzurei\u00dfen&#8220; und &#8222;normal&#8220; zu essen.<br \/><strong>Die schwere seelische Krise muss entschl\u00fcsselt werden, auch wenn diese von den Betroffenen anf\u00e4nglich geleugnet wird.<\/strong><\/p>\n<ul>\n<li>Versuchen Sie in einf\u00fchlsamen Gespr\u00e4chen, das Problem zu verstehen!<\/li>\n<li>Bieten Sie praktische Hife an!<br \/>z.B. Informationen \u00fcber B\u00fccher oder Begleitung zu einer Beratungsstelle<\/li>\n<\/ul>\n<p>[\/et_pb_text][\/et_pb_column][\/et_pb_row][\/et_pb_section]<\/p>\n","protected":false},"excerpt":{"rendered":"<p>Essst\u00f6rungenWas ist eine Essst\u00f6rung?Eine Essst\u00f6rung ist eine schwere psychische Erkrankung, die ernst genommen werden muss und deren Bew\u00e4ltigung in der Regel nicht ohne fachliche Hilfe gelingt.Es werden folgende Formen unterschieden: Magersucht (Anorexia nervosa) Ess-Brech-Sucht (Bulimie) Esssucht (Adipositas, Binge Eating) Wer ist betroffen?Sch\u00e4tzungen zufolge sind rund 200.000 \u00d6sterreicherInnen zumindest einmal in ihrem Leben mit einer Essst\u00f6rung [&hellip;]<\/p>\n","protected":false},"author":1,"featured_media":0,"parent":0,"menu_order":145,"comment_status":"closed","ping_status":"closed","template":"","meta":{"_et_pb_use_builder":"on","_et_pb_old_content":"<!-- wp:divi\/placeholder \/-->","_et_gb_content_width":"","footnotes":""},"class_list":["post-370283","page","type-page","status-publish","hentry"],"_links":{"self":[{"href":"https:\/\/irc-consult.at\/en\/wp-json\/wp\/v2\/pages\/370283","targetHints":{"allow":["GET"]}}],"collection":[{"href":"https:\/\/irc-consult.at\/en\/wp-json\/wp\/v2\/pages"}],"about":[{"href":"https:\/\/irc-consult.at\/en\/wp-json\/wp\/v2\/types\/page"}],"author":[{"embeddable":true,"href":"https:\/\/irc-consult.at\/en\/wp-json\/wp\/v2\/users\/1"}],"replies":[{"embeddable":true,"href":"https:\/\/irc-consult.at\/en\/wp-json\/wp\/v2\/comments?post=370283"}],"version-history":[{"count":5,"href":"https:\/\/irc-consult.at\/en\/wp-json\/wp\/v2\/pages\/370283\/revisions"}],"predecessor-version":[{"id":372728,"href":"https:\/\/irc-consult.at\/en\/wp-json\/wp\/v2\/pages\/370283\/revisions\/372728"}],"wp:attachment":[{"href":"https:\/\/irc-consult.at\/en\/wp-json\/wp\/v2\/media?parent=370283"}],"curies":[{"name":"wp","href":"https:\/\/api.w.org\/{rel}","templated":true}]}}