{"id":370281,"date":"2023-09-21T10:02:11","date_gmt":"2023-09-21T08:02:11","guid":{"rendered":"https:\/\/irc-consult.at\/?page_id=370281"},"modified":"2023-11-18T09:37:20","modified_gmt":"2023-11-18T08:37:20","slug":"alkoholismus","status":"publish","type":"page","link":"https:\/\/irc-consult.at\/en\/alkoholismus\/","title":{"rendered":"Alcoholism"},"content":{"rendered":"<p>[et_pb_section fb_built=&#8220;1&#8243; _builder_version=&#8220;4.23&#8243; _module_preset=&#8220;default&#8220; background_enable_mask_style=&#8220;on&#8220; background_mask_style=&#8220;honeycomb&#8220; background_mask_color=&#8220;rgba(244,129,0,0.15)&#8220; background_mask_transform=&#8220;invert&#8220; background_mask_aspect_ratio=&#8220;square&#8220; background_mask_size=&#8220;cover&#8220; custom_padding=&#8220;||0px|||&#8220; global_colors_info=&#8220;{}&#8220;][et_pb_row _builder_version=&#8220;4.23&#8243; _module_preset=&#8220;default&#8220; custom_margin=&#8220;-30px|auto|0px|auto|false|false&#8220; custom_padding=&#8220;||3px||false|false&#8220; global_colors_info=&#8220;{}&#8220;][et_pb_column type=&#8220;4_4&#8243; _builder_version=&#8220;4.23&#8243; _module_preset=&#8220;default&#8220; global_colors_info=&#8220;{}&#8220;][et_pb_text _builder_version=&#8220;4.23.1&#8243; _module_preset=&#8220;default&#8220; header_2_font=&#8220;IRC Fonts Regular|||on|||||&#8220; header_2_text_color=&#8220;#F48100&#8243; header_2_font_size=&#8220;25px&#8220; header_2_line_height=&#8220;1.4em&#8220; custom_margin=&#8220;-8px||0px||false|false&#8220; custom_padding=&#8220;||0px||false|false&#8220; animation_style=&#8220;fade&#8220; header_2_font_size_tablet=&#8220;25px&#8220; header_2_font_size_phone=&#8220;15px&#8220; header_2_font_size_last_edited=&#8220;on|phone&#8220; global_colors_info=&#8220;{}&#8220;]<\/p>\n<h2 itemprop=\"name\">Alkoholismus<\/h2>\n<p>[\/et_pb_text][\/et_pb_column][\/et_pb_row][et_pb_row column_structure=&#8220;1_3,2_3&#8243; make_equal=&#8220;on&#8220; _builder_version=&#8220;4.23&#8243; _module_preset=&#8220;default&#8220; custom_margin=&#8220;||||false|false&#8220; custom_padding=&#8220;16px||5px|||&#8220; global_colors_info=&#8220;{}&#8220;][et_pb_column type=&#8220;1_3&#8243; module_class=&#8220;vertikal-zentrieren&#8220; _builder_version=&#8220;4.23&#8243; _module_preset=&#8220;default&#8220; global_colors_info=&#8220;{}&#8220;][et_pb_image src=&#8220;https:\/\/irc-consult.at\/wp-content\/uploads\/2023\/11\/alkoholismus1.jpg&#8220; title_text=&#8220;alcoholic addict man drunk with whiskey glass in alcoholism con&#8220; align=&#8220;center&#8220; _builder_version=&#8220;4.23.1&#8243; _module_preset=&#8220;default&#8220; animation_style=&#8220;fade&#8220; animation_direction=&#8220;top&#8220; hover_transition_duration=&#8220;350ms&#8220; border_radii=&#8220;on|8px|8px|8px|8px&#8220; border_color_all=&#8220;#F48100&#8243; box_shadow_style=&#8220;preset1&#8243; box_shadow_blur=&#8220;5px&#8220; global_colors_info=&#8220;{}&#8220;][\/et_pb_image][\/et_pb_column][et_pb_column type=&#8220;2_3&#8243; _builder_version=&#8220;4.23&#8243; _module_preset=&#8220;default&#8220; global_colors_info=&#8220;{}&#8220;][et_pb_text _builder_version=&#8220;4.23.1&#8243; _module_preset=&#8220;default&#8220; text_font_size=&#8220;15px&#8220; custom_margin=&#8220;-15px|||||&#8220; custom_padding=&#8220;14px|||||&#8220; animation_style=&#8220;flip&#8220; animation_direction=&#8220;bottom&#8220; text_font_size_tablet=&#8220;15px&#8220; text_font_size_phone=&#8220;16px&#8220; text_font_size_last_edited=&#8220;on|phone&#8220; global_colors_info=&#8220;{}&#8220;]<\/p>\n<p><strong>Was ist Alkohol&#8230;<\/strong><br \/><strong>-gebrauch?<\/strong><br \/>&#8230;wenn Alkohol gelegentlich zu Genusszwecken konsumiert wird.<\/p>\n<p><strong><\/strong><strong>-missbrauch?<\/strong><br \/>wenn Alkohol<br \/>&#8230;zur Entspannung, zur Aktivit\u00e4tssteigerung<br \/>&#8230;in gro\u00dfen Mengen \u00fcber einen l\u00e4ngeren Zeitraum<br \/>&#8230;in bestimmten Situationen<br \/>&#8230;zum Durst l\u00f6schen getrunken wird.<\/p>\n<p><strong>-abh\u00e4ngigkeit \/ -sucht?<br \/><\/strong>&#8230;wenn der Betroffene nicht mehr in der Lage ist, von sich aus seine Situation zu ver\u00e4ndern.<\/p>\n<p><strong>Vom Alkoholmissbrauch zur Abh\u00e4ngigkeit ist es ein schleichender \u00dcbergang!<br \/><\/strong>730.000 \u00d6sterreicher sind alkoholgef\u00e4hrdet, das sind ca. 10% der \u00f6sterreichischen Bev\u00f6lkerung \u00fcber dem 15. Lebensjahr.<strong><br \/><\/strong><\/p>\n<p>[\/et_pb_text][\/et_pb_column][\/et_pb_row][et_pb_row column_structure=&#8220;1_2,1_2&#8243; make_equal=&#8220;on&#8220; _builder_version=&#8220;4.23.1&#8243; _module_preset=&#8220;default&#8220; custom_margin=&#8220;||||false|false&#8220; custom_padding=&#8220;16px||8px|||&#8220; global_colors_info=&#8220;{}&#8220;][et_pb_column type=&#8220;1_2&#8243; module_class=&#8220;vertikal-zentrieren&#8220; _builder_version=&#8220;4.23.1&#8243; _module_preset=&#8220;default&#8220; global_colors_info=&#8220;{}&#8220;][et_pb_text _builder_version=&#8220;4.23.1&#8243; _module_preset=&#8220;default&#8220; text_font_size=&#8220;15px&#8220; custom_margin=&#8220;-15px|||||&#8220; custom_padding=&#8220;14px|||||&#8220; animation_style=&#8220;flip&#8220; animation_direction=&#8220;bottom&#8220; text_font_size_tablet=&#8220;15px&#8220; text_font_size_phone=&#8220;16px&#8220; text_font_size_last_edited=&#8220;on|phone&#8220; global_colors_info=&#8220;{}&#8220;]<\/p>\n<p><strong>Was ist normal &#8211; was ist zu viel?<\/strong><br \/><strong>Unbedenklicher Alkoholkonsum:<\/strong> 1\/2 l Bier\/Most oder 1\/4 l Wein\/Sekt pro Tag<br \/><strong>Gesundheitsgef\u00e4hrdeter Alkoholkonsum:<\/strong><br \/><strong>f\u00fcr M\u00e4nner:<\/strong> 3x 1\/2 l Bier\/Most oder 3x 1\/4 l Wein\/Sekt pro Tag<br \/><strong>f\u00fcr Frauen:<\/strong> 2x 1\/2 l Bier\/Most oder 2x 1\/4 l Wein\/Sekt pro Tag<br \/>Konsumiert eine Person \u00fcber 4-6 Jahre t\u00e4glich Alkohol in diesen Mengen, so kommt es zur Abh\u00e4ngigkeit, und\/oder zu schwerwiegenden k\u00f6rperlichen und psychischen Folgeerkrankungen.<\/p>\n<p>[\/et_pb_text][\/et_pb_column][et_pb_column type=&#8220;1_2&#8243; _builder_version=&#8220;4.23&#8243; _module_preset=&#8220;default&#8220; global_colors_info=&#8220;{}&#8220;][et_pb_text _builder_version=&#8220;4.23.1&#8243; _module_preset=&#8220;default&#8220; text_font_size=&#8220;15px&#8220; custom_margin=&#8220;-15px|||||&#8220; custom_padding=&#8220;14px|||||&#8220; animation_style=&#8220;flip&#8220; animation_direction=&#8220;bottom&#8220; text_font_size_tablet=&#8220;15px&#8220; text_font_size_phone=&#8220;16px&#8220; text_font_size_last_edited=&#8220;on|phone&#8220; global_colors_info=&#8220;{}&#8220;]<\/p>\n<p><strong>Wie erkennen Sie, dass jemand suchtgef\u00e4hrdet oder s\u00fcchtig ist?<\/strong><br \/><strong>Die gef\u00e4hrdete Person&#8230;<\/strong><\/p>\n<ul>\n<li>trinkt, weil sie angespannt, unruhig, im Stress, unsicher etc. ist<\/li>\n<li>f\u00fchlt sich ohne einige Gl\u00e4ser Alkohol am Tag nicht mehr wohl<\/li>\n<li>braucht immer mehr Alkohol, um dieselbe Wirkung zu erzielen<\/li>\n<li>trinkt heimlich oder alleine, h\u00e4ufig auch morgens<\/li>\n<li>meidet zunehmend den Kontakt zu anderen Menschen, isoliert sich<\/li>\n<li>kann sich schwerer konzentrieren oder etwas merken, hat Erinnerungsl\u00fccken<\/li>\n<li>verdr\u00e4ngt Unannehmlichkeiten und lenkt von Problemen ab<\/li>\n<li>kann das Trinken von selbst nicht aufgeben<\/li>\n<li>wird durch den Alkoholkonsum &#8222;anders&#8220; (reizbar, aggressiv, \u00fcberempfindlich)<\/li>\n<\/ul>\n<p><strong>Wer wegschaut hilft nicht, die Krankheit zu behandeln!<\/strong><\/p>\n<p>[\/et_pb_text][\/et_pb_column][\/et_pb_row][et_pb_row column_structure=&#8220;1_2,1_2&#8243; make_equal=&#8220;on&#8220; _builder_version=&#8220;4.23.1&#8243; _module_preset=&#8220;default&#8220; custom_margin=&#8220;||20px||false|false&#8220; custom_padding=&#8220;16px||8px|||&#8220; global_colors_info=&#8220;{}&#8220;][et_pb_column type=&#8220;1_2&#8243; module_class=&#8220;vertikal-zentrieren&#8220; _builder_version=&#8220;4.23.1&#8243; _module_preset=&#8220;default&#8220; global_colors_info=&#8220;{}&#8220;][et_pb_text _builder_version=&#8220;4.23.1&#8243; _module_preset=&#8220;default&#8220; text_font_size=&#8220;15px&#8220; custom_margin=&#8220;-15px|||||&#8220; custom_padding=&#8220;14px||1px|||&#8220; animation_style=&#8220;flip&#8220; animation_direction=&#8220;bottom&#8220; text_font_size_tablet=&#8220;15px&#8220; text_font_size_phone=&#8220;16px&#8220; text_font_size_last_edited=&#8220;on|phone&#8220; global_colors_info=&#8220;{}&#8220;]<\/p>\n<p><strong>Umgang mit Suchtgef\u00e4hrdeten<\/strong><\/p>\n<ul>\n<li>Sprechen Sie den Alkoholmissbrauch an!<\/li>\n<li>Machen Sie kein Geheimnis daraus!<\/li>\n<li>Machen Sie die Konsequenzen des Alkoholmissbrauchs sp\u00fcrbar!<\/li>\n<li>Bleiben Sie konsequent!<\/li>\n<li>Versuchen Sie nicht, die Probleme des anderen zu l\u00f6sen!<\/li>\n<li>Vermeiden Sie endlose Diskussionen (z.B. \u00fcber Alkoholmengen)<\/li>\n<li>Motivieren Sie den Betroffenen, fachliche Hilfe in Anspruch zu nehmen!<\/li>\n<\/ul>\n<p><strong>Folgen des Alkoholkonsums<\/strong><br \/><strong>f\u00fcr die Person<\/strong><\/p>\n<ul>\n<li>erste Zeichen mangelnder Hygiene und beginnender Verwahrlosung<\/li>\n<li>Magengeschw\u00fcre, Entz\u00fcndungen der Bauchspeicheldr\u00fcse, Leberentz\u00fcndungen<\/li>\n<li>Seh- und Gleichgewichtssinn und Reaktionsverm\u00f6gen sind beeintr\u00e4chtigt<\/li>\n<li>Delirium, epileptischer Anfall, Wahn etc.<\/li>\n<li>Sch\u00e4digungen des Ungeborenen durch Alkohol w\u00e4hrend einer Schwangerschaft<\/li>\n<\/ul>\n<p>.<\/p>\n<p>[\/et_pb_text][\/et_pb_column][et_pb_column type=&#8220;1_2&#8243; _builder_version=&#8220;4.23.1&#8243; _module_preset=&#8220;default&#8220; global_colors_info=&#8220;{}&#8220;][et_pb_text _builder_version=&#8220;4.23.1&#8243; _module_preset=&#8220;default&#8220; text_font_size=&#8220;15px&#8220; custom_margin=&#8220;-15px|||||&#8220; custom_padding=&#8220;14px|||||&#8220; animation_style=&#8220;flip&#8220; animation_direction=&#8220;bottom&#8220; text_font_size_tablet=&#8220;15px&#8220; text_font_size_phone=&#8220;16px&#8220; text_font_size_last_edited=&#8220;on|phone&#8220; global_colors_info=&#8220;{}&#8220;]<\/p>\n<p><strong>Folgen des Alkoholkonsums<br \/>am Arbeitsplatz<\/strong><\/p>\n<ul>\n<li>an 30% aller Arbeitsunf\u00e4lle ist Alkohol beteiligt<\/li>\n<li>pro Betrieb 5-10% Alkoholkranke und Alkoholgef\u00e4hrdete<\/li>\n<li>l\u00e4ngere Krankenst\u00e4nde<\/li>\n<li>dadurch um 1,25 bis 2,5% erh\u00f6hte Lohn- und Gehaltskosten<\/li>\n<li>25% geringere Arbeitsf\u00e4higkeit und verminderte Qualit\u00e4t der Arbeit<\/li>\n<li>Belastung f\u00fcr Kollegen und Vorgesetzte<\/li>\n<li>h\u00e4ufiger Arbeitsplatzwechsel<\/li>\n<\/ul>\n<p><strong>Folgen des Alkoholkonsums<br \/>im Strassenverkehr<\/strong><br \/>Auch unterhalb der relevanten Grenzwerte kann die Alkoholeinwirkung die Fahrt\u00fcchtigkeit beeintr\u00e4chtigen. Ab 0,2 \u2030 reagiert man bereits langsamer und das Sehverm\u00f6gen ist beeintr\u00e4chtigt.<br \/>Ab 0,5 \u2030 besteht ein 3-faches Unfallrisiko, das H\u00f6rverm\u00f6gen und die Bewegungskoordination sind beeintr\u00e4chtigt, man geht schneller ein Risiko ein und versch\u00e4tzt sich bei Geschwindigkeiten.<br \/>Bei etwa 0,8 \u2030 sind alle Reaktionen deutlich verlangsamt. Ab 1,1 \u2030 besteht ein achtfaches Unfallrisiko und absolute Fahrunt\u00fcchtigkeit.<strong><\/strong><\/p>\n<p>[\/et_pb_text][\/et_pb_column][\/et_pb_row][et_pb_row column_structure=&#8220;1_3,2_3&#8243; make_equal=&#8220;on&#8220; _builder_version=&#8220;4.23.1&#8243; _module_preset=&#8220;default&#8220; custom_margin=&#8220;||20px||false|false&#8220; custom_padding=&#8220;16px||5px|||&#8220; hover_enabled=&#8220;0&#8243; global_colors_info=&#8220;{}&#8220; sticky_enabled=&#8220;0&#8243;][et_pb_column type=&#8220;1_3&#8243; module_class=&#8220;vertikal-zentrieren&#8220; _builder_version=&#8220;4.23&#8243; _module_preset=&#8220;default&#8220; global_colors_info=&#8220;{}&#8220;][et_pb_image src=&#8220;https:\/\/irc-consult.at\/wp-content\/uploads\/2023\/11\/alkoholismus2.jpg&#8220; title_text=&#8220;Drunk man slumped on table&#8220; align=&#8220;center&#8220; _builder_version=&#8220;4.23.1&#8243; _module_preset=&#8220;default&#8220; animation_style=&#8220;fade&#8220; animation_direction=&#8220;top&#8220; hover_transition_duration=&#8220;350ms&#8220; hover_enabled=&#8220;0&#8243; border_radii=&#8220;on|8px|8px|8px|8px&#8220; border_color_all=&#8220;#F48100&#8243; box_shadow_style=&#8220;preset1&#8243; box_shadow_blur=&#8220;5px&#8220; global_colors_info=&#8220;{}&#8220; sticky_enabled=&#8220;0&#8243;][\/et_pb_image][\/et_pb_column][et_pb_column type=&#8220;2_3&#8243; _builder_version=&#8220;4.23&#8243; _module_preset=&#8220;default&#8220; global_colors_info=&#8220;{}&#8220;][et_pb_text _builder_version=&#8220;4.23.1&#8243; _module_preset=&#8220;default&#8220; text_font_size=&#8220;15px&#8220; custom_margin=&#8220;-15px|||||&#8220; custom_padding=&#8220;14px|||||&#8220; animation_style=&#8220;flip&#8220; animation_direction=&#8220;bottom&#8220; hover_enabled=&#8220;0&#8243; text_font_size_tablet=&#8220;15px&#8220; text_font_size_phone=&#8220;16px&#8220; text_font_size_last_edited=&#8220;on|phone&#8220; global_colors_info=&#8220;{}&#8220; sticky_enabled=&#8220;0&#8243;]<\/p>\n<p><strong>Ma\u00dfnahmen im Betrieb<\/strong><\/p>\n<ul>\n<li>kl\u00e4rendes Gespr\u00e4ch zwischen Vorgesetztem und Betroffenem<\/li>\n<li>kommt es zu keiner Ver\u00e4nderung sollten weitere Gespr\u00e4che mit zunehmender \u00d6ffentlichkeit und zunehmenden Ausma\u00df an Konsequenzen gef\u00fchrt werden<\/li>\n<li>kl\u00e4ren, wie mit akuter Alkoholisierung im Dienst umgegangen werden soll<\/li>\n<li>Informationen und Schulungen f\u00fcr F\u00fchrungskr\u00e4fte (z.B. Gespr\u00e4chsf\u00fchrung) sowie Coaching<\/li>\n<\/ul>\n<p><strong>Generell gilt<\/strong><\/p>\n<ul>\n<li>miteinander reden ist ein erster Schritt<\/li>\n<li>Zeit ist kostbar &#8211; je l\u00e4nger der Missbrauch andauert, desto schwerer ist Alkoholismus zu behandeln<\/li>\n<li>Vorgesetzte sind keine Therapeuten, daher unbedingt Fachleute hinzuziehen<\/li>\n<\/ul>\n<p><strong>Sagen sie JA zur Person, aber NEIN zur Sucht!<\/strong><\/p>\n<ul>\n<li>Alkoholismus ist eine Krankheit, keine Willensschw\u00e4che<\/li>\n<li>der Betroffene muss selbst erkennen, dass er etwas gegen seine Sucht tun kann\/muss<\/li>\n<\/ul>\n<p>[\/et_pb_text][\/et_pb_column][\/et_pb_row][\/et_pb_section]<\/p>\n","protected":false},"excerpt":{"rendered":"<p>AlkoholismusWas ist Alkohol&#8230;-gebrauch?&#8230;wenn Alkohol gelegentlich zu Genusszwecken konsumiert wird. -missbrauch?wenn Alkohol&#8230;zur Entspannung, zur Aktivit\u00e4tssteigerung&#8230;in gro\u00dfen Mengen \u00fcber einen l\u00e4ngeren Zeitraum&#8230;in bestimmten Situationen&#8230;zum Durst l\u00f6schen getrunken wird. -abh\u00e4ngigkeit \/ -sucht?&#8230;wenn der Betroffene nicht mehr in der Lage ist, von sich aus seine Situation zu ver\u00e4ndern. Vom Alkoholmissbrauch zur Abh\u00e4ngigkeit ist es ein schleichender \u00dcbergang!730.000 \u00d6sterreicher sind [&hellip;]<\/p>\n","protected":false},"author":1,"featured_media":0,"parent":0,"menu_order":140,"comment_status":"closed","ping_status":"closed","template":"","meta":{"_et_pb_use_builder":"on","_et_pb_old_content":"<!-- wp:divi\/placeholder \/-->","_et_gb_content_width":"","footnotes":""},"class_list":["post-370281","page","type-page","status-publish","hentry"],"_links":{"self":[{"href":"https:\/\/irc-consult.at\/en\/wp-json\/wp\/v2\/pages\/370281","targetHints":{"allow":["GET"]}}],"collection":[{"href":"https:\/\/irc-consult.at\/en\/wp-json\/wp\/v2\/pages"}],"about":[{"href":"https:\/\/irc-consult.at\/en\/wp-json\/wp\/v2\/types\/page"}],"author":[{"embeddable":true,"href":"https:\/\/irc-consult.at\/en\/wp-json\/wp\/v2\/users\/1"}],"replies":[{"embeddable":true,"href":"https:\/\/irc-consult.at\/en\/wp-json\/wp\/v2\/comments?post=370281"}],"version-history":[{"count":5,"href":"https:\/\/irc-consult.at\/en\/wp-json\/wp\/v2\/pages\/370281\/revisions"}],"predecessor-version":[{"id":372713,"href":"https:\/\/irc-consult.at\/en\/wp-json\/wp\/v2\/pages\/370281\/revisions\/372713"}],"wp:attachment":[{"href":"https:\/\/irc-consult.at\/en\/wp-json\/wp\/v2\/media?parent=370281"}],"curies":[{"name":"wp","href":"https:\/\/api.w.org\/{rel}","templated":true}]}}