{"id":370279,"date":"2023-09-21T10:01:46","date_gmt":"2023-09-21T08:01:46","guid":{"rendered":"https:\/\/irc-consult.at\/?page_id=370279"},"modified":"2023-11-18T08:54:27","modified_gmt":"2023-11-18T07:54:27","slug":"suechte","status":"publish","type":"page","link":"https:\/\/irc-consult.at\/en\/suechte\/","title":{"rendered":"Addictions"},"content":{"rendered":"<p>[et_pb_section fb_built=&#8220;1&#8243; _builder_version=&#8220;4.23&#8243; _module_preset=&#8220;default&#8220; background_enable_mask_style=&#8220;on&#8220; background_mask_style=&#8220;honeycomb&#8220; background_mask_color=&#8220;rgba(244,129,0,0.15)&#8220; background_mask_transform=&#8220;invert&#8220; background_mask_aspect_ratio=&#8220;square&#8220; background_mask_size=&#8220;cover&#8220; custom_padding=&#8220;||0px|||&#8220; global_colors_info=&#8220;{}&#8220; theme_builder_area=&#8220;post_content&#8220;][et_pb_row _builder_version=&#8220;4.23&#8243; _module_preset=&#8220;default&#8220; custom_margin=&#8220;-30px|auto|0px|auto|false|false&#8220; custom_padding=&#8220;||3px||false|false&#8220; global_colors_info=&#8220;{}&#8220; theme_builder_area=&#8220;post_content&#8220;][et_pb_column type=&#8220;4_4&#8243; _builder_version=&#8220;4.23&#8243; _module_preset=&#8220;default&#8220; global_colors_info=&#8220;{}&#8220; theme_builder_area=&#8220;post_content&#8220;][et_pb_text _builder_version=&#8220;4.23.1&#8243; _module_preset=&#8220;default&#8220; header_2_font=&#8220;IRC Fonts Regular|||on|||||&#8220; header_2_text_color=&#8220;#F48100&#8243; header_2_font_size=&#8220;25px&#8220; header_2_line_height=&#8220;1.4em&#8220; custom_margin=&#8220;-8px||0px||false|false&#8220; custom_padding=&#8220;||0px||false|false&#8220; animation_style=&#8220;fade&#8220; hover_enabled=&#8220;0&#8243; header_2_font_size_tablet=&#8220;25px&#8220; header_2_font_size_phone=&#8220;15px&#8220; header_2_font_size_last_edited=&#8220;on|phone&#8220; global_colors_info=&#8220;{}&#8220; theme_builder_area=&#8220;post_content&#8220; sticky_enabled=&#8220;0&#8243;]<\/p>\n<h2 itemprop=\"name\">S\u00fcchte<\/h2>\n<p>[\/et_pb_text][\/et_pb_column][\/et_pb_row][et_pb_row column_structure=&#8220;1_3,2_3&#8243; make_equal=&#8220;on&#8220; _builder_version=&#8220;4.23&#8243; _module_preset=&#8220;default&#8220; custom_margin=&#8220;||||false|false&#8220; custom_padding=&#8220;16px||5px|||&#8220; global_colors_info=&#8220;{}&#8220; theme_builder_area=&#8220;post_content&#8220;][et_pb_column type=&#8220;1_3&#8243; module_class=&#8220;vertikal-zentrieren&#8220; _builder_version=&#8220;4.23&#8243; _module_preset=&#8220;default&#8220; global_colors_info=&#8220;{}&#8220; theme_builder_area=&#8220;post_content&#8220;][et_pb_image src=&#8220;https:\/\/irc-consult.at\/wp-content\/uploads\/2023\/11\/suechte2.jpg&#8220; title_text=&#8220;Addictive substances, including alcohol, cigarettes and drugs&#8220; align=&#8220;center&#8220; _builder_version=&#8220;4.23.1&#8243; _module_preset=&#8220;default&#8220; animation_style=&#8220;fade&#8220; animation_direction=&#8220;top&#8220; hover_transition_duration=&#8220;350ms&#8220; hover_enabled=&#8220;0&#8243; border_radii=&#8220;on|8px|8px|8px|8px&#8220; border_color_all=&#8220;#F48100&#8243; box_shadow_style=&#8220;preset1&#8243; box_shadow_blur=&#8220;5px&#8220; global_colors_info=&#8220;{}&#8220; theme_builder_area=&#8220;post_content&#8220; sticky_enabled=&#8220;0&#8243;][\/et_pb_image][\/et_pb_column][et_pb_column type=&#8220;2_3&#8243; _builder_version=&#8220;4.23&#8243; _module_preset=&#8220;default&#8220; global_colors_info=&#8220;{}&#8220; theme_builder_area=&#8220;post_content&#8220;][et_pb_text _builder_version=&#8220;4.23.1&#8243; _module_preset=&#8220;default&#8220; text_font_size=&#8220;15px&#8220; custom_margin=&#8220;-15px|||||&#8220; custom_padding=&#8220;14px|||||&#8220; animation_style=&#8220;flip&#8220; animation_direction=&#8220;bottom&#8220; hover_enabled=&#8220;0&#8243; text_font_size_tablet=&#8220;15px&#8220; text_font_size_phone=&#8220;16px&#8220; text_font_size_last_edited=&#8220;on|phone&#8220; global_colors_info=&#8220;{}&#8220; theme_builder_area=&#8220;post_content&#8220; sticky_enabled=&#8220;0&#8243;]<\/p>\n<p><strong>Was versteht man unter Sucht?<\/strong><br \/>Sucht steht immer in Zusammenhang mit einem zwanghaften Verhalten, bestimmte Substanzen zu sich zu nehmen oder ein bestimmtes Verhalten auszuf\u00fchren.<br \/>Grunds\u00e4tzlich kann man zwischen substanzgebundener und substanzungebundener Sucht unterscheiden.<\/p>\n<p><strong>Substanzgebundene Sucht<\/strong> ist die Sucht nach bestimmten Substanzen, die die Psyche des Menschen beeinflussen wie z.B.:<\/p>\n<ul>\n<li>illegale Drogen (z.B. Cannabis, Kokain, Heroin, Ecstasy)<\/li>\n<li>Alkohol<\/li>\n<li>Anabolika<\/li>\n<li>Nikotin<\/li>\n<li>Medikamente<\/li>\n<\/ul>\n<p><strong>Substanz<span style=\"color: #f48100;\">un<\/span>gebundene Sucht<\/strong> bzw. Verhaltenssucht ist das st\u00e4ndige, zwanghafte Ausf\u00fchren eines Verhaltens, wie z.B.<\/p>\n<ul>\n<li>Computer-, Internetsucht<\/li>\n<li>Spielsucht<\/li>\n<li>Kaufsucht<\/li>\n<li>Esssucht<\/li>\n<li>Arbeitssucht<\/li>\n<\/ul>\n<p>[\/et_pb_text][\/et_pb_column][\/et_pb_row][et_pb_row make_equal=&#8220;on&#8220; _builder_version=&#8220;4.23.1&#8243; _module_preset=&#8220;default&#8220; custom_margin=&#8220;||||false|false&#8220; custom_padding=&#8220;16px||8px|||&#8220; hover_enabled=&#8220;0&#8243; global_colors_info=&#8220;{}&#8220; theme_builder_area=&#8220;post_content&#8220; sticky_enabled=&#8220;0&#8243;][et_pb_column type=&#8220;4_4&#8243; _builder_version=&#8220;4.23&#8243; _module_preset=&#8220;default&#8220; global_colors_info=&#8220;{}&#8220; theme_builder_area=&#8220;post_content&#8220;][et_pb_text _builder_version=&#8220;4.23.1&#8243; _module_preset=&#8220;default&#8220; text_font_size=&#8220;15px&#8220; custom_margin=&#8220;-15px|||||&#8220; custom_padding=&#8220;14px|||||&#8220; animation_style=&#8220;flip&#8220; animation_direction=&#8220;bottom&#8220; hover_enabled=&#8220;0&#8243; text_font_size_tablet=&#8220;15px&#8220; text_font_size_phone=&#8220;16px&#8220; text_font_size_last_edited=&#8220;on|phone&#8220; global_colors_info=&#8220;{}&#8220; theme_builder_area=&#8220;post_content&#8220; sticky_enabled=&#8220;0&#8243;]<\/p>\n<p>Durch eine Sucht kann es zu Ver\u00e4nderungen des Wesens einer Person kommen. Sowohl Denken, Wahrnehmung als auch Tun k\u00f6nnen durch die Einnahme von Substanzen beeinflusst werden. Aber auch k\u00f6rperliche Beeintr\u00e4chtigungen wie z.B. Sch\u00e4digung innerer Organe, Krebserkrankungen, Beeintr\u00e4chtigung des Herz-Kreislauf- und des Nervensystems uvm. k\u00f6nnen als Folge eines langj\u00e4hrigen Konsums in Erscheinung treten.<\/p>\n<p><strong>Wie erkennen Sie eine Sucht bzw. Abh\u00e4ngigkeit?<\/strong><\/p>\n<ul>\n<li>ein starker Wunsch oder Zwang die Substanz zu konsumieren bzw. ein bestimmtes Verhalten auszuf\u00fchren.<\/li>\n<li>Verlust der Kontrollf\u00e4higkeit \u00fcber Menge, H\u00e4ufigkeit und zeitliche Dauer des Konsums der Substanz bzw. des Verhaltens<\/li>\n<li>Leiden an der Sucht<\/li>\n<li>St\u00e4ndige Erh\u00f6hung der Dosis um denselben Effekt zu erzielen<\/li>\n<li>k\u00f6rperliche Entzugserscheinungen (z.B. Zittern, Schwitzen usw.)<\/li>\n<li>\u00fcberm\u00e4\u00dfige Gereiztheit, Stimmungsschwankungen, Anspannungen<\/li>\n<li>Ver\u00e4nderung der Pers\u00f6nlichkeit<\/li>\n<li>Schwierigkeiten, sich auf Anderes zu konzentrieren<\/li>\n<li>Vernachl\u00e4ssigung sozialer Kontakte und Aufgabenbereiche<\/li>\n<li>anhaltender Konsum bzw. anhaltendes Verhalten, trotz wahrnehmbarer (gesundheitlicher oder finanzieller) Sch\u00e4den<\/li>\n<\/ul>\n<p><strong>Wer kann s\u00fcchtig werden bzw. warum?<\/strong><br \/>Das Risiko s\u00fcchtig zu werden, ist von verschiedenen Faktoren abh\u00e4ngig: biologische Eigenschaften der Substanz sowie deren Verf\u00fcgbarkeit, Lebensumst\u00e4nde und Pers\u00f6nlichkeit einer Person (z.B. ihre Problembew\u00e4ltigungsstrategien, psychische Belastbarkeit, Selbstwertgef\u00fchl, Frustrationstoleranz), ihr soziales Umfeld (Freunde, Familie, Arbeitsumfeld) sowie die rasant ansteigenden Lebensanforderungen und Erwartungen an jeden Einzelnen.<\/p>\n<p>[\/et_pb_text][\/et_pb_column][\/et_pb_row][et_pb_row column_structure=&#8220;2_3,1_3&#8243; make_equal=&#8220;on&#8220; _builder_version=&#8220;4.23&#8243; _module_preset=&#8220;default&#8220; custom_margin=&#8220;-17px|auto||auto|false|false&#8220; custom_padding=&#8220;16px|||||&#8220; global_colors_info=&#8220;{}&#8220; theme_builder_area=&#8220;post_content&#8220;][et_pb_column type=&#8220;2_3&#8243; _builder_version=&#8220;4.23&#8243; _module_preset=&#8220;default&#8220; global_colors_info=&#8220;{}&#8220; theme_builder_area=&#8220;post_content&#8220;][et_pb_text _builder_version=&#8220;4.23.1&#8243; _module_preset=&#8220;default&#8220; text_font_size=&#8220;15px&#8220; custom_margin=&#8220;-15px|||||&#8220; custom_padding=&#8220;14px|||||&#8220; animation_style=&#8220;flip&#8220; animation_direction=&#8220;right&#8220; hover_enabled=&#8220;0&#8243; text_font_size_tablet=&#8220;15px&#8220; text_font_size_phone=&#8220;16px&#8220; text_font_size_last_edited=&#8220;on|phone&#8220; global_colors_info=&#8220;{}&#8220; theme_builder_area=&#8220;post_content&#8220; sticky_enabled=&#8220;0&#8243;]<\/p>\n<p><strong>Die Folgen einer Sucht<\/strong><br \/>Die Folgen einer Sucht k\u00f6nnen schwerwiegend sein, einerseits sozial, psychisch, andererseits aber auch vor allem k\u00f6rperlich:<\/p>\n<ul>\n<li>Depression, Aggression, Ged\u00e4chtnis- und Konzentrationsschwierigkeiten&#8230;<\/li>\n<li>Ver\u00e4nderung des Wesens einer Person<\/li>\n<li>Magen-Darmerkrankungen, Herzerkrankungen<\/li>\n<li>Erkrankung der Leber und Bauchspeicheldr\u00fcse<\/li>\n<li>Erh\u00f6htes Risiko f\u00fcr Infektionen<\/li>\n<li>Lebensgefahr<\/li>\n<\/ul>\n<p><strong>Weg aus der Sucht<\/strong><br \/>Niemand kann die Verantwortung f\u00fcr Betroffene \u00fcbernehmen. Der Betroffene selbst muss den ersten Schritt gehen und sich bewusst werden, dass eine Suchterkrankung besteht. Angeh\u00f6rige k\u00f6nnen dabei unterst\u00fctzend wirken, ebenso Vorgesetzte oder Kollegen. Beratungsstellen sind dazu geeignete Anlaufstellen, um zu informieren wie man hilfreich motiviert.<br \/>Zahlreiche Beratungsstellen bieten die Chance sich anzuvertrauen, die eigene Situation zu schildern, Informationen einzuholen und n\u00e4chste Schritte zu besprechen.<br \/>Ein R\u00fcckfall w\u00e4hrend der Phase des Ausstiegs ist jedoch jederzeit m\u00f6glich und sollte kein Anlass zur Aufgabe sein.<\/p>\n<p><strong>Achtung &#8211; Falle Co-Abh\u00e4ngigkeit<\/strong><br \/>Auch f\u00fcr Angeh\u00f6rige ist es oft nicht leicht mit der Sucht einer nahe stehenden Person umzugehen. H\u00e4ufig ger\u00e4t man in die Falle, dem Betroffenen helfen zu wollen und unterst\u00fctzt dabei unbeabsichtigt das Suchtverhalten.<br \/>Dies nennt man Co-Abh\u00e4ngigkeit:<\/p>\n<ul>\n<li>die Verantwortung f\u00fcr die betroffene Person zu \u00fcbernehmen, sie in Schutz nehmen und ihr Verhalten entschuldigen<\/li>\n<li>die Situation besch\u00f6nigen<\/li>\n<li>das eigene Tun vernachl\u00e4ssigen und stark nach dem Anderen ausrichten<\/li>\n<li>Forderungen und Erwartungen immer wieder zur\u00fccknehmen&#8230;<\/li>\n<\/ul>\n<p>Dieser Schutz verhindert, dass dem Betroffenen bewusst wird, dass ein Problem vorliegt. Er wird daher nichts \u00e4ndern.<\/p>\n<p><strong>Was tun als Angeh\u00f6riger?<\/strong><\/p>\n<ul>\n<li>Trauen Sie sich, das Thema anzusprechen.<\/li>\n<li>Lernen Sie zu akzeptieren, dass der Betroffene sich selbst helfen muss.<\/li>\n<li>Drohen Sie nicht, aber setzen Sie klare Grenzen.<\/li>\n<li>Nehmen auch Sie Hilfe in Anspruch &#8211; tauschen Sie sich mit anderen aus.<\/li>\n<\/ul>\n<p>[\/et_pb_text][\/et_pb_column][et_pb_column type=&#8220;1_3&#8243; module_class=&#8220;vertikal-zentrieren&#8220; _builder_version=&#8220;4.23&#8243; _module_preset=&#8220;default&#8220; global_colors_info=&#8220;{}&#8220; theme_builder_area=&#8220;post_content&#8220;][et_pb_image src=&#8220;https:\/\/irc-consult.at\/wp-content\/uploads\/2023\/11\/suechte3.jpg&#8220; title_text=&#8220;Lonely evening at home&#8220; align=&#8220;center&#8220; _builder_version=&#8220;4.23.1&#8243; _module_preset=&#8220;default&#8220; animation_style=&#8220;fade&#8220; animation_direction=&#8220;top&#8220; hover_transition_duration=&#8220;350ms&#8220; hover_enabled=&#8220;0&#8243; border_radii=&#8220;on|10px|10px|10px|10px&#8220; box_shadow_style=&#8220;preset1&#8243; box_shadow_blur=&#8220;5px&#8220; global_colors_info=&#8220;{}&#8220; theme_builder_area=&#8220;post_content&#8220; sticky_enabled=&#8220;0&#8243;][\/et_pb_image][\/et_pb_column][\/et_pb_row][\/et_pb_section]<\/p>\n","protected":false},"excerpt":{"rendered":"<p>S\u00fcchteWas versteht man unter Sucht?Sucht steht immer in Zusammenhang mit einem zwanghaften Verhalten, bestimmte Substanzen zu sich zu nehmen oder ein bestimmtes Verhalten auszuf\u00fchren.Grunds\u00e4tzlich kann man zwischen substanzgebundener und substanzungebundener Sucht unterscheiden. Substanzgebundene Sucht ist die Sucht nach bestimmten Substanzen, die die Psyche des Menschen beeinflussen wie z.B.: illegale Drogen (z.B. Cannabis, Kokain, Heroin, Ecstasy) [&hellip;]<\/p>\n","protected":false},"author":1,"featured_media":0,"parent":0,"menu_order":135,"comment_status":"closed","ping_status":"closed","template":"","meta":{"_et_pb_use_builder":"on","_et_pb_old_content":"<!-- wp:divi\/placeholder \/-->","_et_gb_content_width":"","footnotes":""},"class_list":["post-370279","page","type-page","status-publish","hentry"],"_links":{"self":[{"href":"https:\/\/irc-consult.at\/en\/wp-json\/wp\/v2\/pages\/370279","targetHints":{"allow":["GET"]}}],"collection":[{"href":"https:\/\/irc-consult.at\/en\/wp-json\/wp\/v2\/pages"}],"about":[{"href":"https:\/\/irc-consult.at\/en\/wp-json\/wp\/v2\/types\/page"}],"author":[{"embeddable":true,"href":"https:\/\/irc-consult.at\/en\/wp-json\/wp\/v2\/users\/1"}],"replies":[{"embeddable":true,"href":"https:\/\/irc-consult.at\/en\/wp-json\/wp\/v2\/comments?post=370279"}],"version-history":[{"count":5,"href":"https:\/\/irc-consult.at\/en\/wp-json\/wp\/v2\/pages\/370279\/revisions"}],"predecessor-version":[{"id":372681,"href":"https:\/\/irc-consult.at\/en\/wp-json\/wp\/v2\/pages\/370279\/revisions\/372681"}],"wp:attachment":[{"href":"https:\/\/irc-consult.at\/en\/wp-json\/wp\/v2\/media?parent=370279"}],"curies":[{"name":"wp","href":"https:\/\/api.w.org\/{rel}","templated":true}]}}