{"id":370277,"date":"2023-09-21T10:01:20","date_gmt":"2023-09-21T08:01:20","guid":{"rendered":"https:\/\/irc-consult.at\/?page_id=370277"},"modified":"2023-12-28T16:03:25","modified_gmt":"2023-12-28T15:03:25","slug":"selbstmordgefaehrdung","status":"publish","type":"page","link":"https:\/\/irc-consult.at\/en\/selbstmordgefaehrdung\/","title":{"rendered":"Suicide Risk"},"content":{"rendered":"<p>[et_pb_section fb_built=&#8220;1&#8243; _builder_version=&#8220;4.23&#8243; _module_preset=&#8220;default&#8220; background_enable_mask_style=&#8220;on&#8220; background_mask_style=&#8220;honeycomb&#8220; background_mask_color=&#8220;rgba(244,129,0,0.15)&#8220; background_mask_transform=&#8220;invert&#8220; background_mask_aspect_ratio=&#8220;square&#8220; background_mask_size=&#8220;cover&#8220; global_colors_info=&#8220;{}&#8220;][et_pb_row _builder_version=&#8220;4.23&#8243; _module_preset=&#8220;default&#8220; custom_margin=&#8220;-30px|auto|0px|auto|false|false&#8220; custom_padding=&#8220;||3px||false|false&#8220; global_colors_info=&#8220;{}&#8220;][et_pb_column type=&#8220;4_4&#8243; _builder_version=&#8220;4.23&#8243; _module_preset=&#8220;default&#8220; global_colors_info=&#8220;{}&#8220;][et_pb_text _builder_version=&#8220;4.23.1&#8243; _module_preset=&#8220;default&#8220; header_2_font=&#8220;IRC Fonts Regular|||on|||||&#8220; header_2_text_color=&#8220;#F48100&#8243; header_2_font_size=&#8220;25px&#8220; header_2_line_height=&#8220;1.4em&#8220; custom_margin=&#8220;-8px||0px||false|false&#8220; custom_padding=&#8220;||0px||false|false&#8220; animation_style=&#8220;fade&#8220; header_2_font_size_tablet=&#8220;25px&#8220; header_2_font_size_phone=&#8220;15px&#8220; header_2_font_size_last_edited=&#8220;on|phone&#8220; global_colors_info=&#8220;{}&#8220;]<\/p>\n<h2 itemprop=\"name\">Selbstmordgef\u00e4hrdung<\/h2>\n<p>[\/et_pb_text][\/et_pb_column][\/et_pb_row][et_pb_row column_structure=&#8220;1_3,2_3&#8243; make_equal=&#8220;on&#8220; _builder_version=&#8220;4.23.1&#8243; _module_preset=&#8220;default&#8220; custom_margin=&#8220;||||false|false&#8220; custom_padding=&#8220;16px||5px|||&#8220; global_colors_info=&#8220;{}&#8220;][et_pb_column type=&#8220;1_3&#8243; _builder_version=&#8220;4.23.1&#8243; _module_preset=&#8220;default&#8220; global_colors_info=&#8220;{}&#8220;][et_pb_image src=&#8220;https:\/\/irc-consult.at\/wp-content\/uploads\/2023\/12\/selbstmordgefaehrdung.jpg&#8220; title_text=&#8220;upset girl sitting on the rails&#8220; align=&#8220;center&#8220; _builder_version=&#8220;4.23.2&#8243; _module_preset=&#8220;default&#8220; animation_style=&#8220;fade&#8220; animation_direction=&#8220;top&#8220; hover_transition_duration=&#8220;350ms&#8220; hover_enabled=&#8220;0&#8243; border_radii=&#8220;on|8px|8px|8px|8px&#8220; border_color_all=&#8220;#F48100&#8243; box_shadow_style=&#8220;preset1&#8243; box_shadow_blur=&#8220;5px&#8220; global_colors_info=&#8220;{}&#8220; sticky_enabled=&#8220;0&#8243;][\/et_pb_image][\/et_pb_column][et_pb_column type=&#8220;2_3&#8243; module_class=&#8220;vertikal-zentrieren&#8220; _builder_version=&#8220;4.23.1&#8243; _module_preset=&#8220;default&#8220; global_colors_info=&#8220;{}&#8220;][et_pb_text _builder_version=&#8220;4.23.1&#8243; _module_preset=&#8220;default&#8220; text_font_size=&#8220;15px&#8220; custom_margin=&#8220;-15px|||||&#8220; custom_padding=&#8220;14px|||||&#8220; animation_style=&#8220;flip&#8220; animation_direction=&#8220;bottom&#8220; text_font_size_tablet=&#8220;15px&#8220; text_font_size_phone=&#8220;16px&#8220; text_font_size_last_edited=&#8220;on|phone&#8220; global_colors_info=&#8220;{}&#8220;]<\/p>\n<p><strong>Was ist Selbstmordgef\u00e4hrdung?<\/strong><br \/>Der Selbstmord (Suizid) ist die bewusste, absichtliche und selbst herbeigef\u00fchrte Beendigung des eigenen Lebens. Bevor sich eine Person selbst t\u00f6tet, denkt sie viel \u00fcber ihren Selbstmord nach und k\u00fcndigt diesen meist auch an.<br \/>Bei der Selbstmordgef\u00e4hrdung f\u00fchlen sich die Betroffenen hilf- und hoffnungslos und glauben, dass ihre gegenw\u00e4rtigen Probleme unertr\u00e4glich und un\u00fcberwindbar sind. Au\u00dferdem wissen sie h\u00e4ufig wenig dar\u00fcber Bescheid, wie sie anders mit der Situation umgehen k\u00f6nnten.<\/p>\n<p>[\/et_pb_text][\/et_pb_column][\/et_pb_row][et_pb_row make_equal=&#8220;on&#8220; _builder_version=&#8220;4.23.1&#8243; _module_preset=&#8220;default&#8220; custom_margin=&#8220;||||false|false&#8220; custom_padding=&#8220;16px||8px|||&#8220; global_colors_info=&#8220;{}&#8220;][et_pb_column type=&#8220;4_4&#8243; _builder_version=&#8220;4.23&#8243; _module_preset=&#8220;default&#8220; global_colors_info=&#8220;{}&#8220;][et_pb_text _builder_version=&#8220;4.23.1&#8243; _module_preset=&#8220;default&#8220; text_font_size=&#8220;15px&#8220; custom_margin=&#8220;-15px|||||&#8220; custom_padding=&#8220;14px|||||&#8220; animation_style=&#8220;flip&#8220; animation_direction=&#8220;bottom&#8220; text_font_size_tablet=&#8220;15px&#8220; text_font_size_phone=&#8220;16px&#8220; text_font_size_last_edited=&#8220;on|phone&#8220; global_colors_info=&#8220;{}&#8220;]<\/p>\n<p><strong>Wie erkennen Sie, dass jemand selbstmordgef\u00e4hrdet ist?<\/strong><br \/><strong>Die gef\u00e4hrdete Person&#8230;<\/strong><\/p>\n<ul>\n<li>zieht sich immer mehr zur\u00fcck, isoliert sich<\/li>\n<li>\u00e4u\u00dferst \u00f6fter als sonst negative Gedanken, zeigt weniger Interessen, weniger zwischenmenschliche Beziehungen<\/li>\n<li>redet davon, sich umbringen zu wollen, k\u00fcndigt schriftlich oder durch Zeichnungen, Symbole oder Handlungen den<\/li>\n<li>Selbstmord an (Tabletten sammeln, Angelegenheiten ordnen, Abschied nehmen, geliebte Dinge verschenken)<\/li>\n<li>ist \u00e4ngstlich, depressiv, hilflos, verzweifelt<\/li>\n<li>leidet unter starken Stimmungsschwankungen<\/li>\n<li>verliert die Kontrolle \u00fcber eigene Handlungen (z.B. f\u00e4hrt alkoholisiert, wird gewaltt\u00e4tig etc.)<\/li>\n<li>ist unerwartet ruhig nach einer Selbstmord\u00e4u\u00dferung<\/li>\n<li>scheint im Gespr\u00e4ch schwer erreichbar zu sein<\/li>\n<\/ul>\n<p>Wenn Sie eine H\u00e4ufung von Alarmzeichen wahrnehmen, der Betroffene einer Risikogruppe angeh\u00f6rt und\/oder eine akute Belastunssituation vorliegt, muss gehandelt werden!<\/p>\n<p>Jede \u00c4u\u00dferung oder Handlung, die auf einen Selbstmord hinweist, muss als Hilferuf verstanden werden, der nicht \u00fcberh\u00f6rt werden darf!<\/p>\n<p><strong>Umgang mit Selbstmordgef\u00e4hrdung<\/strong><br \/><strong>Was k\u00f6nnen Sie tun, wenn Sie Selbstmordgedanken haben?<\/strong><\/p>\n<ul>\n<li>Vertrauen Sie sich jemandem an!<\/li>\n<li>Nehmen Sie fachliche Hilfe in Anspruch!<\/li>\n<\/ul>\n<p><strong>Was k\u00f6nnen Sie tun, wenn Sie einen selbstmordgef\u00e4hrdeten Menschen kennen?<\/strong><\/p>\n<ul>\n<li>Sprechen Sie das Thema an!<\/li>\n<li>Suchen Sie fachlichen Rat, um dem gef\u00e4hrdeten Menschen besser beistehen zu k\u00f6nnen!<\/li>\n<li>Lassen Sie einen Menschen in der Krise nicht allein!<\/li>\n<li>Bei akuter Selbstgef\u00e4hrdung m\u00fcssen Sie den Menschen notfalls auch gegen seinen Willen sch\u00fctzen &#8211; die Polizei kann eine Unterbringung in einer psychiatrischen Klinik veranlassen!<\/li>\n<\/ul>\n<p><strong>Was sollten Sie im Umgang mit Selbstmordgef\u00e4hrdeten vermeiden?<\/strong><\/p>\n<ul>\n<li>vorschnell tr\u00f6sten<\/li>\n<li>Ratschl\u00e4ge erteilen, belehren, ermahnen<\/li>\n<li>das Problem herunterspielen, als nicht so tragisch abtun<\/li>\n<li>beurteilen und kommentieren ohne den Betroffenen ernst zu nehmen<\/li>\n<li>nachforschen, ausfragen, analysieren<\/li>\n<li>vorschnell Aktivit\u00e4ten setzen<\/li>\n<\/ul>\n<p>[\/et_pb_text][\/et_pb_column][\/et_pb_row][\/et_pb_section][et_pb_section fb_built=&#8220;1&#8243; admin_label=&#8220;DP Footer Layout 6&#8243; _builder_version=&#8220;4.23.1&#8243; _module_preset=&#8220;default&#8220; background_color=&#8220;#F48100&#8243; background_enable_image=&#8220;off&#8220; background_size=&#8220;contain&#8220; background_position=&#8220;top_right&#8220; custom_margin=&#8220;-9px||||false|false&#8220; custom_padding=&#8220;24px||9px|||&#8220; background_last_edited=&#8220;on|phone&#8220; background_size_tablet=&#8220;cover&#8220; background_size_phone=&#8220;cover&#8220; background_position_phone=&#8220;top_center&#8220; background_blend_tablet=&#8220;multiply&#8220; background_blend_phone=&#8220;multiply&#8220; border_width_top=&#8220;2px&#8220; border_color_top=&#8220;#FFFFFF&#8220; border_width_bottom=&#8220;2px&#8220; border_color_bottom=&#8220;#FFFFFF&#8220; global_colors_info=&#8220;{}&#8220;][et_pb_row column_structure=&#8220;1_4,1_4,1_4,1_4&#8243; _builder_version=&#8220;4.23.1&#8243; _module_preset=&#8220;default&#8220; custom_margin=&#8220;4px|auto||auto||&#8220; custom_padding=&#8220;0px||0px||false|false&#8220; global_colors_info=&#8220;{}&#8220;][et_pb_column type=&#8220;1_4&#8243; _builder_version=&#8220;4.23.1&#8243; _module_preset=&#8220;default&#8220; global_colors_info=&#8220;{}&#8220;][et_pb_text _builder_version=&#8220;4.23.1&#8243; _dynamic_attributes=&#8220;link_option_url&#8220; _module_preset=&#8220;default&#8220; text_font=&#8220;|600|||||||&#8220; text_text_color=&#8220;#FFFFFF&#8220; text_font_size=&#8220;16px&#8220; text_orientation=&#8220;center&#8220; custom_margin=&#8220;||10px||false|false&#8220; link_option_url=&#8220;@ET-DC@eyJkeW5hbWljIjp0cnVlLCJjb250ZW50IjoicG9zdF9saW5rX3VybF9wYWdlIiwic2V0dGluZ3MiOnsicG9zdF9pZCI6IjM3MTM2MiJ9fQ==@&#8220; global_colors_info=&#8220;{}&#8220; text_text_color__hover_enabled=&#8220;on|hover&#8220; text_text_color__hover=&#8220;#344F84&#8243; custom_margin__hover_enabled=&#8220;on|desktop&#8220; custom_margin__hover=&#8220;|||3px|false|false&#8220;]<\/p>\n<p>Psychologische Testverfahren<\/p>\n<p>[\/et_pb_text][et_pb_text _builder_version=&#8220;4.23.1&#8243; _dynamic_attributes=&#8220;link_option_url&#8220; _module_preset=&#8220;default&#8220; text_font=&#8220;|600|||||||&#8220; text_text_color=&#8220;#FFFFFF&#8220; text_font_size=&#8220;16px&#8220; text_orientation=&#8220;center&#8220; custom_margin=&#8220;||10px||false|false&#8220; link_option_url=&#8220;@ET-DC@eyJkeW5hbWljIjp0cnVlLCJjb250ZW50IjoicG9zdF9saW5rX3VybF9wYWdlIiwic2V0dGluZ3MiOnsicG9zdF9pZCI6IjM3MDM4MCJ9fQ==@&#8220; global_colors_info=&#8220;{}&#8220; text_text_color__hover_enabled=&#8220;on|hover&#8220; text_text_color__hover=&#8220;#344F84&#8243; custom_margin__hover_enabled=&#8220;on|desktop&#8220; custom_margin__hover=&#8220;|||3px|false|false&#8220;]<\/p>\n<p>Waffenrechtliche Verl\u00e4sslichkeitspr\u00fcfung<\/p>\n<p>[\/et_pb_text][et_pb_text _builder_version=&#8220;4.23.1&#8243; _dynamic_attributes=&#8220;link_option_url&#8220; _module_preset=&#8220;default&#8220; text_font=&#8220;|600|||||||&#8220; text_text_color=&#8220;#FFFFFF&#8220; text_font_size=&#8220;16px&#8220; text_orientation=&#8220;center&#8220; custom_margin=&#8220;||10px||false|false&#8220; link_option_url=&#8220;@ET-DC@eyJkeW5hbWljIjp0cnVlLCJjb250ZW50IjoicG9zdF9saW5rX3VybF9wYWdlIiwic2V0dGluZ3MiOnsicG9zdF9pZCI6IjM3MDM2OCJ9fQ==@&#8220; global_colors_info=&#8220;{}&#8220; text_text_color__hover_enabled=&#8220;on|hover&#8220; text_text_color__hover=&#8220;#344F84&#8243; custom_margin__hover_enabled=&#8220;on|desktop&#8220; custom_margin__hover=&#8220;|||3px|false|false&#8220;]<\/p>\n<p>Kassenpsychologie<\/p>\n<p>[\/et_pb_text][et_pb_text _builder_version=&#8220;4.23.1&#8243; _dynamic_attributes=&#8220;link_option_url&#8220; _module_preset=&#8220;default&#8220; text_font=&#8220;|600|||||||&#8220; text_text_color=&#8220;#FFFFFF&#8220; text_font_size=&#8220;16px&#8220; text_orientation=&#8220;center&#8220; custom_margin=&#8220;||10px||false|false&#8220; link_option_url=&#8220;@ET-DC@eyJkeW5hbWljIjp0cnVlLCJjb250ZW50IjoicG9zdF9saW5rX3VybF9wYWdlIiwic2V0dGluZ3MiOnsicG9zdF9pZCI6IjM3MjIwOCJ9fQ==@&#8220; global_colors_info=&#8220;{}&#8220; text_text_color__hover_enabled=&#8220;on|hover&#8220; text_text_color__hover=&#8220;#344F84&#8243; custom_margin__hover_enabled=&#8220;on|desktop&#8220; custom_margin__hover=&#8220;|||3px|false|false&#8220;]<\/p>\n<p>Flow-Check App<\/p>\n<p>[\/et_pb_text][\/et_pb_column][et_pb_column type=&#8220;1_4&#8243; _builder_version=&#8220;4.23.1&#8243; _module_preset=&#8220;default&#8220; global_colors_info=&#8220;{}&#8220;][et_pb_text _builder_version=&#8220;4.23.1&#8243; _dynamic_attributes=&#8220;link_option_url&#8220; _module_preset=&#8220;default&#8220; text_font=&#8220;|600|||||||&#8220; text_text_color=&#8220;#FFFFFF&#8220; text_font_size=&#8220;16px&#8220; text_orientation=&#8220;center&#8220; custom_margin=&#8220;||10px||false|false&#8220; link_option_url=&#8220;@ET-DC@eyJkeW5hbWljIjp0cnVlLCJjb250ZW50IjoicG9zdF9saW5rX3VybF9wYWdlIiwic2V0dGluZ3MiOnsicG9zdF9pZCI6IjM3MDI1MSJ9fQ==@&#8220; global_colors_info=&#8220;{}&#8220; text_text_color__hover_enabled=&#8220;on|hover&#8220; text_text_color__hover=&#8220;#344F84&#8243; custom_margin__hover_enabled=&#8220;on|desktop&#8220; custom_margin__hover=&#8220;|||3px|false|false&#8220;]<\/p>\n<p>Triple Eye<\/p>\n<p>[\/et_pb_text][et_pb_text _builder_version=&#8220;4.23.1&#8243; _dynamic_attributes=&#8220;link_option_url&#8220; _module_preset=&#8220;default&#8220; text_font=&#8220;|600|||||||&#8220; text_text_color=&#8220;#FFFFFF&#8220; text_font_size=&#8220;16px&#8220; text_orientation=&#8220;center&#8220; custom_margin=&#8220;||10px||false|false&#8220; link_option_url=&#8220;@ET-DC@eyJkeW5hbWljIjp0cnVlLCJjb250ZW50IjoicG9zdF9saW5rX3VybF9wYWdlIiwic2V0dGluZ3MiOnsicG9zdF9pZCI6IjM3MDI5MSJ9fQ==@&#8220; global_colors_info=&#8220;{}&#8220; text_text_color__hover_enabled=&#8220;on|hover&#8220; text_text_color__hover=&#8220;#344F84&#8243; custom_margin__hover_enabled=&#8220;on|desktop&#8220; custom_margin__hover=&#8220;|||3px|false|false&#8220;]<\/p>\n<p>Bio-\/Neurofeedback-Therapie<\/p>\n<p>[\/et_pb_text][et_pb_text _builder_version=&#8220;4.23.1&#8243; _dynamic_attributes=&#8220;link_option_url&#8220; _module_preset=&#8220;default&#8220; text_font=&#8220;|600|||||||&#8220; text_text_color=&#8220;#FFFFFF&#8220; text_font_size=&#8220;16px&#8220; text_orientation=&#8220;center&#8220; custom_margin=&#8220;||10px||false|false&#8220; link_option_url=&#8220;@ET-DC@eyJkeW5hbWljIjp0cnVlLCJjb250ZW50IjoicG9zdF9saW5rX3VybF9wYWdlIiwic2V0dGluZ3MiOnsicG9zdF9pZCI6IjM3MDM3MSJ9fQ==@&#8220; global_colors_info=&#8220;{}&#8220; text_text_color__hover_enabled=&#8220;on|hover&#8220; text_text_color__hover=&#8220;#344F84&#8243; custom_margin__hover_enabled=&#8220;on|desktop&#8220; custom_margin__hover=&#8220;|||3px|false|false&#8220;]<\/p>\n<p>AOW<\/p>\n<p>[\/et_pb_text][et_pb_text _builder_version=&#8220;4.23.1&#8243; _dynamic_attributes=&#8220;link_option_url&#8220; _module_preset=&#8220;default&#8220; text_font=&#8220;|600|||||||&#8220; text_text_color=&#8220;#FFFFFF&#8220; text_font_size=&#8220;16px&#8220; text_orientation=&#8220;center&#8220; custom_margin=&#8220;||10px||false|false&#8220; link_option_url=&#8220;@ET-DC@eyJkeW5hbWljIjp0cnVlLCJjb250ZW50IjoicG9zdF9saW5rX3VybF9wYWdlIiwic2V0dGluZ3MiOnsicG9zdF9pZCI6IjM3MDQ2OSJ9fQ==@&#8220; global_colors_info=&#8220;{}&#8220; text_text_color__hover_enabled=&#8220;on|hover&#8220; text_text_color__hover=&#8220;#344F84&#8243; custom_margin__hover_enabled=&#8220;on|desktop&#8220; custom_margin__hover=&#8220;|||3px|false|false&#8220;]<\/p>\n<p>Partner<\/p>\n<p>[\/et_pb_text][\/et_pb_column][et_pb_column type=&#8220;1_4&#8243; _builder_version=&#8220;4.23.1&#8243; _module_preset=&#8220;default&#8220; global_colors_info=&#8220;{}&#8220;][et_pb_text _builder_version=&#8220;4.23.1&#8243; _dynamic_attributes=&#8220;link_option_url&#8220; _module_preset=&#8220;default&#8220; text_font=&#8220;|600|||||||&#8220; text_text_color=&#8220;#FFFFFF&#8220; text_font_size=&#8220;16px&#8220; text_orientation=&#8220;center&#8220; custom_margin=&#8220;||10px||false|false&#8220; link_option_url=&#8220;@ET-DC@eyJkeW5hbWljIjp0cnVlLCJjb250ZW50IjoicG9zdF9saW5rX3VybF9wYWdlIiwic2V0dGluZ3MiOnsicG9zdF9pZCI6IjM3MDQ2MyJ9fQ==@&#8220; global_colors_info=&#8220;{}&#8220; text_text_color__hover_enabled=&#8220;on|hover&#8220; text_text_color__hover=&#8220;#344F84&#8243; custom_margin__hover_enabled=&#8220;on|desktop&#8220; custom_margin__hover=&#8220;|||3px|false|false&#8220;]<\/p>\n<p>\u00dcber uns<\/p>\n<p>[\/et_pb_text][et_pb_text _builder_version=&#8220;4.23.1&#8243; _dynamic_attributes=&#8220;link_option_url&#8220; _module_preset=&#8220;default&#8220; text_font=&#8220;|600|||||||&#8220; text_text_color=&#8220;#FFFFFF&#8220; text_font_size=&#8220;16px&#8220; text_orientation=&#8220;center&#8220; custom_margin=&#8220;||10px||false|false&#8220; link_option_url=&#8220;@ET-DC@eyJkeW5hbWljIjp0cnVlLCJjb250ZW50IjoicG9zdF9saW5rX3VybF9wYWdlIiwic2V0dGluZ3MiOnsicG9zdF9pZCI6IjM3MjAzNiJ9fQ==@&#8220; global_colors_info=&#8220;{}&#8220; text_text_color__hover_enabled=&#8220;on|hover&#8220; text_text_color__hover=&#8220;#344F84&#8243; custom_margin__hover_enabled=&#8220;on|desktop&#8220; custom_margin__hover=&#8220;|||3px|false|false&#8220;]<\/p>\n<p>Unser Team<\/p>\n<p>[\/et_pb_text][et_pb_text _builder_version=&#8220;4.23.1&#8243; _dynamic_attributes=&#8220;link_option_url&#8220; _module_preset=&#8220;default&#8220; text_font=&#8220;|600|||||||&#8220; text_text_color=&#8220;#FFFFFF&#8220; text_font_size=&#8220;16px&#8220; text_orientation=&#8220;center&#8220; custom_margin=&#8220;||10px||false|false&#8220; link_option_url=&#8220;@ET-DC@eyJkeW5hbWljIjp0cnVlLCJjb250ZW50IjoicG9zdF9saW5rX3VybF9wYWdlIiwic2V0dGluZ3MiOnsicG9zdF9pZCI6IjM3MjMzMyJ9fQ==@&#8220; global_colors_info=&#8220;{}&#8220; text_text_color__hover_enabled=&#8220;on|hover&#8220; text_text_color__hover=&#8220;#344F84&#8243; custom_margin__hover_enabled=&#8220;on|desktop&#8220; custom_margin__hover=&#8220;|||3px|false|false&#8220;]<\/p>\n<p>Projekte<\/p>\n<p>[\/et_pb_text][et_pb_text _builder_version=&#8220;4.23.1&#8243; _dynamic_attributes=&#8220;link_option_url&#8220; _module_preset=&#8220;default&#8220; text_font=&#8220;|600|||||||&#8220; text_text_color=&#8220;#FFFFFF&#8220; text_font_size=&#8220;16px&#8220; text_orientation=&#8220;center&#8220; custom_margin=&#8220;||10px||false|false&#8220; link_option_url=&#8220;@ET-DC@eyJkeW5hbWljIjp0cnVlLCJjb250ZW50IjoicG9zdF9saW5rX3VybF9wYWdlIiwic2V0dGluZ3MiOnsicG9zdF9pZCI6IjM3MDQ4MSJ9fQ==@&#8220; global_colors_info=&#8220;{}&#8220; text_text_color__hover_enabled=&#8220;on|hover&#8220; text_text_color__hover=&#8220;#344F84&#8243; custom_margin__hover_enabled=&#8220;on|desktop&#8220; custom_margin__hover=&#8220;|||3px|false|false&#8220;]<\/p>\n<p>Impressum<\/p>\n<p>[\/et_pb_text][et_pb_text _builder_version=&#8220;4.23.1&#8243; _dynamic_attributes=&#8220;link_option_url&#8220; _module_preset=&#8220;default&#8220; text_font=&#8220;|600|||||||&#8220; text_text_color=&#8220;#FFFFFF&#8220; text_font_size=&#8220;16px&#8220; text_orientation=&#8220;center&#8220; custom_margin=&#8220;||10px||false|false&#8220; link_option_url=&#8220;@ET-DC@eyJkeW5hbWljIjp0cnVlLCJjb250ZW50IjoicG9zdF9saW5rX3VybF9wYWdlIiwic2V0dGluZ3MiOnsicG9zdF9pZCI6IjM3MDQ4MyJ9fQ==@&#8220; global_colors_info=&#8220;{}&#8220; text_text_color__hover_enabled=&#8220;on|hover&#8220; text_text_color__hover=&#8220;#344F84&#8243; custom_margin__hover_enabled=&#8220;on|desktop&#8220; custom_margin__hover=&#8220;|||3px|false|false&#8220;]<\/p>\n<p>Datenschutzerkl\u00e4rung<\/p>\n<p>[\/et_pb_text][\/et_pb_column][et_pb_column type=&#8220;1_4&#8243; module_class=&#8220;vertikal-zentrieren&#8220; _builder_version=&#8220;4.23.1&#8243; _module_preset=&#8220;default&#8220; global_colors_info=&#8220;{}&#8220;][et_pb_image src=&#8220;https:\/\/irc-consult.at\/wp-content\/uploads\/2023\/09\/Logo_IRC_A0_ohne_Verlauf_mit_Text_transparent-white1.png&#8220; title_text=&#8220;Logo_IRC_A0_ohne_Verlauf_mit_Text_transparent-white1&#8243; _builder_version=&#8220;4.23.1&#8243; _module_preset=&#8220;default&#8220; custom_margin=&#8220;-20px||0px||false|false&#8220; custom_padding=&#8220;0px||0px||false|false&#8220; global_colors_info=&#8220;{}&#8220;][\/et_pb_image][\/et_pb_column][\/et_pb_row][\/et_pb_section][et_pb_section fb_built=&#8220;1&#8243; _builder_version=&#8220;4.23.1&#8243; _module_preset=&#8220;default&#8220; background_color=&#8220;#464646&#8243; custom_padding=&#8220;5px||7px|||&#8220; border_width_bottom=&#8220;2px&#8220; border_color_bottom=&#8220;#FFFFFF&#8220; global_colors_info=&#8220;{}&#8220;][et_pb_row _builder_version=&#8220;4.19.2&#8243; _module_preset=&#8220;default&#8220; custom_padding=&#8220;7px||5px|||&#8220; global_colors_info=&#8220;{}&#8220;][et_pb_column type=&#8220;4_4&#8243; _builder_version=&#8220;4.19.2&#8243; _module_preset=&#8220;default&#8220; global_colors_info=&#8220;{}&#8220;][et_pb_text _builder_version=&#8220;4.22.1&#8243; _module_preset=&#8220;default&#8220; text_font=&#8220;|||on|||||&#8220; text_text_color=&#8220;#FFFFFF&#8220; text_orientation=&#8220;center&#8220; custom_margin=&#8220;0px||0px||true|false&#8220; custom_padding=&#8220;0px||0px||true|false&#8220; global_colors_info=&#8220;{}&#8220;]\u00a9 <script>document.write(new Date().getFullYear())<\/script> IR&amp;C &#8211; Investigation, Research &amp; Consulting Center[\/et_pb_text][\/et_pb_column][\/et_pb_row][\/et_pb_section]<\/p>\n","protected":false},"excerpt":{"rendered":"<p>Selbstmordgef\u00e4hrdungWas ist Selbstmordgef\u00e4hrdung?Der Selbstmord (Suizid) ist die bewusste, absichtliche und selbst herbeigef\u00fchrte Beendigung des eigenen Lebens. Bevor sich eine Person selbst t\u00f6tet, denkt sie viel \u00fcber ihren Selbstmord nach und k\u00fcndigt diesen meist auch an.Bei der Selbstmordgef\u00e4hrdung f\u00fchlen sich die Betroffenen hilf- und hoffnungslos und glauben, dass ihre gegenw\u00e4rtigen Probleme unertr\u00e4glich und un\u00fcberwindbar sind. Au\u00dferdem [&hellip;]<\/p>\n","protected":false},"author":1,"featured_media":0,"parent":0,"menu_order":130,"comment_status":"closed","ping_status":"closed","template":"","meta":{"_et_pb_use_builder":"on","_et_pb_old_content":"<!-- wp:divi\/placeholder \/-->","_et_gb_content_width":"","footnotes":""},"class_list":["post-370277","page","type-page","status-publish","hentry"],"_links":{"self":[{"href":"https:\/\/irc-consult.at\/en\/wp-json\/wp\/v2\/pages\/370277","targetHints":{"allow":["GET"]}}],"collection":[{"href":"https:\/\/irc-consult.at\/en\/wp-json\/wp\/v2\/pages"}],"about":[{"href":"https:\/\/irc-consult.at\/en\/wp-json\/wp\/v2\/types\/page"}],"author":[{"embeddable":true,"href":"https:\/\/irc-consult.at\/en\/wp-json\/wp\/v2\/users\/1"}],"replies":[{"embeddable":true,"href":"https:\/\/irc-consult.at\/en\/wp-json\/wp\/v2\/comments?post=370277"}],"version-history":[{"count":5,"href":"https:\/\/irc-consult.at\/en\/wp-json\/wp\/v2\/pages\/370277\/revisions"}],"predecessor-version":[{"id":373666,"href":"https:\/\/irc-consult.at\/en\/wp-json\/wp\/v2\/pages\/370277\/revisions\/373666"}],"wp:attachment":[{"href":"https:\/\/irc-consult.at\/en\/wp-json\/wp\/v2\/media?parent=370277"}],"curies":[{"name":"wp","href":"https:\/\/api.w.org\/{rel}","templated":true}]}}