{"id":370275,"date":"2023-09-21T10:00:55","date_gmt":"2023-09-21T08:00:55","guid":{"rendered":"https:\/\/irc-consult.at\/?page_id=370275"},"modified":"2023-11-18T08:22:09","modified_gmt":"2023-11-18T07:22:09","slug":"depression","status":"publish","type":"page","link":"https:\/\/irc-consult.at\/en\/depression\/","title":{"rendered":"Depression"},"content":{"rendered":"<p>[et_pb_section fb_built=&#8220;1&#8243; _builder_version=&#8220;4.23&#8243; _module_preset=&#8220;default&#8220; background_enable_mask_style=&#8220;on&#8220; background_mask_style=&#8220;honeycomb&#8220; background_mask_color=&#8220;rgba(244,129,0,0.15)&#8220; background_mask_transform=&#8220;invert&#8220; background_mask_aspect_ratio=&#8220;square&#8220; background_mask_size=&#8220;cover&#8220; global_colors_info=&#8220;{}&#8220; theme_builder_area=&#8220;post_content&#8220; custom_padding=&#8220;||4px|||&#8220;][et_pb_row _builder_version=&#8220;4.23&#8243; _module_preset=&#8220;default&#8220; custom_margin=&#8220;-30px|auto|0px|auto|false|false&#8220; custom_padding=&#8220;||3px||false|false&#8220; global_colors_info=&#8220;{}&#8220; theme_builder_area=&#8220;post_content&#8220;][et_pb_column type=&#8220;4_4&#8243; _builder_version=&#8220;4.23&#8243; _module_preset=&#8220;default&#8220; global_colors_info=&#8220;{}&#8220; theme_builder_area=&#8220;post_content&#8220;][et_pb_text _builder_version=&#8220;4.23.1&#8243; _module_preset=&#8220;default&#8220; header_2_font=&#8220;IRC Fonts Regular|||on|||||&#8220; header_2_text_color=&#8220;#F48100&#8243; header_2_font_size=&#8220;25px&#8220; header_2_line_height=&#8220;1.4em&#8220; custom_margin=&#8220;-8px||0px||false|false&#8220; custom_padding=&#8220;||0px||false|false&#8220; animation_style=&#8220;fade&#8220; hover_enabled=&#8220;0&#8243; header_2_font_size_tablet=&#8220;25px&#8220; header_2_font_size_phone=&#8220;15px&#8220; header_2_font_size_last_edited=&#8220;on|phone&#8220; global_colors_info=&#8220;{}&#8220; theme_builder_area=&#8220;post_content&#8220; sticky_enabled=&#8220;0&#8243;]<\/p>\n<h2 itemprop=\"name\">Depression<\/h2>\n<p>[\/et_pb_text][\/et_pb_column][\/et_pb_row][et_pb_row column_structure=&#8220;1_3,2_3&#8243; make_equal=&#8220;on&#8220; _builder_version=&#8220;4.23.1&#8243; _module_preset=&#8220;default&#8220; custom_margin=&#8220;||||false|false&#8220; custom_padding=&#8220;16px||5px|||&#8220; hover_enabled=&#8220;0&#8243; global_colors_info=&#8220;{}&#8220; theme_builder_area=&#8220;post_content&#8220; sticky_enabled=&#8220;0&#8243;][et_pb_column type=&#8220;1_3&#8243; _builder_version=&#8220;4.23.1&#8243; _module_preset=&#8220;default&#8220; hover_enabled=&#8220;0&#8243; global_colors_info=&#8220;{}&#8220; theme_builder_area=&#8220;post_content&#8220; sticky_enabled=&#8220;0&#8243;][et_pb_image src=&#8220;https:\/\/irc-consult.at\/wp-content\/uploads\/2023\/11\/depression1.jpg&#8220; title_text=&#8220;Sad woman.&#8220; align=&#8220;center&#8220; _builder_version=&#8220;4.23.1&#8243; _module_preset=&#8220;default&#8220; animation_style=&#8220;fade&#8220; animation_direction=&#8220;top&#8220; hover_transition_duration=&#8220;350ms&#8220; hover_enabled=&#8220;0&#8243; border_radii=&#8220;on|8px|8px|8px|8px&#8220; border_color_all=&#8220;#F48100&#8243; box_shadow_style=&#8220;preset1&#8243; box_shadow_blur=&#8220;5px&#8220; global_colors_info=&#8220;{}&#8220; theme_builder_area=&#8220;post_content&#8220; sticky_enabled=&#8220;0&#8243;][\/et_pb_image][\/et_pb_column][et_pb_column type=&#8220;2_3&#8243; _builder_version=&#8220;4.23.1&#8243; _module_preset=&#8220;default&#8220; hover_enabled=&#8220;0&#8243; global_colors_info=&#8220;{}&#8220; theme_builder_area=&#8220;post_content&#8220; module_class=&#8220;vertikal-zentrieren&#8220; sticky_enabled=&#8220;0&#8243;][et_pb_text _builder_version=&#8220;4.23.1&#8243; _module_preset=&#8220;default&#8220; text_font_size=&#8220;15px&#8220; custom_margin=&#8220;-15px|||||&#8220; custom_padding=&#8220;14px|||||&#8220; animation_style=&#8220;flip&#8220; animation_direction=&#8220;bottom&#8220; hover_enabled=&#8220;0&#8243; text_font_size_tablet=&#8220;15px&#8220; text_font_size_phone=&#8220;16px&#8220; text_font_size_last_edited=&#8220;on|phone&#8220; global_colors_info=&#8220;{}&#8220; theme_builder_area=&#8220;post_content&#8220; sticky_enabled=&#8220;0&#8243;]<\/p>\n<p><strong>Was ist Depression?<\/strong><\/p>\n<p><strong>Die Depression&#8230;<\/strong><\/p>\n<ul>\n<li>ist eine psychische Erkrankung, die mit Antriebslosigkeit und k\u00f6rperlichen Beschwerden einhergeht.<\/li>\n<li>ist eine h\u00e4ufige Erkrankung. Fast jeder 10. \u00d6sterreicher erkrankt irgendwann in seinem Leben daran.<\/li>\n<li>setzt sich aus psychischen und k\u00f6rperlichen Beschwerden zusammen.<\/li>\n<li>verl\u00e4uft meist in Phasen, d.h. bei vielen Betroffenen wechseln sich die depressiv gestimmten Phasen mit Zeiten normalen Befindens ab.<\/li>\n<\/ul>\n<p>[\/et_pb_text][\/et_pb_column][\/et_pb_row][et_pb_row column_structure=&#8220;2_3,1_3&#8243; make_equal=&#8220;on&#8220; _builder_version=&#8220;4.23&#8243; _module_preset=&#8220;default&#8220; custom_margin=&#8220;||||false|false&#8220; custom_padding=&#8220;16px||8px|||&#8220; global_colors_info=&#8220;{}&#8220; theme_builder_area=&#8220;post_content&#8220;][et_pb_column type=&#8220;2_3&#8243; _builder_version=&#8220;4.23&#8243; _module_preset=&#8220;default&#8220; global_colors_info=&#8220;{}&#8220; theme_builder_area=&#8220;post_content&#8220;][et_pb_text _builder_version=&#8220;4.23.1&#8243; _module_preset=&#8220;default&#8220; text_font_size=&#8220;15px&#8220; custom_margin=&#8220;-15px|||||&#8220; custom_padding=&#8220;14px|||||&#8220; animation_style=&#8220;flip&#8220; animation_direction=&#8220;bottom&#8220; hover_enabled=&#8220;0&#8243; text_font_size_tablet=&#8220;15px&#8220; text_font_size_phone=&#8220;16px&#8220; text_font_size_last_edited=&#8220;on|phone&#8220; global_colors_info=&#8220;{}&#8220; theme_builder_area=&#8220;post_content&#8220; sticky_enabled=&#8220;0&#8243;]<\/p>\n<p><strong>Die depressive Phase umfasst Symptome wie<\/strong><\/p>\n<ul>\n<li>gedr\u00fcckte Stimmung, Gef\u00fchle sind wie abgestorben oder ertaubt<\/li>\n<li>mangelnde Freude bis hin zu fehlendem Interesse an normalen Aktivit\u00e4ten und Vergn\u00fcgungen<\/li>\n<li>Einschlafst\u00f6rungen, Durchschlafst\u00f6rungen<\/li>\n<li>Appetitlosigkeit<\/li>\n<li>Denken und Handeln f\u00e4llt schwer, Konzentrationsschwierigkeiten<\/li>\n<li>Energielosigkeit, M\u00fcdigkeit<\/li>\n<li>geringes Selbstbewusstsein und unangemessene Schuldgef\u00fchle<\/li>\n<li>wiederkehrende Gedanken \u00fcber den Tod, Selbstmordgedanken und -versuche<\/li>\n<\/ul>\n<p>Depressive Menschen zeigen unterschiedliche Symptome und diese k\u00f6nnen auch unterschiedlich vorhanden sein.<\/p>\n<p><strong>Depression oder Verstimmung?<\/strong><br \/>Manchmal ist eine depressive Erkrankung nicht leicht von einer allt\u00e4glichen Verstimmung oder einer Lebenskrise zu unterscheiden.<br \/>Bei einer Verstimmung ist man traurig, grantig oder m\u00fcde, aber man kann sich von diesen Gef\u00fchlen ablenken oder sich trotzdem \u00fcber sch\u00f6ne Dinge freuen. Dies ist bei der Krankheit Depression nicht mehr m\u00f6glich.<\/p>\n<p><strong>Ursachen<\/strong><br \/>Die Ursachen sind noch nicht vollst\u00e4ndig aufgekl\u00e4rt. Verschieden Faktoren spielen eine Rolle:<\/p>\n<ul>\n<li>die Krankheit kann durch die Eltern vererbt werden<\/li>\n<li>bei depressiven Menschen zeigen sich Ver\u00e4nderungen im K\u00f6rper, die das Denken und F\u00fchlen beeinflussen<\/li>\n<li>schwere Belastungen (z.B. der Verlust eines geliebten Menschen)<\/li>\n<li>die Einnahme bestimmter Medikamente kann ebenfalls eine Depression ausl\u00f6sen (z.B. Herz-Kreislauf Medikamente)<\/li>\n<\/ul>\n<p>Eine <strong>Depression<\/strong> kann aber auch <strong>ohne erkennbaren Grund<\/strong> pl\u00f6tzlich entstehen. Sie ist kaum jemals auf ein einziges Ereignis zur\u00fcckzuf\u00fchren!<br \/>Es ist wichtig, die k\u00f6rperlichen Ursachen mit Medikamenten zu behandeln. Danach kann eine psychologische Behandlung angeschlossen werden.<\/p>\n<p>[\/et_pb_text][\/et_pb_column][et_pb_column type=&#8220;1_3&#8243; module_class=&#8220;vertikal-zentrieren&#8220; _builder_version=&#8220;4.23&#8243; _module_preset=&#8220;default&#8220; global_colors_info=&#8220;{}&#8220; theme_builder_area=&#8220;post_content&#8220;][et_pb_image src=&#8220;https:\/\/irc-consult.at\/wp-content\/uploads\/2023\/11\/depression3.jpg&#8220; title_text=&#8220;Tragicomic Theater Masks. Sad and Smile masks&#8220; align=&#8220;center&#8220; _builder_version=&#8220;4.23.1&#8243; _module_preset=&#8220;default&#8220; animation_style=&#8220;fade&#8220; animation_direction=&#8220;top&#8220; hover_transition_duration=&#8220;350ms&#8220; hover_enabled=&#8220;0&#8243; global_colors_info=&#8220;{}&#8220; theme_builder_area=&#8220;post_content&#8220; sticky_enabled=&#8220;0&#8243; border_radii=&#8220;on|10px|10px|10px|10px&#8220; box_shadow_style=&#8220;preset1&#8243; box_shadow_blur=&#8220;5px&#8220;][\/et_pb_image][\/et_pb_column][\/et_pb_row][et_pb_row make_equal=&#8220;on&#8220; _builder_version=&#8220;4.23.1&#8243; _module_preset=&#8220;default&#8220; custom_margin=&#8220;||||false|false&#8220; custom_padding=&#8220;16px||15px|||&#8220; hover_enabled=&#8220;0&#8243; global_colors_info=&#8220;{}&#8220; theme_builder_area=&#8220;post_content&#8220; sticky_enabled=&#8220;0&#8243;][et_pb_column type=&#8220;4_4&#8243; _builder_version=&#8220;4.23&#8243; _module_preset=&#8220;default&#8220; global_colors_info=&#8220;{}&#8220; theme_builder_area=&#8220;post_content&#8220;][et_pb_text _builder_version=&#8220;4.23.1&#8243; _module_preset=&#8220;default&#8220; text_font_size=&#8220;15px&#8220; custom_margin=&#8220;-15px||9px|||&#8220; custom_padding=&#8220;14px||6px|||&#8220; animation_style=&#8220;flip&#8220; animation_direction=&#8220;right&#8220; hover_enabled=&#8220;0&#8243; text_font_size_tablet=&#8220;15px&#8220; text_font_size_phone=&#8220;16px&#8220; text_font_size_last_edited=&#8220;on|phone&#8220; global_colors_info=&#8220;{}&#8220; theme_builder_area=&#8220;post_content&#8220; sticky_enabled=&#8220;0&#8243;]<\/p>\n<p><strong>Diagnose<\/strong><br \/>Die Beschwerden von depressiven Menschen sind nicht immer gleich, daher ist es schwierig eine Depression als solche zu erkennen. H\u00e4ufig klagen die Betroffenen \u00fcber rein k\u00f6rperliche Beschwerden und nicht \u00fcber depressive Stimmung.<\/p>\n<ul>\n<li><strong>Gespr\u00e4ch mit Experten<br \/><\/strong>Das wichtigste Hilfsmittel, um eine Depression zu erkennen, ist ein ausf\u00fchrliches Gespr\u00e4ch des Betroffenen mit einem Facharzt f\u00fcr Psychiatrie oder einem Psychologen.<\/li>\n<li><strong>K\u00f6rperliche Untersuchung<br \/><\/strong>Anschlie\u00dfend an das diagnostische Gespr\u00e4ch k\u00f6nnen zur Abkl\u00e4rung k\u00f6rperlicher Ursachen weitere medizinische Untersuchungen folgen (z.B. Blutuntersuchung)<\/li>\n<li><strong>Frageb\u00f6gen<br \/><\/strong>Es haben sich verschiedene Frageb\u00f6gen und Tests bisher gut bew\u00e4hrt. Sie helfen den Schweregrad der Depression abzusch\u00e4tzen. Danach richtet sichauch die Art der Behandlung.<\/li>\n<\/ul>\n<ul><\/ul>\n<p><strong>Behandlung<\/strong><br \/>Es gibt verschieden Formen einer Depression, die unterschiedlich behandelt werden m\u00fcssen.<br \/>Bei einer leichten Depression gen\u00fcgt oft eine psychologische Behandlung.<br \/>Bei einer schweren Form der Depression ist eine Kombination aus Medikamenten (Facharzt) und psychologischer Behandlung \u00fcblich.<br \/>Die Depression ist eine Erkrankung, deren Behandlung von einem Facharzt f\u00fcr Psychiatrie oder einem Klinischen Psychologen \u00fcbernommen werden sollte.<br \/>Eine fr\u00fchest m\u00f6gliche Behandlung ist besonders wichtig, um den Betroffenen eine verbesserte Lebensqualit\u00e4t zu erm\u00f6glichen und den Leidensdruck zu vermindern.<br \/>Bei der schweren Depression besteht fast immer eine hohe Selbstmordgef\u00e4hrdung! Daher sind direkte oder indirekte Ank\u00fcndigungen bzw. Andeutungen hinsichtlich Selbstmord immer ernst zu nehmen!<br \/>Bei den meisten Patienten l\u00e4sst sich die Depression mit einer konsequenten Behandlung durch einen Experten gut in den Griff bekommen![\/et_pb_text][\/et_pb_column][\/et_pb_row][\/et_pb_section]<\/p>\n","protected":false},"excerpt":{"rendered":"<p>DepressionWas ist Depression? Die Depression&#8230; ist eine psychische Erkrankung, die mit Antriebslosigkeit und k\u00f6rperlichen Beschwerden einhergeht. ist eine h\u00e4ufige Erkrankung. Fast jeder 10. \u00d6sterreicher erkrankt irgendwann in seinem Leben daran. setzt sich aus psychischen und k\u00f6rperlichen Beschwerden zusammen. verl\u00e4uft meist in Phasen, d.h. bei vielen Betroffenen wechseln sich die depressiv gestimmten Phasen mit Zeiten normalen [&hellip;]<\/p>\n","protected":false},"author":1,"featured_media":0,"parent":0,"menu_order":125,"comment_status":"closed","ping_status":"closed","template":"","meta":{"_et_pb_use_builder":"on","_et_pb_old_content":"<!-- wp:divi\/placeholder \/-->","_et_gb_content_width":"","footnotes":""},"class_list":["post-370275","page","type-page","status-publish","hentry"],"_links":{"self":[{"href":"https:\/\/irc-consult.at\/en\/wp-json\/wp\/v2\/pages\/370275","targetHints":{"allow":["GET"]}}],"collection":[{"href":"https:\/\/irc-consult.at\/en\/wp-json\/wp\/v2\/pages"}],"about":[{"href":"https:\/\/irc-consult.at\/en\/wp-json\/wp\/v2\/types\/page"}],"author":[{"embeddable":true,"href":"https:\/\/irc-consult.at\/en\/wp-json\/wp\/v2\/users\/1"}],"replies":[{"embeddable":true,"href":"https:\/\/irc-consult.at\/en\/wp-json\/wp\/v2\/comments?post=370275"}],"version-history":[{"count":5,"href":"https:\/\/irc-consult.at\/en\/wp-json\/wp\/v2\/pages\/370275\/revisions"}],"predecessor-version":[{"id":372643,"href":"https:\/\/irc-consult.at\/en\/wp-json\/wp\/v2\/pages\/370275\/revisions\/372643"}],"wp:attachment":[{"href":"https:\/\/irc-consult.at\/en\/wp-json\/wp\/v2\/media?parent=370275"}],"curies":[{"name":"wp","href":"https:\/\/api.w.org\/{rel}","templated":true}]}}