{"id":370273,"date":"2023-09-21T10:00:39","date_gmt":"2023-09-21T08:00:39","guid":{"rendered":"https:\/\/irc-consult.at\/?page_id=370273"},"modified":"2023-11-18T07:54:23","modified_gmt":"2023-11-18T06:54:23","slug":"burnout","status":"publish","type":"page","link":"https:\/\/irc-consult.at\/en\/burnout\/","title":{"rendered":"Burnout"},"content":{"rendered":"<p>[et_pb_section fb_built=&#8220;1&#8243; _builder_version=&#8220;4.23&#8243; _module_preset=&#8220;default&#8220; background_enable_mask_style=&#8220;on&#8220; background_mask_style=&#8220;honeycomb&#8220; background_mask_color=&#8220;rgba(244,129,0,0.15)&#8220; background_mask_transform=&#8220;invert&#8220; background_mask_aspect_ratio=&#8220;square&#8220; background_mask_size=&#8220;cover&#8220; global_colors_info=&#8220;{}&#8220; theme_builder_area=&#8220;post_content&#8220;][et_pb_row _builder_version=&#8220;4.23&#8243; _module_preset=&#8220;default&#8220; custom_margin=&#8220;-30px|auto|0px|auto|false|false&#8220; custom_padding=&#8220;||3px||false|false&#8220; global_colors_info=&#8220;{}&#8220; theme_builder_area=&#8220;post_content&#8220;][et_pb_column type=&#8220;4_4&#8243; _builder_version=&#8220;4.23&#8243; _module_preset=&#8220;default&#8220; global_colors_info=&#8220;{}&#8220; theme_builder_area=&#8220;post_content&#8220;][et_pb_text _builder_version=&#8220;4.23.1&#8243; _module_preset=&#8220;default&#8220; header_2_font=&#8220;IRC Fonts Regular|||on|||||&#8220; header_2_text_color=&#8220;#F48100&#8243; header_2_font_size=&#8220;25px&#8220; header_2_line_height=&#8220;1.4em&#8220; custom_margin=&#8220;-8px||0px||false|false&#8220; custom_padding=&#8220;||0px||false|false&#8220; animation_style=&#8220;fade&#8220; hover_enabled=&#8220;0&#8243; header_2_font_size_tablet=&#8220;25px&#8220; header_2_font_size_phone=&#8220;15px&#8220; header_2_font_size_last_edited=&#8220;on|phone&#8220; global_colors_info=&#8220;{}&#8220; theme_builder_area=&#8220;post_content&#8220; sticky_enabled=&#8220;0&#8243;]<\/p>\n<h2 itemprop=\"name\">Burnout<\/h2>\n<p>[\/et_pb_text][\/et_pb_column][\/et_pb_row][et_pb_row column_structure=&#8220;1_3,2_3&#8243; make_equal=&#8220;on&#8220; _builder_version=&#8220;4.23&#8243; _module_preset=&#8220;default&#8220; custom_margin=&#8220;||||false|false&#8220; custom_padding=&#8220;16px||5px|||&#8220; global_colors_info=&#8220;{}&#8220; theme_builder_area=&#8220;post_content&#8220;][et_pb_column type=&#8220;1_3&#8243; module_class=&#8220;vertikal-zentrieren&#8220; _builder_version=&#8220;4.23&#8243; _module_preset=&#8220;default&#8220; global_colors_info=&#8220;{}&#8220; theme_builder_area=&#8220;post_content&#8220;][et_pb_image src=&#8220;https:\/\/irc-consult.at\/wp-content\/uploads\/2023\/11\/burnout1.jpg&#8220; title_text=&#8220;Burnout office worker&#8220; align=&#8220;center&#8220; _builder_version=&#8220;4.23.1&#8243; _module_preset=&#8220;default&#8220; animation_style=&#8220;fade&#8220; animation_direction=&#8220;top&#8220; hover_transition_duration=&#8220;350ms&#8220; hover_enabled=&#8220;0&#8243; border_radii=&#8220;on|8px|8px|8px|8px&#8220; border_color_all=&#8220;#F48100&#8243; box_shadow_style=&#8220;preset1&#8243; box_shadow_blur=&#8220;5px&#8220; global_colors_info=&#8220;{}&#8220; theme_builder_area=&#8220;post_content&#8220; sticky_enabled=&#8220;0&#8243;][\/et_pb_image][\/et_pb_column][et_pb_column type=&#8220;2_3&#8243; _builder_version=&#8220;4.23&#8243; _module_preset=&#8220;default&#8220; global_colors_info=&#8220;{}&#8220; theme_builder_area=&#8220;post_content&#8220;][et_pb_text _builder_version=&#8220;4.23.1&#8243; _module_preset=&#8220;default&#8220; text_font_size=&#8220;15px&#8220; custom_margin=&#8220;-15px|||||&#8220; custom_padding=&#8220;14px|||||&#8220; animation_style=&#8220;flip&#8220; animation_direction=&#8220;bottom&#8220; hover_enabled=&#8220;0&#8243; text_font_size_tablet=&#8220;15px&#8220; text_font_size_phone=&#8220;16px&#8220; text_font_size_last_edited=&#8220;on|phone&#8220; global_colors_info=&#8220;{}&#8220; theme_builder_area=&#8220;post_content&#8220; sticky_enabled=&#8220;0&#8243;]<\/p>\n<p><strong>Was ist Burnout?<\/strong><br \/>to burnout (engl.): ausbrennen<br \/>Ausbrennen kann nur, wer einmal &#8222;gebrannt&#8220; hat, sich also \u00fcber das \u00fcbliche Ma\u00df hinaus f\u00fcr seine T\u00e4tigkeit engeagierte!<\/p>\n<p><strong><em>Burnout wird h\u00e4ufig untersch\u00e4tzt!<\/em><\/strong><\/p>\n<p><strong>Wie erkennen Sie Burnout?<\/strong><br \/>Gef\u00e4hrdet sind Personen, die<\/p>\n<ul>\n<li>freiwillig und unbezahlt mehr arbeiten<\/li>\n<li>ihre eigenen Interessen und Bed\u00fcrfnisse zur\u00fcckstellen und keine Zeit haben<\/li>\n<li>der Meinung sind, dass ihre Arbeit niemand sonst machen k\u00f6nnte<\/li>\n<li>ihre Kontakte mit anderen Menschen auf das berufliche Umfeld beschr\u00e4nken<\/li>\n<\/ul>\n<p>[\/et_pb_text][\/et_pb_column][\/et_pb_row][et_pb_row make_equal=&#8220;on&#8220; _builder_version=&#8220;4.23.1&#8243; _module_preset=&#8220;default&#8220; custom_margin=&#8220;||||false|false&#8220; custom_padding=&#8220;16px||8px|||&#8220; hover_enabled=&#8220;0&#8243; global_colors_info=&#8220;{}&#8220; theme_builder_area=&#8220;post_content&#8220; sticky_enabled=&#8220;0&#8243;][et_pb_column type=&#8220;4_4&#8243; _builder_version=&#8220;4.23&#8243; _module_preset=&#8220;default&#8220; global_colors_info=&#8220;{}&#8220; theme_builder_area=&#8220;post_content&#8220;][et_pb_text _builder_version=&#8220;4.23.1&#8243; _module_preset=&#8220;default&#8220; text_font_size=&#8220;15px&#8220; custom_margin=&#8220;-15px|||||&#8220; custom_padding=&#8220;14px|||||&#8220; animation_style=&#8220;flip&#8220; animation_direction=&#8220;bottom&#8220; hover_enabled=&#8220;0&#8243; text_font_size_tablet=&#8220;15px&#8220; text_font_size_phone=&#8220;16px&#8220; text_font_size_last_edited=&#8220;on|phone&#8220; global_colors_info=&#8220;{}&#8220; theme_builder_area=&#8220;post_content&#8220; sticky_enabled=&#8220;0&#8243;]<\/p>\n<p><strong>Typische Symptome<\/strong><\/p>\n<ul>\n<li>k\u00f6rperliche Symptome, wie st\u00e4ndige M\u00fcdigkeit, Schlafst\u00f6rungen, Infekte; m\u00f6glich sind auch Bluthochdruck,<\/li>\n<li>Kopfschmerzen, Magen-Darm-Erkrankungen etc.<\/li>\n<li>erh\u00f6hter Konsum von Alkohol, Aufputsch- und Beruhigungsmitteln und anderen Drogen<\/li>\n<li>negative und zynische Einstellung gegen\u00fcber anderen und sich selbst<\/li>\n<li>R\u00fcckzug aus dem sozialen Leben<\/li>\n<li>keine Energie, keine Lust etwas zu tun<\/li>\n<li>Konzentrationsprobleme, geringe Leistung<\/li>\n<li>reduziertes Selbstwertgef\u00fchl und wenig Vertrauen in die eigenen F\u00e4higkeiten<\/li>\n<li>Gef\u00fchle der Hilf- und Hoffnungslosigkeit<\/li>\n<\/ul>\n<p>[\/et_pb_text][\/et_pb_column][\/et_pb_row][et_pb_row make_equal=&#8220;on&#8220; _builder_version=&#8220;4.23.1&#8243; _module_preset=&#8220;default&#8220; custom_margin=&#8220;|auto|-29px|auto|false|false&#8220; custom_padding=&#8220;16px||8px|||&#8220; hover_enabled=&#8220;0&#8243; global_colors_info=&#8220;{}&#8220; theme_builder_area=&#8220;post_content&#8220; sticky_enabled=&#8220;0&#8243;][et_pb_column type=&#8220;4_4&#8243; _builder_version=&#8220;4.23&#8243; _module_preset=&#8220;default&#8220; global_colors_info=&#8220;{}&#8220; theme_builder_area=&#8220;post_content&#8220;][et_pb_image src=&#8220;https:\/\/irc-consult.at\/wp-content\/uploads\/2023\/11\/burnout3.jpg&#8220; _builder_version=&#8220;4.23.1&#8243; _module_preset=&#8220;default&#8220; theme_builder_area=&#8220;post_content&#8220; title_text=&#8220;burnout3&#8243; hover_enabled=&#8220;0&#8243; sticky_enabled=&#8220;0&#8243; border_radii=&#8220;on|10px|10px|10px|10px&#8220; box_shadow_style=&#8220;preset1&#8243; box_shadow_blur=&#8220;5px&#8220;][\/et_pb_image][et_pb_text _builder_version=&#8220;4.23.1&#8243; _module_preset=&#8220;default&#8220; text_font_size=&#8220;15px&#8220; custom_margin=&#8220;-15px|||||&#8220; custom_padding=&#8220;14px|||||&#8220; animation_style=&#8220;flip&#8220; animation_direction=&#8220;right&#8220; hover_enabled=&#8220;0&#8243; text_font_size_tablet=&#8220;15px&#8220; text_font_size_phone=&#8220;16px&#8220; text_font_size_last_edited=&#8220;on|phone&#8220; global_colors_info=&#8220;{}&#8220; theme_builder_area=&#8220;post_content&#8220; sticky_enabled=&#8220;0&#8243;]<\/p>\n<p><strong>Die Burnout-Stufen<\/strong><br \/>Burnout ist eine Reaktion auf starke Arbeitsbelastungen und anhaltenden Stress, beschr\u00e4nkt sich jedoch nicht ausschlie\u00dflich auf das Arbeitsumfeld. Auch z.B. Doppelbelastungen (Studium und Beruf etc.) oder Arbeitslosigkeit k\u00f6nnen zu Burnout f\u00fchren.<br \/>Die Auswirkungen sind nicht von heute auf morgen sp\u00fcrbar, sondern entwickeln sich nach und nach. Die folgenden Phasen m\u00fcssen jedoch nicht immer in der angegebenen Reihenfolge auftreten.<\/p>\n<ul>\n<li><strong>Idealistische Begeisterung und verst\u00e4rkter Einsatz<\/strong><\/li>\n<\/ul>\n<p>erh\u00f6hte Erwartungen an sich selbst, Gef\u00fchl der Unentbehrlichkeit; Mehrarbeit und unbezahlte \u00dcberstunden auch an freien Tagen und im Urlaub; Vernachl\u00e4ssigung eigener Bed\u00fcrfnisse und W\u00fcnsche; gelegentlich Schlafst\u00f6rungen; erh\u00f6hter Konsum von Kaffee, Zigaretten und Aufputschmitteln<\/p>\n<ul>\n<li><strong>Verdr\u00e4ngung von Konflikten und Bed\u00fcrfnissen<\/strong><\/li>\n<\/ul>\n<p>Vermeidung privater Konflikte; Aufgabe von Hobbys, Verschieben privater Bed\u00fcrfnisse auf sp\u00e4ter; Fehlleistungen und Ungenauigkeiten; zunehmende Verleugnung von \u00dcberarbeitung und \u00dcberlastung; Schlafst\u00f6rungen und sp\u00fcrbarer Energiemangel; Aufmerksamkeitsst\u00f6rungen<\/p>\n<ul>\n<li><strong>Verst\u00e4rkte Verleugnung von Problemen<\/strong><\/li>\n<\/ul>\n<p>Gef\u00fchl mangelnder Anerkennung, wachsender Widerstand in die Arbeit zu gehen, vermehrt Fehlzeiten und &#8222;innere K\u00fcndigung&#8220;; psychosomatische Reaktionen wie Muskelverspannungen, R\u00fcckenschmerzen und Bluthochdruck; zunehmend Orientierungs- und Hoffnungslosigkeit; vermehrter Konsum von Alkohol und Drogen<\/p>\n<ul>\n<li><strong>Deutliche Verhaltens\u00e4nderung<\/strong><\/li>\n<\/ul>\n<p>reduziertes Engagement und Produktivit\u00e4t, negative Reaktion auf gut gemeinte Zuwendung; wenig pers\u00f6nliche Anteilnahme; verst\u00e4rktes Gef\u00fchl der Gleichg\u00fcltigkeit und Sinnlosigkeit; Entfremdung; vermehrt psychosomatische Reaktionen<\/p>\n<ul>\n<li><strong>Innere Leere und Ersch\u00f6pfung<\/strong><\/li>\n<\/ul>\n<p>Wechsel zwischen starken schmerzhaften Emotionen und dem Gef\u00fchl der inneren Leere, automatenhaftes Funktionieren; Angstgef\u00fchle und Suchtverhalten; negative Einstellung zum Leben; starke Gef\u00fchle der Hoffnungslosigkeit und Ersch\u00f6pfung; Wunsch nach Schlaf; v\u00f6llige Verzweiflung bis zu Selbstmordgedanken und -absichten<\/p>\n<ul>\n<li><strong>Zusammenbruch<\/strong><\/li>\n<\/ul>\n<p>angegriffenes Immunsystem, lebensgef\u00e4hrliche geistige, k\u00f6rperliche und emotionale Ersch\u00f6pfung; hohe Selbstmordgef\u00e4hrdung!<\/p>\n<p><strong>Burnout l\u00e4sst sich vermeiden!<\/strong><br \/>Je fr\u00fcher die Symptome erkannt werden, umso fr\u00fcher kann etwas dagegen unternommen werden!<\/p>\n<p><strong>Vorbeugung und Ma\u00dfnahmen gegen Burnout<\/strong><\/p>\n<ul>\n<li>Setzen Sie sich realistische Ziele!<\/li>\n<li>Trennen Sie deutlich zwischen Arbeit und Freizeit!<\/li>\n<li>Lernen Sie bewusst zu tr\u00f6deln!<\/li>\n<li>Lernen Sie bewusst zu entspannen!<\/li>\n<li>Pflegen Sie berufliche Alternativen!<\/li>\n<li>Pflegen Sie Kontakte zu anderen Menschen!<\/li>\n<li>Seien Sie sensibel f\u00fcr Ihre eigenen Bed\u00fcrfnisse!<\/li>\n<li>Machen Sie Ihre Grenzen deutlich, sagen Sie &#8222;Nein&#8220;!<\/li>\n<li>Achten Sie auf die Einhaltung von Regeln!<\/li>\n<li>Sprechen Sie kritische Themen an!<\/li>\n<li>Lernen Sie mit Ihrer Macht und Machtlosigkeit umzugehen!<\/li>\n<li>H\u00f6ren Sie auf, andere ver\u00e4ndern zu wollen!<\/li>\n<li>Wechseln Sie Ihr T\u00e4tigkeitsfeld!<\/li>\n<\/ul>\n<p>[\/et_pb_text][\/et_pb_column][\/et_pb_row][\/et_pb_section]<\/p>\n","protected":false},"excerpt":{"rendered":"<p>BurnoutWas ist Burnout?to burnout (engl.): ausbrennenAusbrennen kann nur, wer einmal &#8222;gebrannt&#8220; hat, sich also \u00fcber das \u00fcbliche Ma\u00df hinaus f\u00fcr seine T\u00e4tigkeit engeagierte! Burnout wird h\u00e4ufig untersch\u00e4tzt! Wie erkennen Sie Burnout?Gef\u00e4hrdet sind Personen, die freiwillig und unbezahlt mehr arbeiten ihre eigenen Interessen und Bed\u00fcrfnisse zur\u00fcckstellen und keine Zeit haben der Meinung sind, dass ihre Arbeit [&hellip;]<\/p>\n","protected":false},"author":1,"featured_media":0,"parent":0,"menu_order":120,"comment_status":"closed","ping_status":"closed","template":"","meta":{"_et_pb_use_builder":"on","_et_pb_old_content":"<!-- wp:divi\/placeholder \/-->","_et_gb_content_width":"","footnotes":""},"class_list":["post-370273","page","type-page","status-publish","hentry"],"_links":{"self":[{"href":"https:\/\/irc-consult.at\/en\/wp-json\/wp\/v2\/pages\/370273","targetHints":{"allow":["GET"]}}],"collection":[{"href":"https:\/\/irc-consult.at\/en\/wp-json\/wp\/v2\/pages"}],"about":[{"href":"https:\/\/irc-consult.at\/en\/wp-json\/wp\/v2\/types\/page"}],"author":[{"embeddable":true,"href":"https:\/\/irc-consult.at\/en\/wp-json\/wp\/v2\/users\/1"}],"replies":[{"embeddable":true,"href":"https:\/\/irc-consult.at\/en\/wp-json\/wp\/v2\/comments?post=370273"}],"version-history":[{"count":5,"href":"https:\/\/irc-consult.at\/en\/wp-json\/wp\/v2\/pages\/370273\/revisions"}],"predecessor-version":[{"id":372605,"href":"https:\/\/irc-consult.at\/en\/wp-json\/wp\/v2\/pages\/370273\/revisions\/372605"}],"wp:attachment":[{"href":"https:\/\/irc-consult.at\/en\/wp-json\/wp\/v2\/media?parent=370273"}],"curies":[{"name":"wp","href":"https:\/\/api.w.org\/{rel}","templated":true}]}}