{"id":370271,"date":"2023-09-21T10:00:14","date_gmt":"2023-09-21T08:00:14","guid":{"rendered":"https:\/\/irc-consult.at\/?page_id=370271"},"modified":"2023-12-26T13:33:20","modified_gmt":"2023-12-26T12:33:20","slug":"supervision","status":"publish","type":"page","link":"https:\/\/irc-consult.at\/en\/supervision\/","title":{"rendered":"Supervision"},"content":{"rendered":"<p>[et_pb_section fb_built=&#8220;1&#8243; _builder_version=&#8220;4.23&#8243; _module_preset=&#8220;default&#8220; background_enable_mask_style=&#8220;on&#8220; background_mask_style=&#8220;honeycomb&#8220; background_mask_color=&#8220;rgba(244,129,0,0.15)&#8220; background_mask_transform=&#8220;invert&#8220; background_mask_aspect_ratio=&#8220;square&#8220; background_mask_size=&#8220;cover&#8220; custom_padding=&#8220;||0px|||&#8220; global_colors_info=&#8220;{}&#8220;][et_pb_row _builder_version=&#8220;4.23&#8243; _module_preset=&#8220;default&#8220; custom_margin=&#8220;-30px|auto|0px|auto|false|false&#8220; custom_padding=&#8220;||3px||false|false&#8220; global_colors_info=&#8220;{}&#8220;][et_pb_column type=&#8220;4_4&#8243; _builder_version=&#8220;4.23&#8243; _module_preset=&#8220;default&#8220; global_colors_info=&#8220;{}&#8220;][et_pb_text _builder_version=&#8220;4.23.1&#8243; _module_preset=&#8220;default&#8220; header_2_font=&#8220;IRC Fonts Regular|||on|||||&#8220; header_2_text_color=&#8220;#F48100&#8243; header_2_font_size=&#8220;25px&#8220; header_2_line_height=&#8220;1.4em&#8220; custom_margin=&#8220;-8px||0px||false|false&#8220; custom_padding=&#8220;||0px||false|false&#8220; animation_style=&#8220;fade&#8220; header_2_font_size_tablet=&#8220;25px&#8220; header_2_font_size_phone=&#8220;15px&#8220; header_2_font_size_last_edited=&#8220;on|phone&#8220; global_colors_info=&#8220;{}&#8220;]<\/p>\n<h2 itemprop=\"name\">Supervision<\/h2>\n<p>[\/et_pb_text][\/et_pb_column][\/et_pb_row][et_pb_row column_structure=&#8220;1_3,2_3&#8243; make_equal=&#8220;on&#8220; _builder_version=&#8220;4.23.1&#8243; _module_preset=&#8220;default&#8220; custom_margin=&#8220;||||false|false&#8220; custom_padding=&#8220;16px||5px|||&#8220; global_colors_info=&#8220;{}&#8220;][et_pb_column type=&#8220;1_3&#8243; _builder_version=&#8220;4.23.1&#8243; _module_preset=&#8220;default&#8220; global_colors_info=&#8220;{}&#8220;][et_pb_image src=&#8220;https:\/\/irc-consult.at\/wp-content\/uploads\/2023\/11\/supervision1.jpg&#8220; title_text=&#8220;Magnifying Glass And Keyhole&#8220; align=&#8220;center&#8220; _builder_version=&#8220;4.23.1&#8243; _module_preset=&#8220;default&#8220; animation_style=&#8220;fade&#8220; animation_direction=&#8220;top&#8220; hover_transition_duration=&#8220;350ms&#8220; border_radii=&#8220;on|8px|8px|8px|8px&#8220; border_color_all=&#8220;#F48100&#8243; box_shadow_style=&#8220;preset1&#8243; box_shadow_blur=&#8220;5px&#8220; global_colors_info=&#8220;{}&#8220;][\/et_pb_image][\/et_pb_column][et_pb_column type=&#8220;2_3&#8243; module_class=&#8220;vertikal-zentrieren&#8220; _builder_version=&#8220;4.23.1&#8243; _module_preset=&#8220;default&#8220; global_colors_info=&#8220;{}&#8220;][et_pb_text _builder_version=&#8220;4.23.1&#8243; _module_preset=&#8220;default&#8220; text_font_size=&#8220;15px&#8220; custom_margin=&#8220;-15px|||||&#8220; custom_padding=&#8220;14px|||||&#8220; animation_style=&#8220;flip&#8220; animation_direction=&#8220;bottom&#8220; text_font_size_tablet=&#8220;15px&#8220; text_font_size_phone=&#8220;16px&#8220; text_font_size_last_edited=&#8220;on|phone&#8220; global_colors_info=&#8220;{}&#8220;]<\/p>\n<p><strong>Supervision<\/strong> (lateinisch f\u00fcr \u00dcber-Blick) ist eine Form der Beratung f\u00fcr Mitarbeiter, unter anderem in psychosozialen Berufen. Supervisionen werden von einem Supervisor, der zumeist eine entsprechende Qualifikation oder Zusatzausbildung hat, geleitet. Einzelpersonen, Gruppen und Organisationen lernen in der Supervision, ihr berufliches oder ehrenamtliches Handeln zu pr\u00fcfen und zu verbessern. Dazu vereinbaren die Teilnehmer mit dem Supervisor Ziele. Inhalte sind die praktische Arbeit, die Rollen- und Beziehungsdynamik zwischen Mitarbeiter und Klient, die Zusammenarbeit im Team oder auch in der Organisation. Supervision wird haupts\u00e4chlich im medizinischen, sozialen, p\u00e4dagogischen und therapeutischen Bereich genutzt (Sozialarbeiter, Sozialp\u00e4dagogen, Erzieher, \u00c4rzte, Pflegepersonal, Psychotherapeuten, Lehrer, Pfarrer, etc), und zunehmend auch in der Wirtschaft (F\u00fchrungskr\u00e4fte).<\/p>\n<p>[\/et_pb_text][\/et_pb_column][\/et_pb_row][et_pb_row column_structure=&#8220;1_2,1_2&#8243; make_equal=&#8220;on&#8220; _builder_version=&#8220;4.23.1&#8243; _module_preset=&#8220;default&#8220; custom_margin=&#8220;||||false|false&#8220; custom_padding=&#8220;16px||8px|||&#8220; global_colors_info=&#8220;{}&#8220;][et_pb_column type=&#8220;1_2&#8243; module_class=&#8220;vertikal-zentrieren&#8220; _builder_version=&#8220;4.23.1&#8243; _module_preset=&#8220;default&#8220; global_colors_info=&#8220;{}&#8220;][et_pb_text _builder_version=&#8220;4.23.1&#8243; _module_preset=&#8220;default&#8220; text_font_size=&#8220;15px&#8220; custom_margin=&#8220;-15px|||||&#8220; custom_padding=&#8220;14px|||||&#8220; animation_style=&#8220;flip&#8220; animation_direction=&#8220;bottom&#8220; text_font_size_tablet=&#8220;15px&#8220; text_font_size_phone=&#8220;16px&#8220; text_font_size_last_edited=&#8220;on|phone&#8220; global_colors_info=&#8220;{}&#8220;]<\/p>\n<p><strong>Der Supervisor<\/strong><\/p>\n<ul>\n<li>macht den Vertrag mit dem Auftraggeber und dem Supervisanden<\/li>\n<li>leitet die Sitzungen mit dem Ziel, das Lernen des Supervisanden zu unterst\u00fctzen<\/li>\n<li>macht gemeinsam mit dem Supervisanden und ggf. mit dem Auftraggeber die Auswertung<\/li>\n<li>arbeitet authentisch und empathisch mit dem Supervisanden<\/li>\n<li>handelt nicht stellvertretend f\u00fcr den Supervisanden au\u00dferhalb des Supervisionssystems<\/li>\n<li>gew\u00e4hrleistet Datenschutz<\/li>\n<\/ul>\n<p>[\/et_pb_text][\/et_pb_column][et_pb_column type=&#8220;1_2&#8243; _builder_version=&#8220;4.23.1&#8243; _module_preset=&#8220;default&#8220; global_colors_info=&#8220;{}&#8220;][et_pb_text _builder_version=&#8220;4.23.1&#8243; _module_preset=&#8220;default&#8220; text_font_size=&#8220;15px&#8220; custom_margin=&#8220;-15px|||||&#8220; custom_padding=&#8220;14px|||||&#8220; animation_style=&#8220;flip&#8220; animation_direction=&#8220;bottom&#8220; text_font_size_tablet=&#8220;15px&#8220; text_font_size_phone=&#8220;16px&#8220; text_font_size_last_edited=&#8220;on|phone&#8220; global_colors_info=&#8220;{}&#8220;]<\/p>\n<p><strong>Der Supervisand<\/strong><\/p>\n<ul>\n<li>nimmt an Kontrakt-, Supervisions- und Auswertungssitzungen teil<\/li>\n<li>nutzt die Kompetenz des Supervisors und gegebenenfalls Mitsupervisanden<\/li>\n<li>reflektiert in der Interaktion seine Praxis<\/li>\n<li>mit der Absicht, sich zu entlasten und\/oder zu lernen<\/li>\n<\/ul>\n<p>[\/et_pb_text][et_pb_text _builder_version=&#8220;4.23.1&#8243; _module_preset=&#8220;default&#8220; text_font_size=&#8220;15px&#8220; custom_margin=&#8220;-15px|||||&#8220; custom_padding=&#8220;14px|||||&#8220; animation_style=&#8220;flip&#8220; animation_direction=&#8220;bottom&#8220; text_font_size_tablet=&#8220;15px&#8220; text_font_size_phone=&#8220;16px&#8220; text_font_size_last_edited=&#8220;on|phone&#8220; global_colors_info=&#8220;{}&#8220;]<\/p>\n<p><strong>Der Auftraggeber<\/strong><\/p>\n<ul>\n<li>verhandelt oder stellt Bedingungen \u00fcber Umfang, Frequenz, Preis, Zielsetzungen<\/li>\n<li>nimmt an ggf. der Kontraktsitzung oder an Auswertungssitzungen teil<\/li>\n<\/ul>\n<p>[\/et_pb_text][\/et_pb_column][\/et_pb_row][et_pb_row make_equal=&#8220;on&#8220; _builder_version=&#8220;4.23.1&#8243; _module_preset=&#8220;default&#8220; custom_margin=&#8220;-17px|auto||auto|false|false&#8220; custom_padding=&#8220;16px||38px|||&#8220; global_colors_info=&#8220;{}&#8220;][et_pb_column type=&#8220;4_4&#8243; _builder_version=&#8220;4.23&#8243; _module_preset=&#8220;default&#8220; global_colors_info=&#8220;{}&#8220;][et_pb_text _builder_version=&#8220;4.23.1&#8243; _module_preset=&#8220;default&#8220; text_font_size=&#8220;15px&#8220; custom_margin=&#8220;-15px|||||&#8220; custom_padding=&#8220;14px|||||&#8220; animation_style=&#8220;flip&#8220; animation_direction=&#8220;right&#8220; text_font_size_tablet=&#8220;15px&#8220; text_font_size_phone=&#8220;16px&#8220; text_font_size_last_edited=&#8220;on|phone&#8220; global_colors_info=&#8220;{}&#8220;]<\/p>\n<p><strong>Inhalt der Supervision<br \/><\/strong>Je nach Zielvereinbarung liegt der Fokus auf Methodenkompetenz, Werte und Normen, Pers\u00f6nlichkeitsmerkmale, Gef\u00fchle, Gedanken und Verhalten, pers\u00f6nliche Entwicklung, Spiritualit\u00e4t, Ziele und Strategien, Beziehung zwischen Supervisand und Klient, Zusammenarbeit im Team bzw. in der Organisation, Schnittstellen und Synergien, Rollenerwartungen und Rollenverhalten, Diagnose von Klienten (Fallsupervision), Aufbau- und Ablauforganisation, Macht und Verantwortung, Entscheidungsprozesse, Information und Dokumentation, Qualit\u00e4tsmanagement, (Sozial-)Politik, Rolle von Berufsanf\u00e4ngern, Einf\u00fchrung und Integration neuer Mitarbeiter, F\u00fchrung, nachbarschaftliche Beziehungen, Beziehungen zu Interessengruppen, Zusammenarbeit mit dem Tr\u00e4ger. Nicht zuletzt ist die Beziehung zwischen Supervisor und Supervisand(en) wichtig und auch oft modellhaft Thema. Supervision beinhaltet oft auch Elemente von Psychotherapie und Organisationsentwicklung.<\/p>\n<p><strong>Methoden<br \/><\/strong>Je nach historischer Wurzel und \u201eSchule\u201c wird eher tiefenpsychologisch, gruppenarbeiterisch, klientzentriert, systemisch, konstruktivistisch-systemisch oder integrativ gedacht. Je nach Schule werden entsprechend unterschiedliche Schwerpunkte gesetzt: analytische Reflexion, Hier-und-jetzt, L\u00f6sungsorientierung, Betrachtung der Affekte im systemischen Kontext, Respektlosigkeit gegen\u00fcber Gewissheiten etc. Allen gemeinsam ist die Vereinbarung von Zielen f\u00fcr einen bestimmten Zeitraum und die regelm\u00e4\u00dfige Erfolgskontrolle. Es geht also immer um Ziele, eine Bestandsaufnahme, die Reflexion von Erfahrungen &#8211; und dann um die Umsetzung von F\u00e4higkeiten in Richtung auf das vereinbarte Ziel.<\/p>\n<p>In der Praxis steht schulen\u00fcbergreifend ein breites Methodeninventar zur Verf\u00fcgung und wird situationsspezifisch eingesetzt: was wirkt ist gut. Dazu geh\u00f6ren u. a. Psychodrama, Gruppendynamik, Gestalttherapie, NLP, Themenzentrierte Interaktion, Erlebnisp\u00e4dagogik, systemische Therapie, Grupo Operativo, Rollenspiel, Videoanalyse, Hausaufgaben und vieles mehr.<\/p>\n<p><strong>Setting<br \/><\/strong>Je nach Ziel und Inhalt wird das Setting gew\u00e4hlt:<\/p>\n<p><strong>Einzelsupervision<br \/><\/strong>In der Einzelsupervision bespricht ein Supervisand seine beruflichen Situation im Einzelgespr\u00e4ch mit einem Supervisor. Inhalt sind insbesondere pers\u00f6nliches Verhalten und die zugrundeliegenden Werte, Erfahrungen, Gedanken und Gef\u00fchle. Vorteil der Einzelsupervision ist es, dass manchmal intime Fragen leichter eingebracht werden.<\/p>\n<p><strong>Fallsupervision<br \/><\/strong>In der Fallsupervision treffen sich Vertreter verschiedener Berufe oder Mitglieder eines Teams, um die Besonderheiten eines bestimmten Klienten oder Patienten zu besprechen und den Umgang mit ihm zu planen und zu verbessern. Ziele sind Entlastung der Betreuenden und Verbesserung der Betreuung. Die Gruppe dient dabei als Spiegel, in dem Konflikte und Ressourcen deutlich werden und L\u00f6sungen gefunden werden k\u00f6nnen.<br \/>Fallsupervision ist sinnvoll, wenn mehrere Institutionen mit dem gleichen Klienten besch\u00e4ftigt sind: Sozialamt, Jugendamt, Psychiater, Gericht, Partner\/Familie, und nat\u00fcrlich die oder der Betroffene selbst.<\/p>\n<p><strong>Gruppensupervision<br \/><\/strong>In der Gruppensupervision treffen sich Supervisanden aus unterschiedlichen Institutionen und oft auch aus unterschiedlichen Berufsfeldern und tauschen sich \u00fcber ihre Erfahrungen und Probleme aus, unter Anleitung eines Supervisors. Jeder Teilnehmende erh\u00e4lt abwechselnd Raum, sich einzubringen und f\u00fcr sich zu lernen. Auch hier dient die Gruppe als Spiegel, in dem Konflikte und Ressourcen deutlich werden und L\u00f6sungen gefunden werden k\u00f6nnen.<br \/>Vorteil der Gruppensupervision ist es, dass Erfahrungen aus unterschiedlichen Organisationen und deren Methoden und Kultur zusammenkommen und so den Blick \u00f6ffnen.<\/p>\n<p><strong>Teamsupervision<br \/><\/strong>In der Teamsupervision steht der Umgang der Teammitglieder miteinander im Vordergrund. Teilnehmer sind die Mitarbeiter eines Arbeitsteams oder eines Ausbildungsteams. Ziel ist ein gemeinsames Lernen, Synergie und L\u00f6sungen. Inhalte sind Zusammenarbeit, Ziele, Prozesse, Strukturen, Werte und Kultur. Dazu geh\u00f6ren auch pers\u00f6nliche Themen, diese werden aber nur soweit behandelt, als sie den gemeinsamen Prozess in besonderem Ma\u00dfe hindern oder f\u00f6rdern. Der optimale Umgang mit Klienten ist \u00fcbergeordnetes Ziel.<br \/>Vorteil der Teamsupervision ist es, dass das Gelernte anschliessend gemeinsam in die Praxis umgesetzt werden kann.<\/p>\n<p><strong>Lehrsupervision<br \/><\/strong>In der Lehrsupervision oder Ausbildungssupervision lernen und \u00fcben angehende Supervisoren die Methode der Supervision. Inhalte sind die individuellen Praxissituationen, die Beziehung zu und der Umgang mit ihren Supervisanden, die eigene Pers\u00f6nlichkeit, die Rolle als Supervisor und die Rolle des Supervisors in der Organisation des Supervisanden. Inhalt ist auch die Zusammenarbeit in der eigenen Ausbildungsgruppe. Lehrsupervision kann als Einzelsupervision oder als Gruppensupervision stattfinden.<\/p>\n<p><strong>Intervision<br \/><\/strong>Intervision oder Peer-Supervision ist eine Art Gruppensupervision ohne Supervisor. Supervisanden supervidieren sich gegenseitig. Intervision ist Teil der Ausbildung. Die Teilnahme an Intervisionsgruppen wird von vielen Supervisions-Berufsverb\u00e4nden f\u00fcr ihre Mitglieder als Qualit\u00e4tssicherung vorgeschrieben.<\/p>\n<p><strong>Supervision und Coaching<br \/><\/strong>Supervision und Coaching sind lediglich \u00e4hnliche Namen f\u00fcr vergleichbare Verfahren. Supervision stammt aus dem psychosozialen Bereich (\u201enonprofit\u201c bzw. \u201esocialprofit\u201c). Supervision wird zunehmend auch in der Wirtschaft (\u201eProfit\u201c) angewendet, dort aber oft unter der neudeutschen Bezeichnung \u201eCoaching\u201c. F\u00fchrungskr\u00e4fte im psychosozialen Bereich nennen die Methode eher \u201eSupervision\u201c (insbesondere, wenn sie klientennah arbeiten oder eine niedrige F\u00fchrungsposition ausf\u00fcllen). F\u00fchrungskr\u00e4fte mit h\u00f6heren Positionen und solche in der Wirtschaft nennen es eher Coaching.<br \/>Supervision zielt eher auf das Verhalten von Fachleuten gegen\u00fcber Klienten, Kunden, Patienten, oft unter Einbezug des ganzen Teams und in Bezug auf die Organisation. Coaching zielt eher auf das Verhalten von einzelnen F\u00fchrungskr\u00e4ften gegen\u00fcber Mitarbeitern.<\/p>\n<p>Supervisor ist eine mehrj\u00e4hrige Berufsausbildung mit umfangreichem Curriculum und hohen Zugangsvoraussetzungen. Die Ausbildung zum Coach ist eher weniger umfangreich.<\/p>\n<p><strong>Supervision in der Psychotherapieausbildung<br \/><\/strong>In der Ausbildung von Psychotherapeuten ist entsprechend der \u201eAusbildungs- und Pr\u00fcfungsverordnung f\u00fcr Psychologische Psychotherapeuten (PsychTh-APrV)\u201c [1] eine Supervision zwingend vorgesehen. Dabei handelt es sich nicht um Supervision durch einen ausgebildeten Supervisor im Sinne dieses Artikels, sondern um die \u00dcberwachung der therapeutischen T\u00e4tigkeit des auszubildenden Therapeuten durch einen erfahrenen Kollegen oder Lehrtherapeuten. Die Qualifikation des \u00fcberwachenden Therapeuten ist in der Ausbildungsordnung bestimmt:<br \/>\u201e\u00a7 4 Praktische Ausbildung:<br \/>Voraussetzungen f\u00fcr die Anerkennung als Supervisor nach Absatz 2 Satz 2 sind:<br \/>1. eine mindestens f\u00fcnfj\u00e4hrige psychotherapeutische T\u00e4tigkeit in der Krankenbehandlung nach der Approbation zum Psychologischen Psychotherapeuten oder nach Abschluss einer \u00e4rztlichen Weiterbildung in der Psychotherapie, schwerpunktm\u00e4\u00dfig auf dem Gebiet des wissenschaftlich anerkannten Verfahrens, das Gegenstand der praktischen Ausbildung ist,<br \/>2. eine mindestens dreij\u00e4hrige Lehrt\u00e4tigkeit an einer Ausbildungsst\u00e4tte und<br \/>3. die pers\u00f6nliche Eignung.\u201c<\/p>\n<p>[\/et_pb_text][\/et_pb_column][\/et_pb_row][\/et_pb_section]<\/p>\n","protected":false},"excerpt":{"rendered":"<p>SupervisionSupervision (lateinisch f\u00fcr \u00dcber-Blick) ist eine Form der Beratung f\u00fcr Mitarbeiter, unter anderem in psychosozialen Berufen. Supervisionen werden von einem Supervisor, der zumeist eine entsprechende Qualifikation oder Zusatzausbildung hat, geleitet. Einzelpersonen, Gruppen und Organisationen lernen in der Supervision, ihr berufliches oder ehrenamtliches Handeln zu pr\u00fcfen und zu verbessern. Dazu vereinbaren die Teilnehmer mit dem Supervisor [&hellip;]<\/p>\n","protected":false},"author":1,"featured_media":0,"parent":0,"menu_order":115,"comment_status":"closed","ping_status":"closed","template":"","meta":{"_et_pb_use_builder":"on","_et_pb_old_content":"<!-- wp:divi\/placeholder \/-->","_et_gb_content_width":"","footnotes":""},"class_list":["post-370271","page","type-page","status-publish","hentry"],"_links":{"self":[{"href":"https:\/\/irc-consult.at\/en\/wp-json\/wp\/v2\/pages\/370271","targetHints":{"allow":["GET"]}}],"collection":[{"href":"https:\/\/irc-consult.at\/en\/wp-json\/wp\/v2\/pages"}],"about":[{"href":"https:\/\/irc-consult.at\/en\/wp-json\/wp\/v2\/types\/page"}],"author":[{"embeddable":true,"href":"https:\/\/irc-consult.at\/en\/wp-json\/wp\/v2\/users\/1"}],"replies":[{"embeddable":true,"href":"https:\/\/irc-consult.at\/en\/wp-json\/wp\/v2\/comments?post=370271"}],"version-history":[{"count":5,"href":"https:\/\/irc-consult.at\/en\/wp-json\/wp\/v2\/pages\/370271\/revisions"}],"predecessor-version":[{"id":373584,"href":"https:\/\/irc-consult.at\/en\/wp-json\/wp\/v2\/pages\/370271\/revisions\/373584"}],"wp:attachment":[{"href":"https:\/\/irc-consult.at\/en\/wp-json\/wp\/v2\/media?parent=370271"}],"curies":[{"name":"wp","href":"https:\/\/api.w.org\/{rel}","templated":true}]}}