{"id":370269,"date":"2023-09-21T09:59:32","date_gmt":"2023-09-21T07:59:32","guid":{"rendered":"https:\/\/irc-consult.at\/?page_id=370269"},"modified":"2023-11-18T07:13:38","modified_gmt":"2023-11-18T06:13:38","slug":"coaching","status":"publish","type":"page","link":"https:\/\/irc-consult.at\/en\/coaching\/","title":{"rendered":"Coaching"},"content":{"rendered":"<p>[et_pb_section fb_built=&#8220;1&#8243; _builder_version=&#8220;4.23&#8243; _module_preset=&#8220;default&#8220; background_enable_mask_style=&#8220;on&#8220; background_mask_style=&#8220;honeycomb&#8220; background_mask_color=&#8220;rgba(244,129,0,0.15)&#8220; background_mask_transform=&#8220;invert&#8220; background_mask_aspect_ratio=&#8220;square&#8220; background_mask_size=&#8220;cover&#8220; global_colors_info=&#8220;{}&#8220; theme_builder_area=&#8220;post_content&#8220; custom_padding=&#8220;||0px|||&#8220;][et_pb_row _builder_version=&#8220;4.23&#8243; _module_preset=&#8220;default&#8220; custom_margin=&#8220;-30px|auto|0px|auto|false|false&#8220; custom_padding=&#8220;||3px||false|false&#8220; global_colors_info=&#8220;{}&#8220; theme_builder_area=&#8220;post_content&#8220;][et_pb_column type=&#8220;4_4&#8243; _builder_version=&#8220;4.23&#8243; _module_preset=&#8220;default&#8220; global_colors_info=&#8220;{}&#8220; theme_builder_area=&#8220;post_content&#8220;][et_pb_text _builder_version=&#8220;4.23.1&#8243; _module_preset=&#8220;default&#8220; header_2_font=&#8220;IRC Fonts Regular|||on|||||&#8220; header_2_text_color=&#8220;#F48100&#8243; header_2_font_size=&#8220;25px&#8220; header_2_line_height=&#8220;1.4em&#8220; custom_margin=&#8220;-8px||0px||false|false&#8220; custom_padding=&#8220;||0px||false|false&#8220; animation_style=&#8220;fade&#8220; hover_enabled=&#8220;0&#8243; header_2_font_size_tablet=&#8220;25px&#8220; header_2_font_size_phone=&#8220;15px&#8220; header_2_font_size_last_edited=&#8220;on|phone&#8220; global_colors_info=&#8220;{}&#8220; theme_builder_area=&#8220;post_content&#8220; sticky_enabled=&#8220;0&#8243;]<\/p>\n<h2 itemprop=\"name\">Coaching<\/h2>\n<p>[\/et_pb_text][\/et_pb_column][\/et_pb_row][et_pb_row column_structure=&#8220;1_3,2_3&#8243; make_equal=&#8220;on&#8220; _builder_version=&#8220;4.23&#8243; _module_preset=&#8220;default&#8220; custom_margin=&#8220;||||false|false&#8220; custom_padding=&#8220;16px||5px|||&#8220; global_colors_info=&#8220;{}&#8220; theme_builder_area=&#8220;post_content&#8220;][et_pb_column type=&#8220;1_3&#8243; module_class=&#8220;vertikal-zentrieren&#8220; _builder_version=&#8220;4.23&#8243; _module_preset=&#8220;default&#8220; global_colors_info=&#8220;{}&#8220; theme_builder_area=&#8220;post_content&#8220;][et_pb_image src=&#8220;https:\/\/irc-consult.at\/wp-content\/uploads\/2023\/11\/coaching1.jpg&#8220; title_text=&#8220;Coaching, Motivational Business Marketing Words Quotes Concept w&#8220; align=&#8220;center&#8220; _builder_version=&#8220;4.23.1&#8243; _module_preset=&#8220;default&#8220; animation_style=&#8220;fade&#8220; animation_direction=&#8220;top&#8220; hover_transition_duration=&#8220;350ms&#8220; hover_enabled=&#8220;0&#8243; border_radii=&#8220;on|8px|8px|8px|8px&#8220; border_color_all=&#8220;#F48100&#8243; box_shadow_style=&#8220;preset1&#8243; box_shadow_blur=&#8220;5px&#8220; global_colors_info=&#8220;{}&#8220; theme_builder_area=&#8220;post_content&#8220; sticky_enabled=&#8220;0&#8243;][\/et_pb_image][\/et_pb_column][et_pb_column type=&#8220;2_3&#8243; _builder_version=&#8220;4.23&#8243; _module_preset=&#8220;default&#8220; global_colors_info=&#8220;{}&#8220; theme_builder_area=&#8220;post_content&#8220;][et_pb_text _builder_version=&#8220;4.23.1&#8243; _module_preset=&#8220;default&#8220; text_font_size=&#8220;15px&#8220; custom_margin=&#8220;-15px|||||&#8220; custom_padding=&#8220;14px|||||&#8220; animation_style=&#8220;flip&#8220; animation_direction=&#8220;bottom&#8220; hover_enabled=&#8220;0&#8243; text_font_size_tablet=&#8220;15px&#8220; text_font_size_phone=&#8220;16px&#8220; text_font_size_last_edited=&#8220;on|phone&#8220; global_colors_info=&#8220;{}&#8220; theme_builder_area=&#8220;post_content&#8220; sticky_enabled=&#8220;0&#8243;]<\/p>\n<p><strong><span style=\"color: #f48100;\">Was ist Coaching?<\/span><\/strong><\/p>\n<p><strong>Coaching&#8230;<\/strong><\/p>\n<ul>\n<li>stammt urspr\u00fcnglich aus dem angloamerikanischen Raum und stand f\u00fcr die Betreuung von Sportlern vor und w\u00e4hrend des Wettkampfes. (&#8222;coach&#8220; [engl.] = Trainer)<\/li>\n<li>ist eine begleitende, zeitlich begrenzte Beratung einer Person oder einer Gruppe durch einen Coach.<\/li>\n<li>soll bei der Kl\u00e4rung und Bew\u00e4ltigung der Anforderungen im Beruf unterst\u00fctzen.<\/li>\n<li>soll Zug\u00e4nge zu M\u00f6glichkeiten und L\u00f6sungen \u00f6ffnen.<\/li>\n<\/ul>\n<p><strong>Als &#8222;Coachee&#8220;&#8230;<\/strong><\/p>\n<ul>\n<li>wird oftmals die zu beratende Person bezeichnet. Dieser Begriff hat sich analog zum dem Begriffspaar &#8222;Trainer &#8211; Trainee&#8220; entwickelt. Die meisten Coachs bevorzugen allerdings die Bezeichnung &#8222;Klient&#8220; oder &#8222;Kunde&#8220;.<\/li>\n<\/ul>\n<p>[\/et_pb_text][\/et_pb_column][\/et_pb_row][et_pb_row column_structure=&#8220;2_3,1_3&#8243; make_equal=&#8220;on&#8220; _builder_version=&#8220;4.23&#8243; _module_preset=&#8220;default&#8220; custom_margin=&#8220;||||false|false&#8220; custom_padding=&#8220;16px||8px|||&#8220; global_colors_info=&#8220;{}&#8220; theme_builder_area=&#8220;post_content&#8220;][et_pb_column type=&#8220;2_3&#8243; _builder_version=&#8220;4.23&#8243; _module_preset=&#8220;default&#8220; global_colors_info=&#8220;{}&#8220; theme_builder_area=&#8220;post_content&#8220;][et_pb_text _builder_version=&#8220;4.23.1&#8243; _module_preset=&#8220;default&#8220; text_font_size=&#8220;15px&#8220; custom_margin=&#8220;-15px|||||&#8220; custom_padding=&#8220;14px|||||&#8220; animation_style=&#8220;flip&#8220; animation_direction=&#8220;bottom&#8220; hover_enabled=&#8220;0&#8243; text_font_size_tablet=&#8220;15px&#8220; text_font_size_phone=&#8220;16px&#8220; text_font_size_last_edited=&#8220;on|phone&#8220; global_colors_info=&#8220;{}&#8220; theme_builder_area=&#8220;post_content&#8220; sticky_enabled=&#8220;0&#8243;]<\/p>\n<p><strong>Themen und Anl\u00e4sse f\u00fcr Coaching<\/strong><\/p>\n<ul>\n<li>Stress am Arbeitsplatz<\/li>\n<li>pers\u00f6nliche Krisen am Arbeitsplatz<\/li>\n<li>Vereinbarkeit von Beruf und Familie<\/li>\n<li>Ver\u00e4nderung der beruflichen Situation<\/li>\n<li>mangelnde R\u00fcckmeldung \u00fcber das eigene Verhalten<\/li>\n<li>Wunsch nach einem Gespr\u00e4chspartner \u00fcber berufliche und private Angelegenheiten<\/li>\n<li>Burnout<\/li>\n<li>Mobbing<\/li>\n<\/ul>\n<p><strong>Ziele<\/strong><br \/><strong>Coaching dient&#8230;<\/strong><\/p>\n<ul>\n<li>der Erweiterung von Managementkompetenzen<\/li>\n<li>der Verbesserung von Probleml\u00f6sungsfertigkeiten<\/li>\n<li>der Bew\u00e4ltigung von pers\u00f6nlichen Krisen und Unterst\u00fctzung bei akuten Konflikten<\/li>\n<li>der Hilfe zur Selbsthilfe<\/li>\n<\/ul>\n<p><strong>Der Berater entwickelt gemeinsam mit und nicht f\u00fcr den Klienten individuell angemessene L\u00f6sungen f\u00fcr die entsprechenden Problemstellungen.<\/strong><\/p>\n<p><strong>Voraussetzungen f\u00fcr einen erfolgreichen Coachingprozess<\/strong><\/p>\n<ul>\n<li><strong>Freiwilligkeit<br \/><\/strong>Das Coaching erfolgt auf freiwilliger Basis. Der Klient hat ein eigenst\u00e4ndiges und begr\u00fcndetes Interesse an einer Beratung.<\/li>\n<li><strong>Gegenseitiges Vertrauen<br \/><\/strong>Das Vertrauen zwischen Coach und Klient und die gegenseitige Achtung m\u00fcssen von beiden Parteien gegeben sein.<\/li>\n<li><strong>Verschwiegenheit<br \/><\/strong>Die im Coaching thematisierten Inhalte bleiben vertraulich und dienen auf keinen Fall zur Beurteilung des Klienten zum Zwecke Dritter.<\/li>\n<\/ul>\n<p>[\/et_pb_text][\/et_pb_column][et_pb_column type=&#8220;1_3&#8243; module_class=&#8220;vertikal-zentrieren&#8220; _builder_version=&#8220;4.23&#8243; _module_preset=&#8220;default&#8220; global_colors_info=&#8220;{}&#8220; theme_builder_area=&#8220;post_content&#8220;][et_pb_image src=&#8220;https:\/\/irc-consult.at\/wp-content\/uploads\/2023\/11\/coaching2.jpg&#8220; title_text=&#8220;Solution vs Problem Solving &#8211; Business Consulting&#8220; align=&#8220;center&#8220; _builder_version=&#8220;4.23.1&#8243; _module_preset=&#8220;default&#8220; animation_style=&#8220;fade&#8220; animation_direction=&#8220;top&#8220; hover_transition_duration=&#8220;350ms&#8220; hover_enabled=&#8220;0&#8243; global_colors_info=&#8220;{}&#8220; theme_builder_area=&#8220;post_content&#8220; sticky_enabled=&#8220;0&#8243; border_radii=&#8220;on|10px|10px|10px|10px&#8220; box_shadow_style=&#8220;preset1&#8243; box_shadow_blur=&#8220;5px&#8220;][\/et_pb_image][\/et_pb_column][\/et_pb_row][et_pb_row column_structure=&#8220;2_3,1_3&#8243; make_equal=&#8220;on&#8220; _builder_version=&#8220;4.23&#8243; _module_preset=&#8220;default&#8220; custom_margin=&#8220;-17px|auto||auto|false|false&#8220; custom_padding=&#8220;16px|||||&#8220; global_colors_info=&#8220;{}&#8220; theme_builder_area=&#8220;post_content&#8220;][et_pb_column type=&#8220;2_3&#8243; _builder_version=&#8220;4.23&#8243; _module_preset=&#8220;default&#8220; global_colors_info=&#8220;{}&#8220; theme_builder_area=&#8220;post_content&#8220;][et_pb_text _builder_version=&#8220;4.23.1&#8243; _module_preset=&#8220;default&#8220; text_font_size=&#8220;15px&#8220; custom_margin=&#8220;-15px|||||&#8220; custom_padding=&#8220;14px|||||&#8220; animation_style=&#8220;flip&#8220; animation_direction=&#8220;right&#8220; hover_enabled=&#8220;0&#8243; text_font_size_tablet=&#8220;15px&#8220; text_font_size_phone=&#8220;16px&#8220; text_font_size_last_edited=&#8220;on|phone&#8220; global_colors_info=&#8220;{}&#8220; theme_builder_area=&#8220;post_content&#8220; sticky_enabled=&#8220;0&#8243;]<\/p>\n<p><strong>Ablauf eines Coachingprozesses<\/strong><\/p>\n<ul>\n<li><strong>Beratungsbedarf:<\/strong> Erkennen des Wunsches nach individueller Unterst\u00fctzung oder Ver\u00e4nderung<\/li>\n<li><strong>Erstes Kennenlernen<\/strong>: Kontaktaufnahme und Erstgespr\u00e4ch<\/li>\n<li><strong>Vertragsabschluss:<\/strong> Abschlie\u00dfen eines Vertrages, in dem Ort, Zeit, Bezahlung, H\u00e4ufigkeit der Treffen und die Themen des Coachings vereinbart werden.<\/li>\n<li><strong>Kl\u00e4rung der Ausgangssituation:<\/strong> Der Ist- und der Sollzustand werden bestimmt.<\/li>\n<li><strong>Zielbestimmung:<\/strong> Ziele und L\u00f6sungswege werden erarbeitet.<\/li>\n<li><strong>Interventionen:<\/strong> Gespr\u00e4che und andere Ma\u00dfnahmen.<\/li>\n<li><strong>Evalutation:<\/strong> \u00dcberpr\u00fcfung der Zielerreichung<\/li>\n<li><strong>Abschluss:<\/strong> Formales Ende des Coachings.<\/li>\n<\/ul>\n<p><strong>Was ist Coaching nicht?<br \/><\/strong><strong>Coaching ist&#8230;<\/strong><\/p>\n<ul>\n<li><strong>keine Psychotherapie<\/strong><br \/>In einer Psychotherapie werden psychische St\u00f6rungen oder Erkrankungen behandelt. Coaching ist zukunftsorientiert und soll helfen pers\u00f6nliche oder berufliche Ziele zu erreichen.<\/li>\n<li><strong>keine Supervision<\/strong><br \/>Sowohl Coaching als auch Supervision stellen eine berufsbezogene Beratungsform dar. Beide Formen haben eine \u00e4hnliche Vorgehensweise. Supervision entstammt dem sozialen, p\u00e4dagogischen und therapeutischen Bereich und wird von Berufsgruppen in Anspruch genommen, in denen es wichtig ist zwischenmenschliche Beziehungen professionell zu gestalten.<\/li>\n<li><strong>kein Training<\/strong><br \/>Ein Training dient dazu, eine Methode bzw. eine Technik zu erlernen. Beim Coaching soll sich der Klient vordringlich keine neue Fertigkeiten aneignen, sondern bereits vorhandene Begabungen und Potentiale optimal nutzen.<\/li>\n<li><strong>keine Organisations- und Unternehmensberatung<\/strong><br \/>W\u00e4hrend bei diesen Beratungsformen L\u00f6sungsvorschl\u00e4ge angeboten werden, soll im Coaching der Klient angeregt werden eigene L\u00f6sungen entwickeln zu k\u00f6nnen.<\/li>\n<\/ul>\n<p>[\/et_pb_text][\/et_pb_column][et_pb_column type=&#8220;1_3&#8243; module_class=&#8220;vertikal-zentrieren&#8220; _builder_version=&#8220;4.23&#8243; _module_preset=&#8220;default&#8220; global_colors_info=&#8220;{}&#8220; theme_builder_area=&#8220;post_content&#8220;][et_pb_image src=&#8220;https:\/\/irc-consult.at\/wp-content\/uploads\/2023\/11\/coaching3.jpg&#8220; title_text=&#8220;Word Cloud Coaching&#8220; align=&#8220;center&#8220; _builder_version=&#8220;4.23.1&#8243; _module_preset=&#8220;default&#8220; animation_style=&#8220;fade&#8220; animation_direction=&#8220;top&#8220; hover_transition_duration=&#8220;350ms&#8220; hover_enabled=&#8220;0&#8243; border_radii=&#8220;on|10px|10px|10px|10px&#8220; box_shadow_style=&#8220;preset1&#8243; box_shadow_blur=&#8220;5px&#8220; global_colors_info=&#8220;{}&#8220; theme_builder_area=&#8220;post_content&#8220; sticky_enabled=&#8220;0&#8243;][\/et_pb_image][\/et_pb_column][\/et_pb_row][\/et_pb_section]<\/p>\n","protected":false},"excerpt":{"rendered":"<p>CoachingWas ist Coaching? Coaching&#8230; stammt urspr\u00fcnglich aus dem angloamerikanischen Raum und stand f\u00fcr die Betreuung von Sportlern vor und w\u00e4hrend des Wettkampfes. (&#8222;coach&#8220; [engl.] = Trainer) ist eine begleitende, zeitlich begrenzte Beratung einer Person oder einer Gruppe durch einen Coach. soll bei der Kl\u00e4rung und Bew\u00e4ltigung der Anforderungen im Beruf unterst\u00fctzen. soll Zug\u00e4nge zu M\u00f6glichkeiten [&hellip;]<\/p>\n","protected":false},"author":1,"featured_media":0,"parent":0,"menu_order":110,"comment_status":"closed","ping_status":"closed","template":"","meta":{"_et_pb_use_builder":"on","_et_pb_old_content":"<!-- wp:divi\/placeholder \/-->","_et_gb_content_width":"","footnotes":""},"class_list":["post-370269","page","type-page","status-publish","hentry"],"_links":{"self":[{"href":"https:\/\/irc-consult.at\/en\/wp-json\/wp\/v2\/pages\/370269","targetHints":{"allow":["GET"]}}],"collection":[{"href":"https:\/\/irc-consult.at\/en\/wp-json\/wp\/v2\/pages"}],"about":[{"href":"https:\/\/irc-consult.at\/en\/wp-json\/wp\/v2\/types\/page"}],"author":[{"embeddable":true,"href":"https:\/\/irc-consult.at\/en\/wp-json\/wp\/v2\/users\/1"}],"replies":[{"embeddable":true,"href":"https:\/\/irc-consult.at\/en\/wp-json\/wp\/v2\/comments?post=370269"}],"version-history":[{"count":5,"href":"https:\/\/irc-consult.at\/en\/wp-json\/wp\/v2\/pages\/370269\/revisions"}],"predecessor-version":[{"id":372569,"href":"https:\/\/irc-consult.at\/en\/wp-json\/wp\/v2\/pages\/370269\/revisions\/372569"}],"wp:attachment":[{"href":"https:\/\/irc-consult.at\/en\/wp-json\/wp\/v2\/media?parent=370269"}],"curies":[{"name":"wp","href":"https:\/\/api.w.org\/{rel}","templated":true}]}}