{"id":370257,"date":"2023-09-21T09:54:51","date_gmt":"2023-09-21T07:54:51","guid":{"rendered":"https:\/\/irc-consult.at\/?page_id=370257"},"modified":"2023-11-14T23:22:07","modified_gmt":"2023-11-14T22:22:07","slug":"berufseignungstests-und-berufsberatung","status":"publish","type":"page","link":"https:\/\/irc-consult.at\/en\/berufseignungstests-und-berufsberatung\/","title":{"rendered":"Vocational aptitude tests and career counseling"},"content":{"rendered":"<p>[et_pb_section fb_built=&#8220;1&#8243; _builder_version=&#8220;4.23&#8243; _module_preset=&#8220;default&#8220; background_enable_mask_style=&#8220;on&#8220; background_mask_style=&#8220;honeycomb&#8220; background_mask_color=&#8220;rgba(244,129,0,0.15)&#8220; background_mask_transform=&#8220;invert&#8220; background_mask_aspect_ratio=&#8220;square&#8220; background_mask_size=&#8220;cover&#8220; custom_padding=&#8220;30px||10px|||&#8220; global_colors_info=&#8220;{}&#8220;][et_pb_row column_structure=&#8220;1_3,2_3&#8243; make_equal=&#8220;on&#8220; _builder_version=&#8220;4.23.1&#8243; _module_preset=&#8220;default&#8220; custom_margin=&#8220;||||false|false&#8220; custom_padding=&#8220;16px||5px|||&#8220; global_colors_info=&#8220;{}&#8220;][et_pb_column type=&#8220;1_3&#8243; _builder_version=&#8220;4.23.1&#8243; _module_preset=&#8220;default&#8220; global_colors_info=&#8220;{}&#8220;][et_pb_image src=&#8220;https:\/\/irc-consult.at\/wp-content\/uploads\/2023\/11\/berufseignungstests.jpg&#8220; title_text=&#8220;berufseignungstests&#8220; align=&#8220;center&#8220; _builder_version=&#8220;4.23.1&#8243; _module_preset=&#8220;default&#8220; animation_style=&#8220;flip&#8220; animation_direction=&#8220;top&#8220; hover_transition_duration=&#8220;350ms&#8220; border_radii=&#8220;on|8px|8px|8px|8px&#8220; border_color_all=&#8220;#F48100&#8243; global_colors_info=&#8220;{}&#8220;][\/et_pb_image][\/et_pb_column][et_pb_column type=&#8220;2_3&#8243; module_class=&#8220;vertikal-zentrieren&#8220; _builder_version=&#8220;4.23.1&#8243; _module_preset=&#8220;default&#8220; global_colors_info=&#8220;{}&#8220;][et_pb_text _builder_version=&#8220;4.23.1&#8243; _module_preset=&#8220;default&#8220; text_font_size=&#8220;15px&#8220; header_2_text_color=&#8220;#F48100&#8243; custom_margin=&#8220;-15px|||||&#8220; custom_padding=&#8220;14px|||||&#8220; animation_style=&#8220;flip&#8220; animation_direction=&#8220;bottom&#8220; text_font_size_tablet=&#8220;15px&#8220; text_font_size_phone=&#8220;16px&#8220; text_font_size_last_edited=&#8220;on|phone&#8220; header_2_font_size_tablet=&#8220;&#8220; header_2_font_size_phone=&#8220;&#8220; header_2_font_size_last_edited=&#8220;on|phone&#8220; global_colors_info=&#8220;{}&#8220;]<\/p>\n<h2><strong>Berufseignungstests und Berufsberatung<\/strong><\/h2>\n<p><strong>Berufswahldiagnostik:<\/strong><br \/>Niemand sollte sich vor seiner Zukunft verschlie\u00dfen.<br \/>Aufgrund stetiger Nachfragen aus Pflichtschulen f\u00fchren wir seit 1998 mit dem AMS Burgenland jedes Schuljahr (von September bis Juni) Berufsorientierungstests als derzeit kostenlose Unterst\u00fctzung bei der individuellen Berufs- und Ausbildungswahl f\u00fcr Sch\u00fclerInnen, die sich in der 8. Schulstufe bzw. in einer Polytechnischen Schule befinden, durch. Auch f\u00fcr MaturantInnen und Lehrstellensuchende bis zum 18. Lebensjahr ist diese Untersuchung geeignet. J\u00e4hrlich werden dabei ca. 500 Sch\u00fclerInnen\/Lehrstellensuchende getestet.<\/p>\n<p>&nbsp;<\/p>\n<p>[\/et_pb_text][\/et_pb_column][\/et_pb_row][et_pb_row column_structure=&#8220;2_5,3_5&#8243; make_equal=&#8220;on&#8220; _builder_version=&#8220;4.23.1&#8243; _module_preset=&#8220;default&#8220; custom_margin=&#8220;||||false|false&#8220; custom_padding=&#8220;16px||29px|||&#8220; global_colors_info=&#8220;{}&#8220;][et_pb_column type=&#8220;2_5&#8243; _builder_version=&#8220;4.23&#8243; _module_preset=&#8220;default&#8220; global_colors_info=&#8220;{}&#8220;][et_pb_menu menu_id=&#8220;24&#8243; module_class=&#8220;pa-vertical-menu&#8220; _builder_version=&#8220;4.23.1&#8243; _module_preset=&#8220;default&#8220; global_colors_info=&#8220;{}&#8220;][\/et_pb_menu][et_pb_text _builder_version=&#8220;4.23.1&#8243; _module_preset=&#8220;default&#8220; text_font_size=&#8220;15px&#8220; header_2_text_color=&#8220;#F48100&#8243; background_enable_image=&#8220;off&#8220; custom_margin=&#8220;-15px||1px|||&#8220; custom_padding=&#8220;14px|||||&#8220; animation_style=&#8220;flip&#8220; animation_direction=&#8220;bottom&#8220; text_font_size_tablet=&#8220;15px&#8220; text_font_size_phone=&#8220;16px&#8220; text_font_size_last_edited=&#8220;on|phone&#8220; global_colors_info=&#8220;{}&#8220;]<\/p>\n<p><strong>Der Mensch im Mittelpunkt<\/strong><br \/><strong>Der Mensch wei\u00df oft nicht genau, wo seine beruflichen St\u00e4rken bzw. Schw\u00e4chen liegen &#8211; das ist das Thema der Berufspsychologie<\/strong><br \/>BerufspsychologInnen analysieren das Leistungsprofil der Sch\u00fclerInnen und erarbeiten auf wissenschaftlicher Basis einen vern\u00fcnftigen Ausbildungsfahrplan. Es werden f\u00fcr die jeweilige Person L\u00f6sungsvorschl\u00e4ge mittels Beratung, Testung, Begutachtung und Forschung gesucht und vermittelt. Dies ist eine zentrale Aufgabe einer modernen Berufspsychologie.<\/p>\n<p><strong>Der Berufspsychologe ist kein Psychiater<\/strong><br \/>Ein Psychiater ist ein Mediziner und besch\u00e4ftigt sich mit psychisch kranken Menschen. Ein Psychologe ist kein Arzt, ihn interessiert das Verhalten von an sich gesunden Personen. BerufspsychologInnen stellen Leistungsf\u00e4higkeit, Verhalten und Einstellung von in der Regel gesunden Personen fest. Dar\u00fcber hinaus bieten sie die M\u00f6glichkeiten, mehr \u00fcber das Verhalten oder \u00fcber Anpassungsprobleme zu erfahren und \u00c4nderungen einzuleiten.<\/p>\n<p>[\/et_pb_text][\/et_pb_column][et_pb_column type=&#8220;3_5&#8243; module_class=&#8220;vertikal-zentrieren&#8220; _builder_version=&#8220;4.23.1&#8243; _module_preset=&#8220;default&#8220; global_colors_info=&#8220;{}&#8220;][et_pb_text _builder_version=&#8220;4.23.1&#8243; _module_preset=&#8220;default&#8220; text_font_size=&#8220;15px&#8220; header_2_text_color=&#8220;#F48100&#8243; background_enable_image=&#8220;off&#8220; custom_margin=&#8220;-15px||1px|||&#8220; custom_padding=&#8220;14px|||||&#8220; animation_style=&#8220;flip&#8220; animation_direction=&#8220;bottom&#8220; text_font_size_tablet=&#8220;15px&#8220; text_font_size_phone=&#8220;16px&#8220; text_font_size_last_edited=&#8220;on|phone&#8220; global_colors_info=&#8220;{}&#8220;]<\/p>\n<p>Die Untersuchungsmethoden (schriftliche Tests und Frageb\u00f6gen) sind nach den letzten schul- und berufspsychologischen Erkenntnissen von Experten des AMS zusammengestellt worden. Die Untersuchung dauert im Schnitt ca. drei Unterrichtseinheiten, inkl. Pausengestaltung.<\/p>\n<p><strong>Das Resultat ergibt ein objektives Leistungs- und Interessensbild<\/strong>, welches dann in einem gemeinsamen Beratungsgespr\u00e4ch mit dem\/der Sch\u00fcler\/Sch\u00fclerin + AMS-JugendberaterIn + Eltern + PsychologIn ausf\u00fchrlich behandelt wird; dabei werden nat\u00fcrlich auch die schulischen Leistungen stark ber\u00fccksichtigt.<\/p>\n<p><strong>Diese Dienstleistung (Testung, Gutachtenerstellung, Beratung) bietet das AMS derzeit kostenlos an.<\/strong> Die Anmeldung zur Testung erfolgt bei den Jugendberatern der jeweiligen regionalen AMS Gesch\u00e4ftsstelle ihres Bezirks.<\/p>\n<p><strong>Beispiel:<\/strong><br \/>Herbert H. nimmt an der Berufswahldiagnostik teil. Das Ergebnis soll f\u00fcr Herbert eine Chance sein, seine St\u00e4rken bzw. Schw\u00e4chen objektiv zu erkennen, um daraus eine vern\u00fcnftige Ausbildungs- bzw. Schulplanung ableiten zu k\u00f6nnen. Herbert stellt fest, dass ihm die Diagnoseverfahren entgegen urspr\u00fcnglich vorhandenen \u00c4ngsten \u201aviel gebracht haben&#8216;. Er hat jetzt klare Vorstellungen \u00fcber seinen weiteren Ausbildungsfahrplan und hat neue Ansichten \u00fcber seine St\u00e4rken bzw. Schw\u00e4chen, unabh\u00e4ngig vom Lehrerurteil gewonnen. Herbert H.: \u201aIch habe vom Berufsberatungstest sehr profitiert. So gesehen habe ich gro\u00dfes Gl\u00fcck gehabt, dass sich unsere LehrerInnen so sehr f\u00fcr dieses Angebot des AMS bem\u00fcht haben. Ich kenne viele Mitsch\u00fcler, die dieses Gl\u00fcck nicht gehabt haben.&#8216; Heute, zwei Jahre sp\u00e4ter, und gl\u00fccklicher Sch\u00fcler einer Nachrichtentechnik &#8211; HTL meint Herbert H.: \u201aF\u00fcr mich hat sich die Berufswahldiagnsotik ausgezahlt. Einige meiner Schulkollegen haben aber bereits das Handtuch geworfen, da sie entweder falsche Vorstellungen von dieser Ausbildungsrichtung hatten oder weil Ihre F\u00e4higkeiten eindeutig in anderen Bereichen lagen.&#8220;<br \/>Beide Informationsdefizite werden eben durch ein Beratungsgespr\u00e4ch mit erfahrenen JugendberaterInnen schon lange vor einer Schul- bzw. Berufswahl aus dem Weg ger\u00e4umt.<\/p>\n<p>[\/et_pb_text][\/et_pb_column][\/et_pb_row][\/et_pb_section]<\/p>\n","protected":false},"excerpt":{"rendered":"<p>Berufseignungstests und Berufsberatung Berufswahldiagnostik:Niemand sollte sich vor seiner Zukunft verschlie\u00dfen.Aufgrund stetiger Nachfragen aus Pflichtschulen f\u00fchren wir seit 1998 mit dem AMS Burgenland jedes Schuljahr (von September bis Juni) Berufsorientierungstests als derzeit kostenlose Unterst\u00fctzung bei der individuellen Berufs- und Ausbildungswahl f\u00fcr Sch\u00fclerInnen, die sich in der 8. Schulstufe bzw. in einer Polytechnischen Schule befinden, durch. Auch [&hellip;]<\/p>\n","protected":false},"author":1,"featured_media":0,"parent":0,"menu_order":55,"comment_status":"closed","ping_status":"closed","template":"","meta":{"_et_pb_use_builder":"on","_et_pb_old_content":"<!-- wp:divi\/placeholder \/-->","_et_gb_content_width":"","footnotes":""},"class_list":["post-370257","page","type-page","status-publish","hentry"],"_links":{"self":[{"href":"https:\/\/irc-consult.at\/en\/wp-json\/wp\/v2\/pages\/370257","targetHints":{"allow":["GET"]}}],"collection":[{"href":"https:\/\/irc-consult.at\/en\/wp-json\/wp\/v2\/pages"}],"about":[{"href":"https:\/\/irc-consult.at\/en\/wp-json\/wp\/v2\/types\/page"}],"author":[{"embeddable":true,"href":"https:\/\/irc-consult.at\/en\/wp-json\/wp\/v2\/users\/1"}],"replies":[{"embeddable":true,"href":"https:\/\/irc-consult.at\/en\/wp-json\/wp\/v2\/comments?post=370257"}],"version-history":[{"count":5,"href":"https:\/\/irc-consult.at\/en\/wp-json\/wp\/v2\/pages\/370257\/revisions"}],"predecessor-version":[{"id":372207,"href":"https:\/\/irc-consult.at\/en\/wp-json\/wp\/v2\/pages\/370257\/revisions\/372207"}],"wp:attachment":[{"href":"https:\/\/irc-consult.at\/en\/wp-json\/wp\/v2\/media?parent=370257"}],"curies":[{"name":"wp","href":"https:\/\/api.w.org\/{rel}","templated":true}]}}