{"id":370251,"date":"2023-09-21T09:51:39","date_gmt":"2023-09-21T07:51:39","guid":{"rendered":"https:\/\/irc-consult.at\/?page_id=370251"},"modified":"2023-11-04T04:00:49","modified_gmt":"2023-11-04T03:00:49","slug":"triple-eye","status":"publish","type":"page","link":"https:\/\/irc-consult.at\/en\/triple-eye\/","title":{"rendered":"Triple Eye"},"content":{"rendered":"<p>[et_pb_section fb_built=&#8220;1&#8243; _builder_version=&#8220;4.23&#8243; _module_preset=&#8220;default&#8220; background_enable_mask_style=&#8220;on&#8220; background_mask_style=&#8220;honeycomb&#8220; background_mask_color=&#8220;rgba(244,129,0,0.15)&#8220; background_mask_transform=&#8220;invert&#8220; background_mask_aspect_ratio=&#8220;square&#8220; background_mask_size=&#8220;cover&#8220; custom_padding=&#8220;30px||10px|||&#8220; global_colors_info=&#8220;{}&#8220;][et_pb_row column_structure=&#8220;1_3,2_3&#8243; make_equal=&#8220;on&#8220; _builder_version=&#8220;4.23&#8243; _module_preset=&#8220;default&#8220; custom_margin=&#8220;||||false|false&#8220; custom_padding=&#8220;16px||5px|||&#8220; global_colors_info=&#8220;{}&#8220;][et_pb_column type=&#8220;1_3&#8243; _builder_version=&#8220;4.23&#8243; _module_preset=&#8220;default&#8220; global_colors_info=&#8220;{}&#8220;][et_pb_image src=&#8220;https:\/\/irc-consult.at\/wp-content\/uploads\/2023\/10\/ENT_Logo_TripleEye.png&#8220; title_text=&#8220;ENT_Logo_TripleEye&#8220; align=&#8220;center&#8220; _builder_version=&#8220;4.23&#8243; _module_preset=&#8220;default&#8220; animation_style=&#8220;flip&#8220; animation_direction=&#8220;top&#8220; hover_transition_duration=&#8220;350ms&#8220; border_radii=&#8220;on|8px|8px|8px|8px&#8220; border_color_all=&#8220;#F48100&#8243; global_colors_info=&#8220;{}&#8220;][\/et_pb_image][\/et_pb_column][et_pb_column type=&#8220;2_3&#8243; module_class=&#8220;vertikal-zentrieren&#8220; _builder_version=&#8220;4.23&#8243; _module_preset=&#8220;default&#8220; global_colors_info=&#8220;{}&#8220;][et_pb_text _builder_version=&#8220;4.23&#8243; _module_preset=&#8220;default&#8220; text_font_size=&#8220;15px&#8220; header_2_text_color=&#8220;#F48100&#8243; custom_margin=&#8220;-15px|||||&#8220; custom_padding=&#8220;14px|||||&#8220; animation_style=&#8220;flip&#8220; animation_direction=&#8220;bottom&#8220; text_font_size_tablet=&#8220;15px&#8220; text_font_size_phone=&#8220;16px&#8220; text_font_size_last_edited=&#8220;on|phone&#8220; header_2_font_size_tablet=&#8220;&#8220; header_2_font_size_phone=&#8220;&#8220; header_2_font_size_last_edited=&#8220;on|phone&#8220; global_colors_info=&#8220;{}&#8220;]<\/p>\n<h2><strong>Was kann \u201eTriple Eye\u201c?<\/strong><\/h2>\n<p><strong><br \/>Mit diesem Verfahren k\u00f6nnen innerbetriebliche Gefahren:<\/strong><\/p>\n<ol>\n<li>durch \u201eInsider\u201c, die firmensch\u00e4digende oder im Extremfall terroristische Handlungen setzen, sowie<\/li>\n<li>Optional: durch \u201eRadikalisierte\u201c, die extremistische\/rassistische Handlungen setzen (auch &#8222;Identit\u00e4re&#8220;) und<\/li>\n<li>Ebenfalls optional: durch Personen mit mangelnden mentalen Grundf\u00e4higkeiten<\/li>\n<\/ol>\n<p><strong>deutlich reduziert werden.<\/strong><\/p>\n<p>[\/et_pb_text][\/et_pb_column][\/et_pb_row][et_pb_row _builder_version=&#8220;4.23&#8243; _module_preset=&#8220;default&#8220; custom_padding=&#8220;17px|||||&#8220; global_colors_info=&#8220;{}&#8220;][et_pb_column type=&#8220;4_4&#8243; _builder_version=&#8220;4.23&#8243; _module_preset=&#8220;default&#8220; global_colors_info=&#8220;{}&#8220;][et_pb_text _builder_version=&#8220;4.23&#8243; _module_preset=&#8220;default&#8220; custom_margin=&#8220;||1px|||&#8220; link_option_url=&#8220;https:\/\/youtu.be\/JFvONpnVZvQ&#8220; link_option_url_new_window=&#8220;on&#8220; global_colors_info=&#8220;{}&#8220; text_text_color__hover_enabled=&#8220;on|hover&#8220; text_text_color__hover=&#8220;#F48100&#8243;]<\/p>\n<p><strong>Watch video in english language &gt;&gt;<\/strong><\/p>\n<p>[\/et_pb_text][et_pb_video src=&#8220;https:\/\/youtu.be\/2h_GzBWOsCA&#8220; _builder_version=&#8220;4.23&#8243; _module_preset=&#8220;default&#8220; border_radii=&#8220;on|20px|20px|20px|20px&#8220; box_shadow_style=&#8220;preset1&#8243; box_shadow_blur=&#8220;5px&#8220; global_colors_info=&#8220;{}&#8220;][\/et_pb_video][\/et_pb_column][\/et_pb_row][et_pb_row column_structure=&#8220;1_2,1_2&#8243; make_equal=&#8220;on&#8220; _builder_version=&#8220;4.23&#8243; _module_preset=&#8220;default&#8220; custom_margin=&#8220;||||false|false&#8220; custom_padding=&#8220;16px|||||&#8220; global_colors_info=&#8220;{}&#8220;][et_pb_column type=&#8220;1_2&#8243; module_class=&#8220;vertikal-zentrieren&#8220; _builder_version=&#8220;4.23&#8243; _module_preset=&#8220;default&#8220; global_colors_info=&#8220;{}&#8220;][et_pb_text _builder_version=&#8220;4.23&#8243; _module_preset=&#8220;default&#8220; text_font_size=&#8220;15px&#8220; header_2_text_color=&#8220;#F48100&#8243; background_enable_image=&#8220;off&#8220; custom_margin=&#8220;-15px|||||&#8220; custom_padding=&#8220;14px|||||&#8220; animation_style=&#8220;flip&#8220; animation_direction=&#8220;bottom&#8220; text_font_size_tablet=&#8220;15px&#8220; text_font_size_phone=&#8220;16px&#8220; text_font_size_last_edited=&#8220;on|phone&#8220; global_colors_info=&#8220;{}&#8220;]<\/p>\n<h2><strong>Highlights<\/strong><\/h2>\n<p><strong> <\/strong><\/p>\n<p><strong><\/strong><\/p>\n<ul>\n<li>Ein Fragenpool-basiertes online Testverfahren (ca. 240 Aussagen, Dauer ca. 40 Minuten) f\u00fcr Windows, Linux, Android &amp; Apple Systeme);<br \/>jede Person bekommt andere Fragen = \u201eTestknackersicher\u201c<\/li>\n<li>Eingebaute automatisierte Aggravationserkennung (\u201eVerstellungstendenz\u201c)<\/li>\n<li>Eine automatisierte Online PDF-Auswertung (mittels E-Mail)<\/li>\n<li>Ein Ampelsystem als Diagnosehilfe<\/li>\n<li>Es stehen derzeit 16 Sprachen zur Auswahl (Deutsch, Englisch, Kroatisch\/Serbisch, Franz\u00f6sisch, Italienisch, Polnisch, T\u00fcrkisch, Russisch, Arabisch, Holl\u00e4ndisch, Spanisch, Ukrainisch, Bulgarisch, Chinesisch, Ungarisch, Tschechisch)<\/li>\n<\/ul>\n<p>[\/et_pb_text][et_pb_text _builder_version=&#8220;4.23&#8243; _module_preset=&#8220;default&#8220; text_font_size=&#8220;15px&#8220; header_2_text_color=&#8220;#F48100&#8243; custom_margin=&#8220;-15px|||||&#8220; custom_padding=&#8220;14px|||||&#8220; animation_style=&#8220;flip&#8220; animation_direction=&#8220;bottom&#8220; text_font_size_tablet=&#8220;15px&#8220; text_font_size_phone=&#8220;16px&#8220; text_font_size_last_edited=&#8220;on|phone&#8220; global_colors_info=&#8220;{}&#8220;]<\/p>\n<h2><strong>Referenzen<\/strong><\/h2>\n<p><strong> <\/strong><\/p>\n<p><strong><\/strong><\/p>\n<ul>\n<li>Gro\u00dfe und kleine Unternehmens- und Personalberatungen<\/li>\n<li>Armee &amp; Polizei (und deren Spezialeinheiten)<\/li>\n<li>Blaulichtorganisationen<\/li>\n<li>Schienenverkehr<\/li>\n<li>Security Firmen<\/li>\n<li>Luftfahrt-nahe Firmen<\/li>\n<li>Energiekonzerne<\/li>\n<li>Ministerien (und deren Spezialeinheiten)<\/li>\n<\/ul>\n<p>[\/et_pb_text][\/et_pb_column][et_pb_column type=&#8220;1_2&#8243; _builder_version=&#8220;4.23&#8243; _module_preset=&#8220;default&#8220; global_colors_info=&#8220;{}&#8220;][et_pb_text _builder_version=&#8220;4.23&#8243; _module_preset=&#8220;default&#8220; text_font_size=&#8220;15px&#8220; header_text_color=&#8220;#F48100&#8243; header_2_text_color=&#8220;#F48100&#8243; custom_margin=&#8220;-15px|||||&#8220; custom_padding=&#8220;14px|||||&#8220; animation_style=&#8220;flip&#8220; animation_direction=&#8220;bottom&#8220; text_font_size_tablet=&#8220;15px&#8220; text_font_size_phone=&#8220;16px&#8220; text_font_size_last_edited=&#8220;on|phone&#8220; global_colors_info=&#8220;{}&#8220;]<\/p>\n<h2><strong>Theoretischer Hintergrund<\/strong><\/h2>\n<p><strong> <\/strong><\/p>\n<p><strong><\/strong>Das Tool wurde zusammen mit Spezialeinheiten von Blaulichtorganisationen &amp; Armeen sowie Psycholog*innen entwickelt. Zus\u00e4tzlich wurden moderne, darauf abgestimmte Pers\u00f6nlichkeits- und Risikomodelle eingebunden (Endrass, 2018 &amp; Marneros, 2015; Konzept &#8222;Dunkle Triade&#8220; von Paulhus &amp; Williams, 2002; mentale F\u00e4higkeiten: Amthauer, 2000 &amp; McCrew 2012; &#8222;Big-Five&#8220; Pers\u00f6nlichkeitsmodell: Costa und McCrae, 2008).<br \/>Die Wirksamkeit des Tools wurde an Extremgruppen (H\u00e4ftlinge, Verschw\u00f6rungsgl\u00e4ubige, \u2026) untersucht und best\u00e4tigt.<\/p>\n<p>[\/et_pb_text][et_pb_text _builder_version=&#8220;4.23&#8243; _module_preset=&#8220;default&#8220; text_font_size=&#8220;15px&#8220; header_text_color=&#8220;#F48100&#8243; header_2_text_color=&#8220;#F48100&#8243; custom_margin=&#8220;-15px|||||&#8220; custom_padding=&#8220;14px|||||&#8220; animation_style=&#8220;flip&#8220; animation_direction=&#8220;bottom&#8220; text_font_size_tablet=&#8220;15px&#8220; text_font_size_phone=&#8220;16px&#8220; text_font_size_last_edited=&#8220;on|phone&#8220; global_colors_info=&#8220;{}&#8220;]<\/p>\n<h2><strong>Spezialfall Luftfahrt<br \/><\/strong><\/h2>\n<p><strong> <\/strong><\/p>\n<p><strong><\/strong>F\u00fcr Einstellungsverfahren Luftfahrt-naher Betriebe (Security, Kontrollpersonen, Techniker, Boden- und Kabinenpersonal, Zulieferer, \u2026) gilt seit J\u00e4nner 2022 die DVO (EU) 2015\/1998 bzw. 2020\/910. Unser Tool unterst\u00fctzt die Umsetzung dieser Anforderungen, um geeignete interne Ma\u00dfnahmen zur Abwehr von Bedrohungen durch Insider und Radikalisierung aufzuzeigen.<\/p>\n<p>[\/et_pb_text][et_pb_text _builder_version=&#8220;4.23&#8243; _module_preset=&#8220;default&#8220; text_orientation=&#8220;center&#8220; global_colors_info=&#8220;{}&#8220;]<\/p>\n<p><a href=\"https:\/\/irc-consult.at\/wp-content\/uploads\/2023\/10\/Informationen-Triple-Eye-DE.pdf\" target=\"_blank\" rel=\"noopener\">Folder PDF DE<\/a>\u00a0\u00a0\u00a0\u00a0 |\u00a0\u00a0\u00a0\u00a0 <a href=\"https:\/\/irc-consult.at\/wp-content\/uploads\/2023\/10\/Informationen-Triple-Eye-EN.pdf\" target=\"_blank\" rel=\"noopener\">Folder PDF EN<\/a><\/p>\n<p>[\/et_pb_text][et_pb_image src=&#8220;https:\/\/irc-consult.at\/wp-content\/uploads\/2023\/10\/traffic-light3.png&#8220; title_text=&#8220;traffic-light3&#8243; align=&#8220;center&#8220; _builder_version=&#8220;4.23&#8243; _module_preset=&#8220;default&#8220; width=&#8220;50%&#8220; global_colors_info=&#8220;{}&#8220;][\/et_pb_image][\/et_pb_column][\/et_pb_row][et_pb_row make_equal=&#8220;on&#8220; _builder_version=&#8220;4.23&#8243; _module_preset=&#8220;default&#8220; custom_margin=&#8220;||||false|false&#8220; custom_padding=&#8220;16px|||||&#8220; global_colors_info=&#8220;{}&#8220;][et_pb_column type=&#8220;4_4&#8243; _builder_version=&#8220;4.23&#8243; _module_preset=&#8220;default&#8220; global_colors_info=&#8220;{}&#8220;][et_pb_text _builder_version=&#8220;4.23&#8243; _module_preset=&#8220;default&#8220; text_font_size=&#8220;15px&#8220; header_2_text_color=&#8220;#F48100&#8243; background_enable_image=&#8220;off&#8220; custom_margin=&#8220;-15px|||||&#8220; custom_padding=&#8220;14px|||||&#8220; animation_style=&#8220;flip&#8220; animation_direction=&#8220;bottom&#8220; text_font_size_tablet=&#8220;15px&#8220; text_font_size_phone=&#8220;16px&#8220; text_font_size_last_edited=&#8220;on|phone&#8220; global_colors_info=&#8220;{}&#8220;]<\/p>\n<h2><strong>Wissenschaftlicher Hintergrund<\/strong><\/h2>\n<p><strong>Autor<\/strong><br \/>J\u00f6rg A. Prieler<\/p>\n<p><strong>Messgegenstand \/ Dimensionen<\/strong><br \/>Es werden Pers\u00f6nlichkeitsmerkmale erfasst, die sich als prognostisch valide f\u00fcr die Risikoeinsch\u00e4tzung von<br \/>1. Insider Threats &amp;<br \/>2. Extremismus\/Rassismus Tendenzen erweisen.<br \/>3. Optional k\u00f6nnen Mindestvoraussetzungen mentaler Basis-F\u00e4higkeiten f\u00fcr Sicherheitskontrollen abgetestet werden. Das TET beruht auf subjektiver Selbsteinsch\u00e4tzung der Probanden. Gro\u00dfes Augenmerk wurde auf die Erkennung von Aggravations-\/Simulationstendenzen gelegt.<\/p>\n<p><strong>Anwendungsbereich\/e<\/strong><br \/>Forensische-, Arbeits-, Betriebs- und Organisationspsychologie. Das TET kann universell in Betrieben aller Gr\u00f6\u00dfenordnungen, Branchen und in allen Unternehmensbereichen eingesetzt werden.<\/p>\n<p><strong>Durchf\u00fchrung<\/strong><br \/>Das Verfahren besteht aus knapp \u00fcber 200 normativen und ipsativen Items und kann online, offline oder in Papier-Bleistift-Form durchgef\u00fchrt werden. Es handelt sich um ein Einzelverfahren, eine Gruppenanwendung ist m\u00f6glich. Es existiert ein gro\u00dfer Itempool f\u00fcr jede der 34 Dimensionen Bei der On- und Offlinevariante werden f\u00fcr die aktuelle Testdurchf\u00fchrung die ben\u00f6tigten Items aus diesem Itempool f\u00fcr jede Dimension zufallsgesteuert \u201egezogen\u201c. Das bedeutet praktisch, dass jede Testperson einen anderen Test bekommt. Somit wird ein \u201ehacken\u201c des Tests wirksam verhindert (die Anzahl m\u00f6glicher unterschiedlicher Testdurchf\u00fchrungen ist quasi unendlich gro\u00df). Dies konnte durch die Verwendung von Methoden der \u201eItem Response Theory\u201c (IRT) verwirklicht werden (\u201eRating Scale Model\u201c).<\/p>\n<p><strong>Durchf\u00fchrungsdauer<\/strong><br \/>Ca. 30 Minuten<\/p>\n<p><strong>Reliabilit\u00e4t<\/strong><br \/>Die Reliabilit\u00e4t im Sinn einer inneren Konsistenz ist aufgrund der Geltung des Rating Scale-Modells gegeben.<br \/>Dennoch wurden Cronbach\u2019s Alpha und Retest-Reliabilit\u00e4ten gerechnet:<br \/>In einer Untersuchung an 1279 Personen wurden Reliabilit\u00e4tskoeffizienten f\u00fcr die einzelnen Skalen ermittelt, die im Bereich von 0,69 bis 0,93 liegen (Cronbach\u00b4s Alpha).<br \/>Zur Bestimmung der Stabilit\u00e4t wurden 112 Personen im Viermonatsintervall ein zweites Mal getestet. Die Retest-Reliabilit\u00e4ten liegen zwischen 0.66 und 0.80.<\/p>\n<p><strong>Validit\u00e4t<\/strong><br \/>Die Validit\u00e4t TET ist gegeben, weil eine hohe \u00dcbereinstimmung mit anderen Testverfahren (Integrit\u00e4tstest, zumindest skalenspezifisch, da ein vergleichbares Instrument noch nicht existiert) gegeben ist, welche dieselben F\u00e4higkeiten erfassen, sowie weil keine \u00dcbereinstimmung mit Testverfahren besteht, die etwas Anderes erfassen (konvergente und diskriminante Validit\u00e4t).<\/p>\n<p>In einer zweiten Validierungsstudie (Spezialeinheiten und Normalpersonen, N=198) mit nachfolgender Kreuzvalidierung (Spezialeinheiten und Normalpersonen, N=182) wurden die Skalenunterschiede dieser beiden Gruppen inferenzstatistisch untersucht (Varianz- und Diskriminanzanalyse).<br \/>In einer dritten Validierungsstudie (rechtskr\u00e4ftig verurteilte H\u00e4ftlinge nach \u00d6sterr. StGB \u00a7 87, absichtliche schwere K\u00f6rperverletzung, N=32 + rechtskr\u00e4ftig verurteilte H\u00e4ftlinge nach \u00d6sterr. \u00a7 3 VG, Wiederbet\u00e4tigung N=30) wurde der TET vorgegeben und mit den Skalenauspr\u00e4gungen der Normstichprobe verglichen. Die Wirksamkeit des Tools wurde also bei Extremgruppen (H\u00e4ftlinge, Verschw\u00f6rungsgl\u00e4ubige, \u2026) untersucht und best\u00e4tigt.<br \/>Auswertung \/ Normen<br \/>Es werden f\u00fcr die einzelnen Skalen Normwerte (Stanine-Skala) ausgegeben, an deren Erweiterung kontinuierlich gearbeitet wird. Derzeit liegen Normen Luftfahrtpersonal (N=15.535), Pflegepersonal (N=1.518), Spezialeinheiten (N=1.309), Security personal (2.004) Normalpersonen (N=8.158) vor; Aufteilung nach Geschlecht, Alter (wenig \u00fcber 50-j\u00e4hrige, sonst realistisch) und Bildungsgrad vorhanden. Auf die Darstellung von Normtabellen wird, wie international bei vielen Testverlagen heute \u00fcblich, aus Copyright Gr\u00fcnden verzichtet; die Normen sind Bestandteil der Auswertungssoftware und werden nicht ver\u00f6ffentlicht.<\/p>\n<p><strong>Vorgabeart<\/strong><br \/>Auf PCs\/Laptop\/Touchpads ohne Einschr\u00e4nkung m\u00f6glich. Auf Mobilphones nur bedingt, da vor allem Eingabe mit Finger auf der 6-stufiger Skala etwas m\u00fchsam ist (prinzipiell aber m\u00f6glich). Es gibt eine Online, Offline (Dongle gesch\u00fctzt) und P&amp;B Variante (manuelle Dateneingabe notwendig).<\/p>\n<p><strong>Sprachen<\/strong><br \/>Deutsch, Englisch, Spanisch, Franz\u00f6sisch, Kroatisch, Arabisch, Italienisch, Holl\u00e4ndisch, Polnisch, Russisch, T\u00fcrkisch, Tschechisch, Ungarisch, Ukrainisch, Chinesisch, Bulgarisch.<br \/>Bei Bedarf besteht die M\u00f6glichkeit der \u00dcbersetzung in jede beliebige Sprache.<\/p>\n<p><strong>Sicherheit und Datenschutz<br \/><\/strong>Das System der Firma IR&amp;C entspricht den modernsten IT-Anforderungen (\u201eBanken- Standard\u201c). Als zus\u00e4tzliche Sicherheitsma\u00dfnahme k\u00f6nnen anstatt der konkreten Namen der getesteten Personen auch Personencodes vergeben werden. Von den Kund*innen m\u00fcssen lediglich gen\u00fcgend PCs\/ Laptops\/Touchpads mit oder ohne Internetverbindung (On\/Off-Line f\u00e4hig, auch Intranet tauglich) zur Verf\u00fcgung gestellt werden.<\/p>\n<p>[\/et_pb_text][\/et_pb_column][\/et_pb_row][\/et_pb_section]<\/p>\n","protected":false},"excerpt":{"rendered":"<p>Was kann \u201eTriple Eye\u201c? Mit diesem Verfahren k\u00f6nnen innerbetriebliche Gefahren: durch \u201eInsider\u201c, die firmensch\u00e4digende oder im Extremfall terroristische Handlungen setzen, sowie Optional: durch \u201eRadikalisierte\u201c, die extremistische\/rassistische Handlungen setzen (auch &#8222;Identit\u00e4re&#8220;) und Ebenfalls optional: durch Personen mit mangelnden mentalen Grundf\u00e4higkeiten deutlich reduziert werden.Watch video in english language &gt;&gt;Highlights Ein Fragenpool-basiertes online Testverfahren (ca. 240 Aussagen, Dauer [&hellip;]<\/p>\n","protected":false},"author":1,"featured_media":0,"parent":0,"menu_order":305,"comment_status":"closed","ping_status":"closed","template":"","meta":{"_et_pb_use_builder":"on","_et_pb_old_content":"<!-- wp:divi\/placeholder \/-->","_et_gb_content_width":"","footnotes":""},"class_list":["post-370251","page","type-page","status-publish","hentry"],"_links":{"self":[{"href":"https:\/\/irc-consult.at\/en\/wp-json\/wp\/v2\/pages\/370251","targetHints":{"allow":["GET"]}}],"collection":[{"href":"https:\/\/irc-consult.at\/en\/wp-json\/wp\/v2\/pages"}],"about":[{"href":"https:\/\/irc-consult.at\/en\/wp-json\/wp\/v2\/types\/page"}],"author":[{"embeddable":true,"href":"https:\/\/irc-consult.at\/en\/wp-json\/wp\/v2\/users\/1"}],"replies":[{"embeddable":true,"href":"https:\/\/irc-consult.at\/en\/wp-json\/wp\/v2\/comments?post=370251"}],"version-history":[{"count":5,"href":"https:\/\/irc-consult.at\/en\/wp-json\/wp\/v2\/pages\/370251\/revisions"}],"predecessor-version":[{"id":371657,"href":"https:\/\/irc-consult.at\/en\/wp-json\/wp\/v2\/pages\/370251\/revisions\/371657"}],"wp:attachment":[{"href":"https:\/\/irc-consult.at\/en\/wp-json\/wp\/v2\/media?parent=370251"}],"curies":[{"name":"wp","href":"https:\/\/api.w.org\/{rel}","templated":true}]}}